{"id":2247,"date":"2024-12-04T18:01:30","date_gmt":"2024-12-04T18:01:30","guid":{"rendered":"https:\/\/kingspeciosa.eu\/bedingungen-und-konditionen\/"},"modified":"2025-09-13T09:16:15","modified_gmt":"2025-09-13T08:16:15","slug":"bedingungen-und-konditionen","status":"publish","type":"page","link":"https:\/\/kingspeciosa.eu\/at\/bedingungen-und-konditionen\/","title":{"rendered":"Bedingungen und Konditionen"},"content":{"rendered":"\n\t<section class=\"section dark has-scroll-for-more\" id=\"section_704106866\">\n\t\t<div class=\"section-bg fill\" >\n\t\t\t<img loading=\"lazy\" decoding=\"async\" width=\"1200\" height=\"550\" src=\"https:\/\/kingspeciosa.eu\/wp-content\/uploads\/2024\/11\/kratom-bed.png\" class=\"bg attachment-original size-original\" alt=\"\" \/>\t\t\t\t\t\t<div class=\"section-bg-overlay absolute fill\"><\/div><button class=\"scroll-for-more z-5 icon absolute bottom h-center\" aria-label=\"Scroll for more\"><i class=\"icon-angle-down\" aria-hidden=\"true\" style=\"font-size:42px;\"><\/i><\/button>\n\t\t\t\n\n\t\t<\/div>\n\n\t\t\n\t<div class=\"ux-shape-divider ux-shape-divider--bottom ux-shape-divider--style-waves\">\n\t\t<svg viewBox=\"0 0 1200 120\" xmlns=\"http:\/\/www.w3.org\/2000\/svg\" preserveAspectRatio=\"none\">\n  <path class=\"ux-shape-fill\" d=\"M321.39 63.56c58 10.79 114.16 30.13 172 41.86 82.39 16.72 168.19 17.73 250.45.39C823.78 89 906.67 48 985.66 27.17c70.05-18.48 146.53-26.09 214.34-3V120H0V92.65a600.21 600.21 0 01321.39-29.09z\"\/>\n<\/svg>\n\t<\/div>\n\n\t\t<div class=\"section-content relative\">\n\t\t\t\n\t<div id=\"gap-748307459\" class=\"gap-element clearfix\" style=\"display:block; height:auto;\">\n\t\t\n<style>\n#gap-748307459 {\n  padding-top: 30px;\n}\n<\/style>\n\t<\/div>\n\t\n<div class=\"row align-center\"  id=\"row-176113680\">\n\n\t<div id=\"col-1696931184\" class=\"col medium-7 small-12 large-5\"  >\n\t\t\t\t<div class=\"col-inner text-center\"  >\n\t\t\t\n\t\t\t\n\t<div id=\"text-3596948199\" class=\"text\">\n\t\t\n<h1>Bedingungen und Konditionen<\/h1>\n\t\t\n<style>\n#text-3596948199 {\n  font-size: 1.75rem;\n}\n<\/style>\n\t<\/div>\n\t\n<p>  Wenn Sie bei uns einkaufen, erkl\u00e4ren Sie sich mit diesen Bedingungen einverstanden, die eine transparente und sichere Erfahrung f\u00fcr beide Parteien gew\u00e4hrleisten. Bitte lesen Sie sie sorgf\u00e4ltig durch, um Ihre Rechte und Pflichten zu verstehen. <\/p>\n\t\t<\/div>\n\t\t\t\t\t<\/div>\n\n\t\n<\/div>\n\t\t<\/div>\n\n\t\t\n<style>\n#section_704106866 {\n  padding-top: 30px;\n  padding-bottom: 30px;\n  min-height: 290px;\n  background-color: rgb(255, 255, 255);\n}\n#section_704106866 .section-bg-overlay {\n  background-color: rgba(0, 0, 0, 0.3);\n}\n#section_704106866 .section-bg img {\n  object-position: 56% 55%;\n}\n#section_704106866 .ux-shape-divider--bottom svg {\n  height: 54px;\n  --divider-width: 120%;\n}\n@media (min-width:550px) {\n  #section_704106866 {\n    min-height: 285px;\n  }\n}\n<\/style>\n\t<\/section>\n\t\n\n\t<section class=\"section\" id=\"section_1549848986\">\n\t\t<div class=\"section-bg fill\" >\n\t\t\t\t\t\t\t\t\t\n\t\t\t\n\n\t\t<\/div>\n\n\t\t\n\n\t\t<div class=\"section-content relative\">\n\t\t\t\n<div class=\"row\"  id=\"row-158379161\">\n\n\t<div id=\"col-124923492\" class=\"col small-12 large-12\"  >\n\t\t\t\t<div class=\"col-inner\"  >\n\t\t\t\n\t\t\t\n<h2>1. Details zum Unternehmen<\/h2>\n<p>King Speciosa firmiert unter Alta Mensa B.V. (RSIN 867987273) und hat seinen Hauptsitz in Mijdrecht in den Niederlanden. Die Postanschrift des Unternehmens lautet Vermogenweg 111, 3641 ST Mijdrecht. F\u00fcr Anfragen kontaktieren Sie uns bitte unter <a href=\"mailto:co*****@**********sa.eu\" data-original-string=\"S54x2ojjdYGtZ4M6ho+viQ==af9mel6tmg5yJYIJZ4KN8GSFV14z+1XiaFytemXs7ao+ik=\" title=\"Dieser Kontakt wurde von Anti-Spam by CleanTalk verschl\u00fcsselt. Klicken Sie hier, um ihn zu entschl\u00fcsseln. Um die Entschl\u00fcsselung abzuschlie\u00dfen, stellen Sie sicher, dass JavaScript in Ihrem Browser aktiviert ist.\"><span \n                data-original-string='FDKAoZ8jFN4eO+WcPEDIpg==af9Ck6clfjWOjUWecVR7iisJb6y0Jig4d4LEwtG7HDYY8E='\n                class='apbct-email-encoder'\n                title='Dieser Kontakt wurde von Anti-Spam by CleanTalk verschl\u00fcsselt. Klicken Sie hier, um ihn zu entschl\u00fcsseln. Um die Entschl\u00fcsselung abzuschlie\u00dfen, stellen Sie sicher, dass JavaScript in Ihrem Browser aktiviert ist.'>co<span class=\"apbct-blur\">*****<\/span>@<span class=\"apbct-blur\">**********<\/span>sa.eu<\/span>.<\/a> Wir werden Ihnen umgehend antworten.  <\/p>\n<h2>2. Einhaltung von Gesetzen und Kundenverantwortung<\/h2>\n<ul>\n<li>Die Kunden sind allein daf\u00fcr verantwortlich, dass der Kauf, der Besitz und die Verwendung der Produkte mit den Gesetzen ihrer Gerichtsbarkeit \u00fcbereinstimmen. King Speciosa \u00fcbernimmt keine Garantie f\u00fcr die Einhaltung der Gesetze in Regionen au\u00dferhalb der Niederlande. <\/li>\n<li>Mit dem Kauf bei King Speciosa erkennen die Kunden an, dass alle Produkte nur f\u00fcr die \u00e4u\u00dfere Anwendung und nicht f\u00fcr den Verzehr bestimmt sind. Jegliche missbr\u00e4uchliche Verwendung, einschlie\u00dflich der Zubereitung zum Verzehr, ist strengstens untersagt und erfolgt auf eigenes Risiko des Kunden. <\/li>\n<li>King Speciosa beh\u00e4lt sich das Recht vor, Bestellungen von Personen abzulehnen oder zu stornieren, die Produkte missbrauchen oder gegen lokale Gesetze versto\u00dfen.<\/li>\n<\/ul>\n<h2>3. Einschr\u00e4nkung der Haftung<\/h2>\n<ul>\n<li>King Speciosa haftet nicht f\u00fcr Sch\u00e4den, Personensch\u00e4den oder rechtliche Konsequenzen, die sich aus dem Missbrauch von Produkten ergeben, einschlie\u00dflich des Verzehrs oder der Zubereitung zum Verzehr.<\/li>\n<li>Die Kunden verpflichten sich, King Speciosa von jeglichen Anspr\u00fcchen oder Verpflichtungen freizustellen, die sich aus dem Missbrauch ergeben.<\/li>\n<li>Die Produkte m\u00fcssen sicher und au\u00dferhalb der Reichweite von Minderj\u00e4hrigen aufbewahrt werden.<\/li>\n<li>King Speciosa ist nicht verantwortlich f\u00fcr Versp\u00e4tungen oder Nichterf\u00fcllung, die durch h\u00f6here Gewalt, einschlie\u00dflich gesetzlicher \u00c4nderungen, Naturkatastrophen, Arbeitsk\u00e4mpfe oder Unterbrechungen bei Lieferanten verursacht werden.<\/li>\n<\/ul>\n<h2>4. Einkaufspolitik<\/h2>\n<ul>\n<li>Kunden m\u00fcssen mindestens 18 Jahre alt sein, um bei King Speciosa einzukaufen. Das Unternehmen beh\u00e4lt sich das Recht vor, einen Altersnachweis zu verlangen oder Bestellungen abzulehnen, die diese Anforderung nicht erf\u00fcllen. <\/li>\n<li>Nach Abschluss des Kaufs wird eine Bestellbest\u00e4tigung an die E-Mail-Adresse des Kunden gesendet. Es liegt in der Verantwortung des Kunden, die Angaben zu \u00fcberpr\u00fcfen und eventuelle Fehler sofort an <a href=\"mailto:co*****@**********sa.eu\" data-original-string=\"kaK8Yf0FeeWs9nZK+vmpLg==af9rWM5yDj1m+edQvG\/MRhqV3JZ5gbhs83ORDT83aqjHrA=\" title=\"Dieser Kontakt wurde von Anti-Spam by CleanTalk verschl\u00fcsselt. Klicken Sie hier, um ihn zu entschl\u00fcsseln. Um die Entschl\u00fcsselung abzuschlie\u00dfen, stellen Sie sicher, dass JavaScript in Ihrem Browser aktiviert ist.\"><span \n                data-original-string='DTqsEE1Id+LyB3xDD3O1rA==af92f0Nycw7IECFBgo3vuPkXqeQBkRtezmcACLRaXGxlek='\n                class='apbct-email-encoder'\n                title='Dieser Kontakt wurde von Anti-Spam by CleanTalk verschl\u00fcsselt. Klicken Sie hier, um ihn zu entschl\u00fcsseln. Um die Entschl\u00fcsselung abzuschlie\u00dfen, stellen Sie sicher, dass JavaScript in Ihrem Browser aktiviert ist.'>co<span class=\"apbct-blur\">*****<\/span>@<span class=\"apbct-blur\">**********<\/span>sa.eu<\/span><\/a> zu melden. <\/li>\n<\/ul>\n<h2>5. Lieferpolitik<\/h2>\n<ul>\n<li>\n<p data-start=\"75\" data-end=\"198\">Unsere normalen Lieferzeiten betragen 1-7 Tage, abh\u00e4ngig von der gew\u00e4hlten Versandart und dem Zielort. Wir bieten an: <\/p>\n<ul data-start=\"200\" data-end=\"272\">\n<li data-start=\"200\" data-end=\"238\">\n<p data-start=\"202\" data-end=\"238\"><strong data-start=\"202\" data-end=\"217\">DHL Express<\/strong>: 1-2 Arbeitstage<\/p>\n<\/li>\n<li data-start=\"239\" data-end=\"272\">\n<p data-start=\"241\" data-end=\"272\"><strong data-start=\"241\" data-end=\"251\">PostNL<\/strong>: 1-7 Arbeitstage<\/p>\n<\/li>\n<\/ul>\n<\/li>\n<li>Verz\u00f6gerungen, die durch Versandunternehmen oder externe Faktoren verursacht werden, liegen au\u00dferhalb der Kontrolle des Unternehmens. Kunden, die von Verz\u00f6gerungen betroffen sind, sollten sich an <a href=\"mailto:co*****@**********sa.eu\" data-original-string=\"k+6l3v\/X8CZnJxjAgtaiRA==af9i50xN0K7xBo1qjcd8EDjK0pvhE6od2+nT9c2A9wWFRo=\" title=\"Dieser Kontakt wurde von Anti-Spam by CleanTalk verschl\u00fcsselt. Klicken Sie hier, um ihn zu entschl\u00fcsseln. Um die Entschl\u00fcsselung abzuschlie\u00dfen, stellen Sie sicher, dass JavaScript in Ihrem Browser aktiviert ist.\"><span \n                data-original-string='xFjDxafB+yvgKOG9ePAZXA==af9mQsohXsmlLtszjU2cCdNsNah7iraxgJamnLoY0plwbg='\n                class='apbct-email-encoder'\n                title='Dieser Kontakt wurde von Anti-Spam by CleanTalk verschl\u00fcsselt. Klicken Sie hier, um ihn zu entschl\u00fcsseln. Um die Entschl\u00fcsselung abzuschlie\u00dfen, stellen Sie sicher, dass JavaScript in Ihrem Browser aktiviert ist.'>co<span class=\"apbct-blur\">*****<\/span>@<span class=\"apbct-blur\">**********<\/span>sa.eu<\/span> wenden .<\/a> <\/li>\n<li>King Speciosa \u00fcbernimmt keine Verantwortung f\u00fcr Sendungen, die aufgrund von lokalen Zollbestimmungen verz\u00f6gert oder beschlagnahmt werden.<\/li>\n<\/ul>\n<h2>6. Preisgestaltung<\/h2>\n<ul>\n<li>Alle Preise im Shop sind in EUR angegeben und enthalten standardm\u00e4\u00dfig 21% Mehrwertsteuer. Der anwendbare Mehrwertsteuersatz wird auf der Grundlage des Wohnsitzlandes des Kunden gem\u00e4\u00df den EU-Mehrwertsteuervorschriften berechnet. F\u00fcr Bestellungen au\u00dferhalb der EU wird keine Mehrwertsteuer berechnet.  <\/li>\n<li>King Speciosa beh\u00e4lt sich das Recht vor, die Preise aufgrund von Lieferanten\u00e4nderungen, Druckfehlern oder anderen unvorhergesehenen Umst\u00e4nden anzupassen.<\/li>\n<\/ul>\n<h2>7. R\u00fccktrittsrecht<\/h2>\n<p>Kunden haben ein gesetzliches 14-t\u00e4giges Widerrufsrecht, das am Tag der Lieferung beginnt.<\/p>\n<h3>7.1 Verfahren f\u00fcr den R\u00fccktritt:<\/h3>\n<ul>\n<li>Informieren Sie <a href=\"mailto:co*****@**********sa.eu\" data-original-string=\"jhqcCvKF4RPzBFUeuCsmKA==af9zRg\/9gHCVizdGX5Eijmpw5DN4poA7IS2KhhIb7vkJ1E=\" title=\"Dieser Kontakt wurde von Anti-Spam by CleanTalk verschl\u00fcsselt. Klicken Sie hier, um ihn zu entschl\u00fcsseln. Um die Entschl\u00fcsselung abzuschlie\u00dfen, stellen Sie sicher, dass JavaScript in Ihrem Browser aktiviert ist.\"><span \n                data-original-string='ogdBI7O8Jc5mjgVXUsg5Pw==af9c\/\/ARO2ntB85I4fS1TyksrLKE2k8E\/5FuFiZc+tBNYg='\n                class='apbct-email-encoder'\n                title='Dieser Kontakt wurde von Anti-Spam by CleanTalk verschl\u00fcsselt. Klicken Sie hier, um ihn zu entschl\u00fcsseln. Um die Entschl\u00fcsselung abzuschlie\u00dfen, stellen Sie sicher, dass JavaScript in Ihrem Browser aktiviert ist.'>co<span class=\"apbct-blur\">*****<\/span>@<span class=\"apbct-blur\">**********<\/span>sa.eu<\/span><\/a> unter Angabe Ihres Namens, der Bestellnummer und der Details zu den zur\u00fcckzusendenden Artikeln.<\/li>\n<li>Senden Sie die Artikel in der unge\u00f6ffneten Originalverpackung innerhalb von 14 Tagen nach Benachrichtigung zur\u00fcck. Der Kunde ist f\u00fcr die R\u00fccksendekosten verantwortlich. <\/li>\n<li>F\u00fcr gebrauchte oder besch\u00e4digte Artikel kann die Erstattung gek\u00fcrzt werden.<\/li>\n<\/ul>\n<h3>7.2 Ausnahmen von der R\u00fccknahme:<\/h3>\n<ul>\n<li>Aus hygienischen oder gesundheitlichen Gr\u00fcnden versiegelte Produkte k\u00f6nnen nach dem \u00d6ffnen nicht zur\u00fcckgegeben werden.<\/li>\n<li>Sonderanfertigungen oder verderbliche Artikel sind vom Widerrufsrecht ausgeschlossen.<\/li>\n<\/ul>\n<h2>8. Reklamationen und Beschwerden<\/h2>\n<ul>\n<li>Kunden m\u00fcssen die Artikel bei der Lieferung \u00fcberpr\u00fcfen. Eventuelle M\u00e4ngel oder Fehler m\u00fcssen sofort an <a href=\"mailto:co*****@**********sa.eu\" data-original-string=\"YpJbxo6u6ziOPpfYEdUkWw==af99sMW7tsOLMTcHaBQ7iz+IaqaJnsRA76OP2HOtzbmK7s=\" title=\"Dieser Kontakt wurde von Anti-Spam by CleanTalk verschl\u00fcsselt. Klicken Sie hier, um ihn zu entschl\u00fcsseln. Um die Entschl\u00fcsselung abzuschlie\u00dfen, stellen Sie sicher, dass JavaScript in Ihrem Browser aktiviert ist.\"><span \n                data-original-string='14bil0EfNiuCImVhdT0lmg==af94sTRUfy2J9OOPcK6l3CqavgjA49smmh\/fApqy60cXYk='\n                class='apbct-email-encoder'\n                title='Dieser Kontakt wurde von Anti-Spam by CleanTalk verschl\u00fcsselt. Klicken Sie hier, um ihn zu entschl\u00fcsseln. Um die Entschl\u00fcsselung abzuschlie\u00dfen, stellen Sie sicher, dass JavaScript in Ihrem Browser aktiviert ist.'>co<span class=\"apbct-blur\">*****<\/span>@<span class=\"apbct-blur\">**********<\/span>sa.eu<\/span><\/a> gemeldet werden, einschlie\u00dflich unterst\u00fctzender Fotos oder Details. <\/li>\n<li>King Speciosa bietet einen Ersatz, eine R\u00fcckerstattung oder eine Reparatur f\u00fcr defekte Artikel in \u00dcbereinstimmung mit den Verbraucherschutzgesetzen. Das Unternehmen \u00fcbernimmt die R\u00fccksendekosten f\u00fcr anerkannte Reklamationen. <\/li>\n<\/ul>\n<h2>9. Produkt-Informationen<\/h2>\n<p>King Speciosa bem\u00fcht sich um die Genauigkeit der Produktbeschreibungen und Bilder. Dennoch k\u00f6nnen Abweichungen in Farbe oder Aussehen aufgrund von Bildschirmeinstellungen oder Lieferanten\u00e4nderungen auftreten. <\/p>\n<h2>10. Rechtlicher Hinweis zu Gesundheit und Sicherheit<\/h2>\n<ul>\n<li>Alle Produkte sind nur zur \u00e4u\u00dferlichen Anwendung und nicht zum Verzehr bestimmt. Ein falscher Gebrauch der Produkte, einschlie\u00dflich des Verzehrs, kann zu Gesundheitsrisiken f\u00fchren. <\/li>\n<li>King Speciosa lehnt ausdr\u00fccklich die Verantwortung f\u00fcr Verletzungen oder Sch\u00e4den ab, die durch den Missbrauch von Produkten entstehen.<\/li>\n<\/ul>\n<h2>11. Cookies und Datenschutzrichtlinie<\/h2>\n<ul>\n<li>Durch die Nutzung der King Speciosa Website stimmen Kunden der Verwendung von Cookies f\u00fcr Funktionalit\u00e4t und Analysen zu. Cookies k\u00f6nnen in den Browsereinstellungen deaktiviert werden. <\/li>\n<li>Die Verarbeitung personenbezogener Daten erfolgt in \u00dcbereinstimmung mit der GDPR. King Speciosa sammelt nur Informationen, die f\u00fcr die Bearbeitung von Bestellungen notwendig sind und gibt keine Daten an Dritte weiter, es sei denn, dies ist gesetzlich vorgeschrieben. <\/li>\n<\/ul>\n<h2>12. \u00c4nderungen der Bedingungen und Konditionen<\/h2>\n<p>King Speciosa beh\u00e4lt sich das Recht vor, diese Bedingungen jederzeit zu aktualisieren. Aktualisierungen werden auf unserer Website ver\u00f6ffentlicht, und die fortgesetzte Nutzung der Website gilt als Zustimmung zu den aktualisierten Bedingungen. <\/p>\n<h2>13. Streitbeilegung<\/h2>\n<ul>\n<li>Falls ein Streitfall nicht g\u00fctlich mit dem Kundendienst des Unternehmens und dem Kunden beigelegt werden kann, k\u00f6nnen Sie sich als Kunde an <em data-start=\"303\" data-end=\"327\">De Geschillencommissie<\/em> (Der niederl\u00e4ndische Streitschlichtungsausschuss) wenden, siehe <a class=\"cursor-pointer\" target=\"_new\" rel=\"noopener\" data-start=\"364\" data-end=\"392\">www.degeschillencommissie.nl.<\/a> F\u00fcr Einwohner eines anderen EU-Landes als den Niederlanden k\u00f6nnen Beschwerden online \u00fcber die Plattform der EU-Kommission zur Streitbeilegung eingereicht werden, siehe <a class=\"\" href=\"http:\/\/ec.europa.eu\/consumers\/odr\" target=\"_new\" rel=\"noopener\" data-start=\"549\" data-end=\"582\">http:\/\/ec.europa.eu\/consumers\/odr.<\/a> <\/li>\n<li>Im Falle eines Rechtsstreits werden wir uns an die Entscheidungen von De Geschillencommissie oder anderen gleichwertigen Streitbeilegungsstellen halten.<\/li>\n<li>Alle Streitigkeiten \u00fcber die Auslegung oder Anwendung dieser Allgemeinen Gesch\u00e4ftsbedingungen unterliegen dem niederl\u00e4ndischen Recht und der niederl\u00e4ndischen Gesetzgebung und werden entsprechend ausgelegt.<\/li>\n<\/ul>\n\t\t<\/div>\n\t\t\t\t\t<\/div>\n\n\t\n<\/div>\n\t\t<\/div>\n\n\t\t\n<style>\n#section_1549848986 {\n  padding-top: 30px;\n  padding-bottom: 30px;\n}\n<\/style>\n\t<\/section>\n\t\n","protected":false},"excerpt":{"rendered":"","protected":false},"author":1,"featured_media":0,"parent":0,"menu_order":0,"comment_status":"closed","ping_status":"closed","template":"page-blank.php","meta":{"footnotes":""},"class_list":["post-2247","page","type-page","status-publish","hentry"],"yoast_head":"<!-- This site is optimized with the Yoast SEO plugin v27.5 - https:\/\/yoast.com\/product\/yoast-seo-wordpress\/ -->\n<title>King Speciosa | Bedingungen und Konditionen | EU Kratom Shop<\/title>\n<meta name=\"description\" content=\"Explore Bedingungen und Konditionen at King Speciosa. Learn more about our premium Kratom online offerings, sourced from Borneo and available across Europe with fast delivery.\" \/>\n<meta name=\"robots\" content=\"noindex, follow\" \/>\n<meta property=\"og:locale\" content=\"de_DE\" \/>\n<meta property=\"og:type\" content=\"article\" \/>\n<meta property=\"og:title\" content=\"King Speciosa | Bedingungen und Konditionen | EU Kratom Shop\" \/>\n<meta property=\"og:description\" content=\"Explore Bedingungen und Konditionen at King Speciosa. Learn more about our premium Kratom online offerings, sourced from Borneo and available across Europe with fast delivery.\" \/>\n<meta property=\"og:url\" content=\"https:\/\/kingspeciosa.eu\/at\/bedingungen-und-konditionen\/\" \/>\n<meta property=\"og:site_name\" content=\"King Speciosa\" \/>\n<meta property=\"article:modified_time\" content=\"2025-09-13T08:16:15+00:00\" \/>\n<meta property=\"og:image\" content=\"https:\/\/kingspeciosa.eu\/wp-content\/uploads\/2024\/12\/White-King.png\" \/>\n\t<meta property=\"og:image:width\" content=\"800\" \/>\n\t<meta property=\"og:image:height\" content=\"800\" \/>\n\t<meta property=\"og:image:type\" content=\"image\/png\" \/>\n<meta name=\"twitter:card\" content=\"summary_large_image\" \/>\n<meta name=\"twitter:label1\" content=\"Gesch\u00e4tzte Lesezeit\" \/>\n\t<meta name=\"twitter:data1\" content=\"5 Minuten\" \/>\n<script type=\"application\/ld+json\" class=\"yoast-schema-graph\">{\"@context\":\"https:\\\/\\\/schema.org\",\"@graph\":[{\"@type\":\"WebPage\",\"@id\":\"https:\\\/\\\/kingspeciosa.eu\\\/at\\\/bedingungen-und-konditionen\\\/\",\"url\":\"https:\\\/\\\/kingspeciosa.eu\\\/at\\\/bedingungen-und-konditionen\\\/\",\"name\":\"King Speciosa | Bedingungen und Konditionen | EU Kratom Shop\",\"isPartOf\":{\"@id\":\"https:\\\/\\\/kingspeciosa.eu\\\/#website\"},\"datePublished\":\"2024-12-04T18:01:30+00:00\",\"dateModified\":\"2025-09-13T08:16:15+00:00\",\"description\":\"Explore Bedingungen und Konditionen at King Speciosa. Learn more about our premium Kratom online offerings, sourced from Borneo and available across Europe with fast delivery.\",\"breadcrumb\":{\"@id\":\"https:\\\/\\\/kingspeciosa.eu\\\/at\\\/bedingungen-und-konditionen\\\/#breadcrumb\"},\"inLanguage\":\"de-AT\",\"potentialAction\":[{\"@type\":\"ReadAction\",\"target\":[\"https:\\\/\\\/kingspeciosa.eu\\\/at\\\/bedingungen-und-konditionen\\\/\"]}]},{\"@type\":\"BreadcrumbList\",\"@id\":\"https:\\\/\\\/kingspeciosa.eu\\\/at\\\/bedingungen-und-konditionen\\\/#breadcrumb\",\"itemListElement\":[{\"@type\":\"ListItem\",\"position\":1,\"name\":\"Home\",\"item\":\"https:\\\/\\\/kingspeciosa.eu\\\/at\\\/homepage\\\/\"},{\"@type\":\"ListItem\",\"position\":2,\"name\":\"Bedingungen und Konditionen\"}]},{\"@type\":\"WebSite\",\"@id\":\"https:\\\/\\\/kingspeciosa.eu\\\/#website\",\"url\":\"https:\\\/\\\/kingspeciosa.eu\\\/\",\"name\":\"King Speciosa\",\"description\":\"King of the jungle \ud83c\udf34\",\"publisher\":{\"@id\":\"https:\\\/\\\/kingspeciosa.eu\\\/#organization\"},\"potentialAction\":[{\"@type\":\"SearchAction\",\"target\":{\"@type\":\"EntryPoint\",\"urlTemplate\":\"https:\\\/\\\/kingspeciosa.eu\\\/?s={search_term_string}\"},\"query-input\":{\"@type\":\"PropertyValueSpecification\",\"valueRequired\":true,\"valueName\":\"search_term_string\"}}],\"inLanguage\":\"de-AT\"},{\"@type\":\"Organization\",\"@id\":\"https:\\\/\\\/kingspeciosa.eu\\\/#organization\",\"name\":\"King Speciosa\",\"url\":\"https:\\\/\\\/kingspeciosa.eu\\\/\",\"logo\":{\"@type\":\"ImageObject\",\"inLanguage\":\"de-AT\",\"@id\":\"https:\\\/\\\/kingspeciosa.eu\\\/#\\\/schema\\\/logo\\\/image\\\/\",\"url\":\"http:\\\/\\\/kingspeciosa.eu\\\/wp-content\\\/uploads\\\/2024\\\/12\\\/KingSpeciosa-logo.png\",\"contentUrl\":\"http:\\\/\\\/kingspeciosa.eu\\\/wp-content\\\/uploads\\\/2024\\\/12\\\/KingSpeciosa-logo.png\",\"width\":1000,\"height\":1000,\"caption\":\"King Speciosa\"},\"image\":{\"@id\":\"https:\\\/\\\/kingspeciosa.eu\\\/#\\\/schema\\\/logo\\\/image\\\/\"}}]}<\/script>\n<!-- \/ Yoast SEO plugin. -->","yoast_head_json":{"title":"King Speciosa | Bedingungen und Konditionen | EU Kratom Shop","description":"Explore Bedingungen und Konditionen at King Speciosa. Learn more about our premium Kratom online offerings, sourced from Borneo and available across Europe with fast delivery.","robots":{"index":"noindex","follow":"follow"},"og_locale":"de_DE","og_type":"article","og_title":"King Speciosa | Bedingungen und Konditionen | EU Kratom Shop","og_description":"Explore Bedingungen und Konditionen at King Speciosa. Learn more about our premium Kratom online offerings, sourced from Borneo and available across Europe with fast delivery.","og_url":"https:\/\/kingspeciosa.eu\/at\/bedingungen-und-konditionen\/","og_site_name":"King Speciosa","article_modified_time":"2025-09-13T08:16:15+00:00","og_image":[{"width":800,"height":800,"url":"https:\/\/kingspeciosa.eu\/wp-content\/uploads\/2024\/12\/White-King.png","type":"image\/png"}],"twitter_card":"summary_large_image","twitter_misc":{"Gesch\u00e4tzte Lesezeit":"5 Minuten"},"schema":{"@context":"https:\/\/schema.org","@graph":[{"@type":"WebPage","@id":"https:\/\/kingspeciosa.eu\/at\/bedingungen-und-konditionen\/","url":"https:\/\/kingspeciosa.eu\/at\/bedingungen-und-konditionen\/","name":"King Speciosa | Bedingungen und Konditionen | EU Kratom Shop","isPartOf":{"@id":"https:\/\/kingspeciosa.eu\/#website"},"datePublished":"2024-12-04T18:01:30+00:00","dateModified":"2025-09-13T08:16:15+00:00","description":"Explore Bedingungen und Konditionen at King Speciosa. Learn more about our premium Kratom online offerings, sourced from Borneo and available across Europe with fast delivery.","breadcrumb":{"@id":"https:\/\/kingspeciosa.eu\/at\/bedingungen-und-konditionen\/#breadcrumb"},"inLanguage":"de-AT","potentialAction":[{"@type":"ReadAction","target":["https:\/\/kingspeciosa.eu\/at\/bedingungen-und-konditionen\/"]}]},{"@type":"BreadcrumbList","@id":"https:\/\/kingspeciosa.eu\/at\/bedingungen-und-konditionen\/#breadcrumb","itemListElement":[{"@type":"ListItem","position":1,"name":"Home","item":"https:\/\/kingspeciosa.eu\/at\/homepage\/"},{"@type":"ListItem","position":2,"name":"Bedingungen und Konditionen"}]},{"@type":"WebSite","@id":"https:\/\/kingspeciosa.eu\/#website","url":"https:\/\/kingspeciosa.eu\/","name":"King Speciosa","description":"King of the jungle \ud83c\udf34","publisher":{"@id":"https:\/\/kingspeciosa.eu\/#organization"},"potentialAction":[{"@type":"SearchAction","target":{"@type":"EntryPoint","urlTemplate":"https:\/\/kingspeciosa.eu\/?s={search_term_string}"},"query-input":{"@type":"PropertyValueSpecification","valueRequired":true,"valueName":"search_term_string"}}],"inLanguage":"de-AT"},{"@type":"Organization","@id":"https:\/\/kingspeciosa.eu\/#organization","name":"King Speciosa","url":"https:\/\/kingspeciosa.eu\/","logo":{"@type":"ImageObject","inLanguage":"de-AT","@id":"https:\/\/kingspeciosa.eu\/#\/schema\/logo\/image\/","url":"http:\/\/kingspeciosa.eu\/wp-content\/uploads\/2024\/12\/KingSpeciosa-logo.png","contentUrl":"http:\/\/kingspeciosa.eu\/wp-content\/uploads\/2024\/12\/KingSpeciosa-logo.png","width":1000,"height":1000,"caption":"King Speciosa"},"image":{"@id":"https:\/\/kingspeciosa.eu\/#\/schema\/logo\/image\/"}}]}},"_links":{"self":[{"href":"https:\/\/kingspeciosa.eu\/at\/wp-json\/wp\/v2\/pages\/2247","targetHints":{"allow":["GET"]}}],"collection":[{"href":"https:\/\/kingspeciosa.eu\/at\/wp-json\/wp\/v2\/pages"}],"about":[{"href":"https:\/\/kingspeciosa.eu\/at\/wp-json\/wp\/v2\/types\/page"}],"author":[{"embeddable":true,"href":"https:\/\/kingspeciosa.eu\/at\/wp-json\/wp\/v2\/users\/1"}],"replies":[{"embeddable":true,"href":"https:\/\/kingspeciosa.eu\/at\/wp-json\/wp\/v2\/comments?post=2247"}],"version-history":[{"count":5,"href":"https:\/\/kingspeciosa.eu\/at\/wp-json\/wp\/v2\/pages\/2247\/revisions"}],"predecessor-version":[{"id":3113,"href":"https:\/\/kingspeciosa.eu\/at\/wp-json\/wp\/v2\/pages\/2247\/revisions\/3113"}],"wp:attachment":[{"href":"https:\/\/kingspeciosa.eu\/at\/wp-json\/wp\/v2\/media?parent=2247"}],"curies":[{"name":"wp","href":"https:\/\/api.w.org\/{rel}","templated":true}]}}