{"id":2256,"date":"2024-12-03T18:28:24","date_gmt":"2024-12-03T18:28:24","guid":{"rendered":"https:\/\/kingspeciosa.eu\/kratom-sorten\/"},"modified":"2025-01-28T11:12:50","modified_gmt":"2025-01-28T11:12:50","slug":"kratom-sorten","status":"publish","type":"page","link":"https:\/\/kingspeciosa.eu\/at\/kratom-sorten\/","title":{"rendered":"Kratom-Sorten"},"content":{"rendered":"\n\n\t<section class=\"section\" id=\"section_439995966\">\n\t\t<div class=\"section-bg fill\" >\n\t\t\t\t\t\t\t\t\t\n\t\t\t\n\n\t\t<\/div>\n\n\t\t\n\n\t\t<div class=\"section-content relative\">\n\t\t\t\n\n<div class=\"row row-collapse\"  id=\"row-1664404213\">\n\n\n\t<div id=\"col-16235728\" class=\"col small-12 large-12\"  >\n\t\t\t\t<div class=\"col-inner\"  >\n\t\t\t\n\t\t\t\n\n\t<div id=\"gap-1483933408\" class=\"gap-element clearfix\" style=\"display:block; height:auto;\">\n\t\t\n<style>\n#gap-1483933408 {\n  padding-top: 30px;\n}\n<\/style>\n\t<\/div>\n\t\n\n\t<div id=\"text-4061926114\" class=\"text\">\n\t\t\n\n<h1 class=\"collapse\">KRATOM &#8211; VERSCHIEDENE ST\u00c4MME<\/h1>\n\n\t\t\n<style>\n#text-4061926114 {\n  text-align: center;\n}\n<\/style>\n\t<\/div>\n\t\n<div class=\"is-divider divider clearfix\" style=\"max-width:100%;\"><\/div>\n\n\n\t\t<\/div>\n\t\t\t\t\t<\/div>\n\n\t\n\n<\/div>\n<div class=\"row row-collapse align-middle align-center\"  id=\"row-720928935\">\n\n\n\t<div id=\"col-1629618900\" class=\"col medium-10 small-12 large-10\"  >\n\t\t\t\t<div class=\"col-inner text-left\"  >\n\t\t\t\n\t\t\t\n\n<p>Kratom, wissenschaftlich bekannt als <em>Mitragyna speciosa<\/em>, ist ein tropischer Baum, der in S\u00fcdostasien heimisch ist. Seit Jahrhunderten werden die Bl\u00e4tter dieser bemerkenswerten Pflanze wegen ihrer einzigartigen Eigenschaften und ihrer Verbindung zu traditionellen Praktiken gesch\u00e4tzt. Heute zieht Kratom mit seinen verschiedenen Sorten und seiner reichen Geschichte Liebhaber auf der ganzen Welt in seinen Bann.  <\/p>\n<h2 class=\"collapse\">Eine Vielzahl von Sorten f\u00fcr jede Vorliebe<\/h2>\n<p>Jede Kratom-Sorte ist so einzigartig wie ihre Herkunft und bietet eine Reihe von Eigenschaften, die unterschiedlichen Vorlieben gerecht werden. Vom leuchtenden Gr\u00fcn des <strong>Green Maeng Da<\/strong> bis zum seltenen und exquisiten <strong>Gold Maeng Da<\/strong> gibt es f\u00fcr jeden eine Sorte. Die unterschiedlichen Profile von <strong>Red Bali<\/strong>, <strong>White Thai<\/strong>, <strong>Green Borneo<\/strong> und mehr spiegeln die verschiedenen Regionen und die fachm\u00e4nnischen Techniken wider, die Premium-Kratom ausmachen.  <\/p>\n<h2 class=\"collapse\">Die Handwerkskunst hinter jedem Blatt<\/h2>\n<p>Die Kratombl\u00e4tter werden mit Sorgfalt angebaut, von reifen B\u00e4umen geerntet und mit traditionellen Methoden verarbeitet, die ihre nat\u00fcrlichen Eigenschaften bewahren. Ob in den reichen Plantagen von Borneo angebaut oder von wilden B\u00e4umen in S\u00fcdostasien stammend, jede Charge ist ein Zeugnis f\u00fcr Qualit\u00e4t und Authentizit\u00e4t. <\/p>\n<h2 class=\"collapse\">Entdecken Sie unsere Kollektion<\/h2>\n<p>Wir laden Sie ein, unsere umfangreiche Sammlung von Kratom-Sorten zu entdecken. Jede Sorte wurde sorgf\u00e4ltig ausgew\u00e4hlt, um Ihnen ein einzigartiges Erlebnis zu bieten und gleichzeitig die h\u00f6chsten Qualit\u00e4tsstandards einzuhalten. Klicken Sie unten auf eine Sorte, um mehr \u00fcber ihre Geschichte, ihre Herkunft und ihre Besonderheiten zu erfahren.  <\/p>\n\n<div class=\"row row-collapse align-middle\"  id=\"row-80648817\">\n\n\n\t<div id=\"col-527264961\" class=\"col medium-5 small-12 large-3\"  >\n\t\t\t\t<div class=\"col-inner text-center\"  >\n\t\t\t\n\t\t\t\n\n\t<div id=\"stack-2737372649\" class=\"stack stack-col justify-center items-stretch\">\n\t\t\n\n<a href=\"https:\/\/kingspeciosa.eu\/at\/maeng-da-kratom\/\" class=\"button secondary is-gloss\" >\n\t\t<span>MAENG DA KRATOM<\/span>\n\t<\/a>\n\n\n<a href=\"https:\/\/kingspeciosa.eu\/at\/borneo-kratom\/\" class=\"button secondary is-gloss\" >\n\t\t<span>BORNEO KRATOM<\/span>\n\t<\/a>\n\n\n<a href=\"https:\/\/kingspeciosa.eu\/at\/koenig-kratom\/\" class=\"button secondary is-gloss\" >\n\t\t<span>K\u00d6NIG KRATOM<\/span>\n\t<\/a>\n\n\n<a href=\"https:\/\/kingspeciosa.eu\/at\/thai-kratom\/\" class=\"button secondary is-gloss\" >\n\t\t<span>THAI KRATOM<\/span>\n\t<\/a>\n\n\n<a href=\"https:\/\/kingspeciosa.eu\/at\/bali-kratom\/\" class=\"button secondary is-gloss\" >\n\t\t<span>BALI KRATOM<\/span>\n\t<\/a>\n\n\n\n\t\t\n<style>\n#stack-2737372649 > * {\n  --stack-gap: 0.5rem;\n}\n<\/style>\n\t<\/div>\n\t\n\n\t\t<\/div>\n\t\t\t\t\t<\/div>\n\n\t\n\n<\/div>\n\n\t\t<\/div>\n\t\t\t\t\n<style>\n#col-1629618900 > .col-inner {\n  padding: 0px 10px 0px 10px;\n}\n<\/style>\n\t<\/div>\n\n\t\n\n<\/div>\n\t<div id=\"gap-368773090\" class=\"gap-element clearfix\" style=\"display:block; height:auto;\">\n\t\t\n<style>\n#gap-368773090 {\n  padding-top: 30px;\n}\n<\/style>\n\t<\/div>\n\t\n\n\n\t\t<\/div>\n\n\t\t\n<style>\n#section_439995966 {\n  padding-top: 0px;\n  padding-bottom: 0px;\n}\n<\/style>\n\t<\/section>\n\t\n\n\t<section class=\"section\" id=\"section_818397743\">\n\t\t<div class=\"section-bg fill\" >\n\t\t\t\t\t\t\t\t\t\n\t\t\t\n\n\t\t<\/div>\n\n\t\t\n\n\t\t<div class=\"section-content relative\">\n\t\t\t\n\n<div class=\"row align-center\"  id=\"row-2023829143\">\n\n\n\t<div id=\"col-249870550\" class=\"col medium-10 small-12 large-10\"  >\n\t\t\t\t<div class=\"col-inner text-center\"  >\n\t\t\t\n\t\t\t\n\n\n\t\t<div class=\"icon-box featured-box icon-box-top text-left\"  >\n\t\t\t\t\t<div class=\"icon-box-img\" style=\"width: 60px\">\n\t\t\t\t<div class=\"icon\">\n\t\t\t\t\t<div class=\"icon-inner\" >\n\t\t\t\t\t\t<img loading=\"lazy\" decoding=\"async\" width=\"400\" height=\"400\" src=\"https:\/\/kingspeciosa.eu\/wp-content\/uploads\/2024\/11\/King-Speciosa-favicon-LIGHT-400x400.png\" class=\"attachment-medium size-medium\" alt=\"\" srcset=\"https:\/\/kingspeciosa.eu\/wp-content\/uploads\/2024\/11\/King-Speciosa-favicon-LIGHT-400x400.png 400w, https:\/\/kingspeciosa.eu\/wp-content\/uploads\/2024\/11\/King-Speciosa-favicon-LIGHT-280x280.png 280w, https:\/\/kingspeciosa.eu\/wp-content\/uploads\/2024\/11\/King-Speciosa-favicon-LIGHT-300x300.png 300w, https:\/\/kingspeciosa.eu\/wp-content\/uploads\/2024\/11\/King-Speciosa-favicon-LIGHT-100x100.png 100w, https:\/\/kingspeciosa.eu\/wp-content\/uploads\/2024\/11\/King-Speciosa-favicon-LIGHT.png 500w\" sizes=\"auto, (max-width: 400px) 100vw, 400px\" \/>\t\t\t\t\t<\/div>\n\t\t\t\t<\/div>\n\t\t\t<\/div>\n\t\t\t\t<div class=\"icon-box-text last-reset\">\n\t\t\t\t\t\t\t\t\t\n\n\t<div id=\"text-936985035\" class=\"text\">\n\t\t\n\n<h2>Warum King Speciosa?<\/h2>\n\t\t\n<style>\n#text-936985035 {\n  font-size: 1.75rem;\n  text-align: center;\n}\n<\/style>\n\t<\/div>\n\t\n\t<div id=\"text-919443845\" class=\"text\">\n\t\t\n\n<p>Bei King Speciosa definieren wir die Exzellenz von Kratom und botanischen Produkten neu. Mit einem unersch\u00fctterlichen Engagement f\u00fcr Qualit\u00e4t, Transparenz und Kundenzufriedenheit heben wir uns als Ihre vertrauensw\u00fcrdige Quelle ab. Jedes Produkt wird im Labor akribisch auf Reinheit und Potenz getestet, damit Sie nur das Beste bekommen. Au\u00dferdem legen wir gro\u00dfen Wert auf einen schnellen, zuverl\u00e4ssigen Service und bieten Ihnen einen Versand noch am selben Tag und eine kostenlose Lieferung bei Bestellungen \u00fcber 120 \u20ac. Erleben Sie den Unterschied mit King Speciosa, wo Premiumqualit\u00e4t auf un\u00fcbertroffene Sorgfalt trifft.    <\/p>\n\t\t\n<style>\n#text-919443845 {\n  text-align: center;\n}\n<\/style>\n\t<\/div>\n\t\n\n\t\t<\/div>\n\t<\/div>\n\t\n\t\n\n\t\t<\/div>\n\t\t\t\t\t<\/div>\n\n\t\n\n<\/div>\n\n\t\t<\/div>\n\n\t\t\n<style>\n#section_818397743 {\n  padding-top: 60px;\n  padding-bottom: 60px;\n  background-color: rgba(217, 179, 108, 0.18);\n}\n<\/style>\n\t<\/section>\n\t\n<div class=\"row row-collapse row-full-width\"  id=\"row-383580771\">\n\n\n\t<div id=\"col-1744875688\" class=\"col medium-3 small-6 large-3\"  >\n\t\t\t\t<div class=\"col-inner\"  >\n\t\t\t\n\t\t\t\n\n\n\t<section class=\"section dark\" id=\"section_1414752056\">\n\t\t<div class=\"section-bg fill\" >\n\t\t\t<img loading=\"lazy\" decoding=\"async\" width=\"1024\" height=\"1024\" src=\"https:\/\/kingspeciosa.eu\/wp-content\/uploads\/2024\/11\/kratom-packaging-1.png\" class=\"bg attachment-original size-original\" alt=\"\" \/>\t\t\t\t\t\t<div class=\"section-bg-overlay absolute fill\"><\/div>\n\t\t\t\n\n\t\t<\/div>\n\n\t\t\n\n\t\t<div class=\"section-content relative\">\n\t\t\t\n\n\n\t\t<div class=\"icon-box featured-box icon-box-center text-center is-small\"  >\n\t\t\t\t\t<div class=\"icon-box-img\" style=\"width: 60px\">\n\t\t\t\t<div class=\"icon\">\n\t\t\t\t\t<div class=\"icon-inner\" >\n\t\t\t\t\t\t<svg xmlns=\"http:\/\/www.w3.org\/2000\/svg\" height=\"24px\" viewBox=\"0 -960 960 960\" width=\"24px\" fill=\"#FFFFFF\"><path d=\"M440-183v-274L200-596v274l240 139Zm80 0 240-139v-274L520-457v274Zm-80 92L160-252q-19-11-29.5-29T120-321v-318q0-22 10.5-40t29.5-29l280-161q19-11 40-11t40 11l280 161q19 11 29.5 29t10.5 40v318q0 22-10.5 40T800-252L520-91q-19 11-40 11t-40-11Zm200-528 77-44-237-137-78 45 238 136Zm-160 93 78-45-237-137-78 45 237 137Z\"\/><\/svg>\t\t\t\t\t<\/div>\n\t\t\t\t<\/div>\n\t\t\t<\/div>\n\t\t\t\t<div class=\"icon-box-text last-reset\">\n\t\t\t<h5 class=\"uppercase\">Versand am selben Tag<\/h5>\t\t\t\t\t\t\n\n<p>Wenn Sie Ihre Bestellung vor 12:00 Uhr (CET), Mo-Fr, aufgeben, wird Ihre Bestellung noch am selben Tag versandt.<\/p>\n\n\t\t<\/div>\n\t<\/div>\n\t\n\t\n\n\t\t<\/div>\n\n\t\t\n<style>\n#section_1414752056 {\n  padding-top: 30px;\n  padding-bottom: 30px;\n  min-height: 300px;\n}\n#section_1414752056 .section-bg-overlay {\n  background-color: rgba(0, 0, 0, 0.4);\n}\n#section_1414752056 .section-bg img {\n  object-position: 0% 100%;\n}\n<\/style>\n\t<\/section>\n\t\n\n\t\t<\/div>\n\t\t\t\t\t<\/div>\n\n\t\n\n\t<div id=\"col-1046953465\" class=\"col medium-3 small-6 large-3\"  >\n\t\t\t\t<div class=\"col-inner\"  >\n\t\t\t\n\t\t\t\n\n\n\t<section class=\"section dark\" id=\"section_1277016565\">\n\t\t<div class=\"section-bg fill\" >\n\t\t\t<img loading=\"lazy\" decoding=\"async\" width=\"1024\" height=\"1024\" src=\"https:\/\/kingspeciosa.eu\/wp-content\/uploads\/2024\/11\/Free-shipping-1.png\" class=\"bg attachment-original size-original\" alt=\"\" \/>\t\t\t\t\t\t<div class=\"section-bg-overlay absolute fill\"><\/div>\n\t\t\t\n\n\t\t<\/div>\n\n\t\t\n\n\t\t<div class=\"section-content relative\">\n\t\t\t\n\n\n\t\t<div class=\"icon-box featured-box icon-box-center text-center is-small\"  >\n\t\t\t\t\t<div class=\"icon-box-img\" style=\"width: 60px\">\n\t\t\t\t<div class=\"icon\">\n\t\t\t\t\t<div class=\"icon-inner\" >\n\t\t\t\t\t\t<svg xmlns=\"http:\/\/www.w3.org\/2000\/svg\" height=\"24px\" viewBox=\"0 -960 960 960\" width=\"24px\" fill=\"#FFFFFF\"><path d=\"M240-160q-50 0-85-35t-35-85H40v-440q0-33 23.5-56.5T120-800h560v160h120l120 160v200h-80q0 50-35 85t-85 35q-50 0-85-35t-35-85H360q0 50-35 85t-85 35Zm0-80q17 0 28.5-11.5T280-280q0-17-11.5-28.5T240-320q-17 0-28.5 11.5T200-280q0 17 11.5 28.5T240-240ZM120-360h32q17-18 39-29t49-11q27 0 49 11t39 29h272v-360H120v360Zm600 120q17 0 28.5-11.5T760-280q0-17-11.5-28.5T720-320q-17 0-28.5 11.5T680-280q0 17 11.5 28.5T720-240Zm-40-200h170l-90-120h-80v120ZM360-540Z\"\/><\/svg>\t\t\t\t\t<\/div>\n\t\t\t\t<\/div>\n\t\t\t<\/div>\n\t\t\t\t<div class=\"icon-box-text last-reset\">\n\t\t\t<h5 class=\"uppercase\">KOSTENLOSER VERSAND &gt; 120\u20ac<\/h5>\t\t\t\t\t\t\n\n<p>Sparen Sie bei den Versandgeb\u00fchren! Alle Bestellungen \u00fcber 120\u20ac sind versandkostenfrei direkt zu Ihrem Briefkasten. <\/p>\n\n\t\t<\/div>\n\t<\/div>\n\t\n\t\n\n\t\t<\/div>\n\n\t\t\n<style>\n#section_1277016565 {\n  padding-top: 30px;\n  padding-bottom: 30px;\n  min-height: 300px;\n}\n#section_1277016565 .section-bg-overlay {\n  background-color: rgba(0, 0, 0, 0.26);\n}\n#section_1277016565 .section-bg img {\n  object-position: 0% 100%;\n}\n<\/style>\n\t<\/section>\n\t\n\n\t\t<\/div>\n\t\t\t\t\t<\/div>\n\n\t\n\n\t<div id=\"col-1301448001\" class=\"col medium-3 small-6 large-3\"  >\n\t\t\t\t<div class=\"col-inner\"  >\n\t\t\t\n\t\t\t\n\n\n\t<section class=\"section dark\" id=\"section_2008355493\">\n\t\t<div class=\"section-bg fill\" >\n\t\t\t<img loading=\"lazy\" decoding=\"async\" width=\"1024\" height=\"1024\" src=\"https:\/\/kingspeciosa.eu\/wp-content\/uploads\/2024\/11\/high-quality-kratom-1.png\" class=\"bg attachment-original size-original\" alt=\"\" \/>\t\t\t\t\t\t<div class=\"section-bg-overlay absolute fill\"><\/div>\n\t\t\t\n\n\t\t<\/div>\n\n\t\t\n\n\t\t<div class=\"section-content relative\">\n\t\t\t\n\n\n\t\t<div class=\"icon-box featured-box icon-box-center text-center is-small\"  >\n\t\t\t\t\t<div class=\"icon-box-img\" style=\"width: 60px\">\n\t\t\t\t<div class=\"icon\">\n\t\t\t\t\t<div class=\"icon-inner\" >\n\t\t\t\t\t\t<svg xmlns=\"http:\/\/www.w3.org\/2000\/svg\" height=\"24px\" viewBox=\"0 -960 960 960\" width=\"24px\" fill=\"#FFFFFF\"><path d=\"M200-120q-51 0-72.5-45.5T138-250l222-270v-240h-40q-17 0-28.5-11.5T280-800q0-17 11.5-28.5T320-840h320q17 0 28.5 11.5T680-800q0 17-11.5 28.5T640-760h-40v240l222 270q32 39 10.5 84.5T760-120H200Zm0-80h560L520-492v-268h-80v268L200-200Zm280-280Z\"\/><\/svg>\t\t\t\t\t<\/div>\n\t\t\t\t<\/div>\n\t\t\t<\/div>\n\t\t\t\t<div class=\"icon-box-text last-reset\">\n\t\t\t<h5 class=\"uppercase\">Laborgepr\u00fcft<\/h5>\t\t\t\t\t\t\n\n<p>Unabh\u00e4ngige Labortests von Dritten garantieren die hohe Qualit\u00e4t und Sicherheit unseres Kratoms.<\/p>\n\n\t\t<\/div>\n\t<\/div>\n\t\n\t\n\n\t\t<\/div>\n\n\t\t\n<style>\n#section_2008355493 {\n  padding-top: 30px;\n  padding-bottom: 30px;\n  min-height: 300px;\n}\n#section_2008355493 .section-bg-overlay {\n  background-color: rgba(0, 0, 0, 0.4);\n}\n<\/style>\n\t<\/section>\n\t\n\n\t\t<\/div>\n\t\t\t\t\t<\/div>\n\n\t\n\n\t<div id=\"col-1809041761\" class=\"col medium-3 small-6 large-3\"  >\n\t\t\t\t<div class=\"col-inner\"  >\n\t\t\t\n\t\t\t\n\n\n\t<section class=\"section dark\" id=\"section_39480330\">\n\t\t<div class=\"section-bg fill\" >\n\t\t\t<img loading=\"lazy\" decoding=\"async\" width=\"1024\" height=\"1024\" src=\"https:\/\/kingspeciosa.eu\/wp-content\/uploads\/2024\/11\/Kratom-europe-1.png\" class=\"bg attachment-original size-original\" alt=\"\" \/>\t\t\t\t\t\t<div class=\"section-bg-overlay absolute fill\"><\/div>\n\t\t\t\n\n\t\t<\/div>\n\n\t\t\n\n\t\t<div class=\"section-content relative\">\n\t\t\t\n\n\n\t\t<div class=\"icon-box featured-box icon-box-center text-center is-small\"  >\n\t\t\t\t\t<div class=\"icon-box-img\" style=\"width: 60px\">\n\t\t\t\t<div class=\"icon\">\n\t\t\t\t\t<div class=\"icon-inner\" >\n\t\t\t\t\t\t<svg xmlns=\"http:\/\/www.w3.org\/2000\/svg\" height=\"24px\" viewBox=\"0 -960 960 960\" width=\"24px\" fill=\"#FFFFFF\"><path d=\"M216-176q-45-45-70.5-104T120-402q0-63 24-124.5T222-642q35-35 86.5-60t122-39.5Q501-756 591.5-759t202.5 7q8 106 5 195t-16.5 160.5q-13.5 71.5-38 125T684-182q-53 53-112.5 77.5T450-80q-65 0-127-25.5T216-176Zm112-16q29 17 59.5 24.5T450-160q46 0 91-18.5t86-59.5q18-18 36.5-50.5t32-85Q709-426 716-500.5t2-177.5q-49-2-110.5-1.5T485-670q-61 9-116 29t-90 55q-45 45-62 89t-17 85q0 59 22.5 103.5T262-246q42-80 111-153.5T534-520q-72 63-125.5 142.5T328-192Zm0 0Zm0 0Z\"\/><\/svg>\t\t\t\t\t<\/div>\n\t\t\t\t<\/div>\n\t\t\t<\/div>\n\t\t\t\t<div class=\"icon-box-text last-reset\">\n\t\t\t<h5 class=\"uppercase\">QUALIT\u00c4T<\/h5>\t\t\t\t\t\t\n\n<p>Unser Ziel ist Ihr Wohlbefinden. Unzufrieden? Wir sorgen daf\u00fcr, dass Sie die Qualit\u00e4t erhalten, die Sie verdienen.  <\/p>\n\n\t\t<\/div>\n\t<\/div>\n\t\n\t\n\n\t\t<\/div>\n\n\t\t\n<style>\n#section_39480330 {\n  padding-top: 30px;\n  padding-bottom: 30px;\n  min-height: 300px;\n}\n#section_39480330 .section-bg-overlay {\n  background-color: rgba(0, 0, 0, 0.26);\n}\n<\/style>\n\t<\/section>\n\t\n\n\t\t<\/div>\n\t\t\t\t\t<\/div>\n\n\t\n\n\n<style>\n#row-383580771 > .col > .col-inner {\n  background-color: rgb(0,0,0);\n}\n<\/style>\n<\/div>\n\n\n","protected":false},"excerpt":{"rendered":"","protected":false},"author":1,"featured_media":0,"parent":0,"menu_order":0,"comment_status":"closed","ping_status":"closed","template":"page-blank.php","meta":{"footnotes":""},"class_list":["post-2256","page","type-page","status-publish","hentry"],"yoast_head":"<!-- This site is optimized with the Yoast SEO plugin v27.5 - https:\/\/yoast.com\/product\/yoast-seo-wordpress\/ -->\n<title>King Speciosa | Kratom-Sorten | EU Kratom Shop<\/title>\n<meta name=\"description\" content=\"Explore Kratom-Sorten at King Speciosa. Learn more about our premium Kratom online offerings, sourced from Borneo and available across Europe with fast delivery.\" \/>\n<meta name=\"robots\" content=\"index, follow, max-snippet:-1, max-image-preview:large, max-video-preview:-1\" \/>\n<link rel=\"canonical\" href=\"https:\/\/kingspeciosa.eu\/kratom-strains\/\" \/>\n<meta property=\"og:locale\" content=\"de_DE\" \/>\n<meta property=\"og:type\" content=\"article\" \/>\n<meta property=\"og:title\" content=\"King Speciosa | Kratom-Sorten | EU Kratom Shop\" \/>\n<meta property=\"og:description\" content=\"Explore Kratom-Sorten at King Speciosa. Learn more about our premium Kratom online offerings, sourced from Borneo and available across Europe with fast delivery.\" \/>\n<meta property=\"og:url\" content=\"https:\/\/kingspeciosa.eu\/kratom-strains\/\" \/>\n<meta property=\"og:site_name\" content=\"King Speciosa\" \/>\n<meta property=\"article:modified_time\" content=\"2025-01-28T11:12:50+00:00\" \/>\n<meta property=\"og:image\" content=\"https:\/\/kingspeciosa.eu\/wp-content\/uploads\/2024\/12\/White-King.png\" \/>\n\t<meta property=\"og:image:width\" content=\"800\" \/>\n\t<meta property=\"og:image:height\" content=\"800\" \/>\n\t<meta property=\"og:image:type\" content=\"image\/png\" \/>\n<meta name=\"twitter:card\" content=\"summary_large_image\" \/>\n<meta name=\"twitter:label1\" content=\"Gesch\u00e4tzte Lesezeit\" \/>\n\t<meta name=\"twitter:data1\" content=\"2 Minuten\" \/>\n<script type=\"application\/ld+json\" class=\"yoast-schema-graph\">{\"@context\":\"https:\\\/\\\/schema.org\",\"@graph\":[{\"@type\":\"WebPage\",\"@id\":\"https:\\\/\\\/kingspeciosa.eu\\\/kratom-strains\\\/\",\"url\":\"https:\\\/\\\/kingspeciosa.eu\\\/kratom-strains\\\/\",\"name\":\"King Speciosa | Kratom-Sorten | EU Kratom Shop\",\"isPartOf\":{\"@id\":\"https:\\\/\\\/kingspeciosa.eu\\\/#website\"},\"datePublished\":\"2024-12-03T18:28:24+00:00\",\"dateModified\":\"2025-01-28T11:12:50+00:00\",\"description\":\"Explore Kratom-Sorten at King Speciosa. Learn more about our premium Kratom online offerings, sourced from Borneo and available across Europe with fast delivery.\",\"breadcrumb\":{\"@id\":\"https:\\\/\\\/kingspeciosa.eu\\\/kratom-strains\\\/#breadcrumb\"},\"inLanguage\":\"de-AT\",\"potentialAction\":[{\"@type\":\"ReadAction\",\"target\":[\"https:\\\/\\\/kingspeciosa.eu\\\/kratom-strains\\\/\"]}]},{\"@type\":\"BreadcrumbList\",\"@id\":\"https:\\\/\\\/kingspeciosa.eu\\\/kratom-strains\\\/#breadcrumb\",\"itemListElement\":[{\"@type\":\"ListItem\",\"position\":1,\"name\":\"Home\",\"item\":\"https:\\\/\\\/kingspeciosa.eu\\\/at\\\/homepage\\\/\"},{\"@type\":\"ListItem\",\"position\":2,\"name\":\"Kratom-Sorten\"}]},{\"@type\":\"WebSite\",\"@id\":\"https:\\\/\\\/kingspeciosa.eu\\\/#website\",\"url\":\"https:\\\/\\\/kingspeciosa.eu\\\/\",\"name\":\"King Speciosa\",\"description\":\"King of the jungle \ud83c\udf34\",\"publisher\":{\"@id\":\"https:\\\/\\\/kingspeciosa.eu\\\/#organization\"},\"potentialAction\":[{\"@type\":\"SearchAction\",\"target\":{\"@type\":\"EntryPoint\",\"urlTemplate\":\"https:\\\/\\\/kingspeciosa.eu\\\/?s={search_term_string}\"},\"query-input\":{\"@type\":\"PropertyValueSpecification\",\"valueRequired\":true,\"valueName\":\"search_term_string\"}}],\"inLanguage\":\"de-AT\"},{\"@type\":\"Organization\",\"@id\":\"https:\\\/\\\/kingspeciosa.eu\\\/#organization\",\"name\":\"King Speciosa\",\"url\":\"https:\\\/\\\/kingspeciosa.eu\\\/\",\"logo\":{\"@type\":\"ImageObject\",\"inLanguage\":\"de-AT\",\"@id\":\"https:\\\/\\\/kingspeciosa.eu\\\/#\\\/schema\\\/logo\\\/image\\\/\",\"url\":\"http:\\\/\\\/kingspeciosa.eu\\\/wp-content\\\/uploads\\\/2024\\\/12\\\/KingSpeciosa-logo.png\",\"contentUrl\":\"http:\\\/\\\/kingspeciosa.eu\\\/wp-content\\\/uploads\\\/2024\\\/12\\\/KingSpeciosa-logo.png\",\"width\":1000,\"height\":1000,\"caption\":\"King Speciosa\"},\"image\":{\"@id\":\"https:\\\/\\\/kingspeciosa.eu\\\/#\\\/schema\\\/logo\\\/image\\\/\"}}]}<\/script>\n<!-- \/ Yoast SEO plugin. -->","yoast_head_json":{"title":"King Speciosa | Kratom-Sorten | EU Kratom Shop","description":"Explore Kratom-Sorten at King Speciosa. Learn more about our premium Kratom online offerings, sourced from Borneo and available across Europe with fast delivery.","robots":{"index":"index","follow":"follow","max-snippet":"max-snippet:-1","max-image-preview":"max-image-preview:large","max-video-preview":"max-video-preview:-1"},"canonical":"https:\/\/kingspeciosa.eu\/kratom-strains\/","og_locale":"de_DE","og_type":"article","og_title":"King Speciosa | Kratom-Sorten | EU Kratom Shop","og_description":"Explore Kratom-Sorten at King Speciosa. Learn more about our premium Kratom online offerings, sourced from Borneo and available across Europe with fast delivery.","og_url":"https:\/\/kingspeciosa.eu\/kratom-strains\/","og_site_name":"King Speciosa","article_modified_time":"2025-01-28T11:12:50+00:00","og_image":[{"width":800,"height":800,"url":"https:\/\/kingspeciosa.eu\/wp-content\/uploads\/2024\/12\/White-King.png","type":"image\/png"}],"twitter_card":"summary_large_image","twitter_misc":{"Gesch\u00e4tzte Lesezeit":"2 Minuten"},"schema":{"@context":"https:\/\/schema.org","@graph":[{"@type":"WebPage","@id":"https:\/\/kingspeciosa.eu\/kratom-strains\/","url":"https:\/\/kingspeciosa.eu\/kratom-strains\/","name":"King Speciosa | Kratom-Sorten | EU Kratom Shop","isPartOf":{"@id":"https:\/\/kingspeciosa.eu\/#website"},"datePublished":"2024-12-03T18:28:24+00:00","dateModified":"2025-01-28T11:12:50+00:00","description":"Explore Kratom-Sorten at King Speciosa. Learn more about our premium Kratom online offerings, sourced from Borneo and available across Europe with fast delivery.","breadcrumb":{"@id":"https:\/\/kingspeciosa.eu\/kratom-strains\/#breadcrumb"},"inLanguage":"de-AT","potentialAction":[{"@type":"ReadAction","target":["https:\/\/kingspeciosa.eu\/kratom-strains\/"]}]},{"@type":"BreadcrumbList","@id":"https:\/\/kingspeciosa.eu\/kratom-strains\/#breadcrumb","itemListElement":[{"@type":"ListItem","position":1,"name":"Home","item":"https:\/\/kingspeciosa.eu\/at\/homepage\/"},{"@type":"ListItem","position":2,"name":"Kratom-Sorten"}]},{"@type":"WebSite","@id":"https:\/\/kingspeciosa.eu\/#website","url":"https:\/\/kingspeciosa.eu\/","name":"King Speciosa","description":"King of the jungle \ud83c\udf34","publisher":{"@id":"https:\/\/kingspeciosa.eu\/#organization"},"potentialAction":[{"@type":"SearchAction","target":{"@type":"EntryPoint","urlTemplate":"https:\/\/kingspeciosa.eu\/?s={search_term_string}"},"query-input":{"@type":"PropertyValueSpecification","valueRequired":true,"valueName":"search_term_string"}}],"inLanguage":"de-AT"},{"@type":"Organization","@id":"https:\/\/kingspeciosa.eu\/#organization","name":"King Speciosa","url":"https:\/\/kingspeciosa.eu\/","logo":{"@type":"ImageObject","inLanguage":"de-AT","@id":"https:\/\/kingspeciosa.eu\/#\/schema\/logo\/image\/","url":"http:\/\/kingspeciosa.eu\/wp-content\/uploads\/2024\/12\/KingSpeciosa-logo.png","contentUrl":"http:\/\/kingspeciosa.eu\/wp-content\/uploads\/2024\/12\/KingSpeciosa-logo.png","width":1000,"height":1000,"caption":"King Speciosa"},"image":{"@id":"https:\/\/kingspeciosa.eu\/#\/schema\/logo\/image\/"}}]}},"_links":{"self":[{"href":"https:\/\/kingspeciosa.eu\/at\/wp-json\/wp\/v2\/pages\/2256","targetHints":{"allow":["GET"]}}],"collection":[{"href":"https:\/\/kingspeciosa.eu\/at\/wp-json\/wp\/v2\/pages"}],"about":[{"href":"https:\/\/kingspeciosa.eu\/at\/wp-json\/wp\/v2\/types\/page"}],"author":[{"embeddable":true,"href":"https:\/\/kingspeciosa.eu\/at\/wp-json\/wp\/v2\/users\/1"}],"replies":[{"embeddable":true,"href":"https:\/\/kingspeciosa.eu\/at\/wp-json\/wp\/v2\/comments?post=2256"}],"version-history":[{"count":4,"href":"https:\/\/kingspeciosa.eu\/at\/wp-json\/wp\/v2\/pages\/2256\/revisions"}],"predecessor-version":[{"id":2392,"href":"https:\/\/kingspeciosa.eu\/at\/wp-json\/wp\/v2\/pages\/2256\/revisions\/2392"}],"wp:attachment":[{"href":"https:\/\/kingspeciosa.eu\/at\/wp-json\/wp\/v2\/media?parent=2256"}],"curies":[{"name":"wp","href":"https:\/\/api.w.org\/{rel}","templated":true}]}}