{"id":1078,"date":"2024-11-24T11:11:20","date_gmt":"2024-11-24T11:11:20","guid":{"rendered":"https:\/\/kingspeciosa.eu\/product\/gruener-maeng-da\/"},"modified":"2025-02-01T18:52:22","modified_gmt":"2025-02-01T18:52:22","slug":"gruener-maeng-da","status":"publish","type":"product","link":"https:\/\/kingspeciosa.eu\/at\/produkt-at\/gruener-maeng-da\/","title":{"rendered":"Green Maeng Da"},"content":{"rendered":"<h2>Green Maeng Da: Eine echte Premium-Sorte<\/h2>\n<p>Green Maeng Da, oft auch als &#8222;Pimp Grade&#8220; Kratom bezeichnet, ist eine der begehrtesten Sorten der Welt. Die Bl\u00e4tter stammen von ausgewachsenen B\u00e4umen in den reichen tropischen W\u00e4ldern S\u00fcdostasiens und sind f\u00fcr ihre leuchtend gr\u00fcne Farbe bekannt, die eine perfekte Balance zwischen Tradition und Qualit\u00e4t darstellt. Der Name &#8222;Maeng Da&#8220;, abgeleitet aus dem Thail\u00e4ndischen, unterstreicht seinen Premium-Status und macht es zu einem Favoriten unter Kratom-Enthusiasten auf der ganzen Welt.  <\/p>\n<h3>Aus den besten B\u00e4umen gewonnen<\/h3>\n<p>Green Maeng Da wird von sorgf\u00e4ltig kultivierten B\u00e4umen geerntet, die in fruchtbarem Boden und unter idealen tropischen Bedingungen wachsen. Diese B\u00e4ume werden bis zur Reife gepflegt, um sicherzustellen, dass nur die feinsten Bl\u00e4tter ausgew\u00e4hlt werden und der hohe Qualit\u00e4tsstandard, f\u00fcr den Green Maeng Da bekannt ist, erhalten bleibt. <\/p>\n<h3>Au\u00dfergew\u00f6hnliche Blattstruktur<\/h3>\n<p>Die Bl\u00e4tter von Green Maeng Da sind unverwechselbar und zeichnen sich durch ihre kr\u00e4ftigen gr\u00fcnen Adern und ihre robuste Struktur aus. Dies spiegelt die Sorgfalt und Pr\u00e4zision beim Anbau und der Verarbeitung wider. Der leuchtend gr\u00fcne Farbton ist ein Beweis f\u00fcr die Frische und die erstklassige Qualit\u00e4t.  <\/p>\n<h3>Eine beliebte Wahl weltweit<\/h3>\n<p>Green Maeng Da wird f\u00fcr seine Zuverl\u00e4ssigkeit und best\u00e4ndige Qualit\u00e4t gelobt und hat sich seinen Platz als Spitzensorte verdient. Ihre gro\u00dfe Beliebtheit beruht auf ihren einzigartigen Eigenschaften und dem Vertrauen, das sie bei Kratom-Enthusiasten genie\u00dft, die nur das Beste wollen. <\/p>\n","protected":false},"excerpt":{"rendered":"<p><strong>Green Maeng Da<\/strong>, was &#8222;Pimp Grade&#8220; bedeutet, ist eine bekannte Sorte, die aus den \u00fcppigen W\u00e4ldern S\u00fcdostasiens stammt. Bekannt f\u00fcr ihre leuchtend gr\u00fcne Farbe und ihren au\u00dfergew\u00f6hnlichen Ruf, ist diese Sorte zu einem Grundnahrungsmittel f\u00fcr Enthusiasten weltweit geworden. <\/p>\n","protected":false},"featured_media":1824,"comment_status":"open","ping_status":"closed","template":"","meta":[],"product_brand":[],"product_cat":[59,53],"product_tag":[],"class_list":{"0":"post-1078","1":"product","2":"type-product","3":"status-publish","4":"has-post-thumbnail","6":"product_cat-grunes-kratom-at","7":"product_cat-kratom-at","9":"first","10":"instock","11":"taxable","12":"shipping-taxable","13":"purchasable","14":"product-type-variable","15":"has-default-attributes"},"yoast_head":"<!-- This site is optimized with the Yoast SEO plugin v27.5 - https:\/\/yoast.com\/product\/yoast-seo-wordpress\/ -->\n<title>Green Maeng Da | Premium Kratom in EU at King Speciosa<\/title>\n<meta name=\"description\" content=\"Buy Green Maeng Da at King Speciosa. This premium Kratom is sourced from Borneo and lab-tested for quality. Available across EU with fast delivery.\" \/>\n<meta name=\"robots\" content=\"index, follow, max-snippet:-1, max-image-preview:large, max-video-preview:-1\" \/>\n<link rel=\"canonical\" href=\"https:\/\/kingspeciosa.eu\/produkt-at\/green-maeng-da\/\" \/>\n<meta property=\"og:locale\" content=\"de_DE\" \/>\n<meta property=\"og:type\" content=\"article\" \/>\n<meta property=\"og:title\" content=\"Green Maeng Da | Premium Kratom in EU at King Speciosa\" \/>\n<meta property=\"og:description\" content=\"Buy Green Maeng Da at King Speciosa. This premium Kratom is sourced from Borneo and lab-tested for quality. Available across EU with fast delivery.\" \/>\n<meta property=\"og:url\" content=\"https:\/\/kingspeciosa.eu\/produkt-at\/green-maeng-da\/\" \/>\n<meta property=\"og:site_name\" content=\"King Speciosa\" \/>\n<meta property=\"article:modified_time\" content=\"2025-02-01T18:52:22+00:00\" \/>\n<meta property=\"og:image\" content=\"https:\/\/kingspeciosa.eu\/wp-content\/uploads\/2024\/12\/Green-Maeng-Da.png\" \/>\n\t<meta property=\"og:image:width\" content=\"800\" \/>\n\t<meta property=\"og:image:height\" content=\"800\" \/>\n\t<meta property=\"og:image:type\" content=\"image\/png\" \/>\n<meta name=\"twitter:card\" content=\"summary_large_image\" \/>\n<meta name=\"twitter:label1\" content=\"Gesch\u00e4tzte Lesezeit\" \/>\n\t<meta name=\"twitter:data1\" content=\"1 Minute\" \/>\n<script type=\"application\/ld+json\" class=\"yoast-schema-graph\">{\"@context\":\"https:\\\/\\\/schema.org\",\"@graph\":[{\"@type\":\"WebPage\",\"@id\":\"https:\\\/\\\/kingspeciosa.eu\\\/produkt-at\\\/green-maeng-da\\\/\",\"url\":\"https:\\\/\\\/kingspeciosa.eu\\\/produkt-at\\\/green-maeng-da\\\/\",\"name\":\"Green Maeng Da | Premium Kratom in EU at King Speciosa\",\"isPartOf\":{\"@id\":\"https:\\\/\\\/kingspeciosa.eu\\\/#website\"},\"primaryImageOfPage\":{\"@id\":\"https:\\\/\\\/kingspeciosa.eu\\\/produkt-at\\\/green-maeng-da\\\/#primaryimage\"},\"image\":{\"@id\":\"https:\\\/\\\/kingspeciosa.eu\\\/produkt-at\\\/green-maeng-da\\\/#primaryimage\"},\"thumbnailUrl\":\"https:\\\/\\\/kingspeciosa.eu\\\/wp-content\\\/uploads\\\/2024\\\/12\\\/Green-Maeng-Da.png\",\"datePublished\":\"2024-11-24T11:11:20+00:00\",\"dateModified\":\"2025-02-01T18:52:22+00:00\",\"description\":\"Buy Green Maeng Da at King Speciosa. This premium Kratom is sourced from Borneo and lab-tested for quality. Available across EU with fast delivery.\",\"breadcrumb\":{\"@id\":\"https:\\\/\\\/kingspeciosa.eu\\\/produkt-at\\\/green-maeng-da\\\/#breadcrumb\"},\"inLanguage\":\"de-AT\",\"potentialAction\":[{\"@type\":\"ReadAction\",\"target\":[\"https:\\\/\\\/kingspeciosa.eu\\\/produkt-at\\\/green-maeng-da\\\/\"]}]},{\"@type\":\"ImageObject\",\"inLanguage\":\"de-AT\",\"@id\":\"https:\\\/\\\/kingspeciosa.eu\\\/produkt-at\\\/green-maeng-da\\\/#primaryimage\",\"url\":\"https:\\\/\\\/kingspeciosa.eu\\\/wp-content\\\/uploads\\\/2024\\\/12\\\/Green-Maeng-Da.png\",\"contentUrl\":\"https:\\\/\\\/kingspeciosa.eu\\\/wp-content\\\/uploads\\\/2024\\\/12\\\/Green-Maeng-Da.png\",\"width\":800,\"height\":800},{\"@type\":\"BreadcrumbList\",\"@id\":\"https:\\\/\\\/kingspeciosa.eu\\\/produkt-at\\\/green-maeng-da\\\/#breadcrumb\",\"itemListElement\":[{\"@type\":\"ListItem\",\"position\":1,\"name\":\"Home\",\"item\":\"https:\\\/\\\/kingspeciosa.eu\\\/at\\\/homepage\\\/\"},{\"@type\":\"ListItem\",\"position\":2,\"name\":\"Shop\",\"item\":\"https:\\\/\\\/kingspeciosa.eu\\\/at\\\/shop-at\\\/\"},{\"@type\":\"ListItem\",\"position\":3,\"name\":\"Green Maeng Da\"}]},{\"@type\":\"WebSite\",\"@id\":\"https:\\\/\\\/kingspeciosa.eu\\\/#website\",\"url\":\"https:\\\/\\\/kingspeciosa.eu\\\/\",\"name\":\"King Speciosa\",\"description\":\"King of the jungle \ud83c\udf34\",\"publisher\":{\"@id\":\"https:\\\/\\\/kingspeciosa.eu\\\/#organization\"},\"potentialAction\":[{\"@type\":\"SearchAction\",\"target\":{\"@type\":\"EntryPoint\",\"urlTemplate\":\"https:\\\/\\\/kingspeciosa.eu\\\/?s={search_term_string}\"},\"query-input\":{\"@type\":\"PropertyValueSpecification\",\"valueRequired\":true,\"valueName\":\"search_term_string\"}}],\"inLanguage\":\"de-AT\"},{\"@type\":\"Organization\",\"@id\":\"https:\\\/\\\/kingspeciosa.eu\\\/#organization\",\"name\":\"King Speciosa\",\"url\":\"https:\\\/\\\/kingspeciosa.eu\\\/\",\"logo\":{\"@type\":\"ImageObject\",\"inLanguage\":\"de-AT\",\"@id\":\"https:\\\/\\\/kingspeciosa.eu\\\/#\\\/schema\\\/logo\\\/image\\\/\",\"url\":\"http:\\\/\\\/kingspeciosa.eu\\\/wp-content\\\/uploads\\\/2024\\\/12\\\/KingSpeciosa-logo.png\",\"contentUrl\":\"http:\\\/\\\/kingspeciosa.eu\\\/wp-content\\\/uploads\\\/2024\\\/12\\\/KingSpeciosa-logo.png\",\"width\":1000,\"height\":1000,\"caption\":\"King Speciosa\"},\"image\":{\"@id\":\"https:\\\/\\\/kingspeciosa.eu\\\/#\\\/schema\\\/logo\\\/image\\\/\"}}]}<\/script>\n<!-- \/ Yoast SEO plugin. -->","yoast_head_json":{"title":"Green Maeng Da | Premium Kratom in EU at King Speciosa","description":"Buy Green Maeng Da at King Speciosa. This premium Kratom is sourced from Borneo and lab-tested for quality. Available across EU with fast delivery.","robots":{"index":"index","follow":"follow","max-snippet":"max-snippet:-1","max-image-preview":"max-image-preview:large","max-video-preview":"max-video-preview:-1"},"canonical":"https:\/\/kingspeciosa.eu\/produkt-at\/green-maeng-da\/","og_locale":"de_DE","og_type":"article","og_title":"Green Maeng Da | Premium Kratom in EU at King Speciosa","og_description":"Buy Green Maeng Da at King Speciosa. This premium Kratom is sourced from Borneo and lab-tested for quality. Available across EU with fast delivery.","og_url":"https:\/\/kingspeciosa.eu\/produkt-at\/green-maeng-da\/","og_site_name":"King Speciosa","article_modified_time":"2025-02-01T18:52:22+00:00","og_image":[{"width":800,"height":800,"url":"https:\/\/kingspeciosa.eu\/wp-content\/uploads\/2024\/12\/Green-Maeng-Da.png","type":"image\/png"}],"twitter_card":"summary_large_image","twitter_misc":{"Gesch\u00e4tzte Lesezeit":"1 Minute"},"schema":{"@context":"https:\/\/schema.org","@graph":[{"@type":"WebPage","@id":"https:\/\/kingspeciosa.eu\/produkt-at\/green-maeng-da\/","url":"https:\/\/kingspeciosa.eu\/produkt-at\/green-maeng-da\/","name":"Green Maeng Da | Premium Kratom in EU at King Speciosa","isPartOf":{"@id":"https:\/\/kingspeciosa.eu\/#website"},"primaryImageOfPage":{"@id":"https:\/\/kingspeciosa.eu\/produkt-at\/green-maeng-da\/#primaryimage"},"image":{"@id":"https:\/\/kingspeciosa.eu\/produkt-at\/green-maeng-da\/#primaryimage"},"thumbnailUrl":"https:\/\/kingspeciosa.eu\/wp-content\/uploads\/2024\/12\/Green-Maeng-Da.png","datePublished":"2024-11-24T11:11:20+00:00","dateModified":"2025-02-01T18:52:22+00:00","description":"Buy Green Maeng Da at King Speciosa. This premium Kratom is sourced from Borneo and lab-tested for quality. Available across EU with fast delivery.","breadcrumb":{"@id":"https:\/\/kingspeciosa.eu\/produkt-at\/green-maeng-da\/#breadcrumb"},"inLanguage":"de-AT","potentialAction":[{"@type":"ReadAction","target":["https:\/\/kingspeciosa.eu\/produkt-at\/green-maeng-da\/"]}]},{"@type":"ImageObject","inLanguage":"de-AT","@id":"https:\/\/kingspeciosa.eu\/produkt-at\/green-maeng-da\/#primaryimage","url":"https:\/\/kingspeciosa.eu\/wp-content\/uploads\/2024\/12\/Green-Maeng-Da.png","contentUrl":"https:\/\/kingspeciosa.eu\/wp-content\/uploads\/2024\/12\/Green-Maeng-Da.png","width":800,"height":800},{"@type":"BreadcrumbList","@id":"https:\/\/kingspeciosa.eu\/produkt-at\/green-maeng-da\/#breadcrumb","itemListElement":[{"@type":"ListItem","position":1,"name":"Home","item":"https:\/\/kingspeciosa.eu\/at\/homepage\/"},{"@type":"ListItem","position":2,"name":"Shop","item":"https:\/\/kingspeciosa.eu\/at\/shop-at\/"},{"@type":"ListItem","position":3,"name":"Green Maeng Da"}]},{"@type":"WebSite","@id":"https:\/\/kingspeciosa.eu\/#website","url":"https:\/\/kingspeciosa.eu\/","name":"King Speciosa","description":"King of the jungle \ud83c\udf34","publisher":{"@id":"https:\/\/kingspeciosa.eu\/#organization"},"potentialAction":[{"@type":"SearchAction","target":{"@type":"EntryPoint","urlTemplate":"https:\/\/kingspeciosa.eu\/?s={search_term_string}"},"query-input":{"@type":"PropertyValueSpecification","valueRequired":true,"valueName":"search_term_string"}}],"inLanguage":"de-AT"},{"@type":"Organization","@id":"https:\/\/kingspeciosa.eu\/#organization","name":"King Speciosa","url":"https:\/\/kingspeciosa.eu\/","logo":{"@type":"ImageObject","inLanguage":"de-AT","@id":"https:\/\/kingspeciosa.eu\/#\/schema\/logo\/image\/","url":"http:\/\/kingspeciosa.eu\/wp-content\/uploads\/2024\/12\/KingSpeciosa-logo.png","contentUrl":"http:\/\/kingspeciosa.eu\/wp-content\/uploads\/2024\/12\/KingSpeciosa-logo.png","width":1000,"height":1000,"caption":"King Speciosa"},"image":{"@id":"https:\/\/kingspeciosa.eu\/#\/schema\/logo\/image\/"}}]}},"_links":{"self":[{"href":"https:\/\/kingspeciosa.eu\/at\/wp-json\/wp\/v2\/product\/1078","targetHints":{"allow":["GET"]}}],"collection":[{"href":"https:\/\/kingspeciosa.eu\/at\/wp-json\/wp\/v2\/product"}],"about":[{"href":"https:\/\/kingspeciosa.eu\/at\/wp-json\/wp\/v2\/types\/product"}],"replies":[{"embeddable":true,"href":"https:\/\/kingspeciosa.eu\/at\/wp-json\/wp\/v2\/comments?post=1078"}],"wp:featuredmedia":[{"embeddable":true,"href":"https:\/\/kingspeciosa.eu\/at\/wp-json\/wp\/v2\/media\/1824"}],"wp:attachment":[{"href":"https:\/\/kingspeciosa.eu\/at\/wp-json\/wp\/v2\/media?parent=1078"}],"wp:term":[{"taxonomy":"product_brand","embeddable":true,"href":"https:\/\/kingspeciosa.eu\/at\/wp-json\/wp\/v2\/product_brand?post=1078"},{"taxonomy":"product_cat","embeddable":true,"href":"https:\/\/kingspeciosa.eu\/at\/wp-json\/wp\/v2\/product_cat?post=1078"},{"taxonomy":"product_tag","embeddable":true,"href":"https:\/\/kingspeciosa.eu\/at\/wp-json\/wp\/v2\/product_tag?post=1078"}],"curies":[{"name":"wp","href":"https:\/\/api.w.org\/{rel}","templated":true}]}}