{"id":1515,"date":"2024-12-03T17:00:47","date_gmt":"2024-12-03T17:00:47","guid":{"rendered":"https:\/\/kingspeciosa.eu\/product\/rotes-bali\/"},"modified":"2025-02-01T18:52:28","modified_gmt":"2025-02-01T18:52:28","slug":"rotes-bali","status":"publish","type":"product","link":"https:\/\/kingspeciosa.eu\/at\/produkt-at\/rotes-bali\/","title":{"rendered":"Red Bali"},"content":{"rendered":"<h2>Red Bali: Eine kultivierte Sorte mit roten Merkmalen<\/h2>\n<p>Red Bali ist eine klassische Kratom-Sorte, die in den reichen Plantagen von Borneo angebaut wird, wo ideale Bedingungen f\u00fcr gleichbleibende Qualit\u00e4t sorgen. Aufgrund der fehlenden Fermentation erscheinen die Bl\u00e4tter eher gr\u00fcnlich als rot. Red Bali weist jedoch immer noch die traditionellen Merkmale einer roten Sorte auf. Dar\u00fcber hinaus machen seine Zuverl\u00e4ssigkeit und Authentizit\u00e4t es zu einer Top-Wahl unter Kratom-Liebhabern.   <\/p>\n<h3>Sorgf\u00e4ltig kultiviert in den Plantagen von Borneo<\/h3>\n<p>Im Gegensatz zu wilden Sorten bauen die Bauern Red Bali in sorgf\u00e4ltig gef\u00fchrten Plantagen auf Borneo an. Dieser kontrollierte Prozess erm\u00f6glicht es den Anbauern, die Kratom-B\u00e4ume sorgf\u00e4ltig zu pflegen. Daher ernten sie die Bl\u00e4tter zum Zeitpunkt der h\u00f6chsten Reife, was eine optimale Qualit\u00e4t und Konsistenz gew\u00e4hrleistet. Au\u00dferdem unterstreicht diese Anbaumethode das Engagement f\u00fcr die Produktion einer erstklassigen Sorte.   <\/p>\n<h3>Gr\u00fcnliches Erscheinungsbild mit roten Stammesmerkmalen<\/h3>\n<p>Die Bl\u00e4tter von Red Bali behalten einen gr\u00fcnlichen Farbton, da keine Fermentation stattfindet. Ihre Struktur und Eigenschaften entsprechen jedoch einer klassischen roten Sorte. Der nat\u00fcrliche Trocknungsprozess verbessert nicht nur seine Eigenschaften, sondern bewahrt auch die Integrit\u00e4t seiner unfermentierten Form. Dieses Gleichgewicht bringt die einzigartigen Qualit\u00e4ten von Red Bali zur Geltung.   <\/p>\n<h3>Eine vertrauensw\u00fcrdige Sorte unter Enthusiasten<\/h3>\n<p>Red Bali hat sich den Ruf einer zuverl\u00e4ssigen und vielseitigen Sorte erworben. Die Bauern auf den Plantagen in Borneo bauen sie mit Sorgfalt an und kombinieren dabei traditionelle Methoden mit moderner Pr\u00e4zision. Die ausgepr\u00e4gten Eigenschaften der roten Sorte machen sie daher zu einer vertrauensw\u00fcrdigen und beliebten Wahl f\u00fcr Kratom-Enthusiasten. Au\u00dferdem hebt sie sich durch ihre Authentizit\u00e4t von anderen Sorten ab.   <\/p>\n","protected":false},"excerpt":{"rendered":"<p><strong>Red Bali<\/strong> ist eine einzigartige Sorte, die in den fruchtbaren Plantagen von Borneo angebaut wird. Trotz ihrer gr\u00fcnlichen Farbe tr\u00e4gt sie die unverwechselbaren Merkmale einer roten Sorte, was sie zu einer zuverl\u00e4ssigen Wahl f\u00fcr Kratom-Enthusiasten macht. <\/p>\n","protected":false},"featured_media":1834,"comment_status":"open","ping_status":"closed","template":"","meta":[],"product_brand":[],"product_cat":[53,60],"product_tag":[],"class_list":{"0":"post-1515","1":"product","2":"type-product","3":"status-publish","4":"has-post-thumbnail","6":"product_cat-kratom-at","7":"product_cat-rotes-kratom-at","9":"first","10":"instock","11":"taxable","12":"shipping-taxable","13":"purchasable","14":"product-type-variable","15":"has-default-attributes"},"yoast_head":"<!-- This site is optimized with the Yoast SEO plugin v27.5 - https:\/\/yoast.com\/product\/yoast-seo-wordpress\/ -->\n<title>Red Bali | Premium Kratom in EU at King Speciosa<\/title>\n<meta name=\"description\" content=\"Buy Red Bali at King Speciosa. This premium Kratom is sourced from Borneo and lab-tested for quality. Available across EU with fast delivery.\" \/>\n<meta name=\"robots\" content=\"index, follow, max-snippet:-1, max-image-preview:large, max-video-preview:-1\" \/>\n<link rel=\"canonical\" href=\"https:\/\/kingspeciosa.eu\/produkt-at\/red-bali\/\" \/>\n<meta property=\"og:locale\" content=\"de_DE\" \/>\n<meta property=\"og:type\" content=\"article\" \/>\n<meta property=\"og:title\" content=\"Red Bali | Premium Kratom in EU at King Speciosa\" \/>\n<meta property=\"og:description\" content=\"Buy Red Bali at King Speciosa. This premium Kratom is sourced from Borneo and lab-tested for quality. Available across EU with fast delivery.\" \/>\n<meta property=\"og:url\" content=\"https:\/\/kingspeciosa.eu\/produkt-at\/red-bali\/\" \/>\n<meta property=\"og:site_name\" content=\"King Speciosa\" \/>\n<meta property=\"article:modified_time\" content=\"2025-02-01T18:52:28+00:00\" \/>\n<meta property=\"og:image\" content=\"https:\/\/kingspeciosa.eu\/wp-content\/uploads\/2024\/12\/Red-Bali.png\" \/>\n\t<meta property=\"og:image:width\" content=\"800\" \/>\n\t<meta property=\"og:image:height\" content=\"800\" \/>\n\t<meta property=\"og:image:type\" content=\"image\/png\" \/>\n<meta name=\"twitter:card\" content=\"summary_large_image\" \/>\n<meta name=\"twitter:label1\" content=\"Gesch\u00e4tzte Lesezeit\" \/>\n\t<meta name=\"twitter:data1\" content=\"1 Minute\" \/>\n<script type=\"application\/ld+json\" class=\"yoast-schema-graph\">{\"@context\":\"https:\\\/\\\/schema.org\",\"@graph\":[{\"@type\":\"WebPage\",\"@id\":\"https:\\\/\\\/kingspeciosa.eu\\\/produkt-at\\\/red-bali\\\/\",\"url\":\"https:\\\/\\\/kingspeciosa.eu\\\/produkt-at\\\/red-bali\\\/\",\"name\":\"Red Bali | Premium Kratom in EU at King Speciosa\",\"isPartOf\":{\"@id\":\"https:\\\/\\\/kingspeciosa.eu\\\/#website\"},\"primaryImageOfPage\":{\"@id\":\"https:\\\/\\\/kingspeciosa.eu\\\/produkt-at\\\/red-bali\\\/#primaryimage\"},\"image\":{\"@id\":\"https:\\\/\\\/kingspeciosa.eu\\\/produkt-at\\\/red-bali\\\/#primaryimage\"},\"thumbnailUrl\":\"https:\\\/\\\/kingspeciosa.eu\\\/wp-content\\\/uploads\\\/2024\\\/12\\\/Red-Bali.png\",\"datePublished\":\"2024-12-03T17:00:47+00:00\",\"dateModified\":\"2025-02-01T18:52:28+00:00\",\"description\":\"Buy Red Bali at King Speciosa. This premium Kratom is sourced from Borneo and lab-tested for quality. Available across EU with fast delivery.\",\"breadcrumb\":{\"@id\":\"https:\\\/\\\/kingspeciosa.eu\\\/produkt-at\\\/red-bali\\\/#breadcrumb\"},\"inLanguage\":\"de-AT\",\"potentialAction\":[{\"@type\":\"ReadAction\",\"target\":[\"https:\\\/\\\/kingspeciosa.eu\\\/produkt-at\\\/red-bali\\\/\"]}]},{\"@type\":\"ImageObject\",\"inLanguage\":\"de-AT\",\"@id\":\"https:\\\/\\\/kingspeciosa.eu\\\/produkt-at\\\/red-bali\\\/#primaryimage\",\"url\":\"https:\\\/\\\/kingspeciosa.eu\\\/wp-content\\\/uploads\\\/2024\\\/12\\\/Red-Bali.png\",\"contentUrl\":\"https:\\\/\\\/kingspeciosa.eu\\\/wp-content\\\/uploads\\\/2024\\\/12\\\/Red-Bali.png\",\"width\":800,\"height\":800},{\"@type\":\"BreadcrumbList\",\"@id\":\"https:\\\/\\\/kingspeciosa.eu\\\/produkt-at\\\/red-bali\\\/#breadcrumb\",\"itemListElement\":[{\"@type\":\"ListItem\",\"position\":1,\"name\":\"Home\",\"item\":\"https:\\\/\\\/kingspeciosa.eu\\\/at\\\/homepage\\\/\"},{\"@type\":\"ListItem\",\"position\":2,\"name\":\"Shop\",\"item\":\"https:\\\/\\\/kingspeciosa.eu\\\/at\\\/shop-at\\\/\"},{\"@type\":\"ListItem\",\"position\":3,\"name\":\"Red Bali\"}]},{\"@type\":\"WebSite\",\"@id\":\"https:\\\/\\\/kingspeciosa.eu\\\/#website\",\"url\":\"https:\\\/\\\/kingspeciosa.eu\\\/\",\"name\":\"King Speciosa\",\"description\":\"King of the jungle \ud83c\udf34\",\"publisher\":{\"@id\":\"https:\\\/\\\/kingspeciosa.eu\\\/#organization\"},\"potentialAction\":[{\"@type\":\"SearchAction\",\"target\":{\"@type\":\"EntryPoint\",\"urlTemplate\":\"https:\\\/\\\/kingspeciosa.eu\\\/?s={search_term_string}\"},\"query-input\":{\"@type\":\"PropertyValueSpecification\",\"valueRequired\":true,\"valueName\":\"search_term_string\"}}],\"inLanguage\":\"de-AT\"},{\"@type\":\"Organization\",\"@id\":\"https:\\\/\\\/kingspeciosa.eu\\\/#organization\",\"name\":\"King Speciosa\",\"url\":\"https:\\\/\\\/kingspeciosa.eu\\\/\",\"logo\":{\"@type\":\"ImageObject\",\"inLanguage\":\"de-AT\",\"@id\":\"https:\\\/\\\/kingspeciosa.eu\\\/#\\\/schema\\\/logo\\\/image\\\/\",\"url\":\"http:\\\/\\\/kingspeciosa.eu\\\/wp-content\\\/uploads\\\/2024\\\/12\\\/KingSpeciosa-logo.png\",\"contentUrl\":\"http:\\\/\\\/kingspeciosa.eu\\\/wp-content\\\/uploads\\\/2024\\\/12\\\/KingSpeciosa-logo.png\",\"width\":1000,\"height\":1000,\"caption\":\"King Speciosa\"},\"image\":{\"@id\":\"https:\\\/\\\/kingspeciosa.eu\\\/#\\\/schema\\\/logo\\\/image\\\/\"}}]}<\/script>\n<!-- \/ Yoast SEO plugin. -->","yoast_head_json":{"title":"Red Bali | Premium Kratom in EU at King Speciosa","description":"Buy Red Bali at King Speciosa. This premium Kratom is sourced from Borneo and lab-tested for quality. Available across EU with fast delivery.","robots":{"index":"index","follow":"follow","max-snippet":"max-snippet:-1","max-image-preview":"max-image-preview:large","max-video-preview":"max-video-preview:-1"},"canonical":"https:\/\/kingspeciosa.eu\/produkt-at\/red-bali\/","og_locale":"de_DE","og_type":"article","og_title":"Red Bali | Premium Kratom in EU at King Speciosa","og_description":"Buy Red Bali at King Speciosa. This premium Kratom is sourced from Borneo and lab-tested for quality. Available across EU with fast delivery.","og_url":"https:\/\/kingspeciosa.eu\/produkt-at\/red-bali\/","og_site_name":"King Speciosa","article_modified_time":"2025-02-01T18:52:28+00:00","og_image":[{"width":800,"height":800,"url":"https:\/\/kingspeciosa.eu\/wp-content\/uploads\/2024\/12\/Red-Bali.png","type":"image\/png"}],"twitter_card":"summary_large_image","twitter_misc":{"Gesch\u00e4tzte Lesezeit":"1 Minute"},"schema":{"@context":"https:\/\/schema.org","@graph":[{"@type":"WebPage","@id":"https:\/\/kingspeciosa.eu\/produkt-at\/red-bali\/","url":"https:\/\/kingspeciosa.eu\/produkt-at\/red-bali\/","name":"Red Bali | Premium Kratom in EU at King Speciosa","isPartOf":{"@id":"https:\/\/kingspeciosa.eu\/#website"},"primaryImageOfPage":{"@id":"https:\/\/kingspeciosa.eu\/produkt-at\/red-bali\/#primaryimage"},"image":{"@id":"https:\/\/kingspeciosa.eu\/produkt-at\/red-bali\/#primaryimage"},"thumbnailUrl":"https:\/\/kingspeciosa.eu\/wp-content\/uploads\/2024\/12\/Red-Bali.png","datePublished":"2024-12-03T17:00:47+00:00","dateModified":"2025-02-01T18:52:28+00:00","description":"Buy Red Bali at King Speciosa. This premium Kratom is sourced from Borneo and lab-tested for quality. Available across EU with fast delivery.","breadcrumb":{"@id":"https:\/\/kingspeciosa.eu\/produkt-at\/red-bali\/#breadcrumb"},"inLanguage":"de-AT","potentialAction":[{"@type":"ReadAction","target":["https:\/\/kingspeciosa.eu\/produkt-at\/red-bali\/"]}]},{"@type":"ImageObject","inLanguage":"de-AT","@id":"https:\/\/kingspeciosa.eu\/produkt-at\/red-bali\/#primaryimage","url":"https:\/\/kingspeciosa.eu\/wp-content\/uploads\/2024\/12\/Red-Bali.png","contentUrl":"https:\/\/kingspeciosa.eu\/wp-content\/uploads\/2024\/12\/Red-Bali.png","width":800,"height":800},{"@type":"BreadcrumbList","@id":"https:\/\/kingspeciosa.eu\/produkt-at\/red-bali\/#breadcrumb","itemListElement":[{"@type":"ListItem","position":1,"name":"Home","item":"https:\/\/kingspeciosa.eu\/at\/homepage\/"},{"@type":"ListItem","position":2,"name":"Shop","item":"https:\/\/kingspeciosa.eu\/at\/shop-at\/"},{"@type":"ListItem","position":3,"name":"Red Bali"}]},{"@type":"WebSite","@id":"https:\/\/kingspeciosa.eu\/#website","url":"https:\/\/kingspeciosa.eu\/","name":"King Speciosa","description":"King of the jungle \ud83c\udf34","publisher":{"@id":"https:\/\/kingspeciosa.eu\/#organization"},"potentialAction":[{"@type":"SearchAction","target":{"@type":"EntryPoint","urlTemplate":"https:\/\/kingspeciosa.eu\/?s={search_term_string}"},"query-input":{"@type":"PropertyValueSpecification","valueRequired":true,"valueName":"search_term_string"}}],"inLanguage":"de-AT"},{"@type":"Organization","@id":"https:\/\/kingspeciosa.eu\/#organization","name":"King Speciosa","url":"https:\/\/kingspeciosa.eu\/","logo":{"@type":"ImageObject","inLanguage":"de-AT","@id":"https:\/\/kingspeciosa.eu\/#\/schema\/logo\/image\/","url":"http:\/\/kingspeciosa.eu\/wp-content\/uploads\/2024\/12\/KingSpeciosa-logo.png","contentUrl":"http:\/\/kingspeciosa.eu\/wp-content\/uploads\/2024\/12\/KingSpeciosa-logo.png","width":1000,"height":1000,"caption":"King Speciosa"},"image":{"@id":"https:\/\/kingspeciosa.eu\/#\/schema\/logo\/image\/"}}]}},"_links":{"self":[{"href":"https:\/\/kingspeciosa.eu\/at\/wp-json\/wp\/v2\/product\/1515","targetHints":{"allow":["GET"]}}],"collection":[{"href":"https:\/\/kingspeciosa.eu\/at\/wp-json\/wp\/v2\/product"}],"about":[{"href":"https:\/\/kingspeciosa.eu\/at\/wp-json\/wp\/v2\/types\/product"}],"replies":[{"embeddable":true,"href":"https:\/\/kingspeciosa.eu\/at\/wp-json\/wp\/v2\/comments?post=1515"}],"wp:featuredmedia":[{"embeddable":true,"href":"https:\/\/kingspeciosa.eu\/at\/wp-json\/wp\/v2\/media\/1834"}],"wp:attachment":[{"href":"https:\/\/kingspeciosa.eu\/at\/wp-json\/wp\/v2\/media?parent=1515"}],"wp:term":[{"taxonomy":"product_brand","embeddable":true,"href":"https:\/\/kingspeciosa.eu\/at\/wp-json\/wp\/v2\/product_brand?post=1515"},{"taxonomy":"product_cat","embeddable":true,"href":"https:\/\/kingspeciosa.eu\/at\/wp-json\/wp\/v2\/product_cat?post=1515"},{"taxonomy":"product_tag","embeddable":true,"href":"https:\/\/kingspeciosa.eu\/at\/wp-json\/wp\/v2\/product_tag?post=1515"}],"curies":[{"name":"wp","href":"https:\/\/api.w.org\/{rel}","templated":true}]}}