{"id":2890,"date":"2024-12-04T18:01:30","date_gmt":"2024-12-04T18:01:30","guid":{"rendered":"https:\/\/kingspeciosa.eu\/podminky-a-pravidla\/"},"modified":"2025-09-13T09:16:37","modified_gmt":"2025-09-13T08:16:37","slug":"podminky-a-pravidla","status":"publish","type":"page","link":"https:\/\/kingspeciosa.eu\/cz\/podminky-a-pravidla\/","title":{"rendered":"Podm\u00ednky a pravidla"},"content":{"rendered":"\n\t<section class=\"section dark has-scroll-for-more\" id=\"section_811674858\">\n\t\t<div class=\"section-bg fill\" >\n\t\t\t<img loading=\"lazy\" decoding=\"async\" width=\"1200\" height=\"550\" src=\"https:\/\/kingspeciosa.eu\/wp-content\/uploads\/2024\/11\/kratom-bed.png\" class=\"bg attachment-original size-original\" alt=\"\" \/>\t\t\t\t\t\t<div class=\"section-bg-overlay absolute fill\"><\/div><button class=\"scroll-for-more z-5 icon absolute bottom h-center\" aria-label=\"P\u0159ejd\u011bte dol\u016f pro v\u00edce informac\u00ed\"><i class=\"icon-angle-down\" aria-hidden=\"true\" style=\"font-size:42px;\"><\/i><\/button>\n\t\t\t\n\n\t\t<\/div>\n\n\t\t\n\t<div class=\"ux-shape-divider ux-shape-divider--bottom ux-shape-divider--style-waves\">\n\t\t<svg viewBox=\"0 0 1200 120\" xmlns=\"http:\/\/www.w3.org\/2000\/svg\" preserveAspectRatio=\"none\">\n  <path class=\"ux-shape-fill\" d=\"M321.39 63.56c58 10.79 114.16 30.13 172 41.86 82.39 16.72 168.19 17.73 250.45.39C823.78 89 906.67 48 985.66 27.17c70.05-18.48 146.53-26.09 214.34-3V120H0V92.65a600.21 600.21 0 01321.39-29.09z\"\/>\n<\/svg>\n\t<\/div>\n\n\t\t<div class=\"section-content relative\">\n\t\t\t\n\t<div id=\"gap-1160691385\" class=\"gap-element clearfix\" style=\"display:block; height:auto;\">\n\t\t\n<style>\n#gap-1160691385 {\n  padding-top: 30px;\n}\n<\/style>\n\t<\/div>\n\t\n<div class=\"row align-center\"  id=\"row-162965066\">\n\n\t<div id=\"col-67447962\" class=\"col medium-7 small-12 large-5\"  >\n\t\t\t\t<div class=\"col-inner text-center\"  >\n\t\t\t\n\t\t\t\n\t<div id=\"text-1158609307\" class=\"text\">\n\t\t\n<h1>Podm\u00ednky a pravidla<\/h1>\n\t\t\n<style>\n#text-1158609307 {\n  font-size: 1.75rem;\n}\n<\/style>\n\t<\/div>\n\t\n<p>  N\u00e1kupem u n\u00e1s vyjad\u0159ujete souhlas s t\u011bmito podm\u00ednkami, kter\u00e9 zaji\u0161\u0165uj\u00ed transparentn\u00ed a bezpe\u010dnou zku\u0161enost pro ob\u011b strany. Pe\u010dliv\u011b si je p\u0159e\u010dt\u011bte, abyste porozum\u011bli sv\u00fdm pr\u00e1v\u016fm a povinnostem. <\/p>\n\t\t<\/div>\n\t\t\t\t\t<\/div>\n\n\t\n<\/div>\n\t\t<\/div>\n\n\t\t\n<style>\n#section_811674858 {\n  padding-top: 30px;\n  padding-bottom: 30px;\n  min-height: 290px;\n  background-color: rgb(255, 255, 255);\n}\n#section_811674858 .section-bg-overlay {\n  background-color: rgba(0, 0, 0, 0.3);\n}\n#section_811674858 .section-bg img {\n  object-position: 56% 55%;\n}\n#section_811674858 .ux-shape-divider--bottom svg {\n  height: 54px;\n  --divider-width: 120%;\n}\n@media (min-width:550px) {\n  #section_811674858 {\n    min-height: 285px;\n  }\n}\n<\/style>\n\t<\/section>\n\t\n\n\t<section class=\"section\" id=\"section_1765539481\">\n\t\t<div class=\"section-bg fill\" >\n\t\t\t\t\t\t\t\t\t\n\t\t\t\n\n\t\t<\/div>\n\n\t\t\n\n\t\t<div class=\"section-content relative\">\n\t\t\t\n<div class=\"row\"  id=\"row-2119994857\">\n\n\t<div id=\"col-466794038\" class=\"col small-12 large-12\"  >\n\t\t\t\t<div class=\"col-inner\"  >\n\t\t\t\n\t\t\t\n<h2>1. Podrobnosti o spole\u010dnosti<\/h2>\n<p>Spole\u010dnost King Speciosa p\u016fsob\u00ed pod spole\u010dnost\u00ed Alta Mensa B.V. (RSIN 867987273) se s\u00eddlem v nizozemsk\u00e9m Mijdrechtu. Po\u0161tovn\u00ed adresa spole\u010dnosti je Vermogenweg 111, 3641 ST Mijdrecht. V p\u0159\u00edpad\u011b dotaz\u016f n\u00e1s pros\u00edm kontaktujte na <a href=\"mailto:co*****@**********sa.eu\" data-original-string=\"Eb641hRiZVmjA8WclmmQ4w==af96R9JS2JMJfP\/vfC8Wt9dcj6tR7Q64jWrHgerDIqlCD4=\" title=\"This contact has been encoded by Anti-Spam by CleanTalk. Click to decode. To finish the decoding make sure that JavaScript is enabled in your browser.\">adrese <span \n                data-original-string='ivkAf8KchWW2gBF1M6gfCQ==af9Gg95zZTkqYpBUmtTfbE7\/9oQBspNctaLDY+AizMuDe8='\n                class='apbct-email-encoder'\n                title='This contact has been encoded by Anti-Spam by CleanTalk. Click to decode. To finish the decoding make sure that JavaScript is enabled in your browser.'>co<span class=\"apbct-blur\">*****<\/span>@<span class=\"apbct-blur\">**********<\/span>sa.eu<\/span><\/a> a my v\u00e1m obratem odpov\u00edme.  <\/p>\n<h2>2. Dodr\u017eov\u00e1n\u00ed pr\u00e1vn\u00edch p\u0159edpis\u016f a odpov\u011bdnost z\u00e1kazn\u00edka<\/h2>\n<ul>\n<li>Z\u00e1kazn\u00edci nesou v\u00fdhradn\u00ed odpov\u011bdnost za to, \u017ee n\u00e1kup, dr\u017een\u00ed a pou\u017e\u00edv\u00e1n\u00ed produkt\u016f je v souladu se z\u00e1kony jejich jurisdikce. Spole\u010dnost King Speciosa nezaru\u010duje dodr\u017eov\u00e1n\u00ed pr\u00e1vn\u00edch p\u0159edpis\u016f v oblastech mimo Nizozemsko. <\/li>\n<li>N\u00e1kupem u spole\u010dnosti King Speciosa z\u00e1kazn\u00edci berou na v\u011bdom\u00ed, \u017ee v\u0161echny produkty jsou ur\u010deny pouze pro vn\u011bj\u0161\u00ed pou\u017eit\u00ed a nejsou ur\u010deny ke konzumaci. Jak\u00e9koli zneu\u017eit\u00ed, v\u010detn\u011b p\u0159\u00edpravy ke konzumaci, je p\u0159\u00edsn\u011b zak\u00e1z\u00e1no a z\u00e1kazn\u00edk jej prov\u00e1d\u00ed na vlastn\u00ed nebezpe\u010d\u00ed. <\/li>\n<li>Spole\u010dnost King Speciosa si vyhrazuje pr\u00e1vo odm\u00edtnout nebo zru\u0161it objedn\u00e1vky od osob, u kter\u00fdch zjist\u00ed, \u017ee produkty zneu\u017e\u00edvaj\u00ed nebo poru\u0161uj\u00ed m\u00edstn\u00ed z\u00e1kony.<\/li>\n<\/ul>\n<h2>3. Omezen\u00ed odpov\u011bdnosti<\/h2>\n<ul>\n<li>Spole\u010dnost King Speciosa nenese odpov\u011bdnost za jak\u00e9koli \u0161kody, zran\u011bn\u00ed osob nebo pr\u00e1vn\u00ed n\u00e1sledky vypl\u00fdvaj\u00edc\u00ed z nespr\u00e1vn\u00e9ho pou\u017eit\u00ed v\u00fdrobk\u016f, v\u010detn\u011b jejich konzumace nebo p\u0159\u00edpravy ke konzumaci.<\/li>\n<li>Z\u00e1kazn\u00edci se zavazuj\u00ed, \u017ee spole\u010dnost King Speciosa od\u0161kodn\u00ed a zbav\u00ed odpov\u011bdnosti za jak\u00e9koli n\u00e1roky nebo z\u00e1vazky vypl\u00fdvaj\u00edc\u00ed ze zneu\u017eit\u00ed.<\/li>\n<li>V\u00fdrobky mus\u00ed b\u00fdt ulo\u017eeny bezpe\u010dn\u011b a mimo dosah nezletil\u00fdch osob.<\/li>\n<li>Spole\u010dnost King Speciosa neodpov\u00edd\u00e1 za zpo\u017ed\u011bn\u00ed nebo nepln\u011bn\u00ed zp\u016fsoben\u00e9 vy\u0161\u0161\u00ed moc\u00ed, v\u010detn\u011b regula\u010dn\u00edch zm\u011bn, p\u0159\u00edrodn\u00edch katastrof, pracovn\u00edch spor\u016f nebo p\u0159eru\u0161en\u00ed dod\u00e1vek.<\/li>\n<\/ul>\n<h2>4. Z\u00e1sady n\u00e1kupu<\/h2>\n<ul>\n<li>Z\u00e1kazn\u00edci mus\u00ed b\u00fdt star\u0161\u00ed 18 let, aby mohli nakupovat u spole\u010dnosti King Speciosa. Spole\u010dnost si vyhrazuje pr\u00e1vo po\u017eadovat doklad o v\u011bku nebo odm\u00edtnout objedn\u00e1vky, kter\u00e9 tento po\u017eadavek nespl\u0148uj\u00ed. <\/li>\n<li>Po dokon\u010den\u00ed n\u00e1kupu bude z\u00e1kazn\u00edkovi na jeho e-mailovou adresu zasl\u00e1no potvrzen\u00ed objedn\u00e1vky. Z\u00e1kazn\u00edk je povinen ov\u011b\u0159it \u00fadaje a p\u0159\u00edpadn\u00e9 chyby neprodlen\u011b nahl\u00e1sit na adresu <a href=\"mailto:co*****@**********sa.eu\" data-original-string=\"QaOJsIJHZJLBzQxD4QIYxg==af9OR+WutTpx72tk25IberSd051osYrUgIKuPgFgHBZyXs=\" title=\"This contact has been encoded by Anti-Spam by CleanTalk. Click to decode. To finish the decoding make sure that JavaScript is enabled in your browser.\"><span \n                data-original-string='ajw2RUUJJ6LRMoXJOSz6zw==af9gBEal4caW6WFVZZJ89BVLqzaPtE9pFhwLkouv0zcLb4='\n                class='apbct-email-encoder'\n                title='This contact has been encoded by Anti-Spam by CleanTalk. Click to decode. To finish the decoding make sure that JavaScript is enabled in your browser.'>co<span class=\"apbct-blur\">*****<\/span>@<span class=\"apbct-blur\">**********<\/span>sa.eu<\/span><\/a>. <\/li>\n<\/ul>\n<h2>5. Z\u00e1sady doru\u010dov\u00e1n\u00ed<\/h2>\n<ul>\n<li>\n<p data-start=\"75\" data-end=\"198\">Na\u0161e b\u011b\u017en\u00e9 dodac\u00ed lh\u016fty jsou 1-7 dn\u00ed v z\u00e1vislosti na zvolen\u00e9m zp\u016fsobu dopravy a m\u00edst\u011b ur\u010den\u00ed. Nab\u00edz\u00edme: <\/p>\n<ul data-start=\"200\" data-end=\"272\">\n<li data-start=\"200\" data-end=\"238\">\n<p data-start=\"202\" data-end=\"238\"><strong data-start=\"202\" data-end=\"217\">DHL Express<\/strong>: 1-2 pracovn\u00ed dny<\/p>\n<\/li>\n<li data-start=\"239\" data-end=\"272\">\n<p data-start=\"241\" data-end=\"272\"><strong data-start=\"241\" data-end=\"251\">PostNL<\/strong>: 1-7 pracovn\u00edch dn\u016f<\/p>\n<\/li>\n<\/ul>\n<\/li>\n<li>Zpo\u017ed\u011bn\u00ed zp\u016fsoben\u00e9 p\u0159epravci nebo vn\u011bj\u0161\u00edmi faktory nem\u016f\u017ee spole\u010dnost ovlivnit. Z\u00e1kazn\u00edci, u kter\u00fdch do\u0161lo ke zpo\u017ed\u011bn\u00ed, by m\u011bli kontaktovat <a href=\"mailto:co*****@**********sa.eu\" data-original-string=\"5LYAPqnR23bGYcGS9BgRPw==af9ZicNYMZ9JN\/NgMG\/AEEM5DoBk61iml7ITe9VJ2NN8zg=\" title=\"This contact has been encoded by Anti-Spam by CleanTalk. Click to decode. To finish the decoding make sure that JavaScript is enabled in your browser.\"><span \n                data-original-string='5eE\/GI0jSC8wK5TysNZpEw==af9g8J58xiLnHf9bl4L1XGdLwbOFpBeTdYhNX0EaFRSgGo='\n                class='apbct-email-encoder'\n                title='This contact has been encoded by Anti-Spam by CleanTalk. Click to decode. To finish the decoding make sure that JavaScript is enabled in your browser.'>co<span class=\"apbct-blur\">*****<\/span>@<span class=\"apbct-blur\">**********<\/span>sa.eu<\/span><\/a>. <\/li>\n<li>Spole\u010dnost King Speciosa nenese odpov\u011bdnost za zbo\u017e\u00ed, kter\u00e9 bylo zpo\u017ed\u011bno nebo zabaveno v d\u016fsledku m\u00edstn\u00edch celn\u00edch p\u0159edpis\u016f.<\/li>\n<\/ul>\n<h2>6. Stanoven\u00ed cen<\/h2>\n<ul>\n<li>V\u0161echny ceny v obchod\u011b jsou uvedeny v EUR a standardn\u011b zahrnuj\u00ed 21% DPH. P\u0159\u00edslu\u0161n\u00e1 sazba DPH se vypo\u010d\u00edt\u00e1 podle zem\u011b bydli\u0161t\u011b z\u00e1kazn\u00edka v souladu s p\u0159edpisy EU o DPH. U objedn\u00e1vek uskute\u010dn\u011bn\u00fdch mimo EU nebude DPH \u00fa\u010dtov\u00e1na.  <\/li>\n<li>Spole\u010dnost King Speciosa si vyhrazuje pr\u00e1vo upravit ceny v d\u016fsledku zm\u011bn dodavatele, tiskov\u00fdch chyb nebo jin\u00fdch nep\u0159edv\u00eddan\u00fdch okolnost\u00ed.<\/li>\n<\/ul>\n<h2>7. Pr\u00e1vo na odstoupen\u00ed od smlouvy<\/h2>\n<p>Z\u00e1kazn\u00edci maj\u00ed z\u00e1konn\u00e9 14denn\u00ed pr\u00e1vo na odstoupen\u00ed od smlouvy po\u010d\u00ednaje dnem doru\u010den\u00ed.<\/p>\n<h3>7.1 Postup pro odstoupen\u00ed od smlouvy:<\/h3>\n<ul>\n<li>Upozorn\u011bte na <a href=\"mailto:co*****@**********sa.eu\" data-original-string=\"OtxMTly4ZjvW\/MuaacUcEQ==af9v+h79llgXdZNh2hmLTxXNlQxvQU3VG10ZWnvFEkB9JI=\" title=\"This contact has been encoded by Anti-Spam by CleanTalk. Click to decode. To finish the decoding make sure that JavaScript is enabled in your browser.\"><span \n                data-original-string='OB3BCoaLDheyGrqWWjVxcg==af9kUkZgQ1L1kZJRPensn1qKqf1qhPXjBN5j9fSLCNLVPA='\n                class='apbct-email-encoder'\n                title='This contact has been encoded by Anti-Spam by CleanTalk. Click to decode. To finish the decoding make sure that JavaScript is enabled in your browser.'>co<span class=\"apbct-blur\">*****<\/span>@<span class=\"apbct-blur\">**********<\/span>sa.eu<\/span><\/a> a uve\u010fte sv\u00e9 jm\u00e9no, \u010d\u00edslo objedn\u00e1vky a podrobnosti o vracen\u00e9m zbo\u017e\u00ed.<\/li>\n<li>Vra\u0165te zbo\u017e\u00ed v p\u016fvodn\u00edm neotev\u0159en\u00e9m obalu do 14 dn\u016f od ozn\u00e1men\u00ed. N\u00e1klady na vr\u00e1cen\u00ed zbo\u017e\u00ed hrad\u00ed z\u00e1kazn\u00edci. <\/li>\n<li>N\u00e1hrady mohou b\u00fdt sn\u00ed\u017eeny v p\u0159\u00edpad\u011b pou\u017eit\u00fdch nebo po\u0161kozen\u00fdch polo\u017eek.<\/li>\n<\/ul>\n<h3>7.2 V\u00fdjimky ze sta\u017een\u00ed:<\/h3>\n<ul>\n<li>V\u00fdrobky zape\u010det\u011bn\u00e9 z hygienick\u00fdch nebo zdravotn\u00edch d\u016fvod\u016f nelze po otev\u0159en\u00ed vr\u00e1tit.<\/li>\n<li>Pr\u00e1vo na odstoupen\u00ed od smlouvy se nevztahuje na zbo\u017e\u00ed vyroben\u00e9 na zak\u00e1zku nebo zbo\u017e\u00ed podl\u00e9haj\u00edc\u00ed rychl\u00e9 zk\u00e1ze.<\/li>\n<\/ul>\n<h2>8. Reklamace a st\u00ed\u017enosti<\/h2>\n<ul>\n<li>Z\u00e1kazn\u00edci mus\u00ed zbo\u017e\u00ed p\u0159i dod\u00e1n\u00ed zkontrolovat. Jak\u00e9koli z\u00e1vady nebo chyby mus\u00ed b\u00fdt neprodlen\u011b nahl\u00e1\u0161eny na adresu <a href=\"mailto:co*****@**********sa.eu\" data-original-string=\"YfA6ZZjPHyKDAjenvhBw9Q==af9Dj+zk0ZGQkAhJahTbawqxoLEHwpwsOgHCThw4ISyqec=\" title=\"This contact has been encoded by Anti-Spam by CleanTalk. Click to decode. To finish the decoding make sure that JavaScript is enabled in your browser.\"><span \n                data-original-string='uAicZEFCNjZEF8zEsjuqHw==af9B6oFOR5nhHwtsVhMPGKv7qxzHNYtdjwDVD43FE9uMuA='\n                class='apbct-email-encoder'\n                title='This contact has been encoded by Anti-Spam by CleanTalk. Click to decode. To finish the decoding make sure that JavaScript is enabled in your browser.'>co<span class=\"apbct-blur\">*****<\/span>@<span class=\"apbct-blur\">**********<\/span>sa.eu<\/span><\/a>, v\u010detn\u011b podp\u016frn\u00fdch fotografi\u00ed nebo podrobnost\u00ed. <\/li>\n<li>Spole\u010dnost King Speciosa poskytne v\u00fdm\u011bnu, vr\u00e1cen\u00ed pen\u011bz nebo opravu vadn\u00e9ho zbo\u017e\u00ed v souladu se z\u00e1kony na ochranu spot\u0159ebitele. V p\u0159\u00edpad\u011b schv\u00e1len\u00fdch reklamac\u00ed spole\u010dnost hrad\u00ed n\u00e1klady na zp\u011btn\u00e9 zasl\u00e1n\u00ed. <\/li>\n<\/ul>\n<h2>9. Informace o v\u00fdrobku<\/h2>\n<p>Spole\u010dnost King Speciosa usiluje o p\u0159esnost popis\u016f a obr\u00e1zk\u016f produkt\u016f. Mohou se v\u0161ak vyskytnout odchylky v barv\u011b nebo vzhledu zp\u016fsoben\u00e9 nastaven\u00edm obrazovky nebo zm\u011bnami dodavatele. <\/p>\n<h2>10. Pr\u00e1vn\u00ed prohl\u00e1\u0161en\u00ed o bezpe\u010dnosti a ochran\u011b zdrav\u00ed<\/h2>\n<ul>\n<li>V\u0161echny v\u00fdrobky jsou ur\u010deny pouze k vn\u011bj\u0161\u00edmu pou\u017eit\u00ed a nejsou ur\u010deny ke konzumaci. Nespr\u00e1vn\u00e9 pou\u017eit\u00ed v\u00fdrobk\u016f, v\u010detn\u011b jejich konzumace, m\u016f\u017ee p\u0159edstavovat zdravotn\u00ed riziko. <\/li>\n<li>Spole\u010dnost King Speciosa se v\u00fdslovn\u011b z\u0159\u00edk\u00e1 odpov\u011bdnosti za zran\u011bn\u00ed nebo \u0161kody zp\u016fsoben\u00e9 nespr\u00e1vn\u00fdm pou\u017e\u00edv\u00e1n\u00edm v\u00fdrobk\u016f.<\/li>\n<\/ul>\n<h2>11. Soubory cookie a z\u00e1sady ochrany osobn\u00edch \u00fadaj\u016f<\/h2>\n<ul>\n<li>Pou\u017e\u00edv\u00e1n\u00edm webov\u00fdch str\u00e1nek spole\u010dnosti King Speciosa z\u00e1kazn\u00edci souhlas\u00ed s pou\u017e\u00edv\u00e1n\u00edm soubor\u016f cookie pro \u00fa\u010dely funk\u010dnosti a anal\u00fdzy. Soubory cookie lze zak\u00e1zat v nastaven\u00ed prohl\u00ed\u017ee\u010de. <\/li>\n<li>Osobn\u00ed \u00fadaje jsou zpracov\u00e1v\u00e1ny v souladu s GDPR. Spole\u010dnost King Speciosa shroma\u017e\u010fuje pouze informace nezbytn\u00e9 pro zpracov\u00e1n\u00ed objedn\u00e1vek a nesd\u00edl\u00ed \u00fadaje s t\u0159et\u00edmi stranami, pokud to nen\u00ed vy\u017eadov\u00e1no z\u00e1konem. <\/li>\n<\/ul>\n<h2>12. Zm\u011bny smluvn\u00edch podm\u00ednek<\/h2>\n<p>Spole\u010dnost King Speciosa si vyhrazuje pr\u00e1vo tyto podm\u00ednky kdykoli aktualizovat. Aktualizace budou zve\u0159ejn\u011bny na na\u0161ich webov\u00fdch str\u00e1nk\u00e1ch a dal\u0161\u00ed pou\u017e\u00edv\u00e1n\u00ed webov\u00fdch str\u00e1nek znamen\u00e1 souhlas s aktualizovan\u00fdmi podm\u00ednkami. <\/p>\n<h2>13. \u0158e\u0161en\u00ed spor\u016f<\/h2>\n<ul>\n<li>V p\u0159\u00edpad\u011b, \u017ee se spor nepoda\u0159\u00ed vy\u0159e\u0161it sm\u00edrnou cestou se z\u00e1kaznick\u00fdm servisem spole\u010dnosti a z\u00e1kazn\u00edkem, m\u016f\u017eete se jako z\u00e1kazn\u00edk obr\u00e1tit na <em data-start=\"303\" data-end=\"327\">De Geschillencommissie<\/em> (Nizozemsk\u00fd v\u00fdbor pro spory), viz <a class=\"cursor-pointer\" target=\"_new\" rel=\"noopener\" data-start=\"364\" data-end=\"392\">www.degeschillencommissie.nl<\/a>. Obyvatel\u00e9 jin\u00e9 zem\u011b EU ne\u017e Nizozemska mohou st\u00ed\u017enosti pod\u00e1vat online prost\u0159ednictv\u00edm platformy Komise EU pro \u0159e\u0161en\u00ed spor\u016f, viz <a class=\"\" href=\"http:\/\/ec.europa.eu\/consumers\/odr\" target=\"_new\" rel=\"noopener\" data-start=\"549\" data-end=\"582\">http:\/\/ec.europa.eu\/consumers\/odr<\/a>. <\/li>\n<li>V p\u0159\u00edpad\u011b sporu se budeme \u0159\u00eddit rozhodnut\u00edmi De Geschillencommissie nebo jin\u00fdch rovnocenn\u00fdch org\u00e1n\u016f pro \u0159e\u0161en\u00ed spor\u016f.<\/li>\n<li>Ve\u0161ker\u00e9 spory t\u00fdkaj\u00edc\u00ed se v\u00fdkladu nebo pou\u017eit\u00ed t\u011bchto v\u0161eobecn\u00fdch podm\u00ednek se \u0159\u00edd\u00ed a vykl\u00e1daj\u00ed v souladu s nizozemsk\u00fdm pr\u00e1vem a pr\u00e1vn\u00edmi p\u0159edpisy.<\/li>\n<\/ul>\n\t\t<\/div>\n\t\t\t\t\t<\/div>\n\n\t\n<\/div>\n\t\t<\/div>\n\n\t\t\n<style>\n#section_1765539481 {\n  padding-top: 30px;\n  padding-bottom: 30px;\n}\n<\/style>\n\t<\/section>\n\t\n","protected":false},"excerpt":{"rendered":"","protected":false},"author":1,"featured_media":0,"parent":0,"menu_order":0,"comment_status":"closed","ping_status":"closed","template":"page-blank.php","meta":{"footnotes":""},"class_list":["post-2890","page","type-page","status-publish","hentry"],"yoast_head":"<!-- This site is optimized with the Yoast SEO plugin v27.5 - https:\/\/yoast.com\/product\/yoast-seo-wordpress\/ -->\n<title>King Speciosa | Podm\u00ednky a pravidla | EU Kratom Shop<\/title>\n<meta name=\"description\" content=\"Explore Podm\u00ednky a pravidla at King Speciosa. Learn more about our premium Kratom online offerings, sourced from Borneo and available across Europe with fast delivery.\" \/>\n<meta name=\"robots\" content=\"noindex, follow\" \/>\n<meta property=\"og:locale\" content=\"cs_CZ\" \/>\n<meta property=\"og:type\" content=\"article\" \/>\n<meta property=\"og:title\" content=\"King Speciosa | Podm\u00ednky a pravidla | EU Kratom Shop\" \/>\n<meta property=\"og:description\" content=\"Explore Podm\u00ednky a pravidla at King Speciosa. Learn more about our premium Kratom online offerings, sourced from Borneo and available across Europe with fast delivery.\" \/>\n<meta property=\"og:url\" content=\"https:\/\/kingspeciosa.eu\/cz\/podminky-a-pravidla\/\" \/>\n<meta property=\"og:site_name\" content=\"King Speciosa\" \/>\n<meta property=\"article:modified_time\" content=\"2025-09-13T08:16:37+00:00\" \/>\n<meta property=\"og:image\" content=\"https:\/\/kingspeciosa.eu\/wp-content\/uploads\/2024\/12\/White-King.png\" \/>\n\t<meta property=\"og:image:width\" content=\"800\" \/>\n\t<meta property=\"og:image:height\" content=\"800\" \/>\n\t<meta property=\"og:image:type\" content=\"image\/png\" \/>\n<meta name=\"twitter:card\" content=\"summary_large_image\" \/>\n<meta name=\"twitter:label1\" content=\"Odhadovan\u00e1 doba \u010dten\u00ed\" \/>\n\t<meta name=\"twitter:data1\" content=\"7 minut\" \/>\n<script type=\"application\/ld+json\" class=\"yoast-schema-graph\">{\"@context\":\"https:\\\/\\\/schema.org\",\"@graph\":[{\"@type\":\"WebPage\",\"@id\":\"https:\\\/\\\/kingspeciosa.eu\\\/cz\\\/podminky-a-pravidla\\\/\",\"url\":\"https:\\\/\\\/kingspeciosa.eu\\\/cz\\\/podminky-a-pravidla\\\/\",\"name\":\"King Speciosa | Podm\u00ednky a pravidla | EU Kratom Shop\",\"isPartOf\":{\"@id\":\"https:\\\/\\\/kingspeciosa.eu\\\/#website\"},\"datePublished\":\"2024-12-04T18:01:30+00:00\",\"dateModified\":\"2025-09-13T08:16:37+00:00\",\"description\":\"Explore Podm\u00ednky a pravidla at King Speciosa. Learn more about our premium Kratom online offerings, sourced from Borneo and available across Europe with fast delivery.\",\"breadcrumb\":{\"@id\":\"https:\\\/\\\/kingspeciosa.eu\\\/cz\\\/podminky-a-pravidla\\\/#breadcrumb\"},\"inLanguage\":\"cs\",\"potentialAction\":[{\"@type\":\"ReadAction\",\"target\":[\"https:\\\/\\\/kingspeciosa.eu\\\/cz\\\/podminky-a-pravidla\\\/\"]}]},{\"@type\":\"BreadcrumbList\",\"@id\":\"https:\\\/\\\/kingspeciosa.eu\\\/cz\\\/podminky-a-pravidla\\\/#breadcrumb\",\"itemListElement\":[{\"@type\":\"ListItem\",\"position\":1,\"name\":\"Home\",\"item\":\"https:\\\/\\\/kingspeciosa.eu\\\/cz\\\/domovska-stranka\\\/\"},{\"@type\":\"ListItem\",\"position\":2,\"name\":\"Podm\u00ednky a pravidla\"}]},{\"@type\":\"WebSite\",\"@id\":\"https:\\\/\\\/kingspeciosa.eu\\\/#website\",\"url\":\"https:\\\/\\\/kingspeciosa.eu\\\/\",\"name\":\"King Speciosa\",\"description\":\"King of the jungle \ud83c\udf34\",\"publisher\":{\"@id\":\"https:\\\/\\\/kingspeciosa.eu\\\/#organization\"},\"potentialAction\":[{\"@type\":\"SearchAction\",\"target\":{\"@type\":\"EntryPoint\",\"urlTemplate\":\"https:\\\/\\\/kingspeciosa.eu\\\/?s={search_term_string}\"},\"query-input\":{\"@type\":\"PropertyValueSpecification\",\"valueRequired\":true,\"valueName\":\"search_term_string\"}}],\"inLanguage\":\"cs\"},{\"@type\":\"Organization\",\"@id\":\"https:\\\/\\\/kingspeciosa.eu\\\/#organization\",\"name\":\"King Speciosa\",\"url\":\"https:\\\/\\\/kingspeciosa.eu\\\/\",\"logo\":{\"@type\":\"ImageObject\",\"inLanguage\":\"cs\",\"@id\":\"https:\\\/\\\/kingspeciosa.eu\\\/#\\\/schema\\\/logo\\\/image\\\/\",\"url\":\"http:\\\/\\\/kingspeciosa.eu\\\/wp-content\\\/uploads\\\/2024\\\/12\\\/KingSpeciosa-logo.png\",\"contentUrl\":\"http:\\\/\\\/kingspeciosa.eu\\\/wp-content\\\/uploads\\\/2024\\\/12\\\/KingSpeciosa-logo.png\",\"width\":1000,\"height\":1000,\"caption\":\"King Speciosa\"},\"image\":{\"@id\":\"https:\\\/\\\/kingspeciosa.eu\\\/#\\\/schema\\\/logo\\\/image\\\/\"}}]}<\/script>\n<!-- \/ Yoast SEO plugin. -->","yoast_head_json":{"title":"King Speciosa | Podm\u00ednky a pravidla | EU Kratom Shop","description":"Explore Podm\u00ednky a pravidla at King Speciosa. Learn more about our premium Kratom online offerings, sourced from Borneo and available across Europe with fast delivery.","robots":{"index":"noindex","follow":"follow"},"og_locale":"cs_CZ","og_type":"article","og_title":"King Speciosa | Podm\u00ednky a pravidla | EU Kratom Shop","og_description":"Explore Podm\u00ednky a pravidla at King Speciosa. Learn more about our premium Kratom online offerings, sourced from Borneo and available across Europe with fast delivery.","og_url":"https:\/\/kingspeciosa.eu\/cz\/podminky-a-pravidla\/","og_site_name":"King Speciosa","article_modified_time":"2025-09-13T08:16:37+00:00","og_image":[{"width":800,"height":800,"url":"https:\/\/kingspeciosa.eu\/wp-content\/uploads\/2024\/12\/White-King.png","type":"image\/png"}],"twitter_card":"summary_large_image","twitter_misc":{"Odhadovan\u00e1 doba \u010dten\u00ed":"7 minut"},"schema":{"@context":"https:\/\/schema.org","@graph":[{"@type":"WebPage","@id":"https:\/\/kingspeciosa.eu\/cz\/podminky-a-pravidla\/","url":"https:\/\/kingspeciosa.eu\/cz\/podminky-a-pravidla\/","name":"King Speciosa | Podm\u00ednky a pravidla | EU Kratom Shop","isPartOf":{"@id":"https:\/\/kingspeciosa.eu\/#website"},"datePublished":"2024-12-04T18:01:30+00:00","dateModified":"2025-09-13T08:16:37+00:00","description":"Explore Podm\u00ednky a pravidla at King Speciosa. Learn more about our premium Kratom online offerings, sourced from Borneo and available across Europe with fast delivery.","breadcrumb":{"@id":"https:\/\/kingspeciosa.eu\/cz\/podminky-a-pravidla\/#breadcrumb"},"inLanguage":"cs","potentialAction":[{"@type":"ReadAction","target":["https:\/\/kingspeciosa.eu\/cz\/podminky-a-pravidla\/"]}]},{"@type":"BreadcrumbList","@id":"https:\/\/kingspeciosa.eu\/cz\/podminky-a-pravidla\/#breadcrumb","itemListElement":[{"@type":"ListItem","position":1,"name":"Home","item":"https:\/\/kingspeciosa.eu\/cz\/domovska-stranka\/"},{"@type":"ListItem","position":2,"name":"Podm\u00ednky a pravidla"}]},{"@type":"WebSite","@id":"https:\/\/kingspeciosa.eu\/#website","url":"https:\/\/kingspeciosa.eu\/","name":"King Speciosa","description":"King of the jungle \ud83c\udf34","publisher":{"@id":"https:\/\/kingspeciosa.eu\/#organization"},"potentialAction":[{"@type":"SearchAction","target":{"@type":"EntryPoint","urlTemplate":"https:\/\/kingspeciosa.eu\/?s={search_term_string}"},"query-input":{"@type":"PropertyValueSpecification","valueRequired":true,"valueName":"search_term_string"}}],"inLanguage":"cs"},{"@type":"Organization","@id":"https:\/\/kingspeciosa.eu\/#organization","name":"King Speciosa","url":"https:\/\/kingspeciosa.eu\/","logo":{"@type":"ImageObject","inLanguage":"cs","@id":"https:\/\/kingspeciosa.eu\/#\/schema\/logo\/image\/","url":"http:\/\/kingspeciosa.eu\/wp-content\/uploads\/2024\/12\/KingSpeciosa-logo.png","contentUrl":"http:\/\/kingspeciosa.eu\/wp-content\/uploads\/2024\/12\/KingSpeciosa-logo.png","width":1000,"height":1000,"caption":"King Speciosa"},"image":{"@id":"https:\/\/kingspeciosa.eu\/#\/schema\/logo\/image\/"}}]}},"_links":{"self":[{"href":"https:\/\/kingspeciosa.eu\/cz\/wp-json\/wp\/v2\/pages\/2890","targetHints":{"allow":["GET"]}}],"collection":[{"href":"https:\/\/kingspeciosa.eu\/cz\/wp-json\/wp\/v2\/pages"}],"about":[{"href":"https:\/\/kingspeciosa.eu\/cz\/wp-json\/wp\/v2\/types\/page"}],"author":[{"embeddable":true,"href":"https:\/\/kingspeciosa.eu\/cz\/wp-json\/wp\/v2\/users\/1"}],"replies":[{"embeddable":true,"href":"https:\/\/kingspeciosa.eu\/cz\/wp-json\/wp\/v2\/comments?post=2890"}],"version-history":[{"count":8,"href":"https:\/\/kingspeciosa.eu\/cz\/wp-json\/wp\/v2\/pages\/2890\/revisions"}],"predecessor-version":[{"id":3116,"href":"https:\/\/kingspeciosa.eu\/cz\/wp-json\/wp\/v2\/pages\/2890\/revisions\/3116"}],"wp:attachment":[{"href":"https:\/\/kingspeciosa.eu\/cz\/wp-json\/wp\/v2\/media?parent=2890"}],"curies":[{"name":"wp","href":"https:\/\/api.w.org\/{rel}","templated":true}]}}