{"id":2904,"date":"2024-12-03T18:28:24","date_gmt":"2024-12-03T18:28:24","guid":{"rendered":"https:\/\/kingspeciosa.eu\/kmeny-kratomu\/"},"modified":"2025-02-01T18:10:27","modified_gmt":"2025-02-01T18:10:27","slug":"kmeny-kratomu","status":"publish","type":"page","link":"https:\/\/kingspeciosa.eu\/cz\/kmeny-kratomu\/","title":{"rendered":"Kmeny Kratomu"},"content":{"rendered":"\n\n\t<section class=\"section\" id=\"section_1585934515\">\n\t\t<div class=\"section-bg fill\" >\n\t\t\t\t\t\t\t\t\t\n\t\t\t\n\n\t\t<\/div>\n\n\t\t\n\n\t\t<div class=\"section-content relative\">\n\t\t\t\n\n<div class=\"row row-collapse\"  id=\"row-1403891529\">\n\n\n\t<div id=\"col-424638520\" class=\"col small-12 large-12\"  >\n\t\t\t\t<div class=\"col-inner\"  >\n\t\t\t\n\t\t\t\n\n\t<div id=\"gap-1455361789\" class=\"gap-element clearfix\" style=\"display:block; height:auto;\">\n\t\t\n<style>\n#gap-1455361789 {\n  padding-top: 30px;\n}\n<\/style>\n\t<\/div>\n\t\n\n\t<div id=\"text-150586976\" class=\"text\">\n\t\t\n\n<h1 class=\"collapse\">KRATOM &#8211; R\u016eZN\u00c9 KMENY<\/h1>\n\n\t\t\n<style>\n#text-150586976 {\n  text-align: center;\n}\n<\/style>\n\t<\/div>\n\t\n<div class=\"is-divider divider clearfix\" style=\"max-width:100%;\"><\/div>\n\n\n\t\t<\/div>\n\t\t\t\t\t<\/div>\n\n\t\n\n<\/div>\n<div class=\"row row-collapse align-middle align-center\"  id=\"row-784510740\">\n\n\n\t<div id=\"col-803923832\" class=\"col medium-10 small-12 large-10\"  >\n\t\t\t\t<div class=\"col-inner text-left\"  >\n\t\t\t\n\t\t\t\n\n<p>Kratom, v\u011bdecky zn\u00e1m\u00fd jako <em>Mitragyna speciosa<\/em>, je tropick\u00fd strom poch\u00e1zej\u00edc\u00ed z jihov\u00fdchodn\u00ed Asie. Listy t\u00e9to pozoruhodn\u00e9 rostliny jsou po stalet\u00ed cen\u011bny pro sv\u00e9 jedine\u010dn\u00e9 vlastnosti a spojen\u00ed s tradi\u010dn\u00edmi zvyky. Kratom dnes st\u00e1le uchvacuje nad\u0161ence po cel\u00e9m sv\u011bt\u011b sv\u00fdmi rozmanit\u00fdmi kmeny a bohatou histori\u00ed.  <\/p>\n<h2 class=\"collapse\">R\u016fzn\u00e9 kmeny pro ka\u017edou preferenci<\/h2>\n<p>Ka\u017ed\u00fd kmen Kratomu je stejn\u011b jedine\u010dn\u00fd jako jeho p\u016fvod a nab\u00edz\u00ed \u0159adu vlastnost\u00ed, kter\u00e9 vyhovuj\u00ed r\u016fzn\u00fdm preferenc\u00edm. Od z\u00e1\u0159iv\u011b zelen\u00e9ho <strong>Green Maeng Da<\/strong> a\u017e po vz\u00e1cn\u00fd a vynikaj\u00edc\u00ed <strong>Gold Maeng Da<\/strong>&#8211; ka\u017ed\u00fd si najde sv\u016fj kmen. Odli\u0161n\u00e9 profily <strong>Red Bali<\/strong>, <strong>White Thai<\/strong>, <strong>Green Borneo<\/strong> a dal\u0161\u00edch odr\u00e1\u017eej\u00ed r\u016fzn\u00e9 regiony a odborn\u00e9 techniky, kter\u00e9 definuj\u00ed pr\u00e9miov\u00fd Kratom.  <\/p>\n<h2 class=\"collapse\">\u0158emesln\u00e9 zpracov\u00e1n\u00ed ka\u017ed\u00e9ho listu<\/h2>\n<p>Listy kratomu jsou pe\u010dliv\u011b p\u011bstov\u00e1ny, skl\u00edzeny ze vzrostl\u00fdch strom\u016f a zpracov\u00e1v\u00e1ny tradi\u010dn\u00edmi metodami, kter\u00e9 zachov\u00e1vaj\u00ed jejich p\u0159irozen\u00e9 vlastnosti. A\u0165 u\u017e se p\u011bstuj\u00ed na bohat\u00fdch plant\u00e1\u017e\u00edch na Borneu nebo poch\u00e1zej\u00ed z divok\u00fdch strom\u016f v jihov\u00fdchodn\u00ed Asii, ka\u017ed\u00e1 \u0161ar\u017ee je d\u016fkazem kvality a pravosti. <\/p>\n<h2 class=\"collapse\">Prozkoumejte na\u0161i kolekci<\/h2>\n<p>Zveme v\u00e1s k prozkoum\u00e1n\u00ed na\u0161\u00ed rozs\u00e1hl\u00e9 kolekce kmen\u016f Kratomu. Ka\u017ed\u00fd kmen je pe\u010dliv\u011b vyb\u00edr\u00e1n a nab\u00edz\u00ed jedine\u010dn\u00fd z\u00e1\u017eitek p\u0159i zachov\u00e1n\u00ed nejvy\u0161\u0161\u00edch standard\u016f kvality. Kliknut\u00edm na kter\u00fdkoli kmen n\u00ed\u017ee se dozv\u00edte v\u00edce o jeho historii, p\u016fvodu a o tom, \u010d\u00edm je v\u00fdjime\u010dn\u00fd.  <\/p>\n\n<div class=\"row row-collapse align-middle\"  id=\"row-489758799\">\n\n\n\t<div id=\"col-1723686270\" class=\"col medium-5 small-12 large-3\"  >\n\t\t\t\t<div class=\"col-inner text-center\"  >\n\t\t\t\n\t\t\t\n\n\t<div id=\"stack-3887753206\" class=\"stack stack-col justify-center items-stretch\">\n\t\t\n\n<a href=\"https:\/\/kingspeciosa.eu\/cz\/maeng-da-kratom\/\" class=\"button secondary is-gloss\" >\n\t\t<span>MAENG DA KRATOM<\/span>\n\t<\/a>\n\n\n<a href=\"https:\/\/kingspeciosa.eu\/cz\/borneo-kratom\/\" class=\"button secondary is-gloss\" >\n\t\t<span>BORNEO KRATOM<\/span>\n\t<\/a>\n\n\n<a href=\"https:\/\/kingspeciosa.eu\/cz\/king-kratom\/\" class=\"button secondary is-gloss\" >\n\t\t<span>KING KRATOM<\/span>\n\t<\/a>\n\n\n<a href=\"https:\/\/kingspeciosa.eu\/cz\/thai-kratom\/\" class=\"button secondary is-gloss\" >\n\t\t<span>THAI KRATOM<\/span>\n\t<\/a>\n\n\n<a href=\"https:\/\/kingspeciosa.eu\/cz\/bali-kratom\/\" class=\"button secondary is-gloss\" >\n\t\t<span>BALI KRATOM<\/span>\n\t<\/a>\n\n\n\n\t\t\n<style>\n#stack-3887753206 > * {\n  --stack-gap: 0.5rem;\n}\n<\/style>\n\t<\/div>\n\t\n\n\t\t<\/div>\n\t\t\t\t\t<\/div>\n\n\t\n\n<\/div>\n\n\t\t<\/div>\n\t\t\t\t\n<style>\n#col-803923832 > .col-inner {\n  padding: 0px 10px 0px 10px;\n}\n<\/style>\n\t<\/div>\n\n\t\n\n<\/div>\n\t<div id=\"gap-1381141387\" class=\"gap-element clearfix\" style=\"display:block; height:auto;\">\n\t\t\n<style>\n#gap-1381141387 {\n  padding-top: 30px;\n}\n<\/style>\n\t<\/div>\n\t\n\n\n\t\t<\/div>\n\n\t\t\n<style>\n#section_1585934515 {\n  padding-top: 0px;\n  padding-bottom: 0px;\n}\n<\/style>\n\t<\/section>\n\t\n\n\t<section class=\"section\" id=\"section_268509806\">\n\t\t<div class=\"section-bg fill\" >\n\t\t\t\t\t\t\t\t\t\n\t\t\t\n\n\t\t<\/div>\n\n\t\t\n\n\t\t<div class=\"section-content relative\">\n\t\t\t\n\n<div class=\"row align-center\"  id=\"row-751131321\">\n\n\n\t<div id=\"col-2010764172\" class=\"col medium-10 small-12 large-10\"  >\n\t\t\t\t<div class=\"col-inner text-center\"  >\n\t\t\t\n\t\t\t\n\n\n\t\t<div class=\"icon-box featured-box icon-box-top text-left\"  >\n\t\t\t\t\t<div class=\"icon-box-img\" style=\"width: 60px\">\n\t\t\t\t<div class=\"icon\">\n\t\t\t\t\t<div class=\"icon-inner\" >\n\t\t\t\t\t\t<img loading=\"lazy\" decoding=\"async\" width=\"400\" height=\"400\" src=\"https:\/\/kingspeciosa.eu\/wp-content\/uploads\/2024\/11\/King-Speciosa-favicon-LIGHT-400x400.png\" class=\"attachment-medium size-medium\" alt=\"Kratom Favicon\" srcset=\"https:\/\/kingspeciosa.eu\/wp-content\/uploads\/2024\/11\/King-Speciosa-favicon-LIGHT-400x400.png 400w, https:\/\/kingspeciosa.eu\/wp-content\/uploads\/2024\/11\/King-Speciosa-favicon-LIGHT-280x280.png 280w, https:\/\/kingspeciosa.eu\/wp-content\/uploads\/2024\/11\/King-Speciosa-favicon-LIGHT-300x300.png 300w, https:\/\/kingspeciosa.eu\/wp-content\/uploads\/2024\/11\/King-Speciosa-favicon-LIGHT-100x100.png 100w, https:\/\/kingspeciosa.eu\/wp-content\/uploads\/2024\/11\/King-Speciosa-favicon-LIGHT.png 500w\" sizes=\"auto, (max-width: 400px) 100vw, 400px\" \/>\t\t\t\t\t<\/div>\n\t\t\t\t<\/div>\n\t\t\t<\/div>\n\t\t\t\t<div class=\"icon-box-text last-reset\">\n\t\t\t\t\t\t\t\t\t\n\n\t<div id=\"text-2409851842\" class=\"text\">\n\t\t\n\n<h2>Pro\u010d King Speciosa?<\/h2>\n\t\t\n<style>\n#text-2409851842 {\n  font-size: 1.75rem;\n  text-align: center;\n}\n<\/style>\n\t<\/div>\n\t\n\t<div id=\"text-797108936\" class=\"text\">\n\t\t\n\n<p>Ve spole\u010dnosti King Speciosa nov\u011b definujeme dokonalost v oblasti Kratomu a rostlinn\u00fdch produkt\u016f. D\u00edky pevn\u00e9mu z\u00e1vazku ke kvalit\u011b, transparentnosti a spokojenosti z\u00e1kazn\u00edk\u016f jsme se stali va\u0161\u00edm d\u016fv\u011bryhodn\u00fdm zdrojem. Ka\u017ed\u00fd produkt je pe\u010dliv\u011b laboratorn\u011b testov\u00e1n na \u010distotu a s\u00edlu, co\u017e zaru\u010duje, \u017ee dostanete jen to nejlep\u0161\u00ed. Nav\u00edc je pro n\u00e1s prioritou rychl\u00fd a spolehliv\u00fd servis - nab\u00edz\u00edme dopravu ve stejn\u00fd den a doru\u010den\u00ed zdarma p\u0159i objedn\u00e1vce nad 120 EUR. Poznejte rozd\u00edl s King Speciosa, kde se prvot\u0159\u00eddn\u00ed kvalita snoub\u00ed s bezkonkuren\u010dn\u00ed p\u00e9\u010d\u00ed.    <\/p>\n\t\t\n<style>\n#text-797108936 {\n  text-align: center;\n}\n<\/style>\n\t<\/div>\n\t\n\n\t\t<\/div>\n\t<\/div>\n\t\n\t\n\n\t\t<\/div>\n\t\t\t\t\t<\/div>\n\n\t\n\n<\/div>\n\n\t\t<\/div>\n\n\t\t\n<style>\n#section_268509806 {\n  padding-top: 60px;\n  padding-bottom: 60px;\n  background-color: rgba(217, 179, 108, 0.18);\n}\n<\/style>\n\t<\/section>\n\t\n<div class=\"row row-collapse row-full-width\"  id=\"row-934427030\">\n\n\n\t<div id=\"col-1857092395\" class=\"col medium-3 small-6 large-3\"  >\n\t\t\t\t<div class=\"col-inner\"  >\n\t\t\t\n\t\t\t\n\n\n\t<section class=\"section dark\" id=\"section_617994717\">\n\t\t<div class=\"section-bg fill\" >\n\t\t\t<img loading=\"lazy\" decoding=\"async\" width=\"1024\" height=\"1024\" src=\"https:\/\/kingspeciosa.eu\/wp-content\/uploads\/2024\/11\/kratom-packaging-1.png\" class=\"bg attachment-original size-original\" alt=\"\" \/>\t\t\t\t\t\t<div class=\"section-bg-overlay absolute fill\"><\/div>\n\t\t\t\n\n\t\t<\/div>\n\n\t\t\n\n\t\t<div class=\"section-content relative\">\n\t\t\t\n\n\n\t\t<div class=\"icon-box featured-box icon-box-center text-center is-small\"  >\n\t\t\t\t\t<div class=\"icon-box-img\" style=\"width: 60px\">\n\t\t\t\t<div class=\"icon\">\n\t\t\t\t\t<div class=\"icon-inner\" >\n\t\t\t\t\t\t<svg xmlns=\"http:\/\/www.w3.org\/2000\/svg\" height=\"24px\" viewBox=\"0 -960 960 960\" width=\"24px\" fill=\"#FFFFFF\"><path d=\"M440-183v-274L200-596v274l240 139Zm80 0 240-139v-274L520-457v274Zm-80 92L160-252q-19-11-29.5-29T120-321v-318q0-22 10.5-40t29.5-29l280-161q19-11 40-11t40 11l280 161q19 11 29.5 29t10.5 40v318q0 22-10.5 40T800-252L520-91q-19 11-40 11t-40-11Zm200-528 77-44-237-137-78 45 238 136Zm-160 93 78-45-237-137-78 45 237 137Z\"\/><\/svg>\t\t\t\t\t<\/div>\n\t\t\t\t<\/div>\n\t\t\t<\/div>\n\t\t\t\t<div class=\"icon-box-text last-reset\">\n\t\t\t<h5 class=\"uppercase\">Doprava ve stejn\u00fd den<\/h5>\t\t\t\t\t\t\n\n<p>Pokud si objedn\u00e1te zbo\u017e\u00ed do 12:00 (SE\u010c), po-p\u00e1, bude va\u0161e objedn\u00e1vka odesl\u00e1na je\u0161t\u011b t\u00fd\u017e den.<\/p>\n\n\t\t<\/div>\n\t<\/div>\n\t\n\t\n\n\t\t<\/div>\n\n\t\t\n<style>\n#section_617994717 {\n  padding-top: 30px;\n  padding-bottom: 30px;\n  min-height: 300px;\n}\n#section_617994717 .section-bg-overlay {\n  background-color: rgba(0, 0, 0, 0.4);\n}\n#section_617994717 .section-bg img {\n  object-position: 0% 100%;\n}\n<\/style>\n\t<\/section>\n\t\n\n\t\t<\/div>\n\t\t\t\t\t<\/div>\n\n\t\n\n\t<div id=\"col-1253854588\" class=\"col medium-3 small-6 large-3\"  >\n\t\t\t\t<div class=\"col-inner\"  >\n\t\t\t\n\t\t\t\n\n\n\t<section class=\"section dark\" id=\"section_1111586778\">\n\t\t<div class=\"section-bg fill\" >\n\t\t\t<img loading=\"lazy\" decoding=\"async\" width=\"1024\" height=\"1024\" src=\"https:\/\/kingspeciosa.eu\/wp-content\/uploads\/2024\/11\/Free-shipping-1.png\" class=\"bg attachment-original size-original\" alt=\"\" \/>\t\t\t\t\t\t<div class=\"section-bg-overlay absolute fill\"><\/div>\n\t\t\t\n\n\t\t<\/div>\n\n\t\t\n\n\t\t<div class=\"section-content relative\">\n\t\t\t\n\n\n\t\t<div class=\"icon-box featured-box icon-box-center text-center is-small\"  >\n\t\t\t\t\t<div class=\"icon-box-img\" style=\"width: 60px\">\n\t\t\t\t<div class=\"icon\">\n\t\t\t\t\t<div class=\"icon-inner\" >\n\t\t\t\t\t\t<svg xmlns=\"http:\/\/www.w3.org\/2000\/svg\" height=\"24px\" viewBox=\"0 -960 960 960\" width=\"24px\" fill=\"#FFFFFF\"><path d=\"M240-160q-50 0-85-35t-35-85H40v-440q0-33 23.5-56.5T120-800h560v160h120l120 160v200h-80q0 50-35 85t-85 35q-50 0-85-35t-35-85H360q0 50-35 85t-85 35Zm0-80q17 0 28.5-11.5T280-280q0-17-11.5-28.5T240-320q-17 0-28.5 11.5T200-280q0 17 11.5 28.5T240-240ZM120-360h32q17-18 39-29t49-11q27 0 49 11t39 29h272v-360H120v360Zm600 120q17 0 28.5-11.5T760-280q0-17-11.5-28.5T720-320q-17 0-28.5 11.5T680-280q0 17 11.5 28.5T720-240Zm-40-200h170l-90-120h-80v120ZM360-540Z\"\/><\/svg>\t\t\t\t\t<\/div>\n\t\t\t\t<\/div>\n\t\t\t<\/div>\n\t\t\t\t<div class=\"icon-box-text last-reset\">\n\t\t\t<h5 class=\"uppercase\">DOPRAVA ZDARMA &gt; 120\u20ac<\/h5>\t\t\t\t\t\t\n\n<p>U\u0161et\u0159ete na p\u0159epravn\u00edch poplatc\u00edch! V\u0161echny objedn\u00e1vky nad 120 \u20ac maj\u00ed n\u00e1rok na dopravu zdarma p\u0159\u00edmo do va\u0161\u00ed po\u0161tovn\u00ed schr\u00e1nky. <\/p>\n\n\t\t<\/div>\n\t<\/div>\n\t\n\t\n\n\t\t<\/div>\n\n\t\t\n<style>\n#section_1111586778 {\n  padding-top: 30px;\n  padding-bottom: 30px;\n  min-height: 300px;\n}\n#section_1111586778 .section-bg-overlay {\n  background-color: rgba(0, 0, 0, 0.26);\n}\n#section_1111586778 .section-bg img {\n  object-position: 0% 100%;\n}\n<\/style>\n\t<\/section>\n\t\n\n\t\t<\/div>\n\t\t\t\t\t<\/div>\n\n\t\n\n\t<div id=\"col-878293324\" class=\"col medium-3 small-6 large-3\"  >\n\t\t\t\t<div class=\"col-inner\"  >\n\t\t\t\n\t\t\t\n\n\n\t<section class=\"section dark\" id=\"section_1345073249\">\n\t\t<div class=\"section-bg fill\" >\n\t\t\t<img loading=\"lazy\" decoding=\"async\" width=\"1024\" height=\"1024\" src=\"https:\/\/kingspeciosa.eu\/wp-content\/uploads\/2024\/11\/high-quality-kratom-1.png\" class=\"bg attachment-original size-original\" alt=\"\" \/>\t\t\t\t\t\t<div class=\"section-bg-overlay absolute fill\"><\/div>\n\t\t\t\n\n\t\t<\/div>\n\n\t\t\n\n\t\t<div class=\"section-content relative\">\n\t\t\t\n\n\n\t\t<div class=\"icon-box featured-box icon-box-center text-center is-small\"  >\n\t\t\t\t\t<div class=\"icon-box-img\" style=\"width: 60px\">\n\t\t\t\t<div class=\"icon\">\n\t\t\t\t\t<div class=\"icon-inner\" >\n\t\t\t\t\t\t<svg xmlns=\"http:\/\/www.w3.org\/2000\/svg\" height=\"24px\" viewBox=\"0 -960 960 960\" width=\"24px\" fill=\"#FFFFFF\"><path d=\"M200-120q-51 0-72.5-45.5T138-250l222-270v-240h-40q-17 0-28.5-11.5T280-800q0-17 11.5-28.5T320-840h320q17 0 28.5 11.5T680-800q0 17-11.5 28.5T640-760h-40v240l222 270q32 39 10.5 84.5T760-120H200Zm0-80h560L520-492v-268h-80v268L200-200Zm280-280Z\"\/><\/svg>\t\t\t\t\t<\/div>\n\t\t\t\t<\/div>\n\t\t\t<\/div>\n\t\t\t\t<div class=\"icon-box-text last-reset\">\n\t\t\t<h5 class=\"uppercase\">Laboratorn\u011b testov\u00e1no<\/h5>\t\t\t\t\t\t\n\n<p>Nez\u00e1visl\u00e9 laboratorn\u00ed testov\u00e1n\u00ed t\u0159et\u00ed stranou zaru\u010duje vysokou kvalitu a bezpe\u010dnost na\u0161eho Kratomu.<\/p>\n\n\t\t<\/div>\n\t<\/div>\n\t\n\t\n\n\t\t<\/div>\n\n\t\t\n<style>\n#section_1345073249 {\n  padding-top: 30px;\n  padding-bottom: 30px;\n  min-height: 300px;\n}\n#section_1345073249 .section-bg-overlay {\n  background-color: rgba(0, 0, 0, 0.4);\n}\n<\/style>\n\t<\/section>\n\t\n\n\t\t<\/div>\n\t\t\t\t\t<\/div>\n\n\t\n\n\t<div id=\"col-1175356944\" class=\"col medium-3 small-6 large-3\"  >\n\t\t\t\t<div class=\"col-inner\"  >\n\t\t\t\n\t\t\t\n\n\n\t<section class=\"section dark\" id=\"section_1274941128\">\n\t\t<div class=\"section-bg fill\" >\n\t\t\t<img loading=\"lazy\" decoding=\"async\" width=\"1024\" height=\"1024\" src=\"https:\/\/kingspeciosa.eu\/wp-content\/uploads\/2024\/11\/Kratom-europe-1.png\" class=\"bg attachment-original size-original\" alt=\"\" \/>\t\t\t\t\t\t<div class=\"section-bg-overlay absolute fill\"><\/div>\n\t\t\t\n\n\t\t<\/div>\n\n\t\t\n\n\t\t<div class=\"section-content relative\">\n\t\t\t\n\n\n\t\t<div class=\"icon-box featured-box icon-box-center text-center is-small\"  >\n\t\t\t\t\t<div class=\"icon-box-img\" style=\"width: 60px\">\n\t\t\t\t<div class=\"icon\">\n\t\t\t\t\t<div class=\"icon-inner\" >\n\t\t\t\t\t\t<svg xmlns=\"http:\/\/www.w3.org\/2000\/svg\" height=\"24px\" viewBox=\"0 -960 960 960\" width=\"24px\" fill=\"#FFFFFF\"><path d=\"M216-176q-45-45-70.5-104T120-402q0-63 24-124.5T222-642q35-35 86.5-60t122-39.5Q501-756 591.5-759t202.5 7q8 106 5 195t-16.5 160.5q-13.5 71.5-38 125T684-182q-53 53-112.5 77.5T450-80q-65 0-127-25.5T216-176Zm112-16q29 17 59.5 24.5T450-160q46 0 91-18.5t86-59.5q18-18 36.5-50.5t32-85Q709-426 716-500.5t2-177.5q-49-2-110.5-1.5T485-670q-61 9-116 29t-90 55q-45 45-62 89t-17 85q0 59 22.5 103.5T262-246q42-80 111-153.5T534-520q-72 63-125.5 142.5T328-192Zm0 0Zm0 0Z\"\/><\/svg>\t\t\t\t\t<\/div>\n\t\t\t\t<\/div>\n\t\t\t<\/div>\n\t\t\t\t<div class=\"icon-box-text last-reset\">\n\t\t\t<h5 class=\"uppercase\">KVALITA<\/h5>\t\t\t\t\t\t\n\n<p>Na\u0161\u00edm posl\u00e1n\u00edm je va\u0161e zdrav\u00ed. Nejste spokojeni? Zajist\u00edme v\u00e1m kvalitu, kterou si zaslou\u017e\u00edte.  <\/p>\n\n\t\t<\/div>\n\t<\/div>\n\t\n\t\n\n\t\t<\/div>\n\n\t\t\n<style>\n#section_1274941128 {\n  padding-top: 30px;\n  padding-bottom: 30px;\n  min-height: 300px;\n}\n#section_1274941128 .section-bg-overlay {\n  background-color: rgba(0, 0, 0, 0.26);\n}\n<\/style>\n\t<\/section>\n\t\n\n\t\t<\/div>\n\t\t\t\t\t<\/div>\n\n\t\n\n\n<style>\n#row-934427030 > .col > .col-inner {\n  background-color: rgb(0,0,0);\n}\n<\/style>\n<\/div>\n\n\n","protected":false},"excerpt":{"rendered":"","protected":false},"author":1,"featured_media":0,"parent":0,"menu_order":0,"comment_status":"closed","ping_status":"closed","template":"page-blank.php","meta":{"footnotes":""},"class_list":["post-2904","page","type-page","status-publish","hentry"],"yoast_head":"<!-- This site is optimized with the Yoast SEO plugin v27.5 - https:\/\/yoast.com\/product\/yoast-seo-wordpress\/ -->\n<title>King Speciosa | Kmeny Kratomu | EU Kratom Shop<\/title>\n<meta name=\"description\" content=\"Explore Kmeny Kratomu at King Speciosa. Learn more about our premium Kratom online offerings, sourced from Borneo and available across Europe with fast delivery.\" \/>\n<meta name=\"robots\" content=\"index, follow, max-snippet:-1, max-image-preview:large, max-video-preview:-1\" \/>\n<link rel=\"canonical\" href=\"https:\/\/kingspeciosa.eu\/cz\/kmeny-kratomu\/\" \/>\n<meta property=\"og:locale\" content=\"cs_CZ\" \/>\n<meta property=\"og:type\" content=\"article\" \/>\n<meta property=\"og:title\" content=\"King Speciosa | Kmeny Kratomu | EU Kratom Shop\" \/>\n<meta property=\"og:description\" content=\"Explore Kmeny Kratomu at King Speciosa. Learn more about our premium Kratom online offerings, sourced from Borneo and available across Europe with fast delivery.\" \/>\n<meta property=\"og:url\" content=\"https:\/\/kingspeciosa.eu\/cz\/kmeny-kratomu\/\" \/>\n<meta property=\"og:site_name\" content=\"King Speciosa\" \/>\n<meta property=\"article:modified_time\" content=\"2025-02-01T18:10:27+00:00\" \/>\n<meta property=\"og:image\" content=\"https:\/\/kingspeciosa.eu\/wp-content\/uploads\/2024\/12\/White-King.png\" \/>\n\t<meta property=\"og:image:width\" content=\"800\" \/>\n\t<meta property=\"og:image:height\" content=\"800\" \/>\n\t<meta property=\"og:image:type\" content=\"image\/png\" \/>\n<meta name=\"twitter:card\" content=\"summary_large_image\" \/>\n<meta name=\"twitter:label1\" content=\"Odhadovan\u00e1 doba \u010dten\u00ed\" \/>\n\t<meta name=\"twitter:data1\" content=\"2 minuty\" \/>\n<script type=\"application\/ld+json\" class=\"yoast-schema-graph\">{\"@context\":\"https:\\\/\\\/schema.org\",\"@graph\":[{\"@type\":\"WebPage\",\"@id\":\"https:\\\/\\\/kingspeciosa.eu\\\/cz\\\/kmeny-kratomu\\\/\",\"url\":\"https:\\\/\\\/kingspeciosa.eu\\\/cz\\\/kmeny-kratomu\\\/\",\"name\":\"King Speciosa | Kmeny Kratomu | EU Kratom Shop\",\"isPartOf\":{\"@id\":\"https:\\\/\\\/kingspeciosa.eu\\\/#website\"},\"datePublished\":\"2024-12-03T18:28:24+00:00\",\"dateModified\":\"2025-02-01T18:10:27+00:00\",\"description\":\"Explore Kmeny Kratomu at King Speciosa. Learn more about our premium Kratom online offerings, sourced from Borneo and available across Europe with fast delivery.\",\"breadcrumb\":{\"@id\":\"https:\\\/\\\/kingspeciosa.eu\\\/cz\\\/kmeny-kratomu\\\/#breadcrumb\"},\"inLanguage\":\"cs\",\"potentialAction\":[{\"@type\":\"ReadAction\",\"target\":[\"https:\\\/\\\/kingspeciosa.eu\\\/cz\\\/kmeny-kratomu\\\/\"]}]},{\"@type\":\"BreadcrumbList\",\"@id\":\"https:\\\/\\\/kingspeciosa.eu\\\/cz\\\/kmeny-kratomu\\\/#breadcrumb\",\"itemListElement\":[{\"@type\":\"ListItem\",\"position\":1,\"name\":\"Home\",\"item\":\"https:\\\/\\\/kingspeciosa.eu\\\/cz\\\/domovska-stranka\\\/\"},{\"@type\":\"ListItem\",\"position\":2,\"name\":\"Kmeny Kratomu\"}]},{\"@type\":\"WebSite\",\"@id\":\"https:\\\/\\\/kingspeciosa.eu\\\/#website\",\"url\":\"https:\\\/\\\/kingspeciosa.eu\\\/\",\"name\":\"King Speciosa\",\"description\":\"King of the jungle \ud83c\udf34\",\"publisher\":{\"@id\":\"https:\\\/\\\/kingspeciosa.eu\\\/#organization\"},\"potentialAction\":[{\"@type\":\"SearchAction\",\"target\":{\"@type\":\"EntryPoint\",\"urlTemplate\":\"https:\\\/\\\/kingspeciosa.eu\\\/?s={search_term_string}\"},\"query-input\":{\"@type\":\"PropertyValueSpecification\",\"valueRequired\":true,\"valueName\":\"search_term_string\"}}],\"inLanguage\":\"cs\"},{\"@type\":\"Organization\",\"@id\":\"https:\\\/\\\/kingspeciosa.eu\\\/#organization\",\"name\":\"King Speciosa\",\"url\":\"https:\\\/\\\/kingspeciosa.eu\\\/\",\"logo\":{\"@type\":\"ImageObject\",\"inLanguage\":\"cs\",\"@id\":\"https:\\\/\\\/kingspeciosa.eu\\\/#\\\/schema\\\/logo\\\/image\\\/\",\"url\":\"http:\\\/\\\/kingspeciosa.eu\\\/wp-content\\\/uploads\\\/2024\\\/12\\\/KingSpeciosa-logo.png\",\"contentUrl\":\"http:\\\/\\\/kingspeciosa.eu\\\/wp-content\\\/uploads\\\/2024\\\/12\\\/KingSpeciosa-logo.png\",\"width\":1000,\"height\":1000,\"caption\":\"King Speciosa\"},\"image\":{\"@id\":\"https:\\\/\\\/kingspeciosa.eu\\\/#\\\/schema\\\/logo\\\/image\\\/\"}}]}<\/script>\n<!-- \/ Yoast SEO plugin. -->","yoast_head_json":{"title":"King Speciosa | Kmeny Kratomu | EU Kratom Shop","description":"Explore Kmeny Kratomu at King Speciosa. Learn more about our premium Kratom online offerings, sourced from Borneo and available across Europe with fast delivery.","robots":{"index":"index","follow":"follow","max-snippet":"max-snippet:-1","max-image-preview":"max-image-preview:large","max-video-preview":"max-video-preview:-1"},"canonical":"https:\/\/kingspeciosa.eu\/cz\/kmeny-kratomu\/","og_locale":"cs_CZ","og_type":"article","og_title":"King Speciosa | Kmeny Kratomu | EU Kratom Shop","og_description":"Explore Kmeny Kratomu at King Speciosa. Learn more about our premium Kratom online offerings, sourced from Borneo and available across Europe with fast delivery.","og_url":"https:\/\/kingspeciosa.eu\/cz\/kmeny-kratomu\/","og_site_name":"King Speciosa","article_modified_time":"2025-02-01T18:10:27+00:00","og_image":[{"width":800,"height":800,"url":"https:\/\/kingspeciosa.eu\/wp-content\/uploads\/2024\/12\/White-King.png","type":"image\/png"}],"twitter_card":"summary_large_image","twitter_misc":{"Odhadovan\u00e1 doba \u010dten\u00ed":"2 minuty"},"schema":{"@context":"https:\/\/schema.org","@graph":[{"@type":"WebPage","@id":"https:\/\/kingspeciosa.eu\/cz\/kmeny-kratomu\/","url":"https:\/\/kingspeciosa.eu\/cz\/kmeny-kratomu\/","name":"King Speciosa | Kmeny Kratomu | EU Kratom Shop","isPartOf":{"@id":"https:\/\/kingspeciosa.eu\/#website"},"datePublished":"2024-12-03T18:28:24+00:00","dateModified":"2025-02-01T18:10:27+00:00","description":"Explore Kmeny Kratomu at King Speciosa. Learn more about our premium Kratom online offerings, sourced from Borneo and available across Europe with fast delivery.","breadcrumb":{"@id":"https:\/\/kingspeciosa.eu\/cz\/kmeny-kratomu\/#breadcrumb"},"inLanguage":"cs","potentialAction":[{"@type":"ReadAction","target":["https:\/\/kingspeciosa.eu\/cz\/kmeny-kratomu\/"]}]},{"@type":"BreadcrumbList","@id":"https:\/\/kingspeciosa.eu\/cz\/kmeny-kratomu\/#breadcrumb","itemListElement":[{"@type":"ListItem","position":1,"name":"Home","item":"https:\/\/kingspeciosa.eu\/cz\/domovska-stranka\/"},{"@type":"ListItem","position":2,"name":"Kmeny Kratomu"}]},{"@type":"WebSite","@id":"https:\/\/kingspeciosa.eu\/#website","url":"https:\/\/kingspeciosa.eu\/","name":"King Speciosa","description":"King of the jungle \ud83c\udf34","publisher":{"@id":"https:\/\/kingspeciosa.eu\/#organization"},"potentialAction":[{"@type":"SearchAction","target":{"@type":"EntryPoint","urlTemplate":"https:\/\/kingspeciosa.eu\/?s={search_term_string}"},"query-input":{"@type":"PropertyValueSpecification","valueRequired":true,"valueName":"search_term_string"}}],"inLanguage":"cs"},{"@type":"Organization","@id":"https:\/\/kingspeciosa.eu\/#organization","name":"King Speciosa","url":"https:\/\/kingspeciosa.eu\/","logo":{"@type":"ImageObject","inLanguage":"cs","@id":"https:\/\/kingspeciosa.eu\/#\/schema\/logo\/image\/","url":"http:\/\/kingspeciosa.eu\/wp-content\/uploads\/2024\/12\/KingSpeciosa-logo.png","contentUrl":"http:\/\/kingspeciosa.eu\/wp-content\/uploads\/2024\/12\/KingSpeciosa-logo.png","width":1000,"height":1000,"caption":"King Speciosa"},"image":{"@id":"https:\/\/kingspeciosa.eu\/#\/schema\/logo\/image\/"}}]}},"_links":{"self":[{"href":"https:\/\/kingspeciosa.eu\/cz\/wp-json\/wp\/v2\/pages\/2904","targetHints":{"allow":["GET"]}}],"collection":[{"href":"https:\/\/kingspeciosa.eu\/cz\/wp-json\/wp\/v2\/pages"}],"about":[{"href":"https:\/\/kingspeciosa.eu\/cz\/wp-json\/wp\/v2\/types\/page"}],"author":[{"embeddable":true,"href":"https:\/\/kingspeciosa.eu\/cz\/wp-json\/wp\/v2\/users\/1"}],"replies":[{"embeddable":true,"href":"https:\/\/kingspeciosa.eu\/cz\/wp-json\/wp\/v2\/comments?post=2904"}],"version-history":[{"count":3,"href":"https:\/\/kingspeciosa.eu\/cz\/wp-json\/wp\/v2\/pages\/2904\/revisions"}],"predecessor-version":[{"id":2907,"href":"https:\/\/kingspeciosa.eu\/cz\/wp-json\/wp\/v2\/pages\/2904\/revisions\/2907"}],"wp:attachment":[{"href":"https:\/\/kingspeciosa.eu\/cz\/wp-json\/wp\/v2\/media?parent=2904"}],"curies":[{"name":"wp","href":"https:\/\/api.w.org\/{rel}","templated":true}]}}