{"id":2957,"date":"2024-11-24T11:11:20","date_gmt":"2024-11-24T11:11:20","guid":{"rendered":"https:\/\/kingspeciosa.eu\/product\/green-maeng-da\/"},"modified":"2025-02-01T18:52:22","modified_gmt":"2025-02-01T18:52:22","slug":"green-maeng-da","status":"publish","type":"product","link":"https:\/\/kingspeciosa.eu\/cz\/produkt\/green-maeng-da\/","title":{"rendered":"Green Maeng Da"},"content":{"rendered":"<h2>Green Maeng Da: Skute\u010dn\u011b pr\u00e9miov\u00fd kmen<\/h2>\n<p>Green Maeng Da, \u010dasto ozna\u010dovan\u00fd jako &#8222;pimp grade&#8220; Kratom, je jedn\u00edm z nejvyhled\u00e1van\u011bj\u0161\u00edch kmen\u016f na sv\u011bt\u011b. Poch\u00e1z\u00ed ze vzrostl\u00fdch strom\u016f v bohat\u00fdch tropick\u00fdch les\u00edch jihov\u00fdchodn\u00ed Asie a jeho listy jsou zn\u00e1m\u00e9 svou z\u00e1\u0159iv\u011b zelenou barvou, kter\u00e1 p\u0159edstavuje dokonalou rovnov\u00e1hu mezi tradic\u00ed a kvalitou. N\u00e1zev &#8222;Maeng Da&#8220;, odvozen\u00fd z thaj\u0161tiny, podtrhuje jeho pr\u00e9miov\u00fd status, d\u00edky n\u011bmu\u017e je obl\u00edben\u00fd mezi nad\u0161enci Kratomu po cel\u00e9m sv\u011bt\u011b.  <\/p>\n<h3>Poch\u00e1z\u00ed z nejlep\u0161\u00edch strom\u016f<\/h3>\n<p>Green Maeng Da se skl\u00edz\u00ed z pe\u010dliv\u011b p\u011bstovan\u00fdch strom\u016f, kter\u00e9 rostou v \u00farodn\u00e9 p\u016fd\u011b a v ide\u00e1ln\u00edch tropick\u00fdch podm\u00ednk\u00e1ch. Tyto stromy jsou p\u011bstov\u00e1ny a\u017e do zralosti, aby se zajistilo, \u017ee budou vybr\u00e1ny pouze ty nejkvalitn\u011bj\u0161\u00ed listy, \u010d\u00edm\u017e se zachovaj\u00ed vysoce kvalitn\u00ed standardy, kter\u00fdmi je Green Maeng Da zn\u00e1m\u00e1. <\/p>\n<h3>V\u00fdjime\u010dn\u00e1 struktura list\u016f<\/h3>\n<p>Listy Green Maeng Da jsou v\u00fdrazn\u00e9, vyzna\u010duj\u00ed se v\u00fdrazn\u00fdmi zelen\u00fdmi \u017eilkami a robustn\u00ed strukturou. To odr\u00e1\u017e\u00ed pe\u010dlivost a preciznost p\u0159i jeho p\u011bstov\u00e1n\u00ed a zpracov\u00e1n\u00ed. Z\u00e1\u0159iv\u011b zelen\u00fd odst\u00edn sv\u011bd\u010d\u00ed o jej\u00ed \u010derstvosti a prvot\u0159\u00eddn\u00ed kvalit\u011b.  <\/p>\n<h3>Obl\u00edben\u00e1 volba po cel\u00e9m sv\u011bt\u011b<\/h3>\n<p>Green Maeng Da je chv\u00e1len pro svou spolehlivost a st\u00e1lou kvalitu a z\u00edskal si m\u00edsto \u0161pi\u010dkov\u00e9ho kmene. Jej\u00ed \u0161irok\u00e1 popularita pramen\u00ed z jej\u00edch jedine\u010dn\u00fdch vlastnost\u00ed a d\u016fv\u011bry, kterou si z\u00edskala mezi nad\u0161enci Kratomu, kte\u0159\u00ed hledaj\u00ed to nejlep\u0161\u00ed. <\/p>\n","protected":false},"excerpt":{"rendered":"<p><strong>Green Maeng Da<\/strong>, co\u017e znamen\u00e1 &#8222;Pimp Grade&#8220;, je proslul\u00fd kmen poch\u00e1zej\u00edc\u00ed z bujn\u00fdch les\u016f jihov\u00fdchodn\u00ed Asie. Tento kmen, zn\u00e1m\u00fd pro svou z\u00e1\u0159iv\u011b zelenou barvu a v\u00fdjime\u010dnou pov\u011bst, se stal z\u00e1kladem pro nad\u0161ence po cel\u00e9m sv\u011bt\u011b. <\/p>\n","protected":false},"featured_media":368,"comment_status":"open","ping_status":"closed","template":"","meta":[],"product_brand":[],"product_cat":[122,123],"product_tag":[],"class_list":{"0":"post-2957","1":"product","2":"type-product","3":"status-publish","4":"has-post-thumbnail","6":"product_cat-kratom-cz","7":"product_cat-zeleny-kratom-cz","9":"first","10":"instock","11":"taxable","12":"shipping-taxable","13":"purchasable","14":"product-type-variable","15":"has-default-attributes"},"yoast_head":"<!-- This site is optimized with the Yoast SEO plugin v27.5 - https:\/\/yoast.com\/product\/yoast-seo-wordpress\/ -->\n<title>Green Maeng Da | Premium Kratom in EU at King Speciosa<\/title>\n<meta name=\"description\" content=\"Buy Green Maeng Da at King Speciosa. This premium Kratom is sourced from Borneo and lab-tested for quality. Available across EU with fast delivery.\" \/>\n<meta name=\"robots\" content=\"index, follow, max-snippet:-1, max-image-preview:large, max-video-preview:-1\" \/>\n<link rel=\"canonical\" href=\"https:\/\/kingspeciosa.eu\/cz\/produkt\/green-maeng-da\/\" \/>\n<meta property=\"og:locale\" content=\"cs_CZ\" \/>\n<meta property=\"og:type\" content=\"article\" \/>\n<meta property=\"og:title\" content=\"Green Maeng Da | Premium Kratom in EU at King Speciosa\" \/>\n<meta property=\"og:description\" content=\"Buy Green Maeng Da at King Speciosa. This premium Kratom is sourced from Borneo and lab-tested for quality. Available across EU with fast delivery.\" \/>\n<meta property=\"og:url\" content=\"https:\/\/kingspeciosa.eu\/cz\/produkt\/green-maeng-da\/\" \/>\n<meta property=\"og:site_name\" content=\"King Speciosa\" \/>\n<meta property=\"article:modified_time\" content=\"2025-02-01T18:52:22+00:00\" \/>\n<meta property=\"og:image\" content=\"https:\/\/kingspeciosa.eu\/wp-content\/uploads\/2024\/12\/Green-Maeng-Da.png\" \/>\n\t<meta property=\"og:image:width\" content=\"800\" \/>\n\t<meta property=\"og:image:height\" content=\"800\" \/>\n\t<meta property=\"og:image:type\" content=\"image\/png\" \/>\n<meta name=\"twitter:card\" content=\"summary_large_image\" \/>\n<meta name=\"twitter:label1\" content=\"Odhadovan\u00e1 doba \u010dten\u00ed\" \/>\n\t<meta name=\"twitter:data1\" content=\"1 minuta\" \/>\n<script type=\"application\/ld+json\" class=\"yoast-schema-graph\">{\"@context\":\"https:\\\/\\\/schema.org\",\"@graph\":[{\"@type\":\"WebPage\",\"@id\":\"https:\\\/\\\/kingspeciosa.eu\\\/cz\\\/produkt\\\/green-maeng-da\\\/\",\"url\":\"https:\\\/\\\/kingspeciosa.eu\\\/cz\\\/produkt\\\/green-maeng-da\\\/\",\"name\":\"Green Maeng Da | Premium Kratom in EU at King Speciosa\",\"isPartOf\":{\"@id\":\"https:\\\/\\\/kingspeciosa.eu\\\/#website\"},\"primaryImageOfPage\":{\"@id\":\"https:\\\/\\\/kingspeciosa.eu\\\/cz\\\/produkt\\\/green-maeng-da\\\/#primaryimage\"},\"image\":{\"@id\":\"https:\\\/\\\/kingspeciosa.eu\\\/cz\\\/produkt\\\/green-maeng-da\\\/#primaryimage\"},\"thumbnailUrl\":\"https:\\\/\\\/kingspeciosa.eu\\\/wp-content\\\/uploads\\\/2024\\\/12\\\/Green-Maeng-Da.png\",\"datePublished\":\"2024-11-24T11:11:20+00:00\",\"dateModified\":\"2025-02-01T18:52:22+00:00\",\"description\":\"Buy Green Maeng Da at King Speciosa. This premium Kratom is sourced from Borneo and lab-tested for quality. Available across EU with fast delivery.\",\"breadcrumb\":{\"@id\":\"https:\\\/\\\/kingspeciosa.eu\\\/cz\\\/produkt\\\/green-maeng-da\\\/#breadcrumb\"},\"inLanguage\":\"cs\",\"potentialAction\":[{\"@type\":\"ReadAction\",\"target\":[\"https:\\\/\\\/kingspeciosa.eu\\\/cz\\\/produkt\\\/green-maeng-da\\\/\"]}]},{\"@type\":\"ImageObject\",\"inLanguage\":\"cs\",\"@id\":\"https:\\\/\\\/kingspeciosa.eu\\\/cz\\\/produkt\\\/green-maeng-da\\\/#primaryimage\",\"url\":\"https:\\\/\\\/kingspeciosa.eu\\\/wp-content\\\/uploads\\\/2024\\\/12\\\/Green-Maeng-Da.png\",\"contentUrl\":\"https:\\\/\\\/kingspeciosa.eu\\\/wp-content\\\/uploads\\\/2024\\\/12\\\/Green-Maeng-Da.png\",\"width\":800,\"height\":800,\"caption\":\"Green Maeng Da\"},{\"@type\":\"BreadcrumbList\",\"@id\":\"https:\\\/\\\/kingspeciosa.eu\\\/cz\\\/produkt\\\/green-maeng-da\\\/#breadcrumb\",\"itemListElement\":[{\"@type\":\"ListItem\",\"position\":1,\"name\":\"Home\",\"item\":\"https:\\\/\\\/kingspeciosa.eu\\\/cz\\\/domovska-stranka\\\/\"},{\"@type\":\"ListItem\",\"position\":2,\"name\":\"Obchod\",\"item\":\"https:\\\/\\\/kingspeciosa.eu\\\/cz\\\/obchod\\\/\"},{\"@type\":\"ListItem\",\"position\":3,\"name\":\"Green Maeng Da\"}]},{\"@type\":\"WebSite\",\"@id\":\"https:\\\/\\\/kingspeciosa.eu\\\/#website\",\"url\":\"https:\\\/\\\/kingspeciosa.eu\\\/\",\"name\":\"King Speciosa\",\"description\":\"King of the jungle \ud83c\udf34\",\"publisher\":{\"@id\":\"https:\\\/\\\/kingspeciosa.eu\\\/#organization\"},\"potentialAction\":[{\"@type\":\"SearchAction\",\"target\":{\"@type\":\"EntryPoint\",\"urlTemplate\":\"https:\\\/\\\/kingspeciosa.eu\\\/?s={search_term_string}\"},\"query-input\":{\"@type\":\"PropertyValueSpecification\",\"valueRequired\":true,\"valueName\":\"search_term_string\"}}],\"inLanguage\":\"cs\"},{\"@type\":\"Organization\",\"@id\":\"https:\\\/\\\/kingspeciosa.eu\\\/#organization\",\"name\":\"King Speciosa\",\"url\":\"https:\\\/\\\/kingspeciosa.eu\\\/\",\"logo\":{\"@type\":\"ImageObject\",\"inLanguage\":\"cs\",\"@id\":\"https:\\\/\\\/kingspeciosa.eu\\\/#\\\/schema\\\/logo\\\/image\\\/\",\"url\":\"http:\\\/\\\/kingspeciosa.eu\\\/wp-content\\\/uploads\\\/2024\\\/12\\\/KingSpeciosa-logo.png\",\"contentUrl\":\"http:\\\/\\\/kingspeciosa.eu\\\/wp-content\\\/uploads\\\/2024\\\/12\\\/KingSpeciosa-logo.png\",\"width\":1000,\"height\":1000,\"caption\":\"King Speciosa\"},\"image\":{\"@id\":\"https:\\\/\\\/kingspeciosa.eu\\\/#\\\/schema\\\/logo\\\/image\\\/\"}}]}<\/script>\n<!-- \/ Yoast SEO plugin. -->","yoast_head_json":{"title":"Green Maeng Da | Premium Kratom in EU at King Speciosa","description":"Buy Green Maeng Da at King Speciosa. This premium Kratom is sourced from Borneo and lab-tested for quality. Available across EU with fast delivery.","robots":{"index":"index","follow":"follow","max-snippet":"max-snippet:-1","max-image-preview":"max-image-preview:large","max-video-preview":"max-video-preview:-1"},"canonical":"https:\/\/kingspeciosa.eu\/cz\/produkt\/green-maeng-da\/","og_locale":"cs_CZ","og_type":"article","og_title":"Green Maeng Da | Premium Kratom in EU at King Speciosa","og_description":"Buy Green Maeng Da at King Speciosa. This premium Kratom is sourced from Borneo and lab-tested for quality. Available across EU with fast delivery.","og_url":"https:\/\/kingspeciosa.eu\/cz\/produkt\/green-maeng-da\/","og_site_name":"King Speciosa","article_modified_time":"2025-02-01T18:52:22+00:00","og_image":[{"width":800,"height":800,"url":"https:\/\/kingspeciosa.eu\/wp-content\/uploads\/2024\/12\/Green-Maeng-Da.png","type":"image\/png"}],"twitter_card":"summary_large_image","twitter_misc":{"Odhadovan\u00e1 doba \u010dten\u00ed":"1 minuta"},"schema":{"@context":"https:\/\/schema.org","@graph":[{"@type":"WebPage","@id":"https:\/\/kingspeciosa.eu\/cz\/produkt\/green-maeng-da\/","url":"https:\/\/kingspeciosa.eu\/cz\/produkt\/green-maeng-da\/","name":"Green Maeng Da | Premium Kratom in EU at King Speciosa","isPartOf":{"@id":"https:\/\/kingspeciosa.eu\/#website"},"primaryImageOfPage":{"@id":"https:\/\/kingspeciosa.eu\/cz\/produkt\/green-maeng-da\/#primaryimage"},"image":{"@id":"https:\/\/kingspeciosa.eu\/cz\/produkt\/green-maeng-da\/#primaryimage"},"thumbnailUrl":"https:\/\/kingspeciosa.eu\/wp-content\/uploads\/2024\/12\/Green-Maeng-Da.png","datePublished":"2024-11-24T11:11:20+00:00","dateModified":"2025-02-01T18:52:22+00:00","description":"Buy Green Maeng Da at King Speciosa. This premium Kratom is sourced from Borneo and lab-tested for quality. Available across EU with fast delivery.","breadcrumb":{"@id":"https:\/\/kingspeciosa.eu\/cz\/produkt\/green-maeng-da\/#breadcrumb"},"inLanguage":"cs","potentialAction":[{"@type":"ReadAction","target":["https:\/\/kingspeciosa.eu\/cz\/produkt\/green-maeng-da\/"]}]},{"@type":"ImageObject","inLanguage":"cs","@id":"https:\/\/kingspeciosa.eu\/cz\/produkt\/green-maeng-da\/#primaryimage","url":"https:\/\/kingspeciosa.eu\/wp-content\/uploads\/2024\/12\/Green-Maeng-Da.png","contentUrl":"https:\/\/kingspeciosa.eu\/wp-content\/uploads\/2024\/12\/Green-Maeng-Da.png","width":800,"height":800,"caption":"Green Maeng Da"},{"@type":"BreadcrumbList","@id":"https:\/\/kingspeciosa.eu\/cz\/produkt\/green-maeng-da\/#breadcrumb","itemListElement":[{"@type":"ListItem","position":1,"name":"Home","item":"https:\/\/kingspeciosa.eu\/cz\/domovska-stranka\/"},{"@type":"ListItem","position":2,"name":"Obchod","item":"https:\/\/kingspeciosa.eu\/cz\/obchod\/"},{"@type":"ListItem","position":3,"name":"Green Maeng Da"}]},{"@type":"WebSite","@id":"https:\/\/kingspeciosa.eu\/#website","url":"https:\/\/kingspeciosa.eu\/","name":"King Speciosa","description":"King of the jungle \ud83c\udf34","publisher":{"@id":"https:\/\/kingspeciosa.eu\/#organization"},"potentialAction":[{"@type":"SearchAction","target":{"@type":"EntryPoint","urlTemplate":"https:\/\/kingspeciosa.eu\/?s={search_term_string}"},"query-input":{"@type":"PropertyValueSpecification","valueRequired":true,"valueName":"search_term_string"}}],"inLanguage":"cs"},{"@type":"Organization","@id":"https:\/\/kingspeciosa.eu\/#organization","name":"King Speciosa","url":"https:\/\/kingspeciosa.eu\/","logo":{"@type":"ImageObject","inLanguage":"cs","@id":"https:\/\/kingspeciosa.eu\/#\/schema\/logo\/image\/","url":"http:\/\/kingspeciosa.eu\/wp-content\/uploads\/2024\/12\/KingSpeciosa-logo.png","contentUrl":"http:\/\/kingspeciosa.eu\/wp-content\/uploads\/2024\/12\/KingSpeciosa-logo.png","width":1000,"height":1000,"caption":"King Speciosa"},"image":{"@id":"https:\/\/kingspeciosa.eu\/#\/schema\/logo\/image\/"}}]}},"_links":{"self":[{"href":"https:\/\/kingspeciosa.eu\/cz\/wp-json\/wp\/v2\/product\/2957","targetHints":{"allow":["GET"]}}],"collection":[{"href":"https:\/\/kingspeciosa.eu\/cz\/wp-json\/wp\/v2\/product"}],"about":[{"href":"https:\/\/kingspeciosa.eu\/cz\/wp-json\/wp\/v2\/types\/product"}],"replies":[{"embeddable":true,"href":"https:\/\/kingspeciosa.eu\/cz\/wp-json\/wp\/v2\/comments?post=2957"}],"wp:featuredmedia":[{"embeddable":true,"href":"https:\/\/kingspeciosa.eu\/cz\/wp-json\/wp\/v2\/media\/368"}],"wp:attachment":[{"href":"https:\/\/kingspeciosa.eu\/cz\/wp-json\/wp\/v2\/media?parent=2957"}],"wp:term":[{"taxonomy":"product_brand","embeddable":true,"href":"https:\/\/kingspeciosa.eu\/cz\/wp-json\/wp\/v2\/product_brand?post=2957"},{"taxonomy":"product_cat","embeddable":true,"href":"https:\/\/kingspeciosa.eu\/cz\/wp-json\/wp\/v2\/product_cat?post=2957"},{"taxonomy":"product_tag","embeddable":true,"href":"https:\/\/kingspeciosa.eu\/cz\/wp-json\/wp\/v2\/product_tag?post=2957"}],"curies":[{"name":"wp","href":"https:\/\/api.w.org\/{rel}","templated":true}]}}