{"id":2983,"date":"2024-11-24T11:11:55","date_gmt":"2024-11-24T11:11:55","guid":{"rendered":"https:\/\/kingspeciosa.eu\/product\/white-maeng-da\/"},"modified":"2025-02-01T18:52:24","modified_gmt":"2025-02-01T18:52:24","slug":"white-maeng-da","status":"publish","type":"product","link":"https:\/\/kingspeciosa.eu\/cz\/produkt\/white-maeng-da\/","title":{"rendered":"White Maeng Da"},"content":{"rendered":"<h2>B\u00edl\u00fd Maeng Da: Z\u00e1\u0159iv\u00fd a pr\u00e9miov\u00fd kmen<\/h2>\n<p>White Maeng Da, odvozen\u00fd od thajsk\u00e9ho term\u00ednu &#8222;Maeng Da&#8220;, co\u017e znamen\u00e1 &#8222;pas\u00e1k&#8220;, je v\u00fdzna\u010dn\u00fd kmen Kratomu, kter\u00fd je proslul\u00fd sv\u00fdmi jasn\u00fdmi a \u017eiv\u00fdmi vlastnostmi. Skl\u00edz\u00ed se ze vzrostl\u00fdch strom\u016f v jihov\u00fdchodn\u00ed Asii a je zn\u00e1m\u00fd sv\u00fdm pe\u010dliv\u00fdm zpracov\u00e1n\u00edm a vysoce kvalitn\u00edmi standardy, d\u00edky nim\u017e je obl\u00edben\u00fd mezi nad\u0161enci Kratomu po cel\u00e9m sv\u011bt\u011b. <\/p>\n<h3>Sklizeno ze zral\u00fdch strom\u016f Kratom<\/h3>\n<p>White Maeng Da se p\u011bstuje z pln\u011b vzrostl\u00fdch strom\u016f v tropick\u00e9m podneb\u00ed jihov\u00fdchodn\u00ed Asie. Tyto stromy jsou o\u0161et\u0159ov\u00e1ny tak, aby jejich listy z\u00edskaly strukturu a celistvost, kter\u00e9 definuj\u00ed kmen pr\u00e9miov\u00e9 kvality. <\/p>\n<h3>Jasn\u00fd a v\u00fdrazn\u00fd vzhled list\u016f<\/h3>\n<p>Tento kmen se vyzna\u010duje n\u00e1padn\u00fdmi sv\u011btl\u00fdmi \u017eilkami list\u016f White Maeng Da. Tento v\u00fdrazn\u00fd vzhled je v\u00fdsledkem pe\u010dliv\u00e9ho sb\u011bru a tradi\u010dn\u00edch technik su\u0161en\u00ed, kter\u00e9 zaji\u0161\u0165uj\u00ed zachov\u00e1n\u00ed jeho p\u0159irozen\u00fdch vlastnost\u00ed. <\/p>\n<h3>Celosv\u011btov\u011b obl\u00edben\u00fd produkt<\/h3>\n<p>White Maeng Da je zn\u00e1m\u00fd svou konzistenc\u00ed a dokonalost\u00ed a z\u00edskal si vynikaj\u00edc\u00ed pov\u011bst na sv\u011btov\u00e9m trhu s Kratomem. Jeho popularita pramen\u00ed z jeho jedine\u010dn\u00fdch vlastnost\u00ed a d\u016fv\u011bry, kterou si z\u00edskal mezi z\u00e1kazn\u00edky hledaj\u00edc\u00edmi vysoce kvalitn\u00ed produkty Kratom. <\/p>\n","protected":false},"excerpt":{"rendered":"<p><strong>White Maeng Da<\/strong>, co\u017e znamen\u00e1 &#8222;Pimp Grade&#8220;, je z\u00e1\u0159iv\u00fd a rafinovan\u00fd kmen cen\u011bn\u00fd pro sv\u016fj jasn\u00fd vzhled a v\u00fdjime\u010dnou kvalitu. Skl\u00edz\u00ed se v jihov\u00fdchodn\u00ed Asii a je z\u00e1kladem pr\u00e9miov\u00fdch v\u00fdb\u011br\u016f Kratomu po cel\u00e9m sv\u011bt\u011b. <\/p>\n","protected":false},"featured_media":379,"comment_status":"open","ping_status":"closed","template":"","meta":[],"product_brand":[],"product_cat":[125,122],"product_tag":[],"class_list":{"0":"post-2983","1":"product","2":"type-product","3":"status-publish","4":"has-post-thumbnail","6":"product_cat-bily-kratom-cz","7":"product_cat-kratom-cz","9":"first","10":"instock","11":"taxable","12":"shipping-taxable","13":"purchasable","14":"product-type-variable","15":"has-default-attributes"},"yoast_head":"<!-- This site is optimized with the Yoast SEO plugin v27.6 - https:\/\/yoast.com\/product\/yoast-seo-wordpress\/ -->\n<title>White Maeng Da | Premium Kratom in EU at King Speciosa<\/title>\n<meta name=\"description\" content=\"Buy White Maeng Da at King Speciosa. This premium Kratom is sourced from Borneo and lab-tested for quality. Available across EU with fast delivery.\" \/>\n<meta name=\"robots\" content=\"index, follow, max-snippet:-1, max-image-preview:large, max-video-preview:-1\" \/>\n<link rel=\"canonical\" href=\"https:\/\/kingspeciosa.eu\/cz\/produkt\/white-maeng-da\/\" \/>\n<meta property=\"og:locale\" content=\"cs_CZ\" \/>\n<meta property=\"og:type\" content=\"article\" \/>\n<meta property=\"og:title\" content=\"White Maeng Da | Premium Kratom in EU at King Speciosa\" \/>\n<meta property=\"og:description\" content=\"Buy White Maeng Da at King Speciosa. This premium Kratom is sourced from Borneo and lab-tested for quality. Available across EU with fast delivery.\" \/>\n<meta property=\"og:url\" content=\"https:\/\/kingspeciosa.eu\/cz\/produkt\/white-maeng-da\/\" \/>\n<meta property=\"og:site_name\" content=\"King Speciosa\" \/>\n<meta property=\"article:modified_time\" content=\"2025-02-01T18:52:24+00:00\" \/>\n<meta property=\"og:image\" content=\"https:\/\/kingspeciosa.eu\/wp-content\/uploads\/2024\/12\/White-Maeng-Da.png\" \/>\n\t<meta property=\"og:image:width\" content=\"800\" \/>\n\t<meta property=\"og:image:height\" content=\"800\" \/>\n\t<meta property=\"og:image:type\" content=\"image\/png\" \/>\n<meta name=\"twitter:card\" content=\"summary_large_image\" \/>\n<meta name=\"twitter:label1\" content=\"Odhadovan\u00e1 doba \u010dten\u00ed\" \/>\n\t<meta name=\"twitter:data1\" content=\"1 minuta\" \/>\n<script type=\"application\/ld+json\" class=\"yoast-schema-graph\">{\"@context\":\"https:\\\/\\\/schema.org\",\"@graph\":[{\"@type\":\"WebPage\",\"@id\":\"https:\\\/\\\/kingspeciosa.eu\\\/cz\\\/produkt\\\/white-maeng-da\\\/\",\"url\":\"https:\\\/\\\/kingspeciosa.eu\\\/cz\\\/produkt\\\/white-maeng-da\\\/\",\"name\":\"White Maeng Da | Premium Kratom in EU at King Speciosa\",\"isPartOf\":{\"@id\":\"https:\\\/\\\/kingspeciosa.eu\\\/#website\"},\"primaryImageOfPage\":{\"@id\":\"https:\\\/\\\/kingspeciosa.eu\\\/cz\\\/produkt\\\/white-maeng-da\\\/#primaryimage\"},\"image\":{\"@id\":\"https:\\\/\\\/kingspeciosa.eu\\\/cz\\\/produkt\\\/white-maeng-da\\\/#primaryimage\"},\"thumbnailUrl\":\"https:\\\/\\\/kingspeciosa.eu\\\/wp-content\\\/uploads\\\/2024\\\/12\\\/White-Maeng-Da.png\",\"datePublished\":\"2024-11-24T11:11:55+00:00\",\"dateModified\":\"2025-02-01T18:52:24+00:00\",\"description\":\"Buy White Maeng Da at King Speciosa. This premium Kratom is sourced from Borneo and lab-tested for quality. Available across EU with fast delivery.\",\"breadcrumb\":{\"@id\":\"https:\\\/\\\/kingspeciosa.eu\\\/cz\\\/produkt\\\/white-maeng-da\\\/#breadcrumb\"},\"inLanguage\":\"cs\",\"potentialAction\":[{\"@type\":\"ReadAction\",\"target\":[\"https:\\\/\\\/kingspeciosa.eu\\\/cz\\\/produkt\\\/white-maeng-da\\\/\"]}]},{\"@type\":\"ImageObject\",\"inLanguage\":\"cs\",\"@id\":\"https:\\\/\\\/kingspeciosa.eu\\\/cz\\\/produkt\\\/white-maeng-da\\\/#primaryimage\",\"url\":\"https:\\\/\\\/kingspeciosa.eu\\\/wp-content\\\/uploads\\\/2024\\\/12\\\/White-Maeng-Da.png\",\"contentUrl\":\"https:\\\/\\\/kingspeciosa.eu\\\/wp-content\\\/uploads\\\/2024\\\/12\\\/White-Maeng-Da.png\",\"width\":800,\"height\":800,\"caption\":\"White Maeng Da\"},{\"@type\":\"BreadcrumbList\",\"@id\":\"https:\\\/\\\/kingspeciosa.eu\\\/cz\\\/produkt\\\/white-maeng-da\\\/#breadcrumb\",\"itemListElement\":[{\"@type\":\"ListItem\",\"position\":1,\"name\":\"Home\",\"item\":\"https:\\\/\\\/kingspeciosa.eu\\\/cz\\\/domovska-stranka\\\/\"},{\"@type\":\"ListItem\",\"position\":2,\"name\":\"Obchod\",\"item\":\"https:\\\/\\\/kingspeciosa.eu\\\/cz\\\/obchod\\\/\"},{\"@type\":\"ListItem\",\"position\":3,\"name\":\"White Maeng Da\"}]},{\"@type\":\"WebSite\",\"@id\":\"https:\\\/\\\/kingspeciosa.eu\\\/#website\",\"url\":\"https:\\\/\\\/kingspeciosa.eu\\\/\",\"name\":\"King Speciosa\",\"description\":\"King of the jungle \ud83c\udf34\",\"publisher\":{\"@id\":\"https:\\\/\\\/kingspeciosa.eu\\\/#organization\"},\"potentialAction\":[{\"@type\":\"SearchAction\",\"target\":{\"@type\":\"EntryPoint\",\"urlTemplate\":\"https:\\\/\\\/kingspeciosa.eu\\\/?s={search_term_string}\"},\"query-input\":{\"@type\":\"PropertyValueSpecification\",\"valueRequired\":true,\"valueName\":\"search_term_string\"}}],\"inLanguage\":\"cs\"},{\"@type\":\"Organization\",\"@id\":\"https:\\\/\\\/kingspeciosa.eu\\\/#organization\",\"name\":\"King Speciosa\",\"url\":\"https:\\\/\\\/kingspeciosa.eu\\\/\",\"logo\":{\"@type\":\"ImageObject\",\"inLanguage\":\"cs\",\"@id\":\"https:\\\/\\\/kingspeciosa.eu\\\/#\\\/schema\\\/logo\\\/image\\\/\",\"url\":\"http:\\\/\\\/kingspeciosa.eu\\\/wp-content\\\/uploads\\\/2024\\\/12\\\/KingSpeciosa-logo.png\",\"contentUrl\":\"http:\\\/\\\/kingspeciosa.eu\\\/wp-content\\\/uploads\\\/2024\\\/12\\\/KingSpeciosa-logo.png\",\"width\":1000,\"height\":1000,\"caption\":\"King Speciosa\"},\"image\":{\"@id\":\"https:\\\/\\\/kingspeciosa.eu\\\/#\\\/schema\\\/logo\\\/image\\\/\"}}]}<\/script>\n<!-- \/ Yoast SEO plugin. -->","yoast_head_json":{"title":"White Maeng Da | Premium Kratom in EU at King Speciosa","description":"Buy White Maeng Da at King Speciosa. This premium Kratom is sourced from Borneo and lab-tested for quality. Available across EU with fast delivery.","robots":{"index":"index","follow":"follow","max-snippet":"max-snippet:-1","max-image-preview":"max-image-preview:large","max-video-preview":"max-video-preview:-1"},"canonical":"https:\/\/kingspeciosa.eu\/cz\/produkt\/white-maeng-da\/","og_locale":"cs_CZ","og_type":"article","og_title":"White Maeng Da | Premium Kratom in EU at King Speciosa","og_description":"Buy White Maeng Da at King Speciosa. This premium Kratom is sourced from Borneo and lab-tested for quality. Available across EU with fast delivery.","og_url":"https:\/\/kingspeciosa.eu\/cz\/produkt\/white-maeng-da\/","og_site_name":"King Speciosa","article_modified_time":"2025-02-01T18:52:24+00:00","og_image":[{"width":800,"height":800,"url":"https:\/\/kingspeciosa.eu\/wp-content\/uploads\/2024\/12\/White-Maeng-Da.png","type":"image\/png"}],"twitter_card":"summary_large_image","twitter_misc":{"Odhadovan\u00e1 doba \u010dten\u00ed":"1 minuta"},"schema":{"@context":"https:\/\/schema.org","@graph":[{"@type":"WebPage","@id":"https:\/\/kingspeciosa.eu\/cz\/produkt\/white-maeng-da\/","url":"https:\/\/kingspeciosa.eu\/cz\/produkt\/white-maeng-da\/","name":"White Maeng Da | Premium Kratom in EU at King Speciosa","isPartOf":{"@id":"https:\/\/kingspeciosa.eu\/#website"},"primaryImageOfPage":{"@id":"https:\/\/kingspeciosa.eu\/cz\/produkt\/white-maeng-da\/#primaryimage"},"image":{"@id":"https:\/\/kingspeciosa.eu\/cz\/produkt\/white-maeng-da\/#primaryimage"},"thumbnailUrl":"https:\/\/kingspeciosa.eu\/wp-content\/uploads\/2024\/12\/White-Maeng-Da.png","datePublished":"2024-11-24T11:11:55+00:00","dateModified":"2025-02-01T18:52:24+00:00","description":"Buy White Maeng Da at King Speciosa. This premium Kratom is sourced from Borneo and lab-tested for quality. Available across EU with fast delivery.","breadcrumb":{"@id":"https:\/\/kingspeciosa.eu\/cz\/produkt\/white-maeng-da\/#breadcrumb"},"inLanguage":"cs","potentialAction":[{"@type":"ReadAction","target":["https:\/\/kingspeciosa.eu\/cz\/produkt\/white-maeng-da\/"]}]},{"@type":"ImageObject","inLanguage":"cs","@id":"https:\/\/kingspeciosa.eu\/cz\/produkt\/white-maeng-da\/#primaryimage","url":"https:\/\/kingspeciosa.eu\/wp-content\/uploads\/2024\/12\/White-Maeng-Da.png","contentUrl":"https:\/\/kingspeciosa.eu\/wp-content\/uploads\/2024\/12\/White-Maeng-Da.png","width":800,"height":800,"caption":"White Maeng Da"},{"@type":"BreadcrumbList","@id":"https:\/\/kingspeciosa.eu\/cz\/produkt\/white-maeng-da\/#breadcrumb","itemListElement":[{"@type":"ListItem","position":1,"name":"Home","item":"https:\/\/kingspeciosa.eu\/cz\/domovska-stranka\/"},{"@type":"ListItem","position":2,"name":"Obchod","item":"https:\/\/kingspeciosa.eu\/cz\/obchod\/"},{"@type":"ListItem","position":3,"name":"White Maeng Da"}]},{"@type":"WebSite","@id":"https:\/\/kingspeciosa.eu\/#website","url":"https:\/\/kingspeciosa.eu\/","name":"King Speciosa","description":"King of the jungle \ud83c\udf34","publisher":{"@id":"https:\/\/kingspeciosa.eu\/#organization"},"potentialAction":[{"@type":"SearchAction","target":{"@type":"EntryPoint","urlTemplate":"https:\/\/kingspeciosa.eu\/?s={search_term_string}"},"query-input":{"@type":"PropertyValueSpecification","valueRequired":true,"valueName":"search_term_string"}}],"inLanguage":"cs"},{"@type":"Organization","@id":"https:\/\/kingspeciosa.eu\/#organization","name":"King Speciosa","url":"https:\/\/kingspeciosa.eu\/","logo":{"@type":"ImageObject","inLanguage":"cs","@id":"https:\/\/kingspeciosa.eu\/#\/schema\/logo\/image\/","url":"http:\/\/kingspeciosa.eu\/wp-content\/uploads\/2024\/12\/KingSpeciosa-logo.png","contentUrl":"http:\/\/kingspeciosa.eu\/wp-content\/uploads\/2024\/12\/KingSpeciosa-logo.png","width":1000,"height":1000,"caption":"King Speciosa"},"image":{"@id":"https:\/\/kingspeciosa.eu\/#\/schema\/logo\/image\/"}}]}},"_links":{"self":[{"href":"https:\/\/kingspeciosa.eu\/cz\/wp-json\/wp\/v2\/product\/2983","targetHints":{"allow":["GET"]}}],"collection":[{"href":"https:\/\/kingspeciosa.eu\/cz\/wp-json\/wp\/v2\/product"}],"about":[{"href":"https:\/\/kingspeciosa.eu\/cz\/wp-json\/wp\/v2\/types\/product"}],"replies":[{"embeddable":true,"href":"https:\/\/kingspeciosa.eu\/cz\/wp-json\/wp\/v2\/comments?post=2983"}],"wp:featuredmedia":[{"embeddable":true,"href":"https:\/\/kingspeciosa.eu\/cz\/wp-json\/wp\/v2\/media\/379"}],"wp:attachment":[{"href":"https:\/\/kingspeciosa.eu\/cz\/wp-json\/wp\/v2\/media?parent=2983"}],"wp:term":[{"taxonomy":"product_brand","embeddable":true,"href":"https:\/\/kingspeciosa.eu\/cz\/wp-json\/wp\/v2\/product_brand?post=2983"},{"taxonomy":"product_cat","embeddable":true,"href":"https:\/\/kingspeciosa.eu\/cz\/wp-json\/wp\/v2\/product_cat?post=2983"},{"taxonomy":"product_tag","embeddable":true,"href":"https:\/\/kingspeciosa.eu\/cz\/wp-json\/wp\/v2\/product_tag?post=2983"}],"curies":[{"name":"wp","href":"https:\/\/api.w.org\/{rel}","templated":true}]}}