{"id":3006,"date":"2024-12-01T19:21:01","date_gmt":"2024-12-01T19:21:01","guid":{"rendered":"https:\/\/kingspeciosa.eu\/product\/green-bali\/"},"modified":"2024-12-01T19:21:01","modified_gmt":"2024-12-01T19:21:01","slug":"green-bali","status":"publish","type":"product","link":"https:\/\/kingspeciosa.eu\/cz\/produkt\/green-bali\/","title":{"rendered":"Green Bali"},"content":{"rendered":"<h2>Green Bali: Klasick\u00fd kmen<\/h2>\n<p>Green Bali je nad\u010dasov\u00fd kmen Kratomu, kter\u00fd se p\u011bstuje v bujn\u00fdch a \u00farodn\u00fdch oblastech Bornea. Green Bali je proslul\u00fd svou z\u00e1\u0159iv\u011b zelenou barvou a st\u00e1lou kvalitou a p\u0159edstavuje dokonalou rovnov\u00e1hu mezi tradic\u00ed a \u0159emeslnou zru\u010dnost\u00ed. Tento klasick\u00fd kmen je z\u00e1kladn\u00edm kamenem v\u00fdb\u011bru kratomu po cel\u00e9m sv\u011bt\u011b, kter\u00fd nad\u0161enci oce\u0148uj\u00ed pro jeho spolehlivost a prvot\u0159\u00eddn\u00ed vlastnosti.  <\/p>\n<h3>Sklizeno z \u00farodn\u00e9 p\u016fdy Bornea<\/h3>\n<p>Tento kmen poch\u00e1z\u00ed z p\u016fdy bohat\u00e9 na \u017eiviny na Borneu, kde tropick\u00e9 podm\u00ednky vytv\u00e1\u0159ej\u00ed ide\u00e1ln\u00ed prost\u0159ed\u00ed pro r\u016fst strom\u016f Kratomu. Dosp\u011bl\u00e9 stromy jsou pe\u010dliv\u011b skl\u00edzeny, aby bylo zaji\u0161t\u011bno, \u017ee ke zpracov\u00e1n\u00ed budou vybr\u00e1ny ty nejkvalitn\u011bj\u0161\u00ed listy. <\/p>\n<h3>\u017div\u00fd a sv\u011b\u017e\u00ed vzhled<\/h3>\n<p>Z\u00e1\u0159iv\u011b zelen\u00e1 barva list\u016f Green Bali je d\u016fkazem jejich \u010derstvosti a pe\u010dliv\u00e9ho p\u011bstov\u00e1n\u00ed. Tradi\u010dn\u00ed techniky zpracov\u00e1n\u00ed zachov\u00e1vaj\u00ed p\u0159irozen\u00e9 vlastnosti list\u016f a zaji\u0161\u0165uj\u00ed konzistentn\u00ed a jemnou strukturu ka\u017ed\u00e9 \u0161ar\u017ee. <\/p>\n<h3>D\u016fv\u011bryhodn\u00e1 volba po cel\u00e9m sv\u011bt\u011b<\/h3>\n<p>Tento produkt si z\u00edskal pov\u011bst spolehliv\u00e9ho a prvot\u0159\u00eddn\u00edho kmene. Jeho \u0161irok\u00e1 popularita je odrazem jeho konzistentn\u00ed kvality, d\u00edky n\u00ed\u017e se stal z\u00e1kladem pro nad\u0161ence Kratomu po cel\u00e9m sv\u011bt\u011b. <\/p>\n","protected":false},"excerpt":{"rendered":"<p><strong>Green Bali<\/strong> je klasick\u00e1 odr\u016fda poch\u00e1zej\u00edc\u00ed z bujn\u00e9 krajiny Bornea. Je zn\u00e1m\u00e1 pro svou z\u00e1\u0159iv\u011b zelenou barvu a prvot\u0159\u00eddn\u00ed kvalitu a je spolehlivou volbou pro nad\u0161ence Kratomu po cel\u00e9m sv\u011bt\u011b. <\/p>\n","protected":false},"featured_media":365,"comment_status":"open","ping_status":"closed","template":"","meta":[],"product_brand":[],"product_cat":[122,123],"product_tag":[],"class_list":{"0":"post-3006","1":"product","2":"type-product","3":"status-publish","4":"has-post-thumbnail","6":"product_cat-kratom-cz","7":"product_cat-zeleny-kratom-cz","9":"first","10":"instock","11":"taxable","12":"shipping-taxable","13":"purchasable","14":"product-type-variable","15":"has-default-attributes"},"yoast_head":"<!-- This site is optimized with the Yoast SEO plugin v27.6 - https:\/\/yoast.com\/product\/yoast-seo-wordpress\/ -->\n<title>Green Bali | Premium Kratom in EU at King Speciosa<\/title>\n<meta name=\"description\" content=\"Buy Green Bali at King Speciosa. This premium Kratom is sourced from Borneo and lab-tested for quality. Available across EU with fast delivery.\" \/>\n<meta name=\"robots\" content=\"index, follow, max-snippet:-1, max-image-preview:large, max-video-preview:-1\" \/>\n<link rel=\"canonical\" href=\"https:\/\/kingspeciosa.eu\/cz\/produkt\/green-bali\/\" \/>\n<meta property=\"og:locale\" content=\"cs_CZ\" \/>\n<meta property=\"og:type\" content=\"article\" \/>\n<meta property=\"og:title\" content=\"Green Bali | Premium Kratom in EU at King Speciosa\" \/>\n<meta property=\"og:description\" content=\"Buy Green Bali at King Speciosa. This premium Kratom is sourced from Borneo and lab-tested for quality. Available across EU with fast delivery.\" \/>\n<meta property=\"og:url\" content=\"https:\/\/kingspeciosa.eu\/cz\/produkt\/green-bali\/\" \/>\n<meta property=\"og:site_name\" content=\"King Speciosa\" \/>\n<meta property=\"og:image\" content=\"https:\/\/kingspeciosa.eu\/wp-content\/uploads\/2024\/12\/Green-Bali.png\" \/>\n\t<meta property=\"og:image:width\" content=\"800\" \/>\n\t<meta property=\"og:image:height\" content=\"800\" \/>\n\t<meta property=\"og:image:type\" content=\"image\/png\" \/>\n<meta name=\"twitter:card\" content=\"summary_large_image\" \/>\n<meta name=\"twitter:label1\" content=\"Odhadovan\u00e1 doba \u010dten\u00ed\" \/>\n\t<meta name=\"twitter:data1\" content=\"1 minuta\" \/>\n<script type=\"application\/ld+json\" class=\"yoast-schema-graph\">{\"@context\":\"https:\\\/\\\/schema.org\",\"@graph\":[{\"@type\":\"WebPage\",\"@id\":\"https:\\\/\\\/kingspeciosa.eu\\\/cz\\\/produkt\\\/green-bali\\\/\",\"url\":\"https:\\\/\\\/kingspeciosa.eu\\\/cz\\\/produkt\\\/green-bali\\\/\",\"name\":\"Green Bali | Premium Kratom in EU at King Speciosa\",\"isPartOf\":{\"@id\":\"https:\\\/\\\/kingspeciosa.eu\\\/#website\"},\"primaryImageOfPage\":{\"@id\":\"https:\\\/\\\/kingspeciosa.eu\\\/cz\\\/produkt\\\/green-bali\\\/#primaryimage\"},\"image\":{\"@id\":\"https:\\\/\\\/kingspeciosa.eu\\\/cz\\\/produkt\\\/green-bali\\\/#primaryimage\"},\"thumbnailUrl\":\"https:\\\/\\\/kingspeciosa.eu\\\/wp-content\\\/uploads\\\/2024\\\/12\\\/Green-Bali.png\",\"datePublished\":\"2024-12-01T19:21:01+00:00\",\"description\":\"Buy Green Bali at King Speciosa. This premium Kratom is sourced from Borneo and lab-tested for quality. Available across EU with fast delivery.\",\"breadcrumb\":{\"@id\":\"https:\\\/\\\/kingspeciosa.eu\\\/cz\\\/produkt\\\/green-bali\\\/#breadcrumb\"},\"inLanguage\":\"cs\",\"potentialAction\":[{\"@type\":\"ReadAction\",\"target\":[\"https:\\\/\\\/kingspeciosa.eu\\\/cz\\\/produkt\\\/green-bali\\\/\"]}]},{\"@type\":\"ImageObject\",\"inLanguage\":\"cs\",\"@id\":\"https:\\\/\\\/kingspeciosa.eu\\\/cz\\\/produkt\\\/green-bali\\\/#primaryimage\",\"url\":\"https:\\\/\\\/kingspeciosa.eu\\\/wp-content\\\/uploads\\\/2024\\\/12\\\/Green-Bali.png\",\"contentUrl\":\"https:\\\/\\\/kingspeciosa.eu\\\/wp-content\\\/uploads\\\/2024\\\/12\\\/Green-Bali.png\",\"width\":800,\"height\":800,\"caption\":\"Green Bali\"},{\"@type\":\"BreadcrumbList\",\"@id\":\"https:\\\/\\\/kingspeciosa.eu\\\/cz\\\/produkt\\\/green-bali\\\/#breadcrumb\",\"itemListElement\":[{\"@type\":\"ListItem\",\"position\":1,\"name\":\"Home\",\"item\":\"https:\\\/\\\/kingspeciosa.eu\\\/cz\\\/domovska-stranka\\\/\"},{\"@type\":\"ListItem\",\"position\":2,\"name\":\"Obchod\",\"item\":\"https:\\\/\\\/kingspeciosa.eu\\\/cz\\\/obchod\\\/\"},{\"@type\":\"ListItem\",\"position\":3,\"name\":\"Green Bali\"}]},{\"@type\":\"WebSite\",\"@id\":\"https:\\\/\\\/kingspeciosa.eu\\\/#website\",\"url\":\"https:\\\/\\\/kingspeciosa.eu\\\/\",\"name\":\"King Speciosa\",\"description\":\"King of the jungle \ud83c\udf34\",\"publisher\":{\"@id\":\"https:\\\/\\\/kingspeciosa.eu\\\/#organization\"},\"potentialAction\":[{\"@type\":\"SearchAction\",\"target\":{\"@type\":\"EntryPoint\",\"urlTemplate\":\"https:\\\/\\\/kingspeciosa.eu\\\/?s={search_term_string}\"},\"query-input\":{\"@type\":\"PropertyValueSpecification\",\"valueRequired\":true,\"valueName\":\"search_term_string\"}}],\"inLanguage\":\"cs\"},{\"@type\":\"Organization\",\"@id\":\"https:\\\/\\\/kingspeciosa.eu\\\/#organization\",\"name\":\"King Speciosa\",\"url\":\"https:\\\/\\\/kingspeciosa.eu\\\/\",\"logo\":{\"@type\":\"ImageObject\",\"inLanguage\":\"cs\",\"@id\":\"https:\\\/\\\/kingspeciosa.eu\\\/#\\\/schema\\\/logo\\\/image\\\/\",\"url\":\"http:\\\/\\\/kingspeciosa.eu\\\/wp-content\\\/uploads\\\/2024\\\/12\\\/KingSpeciosa-logo.png\",\"contentUrl\":\"http:\\\/\\\/kingspeciosa.eu\\\/wp-content\\\/uploads\\\/2024\\\/12\\\/KingSpeciosa-logo.png\",\"width\":1000,\"height\":1000,\"caption\":\"King Speciosa\"},\"image\":{\"@id\":\"https:\\\/\\\/kingspeciosa.eu\\\/#\\\/schema\\\/logo\\\/image\\\/\"}}]}<\/script>\n<!-- \/ Yoast SEO plugin. -->","yoast_head_json":{"title":"Green Bali | Premium Kratom in EU at King Speciosa","description":"Buy Green Bali at King Speciosa. This premium Kratom is sourced from Borneo and lab-tested for quality. Available across EU with fast delivery.","robots":{"index":"index","follow":"follow","max-snippet":"max-snippet:-1","max-image-preview":"max-image-preview:large","max-video-preview":"max-video-preview:-1"},"canonical":"https:\/\/kingspeciosa.eu\/cz\/produkt\/green-bali\/","og_locale":"cs_CZ","og_type":"article","og_title":"Green Bali | Premium Kratom in EU at King Speciosa","og_description":"Buy Green Bali at King Speciosa. This premium Kratom is sourced from Borneo and lab-tested for quality. Available across EU with fast delivery.","og_url":"https:\/\/kingspeciosa.eu\/cz\/produkt\/green-bali\/","og_site_name":"King Speciosa","og_image":[{"width":800,"height":800,"url":"https:\/\/kingspeciosa.eu\/wp-content\/uploads\/2024\/12\/Green-Bali.png","type":"image\/png"}],"twitter_card":"summary_large_image","twitter_misc":{"Odhadovan\u00e1 doba \u010dten\u00ed":"1 minuta"},"schema":{"@context":"https:\/\/schema.org","@graph":[{"@type":"WebPage","@id":"https:\/\/kingspeciosa.eu\/cz\/produkt\/green-bali\/","url":"https:\/\/kingspeciosa.eu\/cz\/produkt\/green-bali\/","name":"Green Bali | Premium Kratom in EU at King Speciosa","isPartOf":{"@id":"https:\/\/kingspeciosa.eu\/#website"},"primaryImageOfPage":{"@id":"https:\/\/kingspeciosa.eu\/cz\/produkt\/green-bali\/#primaryimage"},"image":{"@id":"https:\/\/kingspeciosa.eu\/cz\/produkt\/green-bali\/#primaryimage"},"thumbnailUrl":"https:\/\/kingspeciosa.eu\/wp-content\/uploads\/2024\/12\/Green-Bali.png","datePublished":"2024-12-01T19:21:01+00:00","description":"Buy Green Bali at King Speciosa. This premium Kratom is sourced from Borneo and lab-tested for quality. Available across EU with fast delivery.","breadcrumb":{"@id":"https:\/\/kingspeciosa.eu\/cz\/produkt\/green-bali\/#breadcrumb"},"inLanguage":"cs","potentialAction":[{"@type":"ReadAction","target":["https:\/\/kingspeciosa.eu\/cz\/produkt\/green-bali\/"]}]},{"@type":"ImageObject","inLanguage":"cs","@id":"https:\/\/kingspeciosa.eu\/cz\/produkt\/green-bali\/#primaryimage","url":"https:\/\/kingspeciosa.eu\/wp-content\/uploads\/2024\/12\/Green-Bali.png","contentUrl":"https:\/\/kingspeciosa.eu\/wp-content\/uploads\/2024\/12\/Green-Bali.png","width":800,"height":800,"caption":"Green Bali"},{"@type":"BreadcrumbList","@id":"https:\/\/kingspeciosa.eu\/cz\/produkt\/green-bali\/#breadcrumb","itemListElement":[{"@type":"ListItem","position":1,"name":"Home","item":"https:\/\/kingspeciosa.eu\/cz\/domovska-stranka\/"},{"@type":"ListItem","position":2,"name":"Obchod","item":"https:\/\/kingspeciosa.eu\/cz\/obchod\/"},{"@type":"ListItem","position":3,"name":"Green Bali"}]},{"@type":"WebSite","@id":"https:\/\/kingspeciosa.eu\/#website","url":"https:\/\/kingspeciosa.eu\/","name":"King Speciosa","description":"King of the jungle \ud83c\udf34","publisher":{"@id":"https:\/\/kingspeciosa.eu\/#organization"},"potentialAction":[{"@type":"SearchAction","target":{"@type":"EntryPoint","urlTemplate":"https:\/\/kingspeciosa.eu\/?s={search_term_string}"},"query-input":{"@type":"PropertyValueSpecification","valueRequired":true,"valueName":"search_term_string"}}],"inLanguage":"cs"},{"@type":"Organization","@id":"https:\/\/kingspeciosa.eu\/#organization","name":"King Speciosa","url":"https:\/\/kingspeciosa.eu\/","logo":{"@type":"ImageObject","inLanguage":"cs","@id":"https:\/\/kingspeciosa.eu\/#\/schema\/logo\/image\/","url":"http:\/\/kingspeciosa.eu\/wp-content\/uploads\/2024\/12\/KingSpeciosa-logo.png","contentUrl":"http:\/\/kingspeciosa.eu\/wp-content\/uploads\/2024\/12\/KingSpeciosa-logo.png","width":1000,"height":1000,"caption":"King Speciosa"},"image":{"@id":"https:\/\/kingspeciosa.eu\/#\/schema\/logo\/image\/"}}]}},"_links":{"self":[{"href":"https:\/\/kingspeciosa.eu\/cz\/wp-json\/wp\/v2\/product\/3006","targetHints":{"allow":["GET"]}}],"collection":[{"href":"https:\/\/kingspeciosa.eu\/cz\/wp-json\/wp\/v2\/product"}],"about":[{"href":"https:\/\/kingspeciosa.eu\/cz\/wp-json\/wp\/v2\/types\/product"}],"replies":[{"embeddable":true,"href":"https:\/\/kingspeciosa.eu\/cz\/wp-json\/wp\/v2\/comments?post=3006"}],"wp:featuredmedia":[{"embeddable":true,"href":"https:\/\/kingspeciosa.eu\/cz\/wp-json\/wp\/v2\/media\/365"}],"wp:attachment":[{"href":"https:\/\/kingspeciosa.eu\/cz\/wp-json\/wp\/v2\/media?parent=3006"}],"wp:term":[{"taxonomy":"product_brand","embeddable":true,"href":"https:\/\/kingspeciosa.eu\/cz\/wp-json\/wp\/v2\/product_brand?post=3006"},{"taxonomy":"product_cat","embeddable":true,"href":"https:\/\/kingspeciosa.eu\/cz\/wp-json\/wp\/v2\/product_cat?post=3006"},{"taxonomy":"product_tag","embeddable":true,"href":"https:\/\/kingspeciosa.eu\/cz\/wp-json\/wp\/v2\/product_tag?post=3006"}],"curies":[{"name":"wp","href":"https:\/\/api.w.org\/{rel}","templated":true}]}}