{"id":3018,"date":"2024-12-01T19:25:06","date_gmt":"2024-12-01T19:25:06","guid":{"rendered":"https:\/\/kingspeciosa.eu\/product\/white-bali\/"},"modified":"2024-12-01T19:25:06","modified_gmt":"2024-12-01T19:25:06","slug":"white-bali","status":"publish","type":"product","link":"https:\/\/kingspeciosa.eu\/cz\/produkt\/white-bali\/","title":{"rendered":"White Bali"},"content":{"rendered":"<h2>White Bali: Jasn\u00fd a pr\u00e9miov\u00fd kmen<\/h2>\n<p>White Bali je v\u00fdzna\u010dn\u00fd kmen Kratomu poch\u00e1zej\u00edc\u00ed z \u00farodn\u00e9 p\u016fdy Bornea, tropick\u00e9ho r\u00e1je zn\u00e1m\u00e9ho svou bohatou biodiverzitou. Odr\u016fda White Bali, proslul\u00e1 svou jasnou barvou a st\u00e1lou kvalitou, se stala d\u016fv\u011bryhodnou volbou mezi nad\u0161enci Kratomu, kte\u0159\u00ed hledaj\u00ed pr\u00e9miov\u00fd produkt s n\u00e1dechem tradice. <\/p>\n<h3>Sklizeno z \u00farodn\u00e9 p\u016fdy Bornea<\/h3>\n<p>White Bali se p\u011bstuje na Borneu v p\u016fd\u011b bohat\u00e9 na \u017eiviny, kde ide\u00e1ln\u00ed tropick\u00e9 podm\u00ednky umo\u017e\u0148uj\u00ed r\u016fst strom\u016f Kratomu. Listy se skl\u00edzej\u00ed ze vzrostl\u00fdch strom\u016f, co\u017e zaru\u010duje, \u017ee ke zpracov\u00e1n\u00ed se vyb\u00edraj\u00ed jen ty nejkvalitn\u011bj\u0161\u00ed listy. <\/p>\n<h3>Jasn\u00fd a dokonal\u00fd vzhled<\/h3>\n<p>Z\u00e1\u0159iv\u00e9 a jasn\u00e9 \u017eilky list\u016f White Bali odr\u00e1\u017eej\u00ed jejich v\u00fdjime\u010dnou kvalitu a \u010derstvost. Pro zachov\u00e1n\u00ed jejich p\u0159irozen\u00fdch vlastnost\u00ed se pou\u017e\u00edvaj\u00ed tradi\u010dn\u00ed metody sklizn\u011b a zpracov\u00e1n\u00ed, d\u00edky nim\u017e je v\u00fdsledn\u00fd produkt jemn\u00fd a hladk\u00fd. <\/p>\n<h3>D\u016fv\u011bryhodn\u00fd a obl\u00edben\u00fd kmen<\/h3>\n<p>Tento produkt je proslul\u00fd svou konzistentn\u00ed kvalitou a z\u00edskal si sv\u00e9 m\u00edsto jako z\u00e1kladn\u00ed kmen mezi nad\u0161enci Kratomu po cel\u00e9m sv\u011bt\u011b. D\u00edky sv\u00fdm jedine\u010dn\u00fdm vlastnostem a pr\u00e9miov\u00e9mu p\u016fvodu vynik\u00e1 v ka\u017ed\u00e9 sb\u00edrce. <\/p>\n","protected":false},"excerpt":{"rendered":"<p><strong>White Bali<\/strong> je rafinovan\u00e1 odr\u016fda poch\u00e1zej\u00edc\u00ed z \u00farodn\u00e9 zem\u011b Bali. Je zn\u00e1m\u00e1 pro svou jasnou barvu a prvot\u0159\u00eddn\u00ed kvalitu a je z\u00e1kladn\u00ed volbou pro nad\u0161ence Kratomu po cel\u00e9m sv\u011bt\u011b. <\/p>\n","protected":false},"featured_media":376,"comment_status":"open","ping_status":"closed","template":"","meta":[],"product_brand":[],"product_cat":[125,122],"product_tag":[],"class_list":{"0":"post-3018","1":"product","2":"type-product","3":"status-publish","4":"has-post-thumbnail","6":"product_cat-bily-kratom-cz","7":"product_cat-kratom-cz","9":"first","10":"instock","11":"taxable","12":"shipping-taxable","13":"purchasable","14":"product-type-variable","15":"has-default-attributes"},"yoast_head":"<!-- This site is optimized with the Yoast SEO plugin v27.6 - https:\/\/yoast.com\/product\/yoast-seo-wordpress\/ -->\n<title>White Bali | Premium Kratom in EU at King Speciosa<\/title>\n<meta name=\"description\" content=\"Buy White Bali at King Speciosa. This premium Kratom is sourced from Borneo and lab-tested for quality. Available across EU with fast delivery.\" \/>\n<meta name=\"robots\" content=\"index, follow, max-snippet:-1, max-image-preview:large, max-video-preview:-1\" \/>\n<link rel=\"canonical\" href=\"https:\/\/kingspeciosa.eu\/cz\/produkt\/white-bali\/\" \/>\n<meta property=\"og:locale\" content=\"cs_CZ\" \/>\n<meta property=\"og:type\" content=\"article\" \/>\n<meta property=\"og:title\" content=\"White Bali | Premium Kratom in EU at King Speciosa\" \/>\n<meta property=\"og:description\" content=\"Buy White Bali at King Speciosa. This premium Kratom is sourced from Borneo and lab-tested for quality. Available across EU with fast delivery.\" \/>\n<meta property=\"og:url\" content=\"https:\/\/kingspeciosa.eu\/cz\/produkt\/white-bali\/\" \/>\n<meta property=\"og:site_name\" content=\"King Speciosa\" \/>\n<meta property=\"og:image\" content=\"https:\/\/kingspeciosa.eu\/wp-content\/uploads\/2024\/12\/White-Bali.png\" \/>\n\t<meta property=\"og:image:width\" content=\"800\" \/>\n\t<meta property=\"og:image:height\" content=\"800\" \/>\n\t<meta property=\"og:image:type\" content=\"image\/png\" \/>\n<meta name=\"twitter:card\" content=\"summary_large_image\" \/>\n<meta name=\"twitter:label1\" content=\"Odhadovan\u00e1 doba \u010dten\u00ed\" \/>\n\t<meta name=\"twitter:data1\" content=\"1 minuta\" \/>\n<script type=\"application\/ld+json\" class=\"yoast-schema-graph\">{\"@context\":\"https:\\\/\\\/schema.org\",\"@graph\":[{\"@type\":\"WebPage\",\"@id\":\"https:\\\/\\\/kingspeciosa.eu\\\/cz\\\/produkt\\\/white-bali\\\/\",\"url\":\"https:\\\/\\\/kingspeciosa.eu\\\/cz\\\/produkt\\\/white-bali\\\/\",\"name\":\"White Bali | Premium Kratom in EU at King Speciosa\",\"isPartOf\":{\"@id\":\"https:\\\/\\\/kingspeciosa.eu\\\/#website\"},\"primaryImageOfPage\":{\"@id\":\"https:\\\/\\\/kingspeciosa.eu\\\/cz\\\/produkt\\\/white-bali\\\/#primaryimage\"},\"image\":{\"@id\":\"https:\\\/\\\/kingspeciosa.eu\\\/cz\\\/produkt\\\/white-bali\\\/#primaryimage\"},\"thumbnailUrl\":\"https:\\\/\\\/kingspeciosa.eu\\\/wp-content\\\/uploads\\\/2024\\\/12\\\/White-Bali.png\",\"datePublished\":\"2024-12-01T19:25:06+00:00\",\"description\":\"Buy White Bali at King Speciosa. This premium Kratom is sourced from Borneo and lab-tested for quality. Available across EU with fast delivery.\",\"breadcrumb\":{\"@id\":\"https:\\\/\\\/kingspeciosa.eu\\\/cz\\\/produkt\\\/white-bali\\\/#breadcrumb\"},\"inLanguage\":\"cs\",\"potentialAction\":[{\"@type\":\"ReadAction\",\"target\":[\"https:\\\/\\\/kingspeciosa.eu\\\/cz\\\/produkt\\\/white-bali\\\/\"]}]},{\"@type\":\"ImageObject\",\"inLanguage\":\"cs\",\"@id\":\"https:\\\/\\\/kingspeciosa.eu\\\/cz\\\/produkt\\\/white-bali\\\/#primaryimage\",\"url\":\"https:\\\/\\\/kingspeciosa.eu\\\/wp-content\\\/uploads\\\/2024\\\/12\\\/White-Bali.png\",\"contentUrl\":\"https:\\\/\\\/kingspeciosa.eu\\\/wp-content\\\/uploads\\\/2024\\\/12\\\/White-Bali.png\",\"width\":800,\"height\":800,\"caption\":\"White Bali\"},{\"@type\":\"BreadcrumbList\",\"@id\":\"https:\\\/\\\/kingspeciosa.eu\\\/cz\\\/produkt\\\/white-bali\\\/#breadcrumb\",\"itemListElement\":[{\"@type\":\"ListItem\",\"position\":1,\"name\":\"Home\",\"item\":\"https:\\\/\\\/kingspeciosa.eu\\\/cz\\\/domovska-stranka\\\/\"},{\"@type\":\"ListItem\",\"position\":2,\"name\":\"Obchod\",\"item\":\"https:\\\/\\\/kingspeciosa.eu\\\/cz\\\/obchod\\\/\"},{\"@type\":\"ListItem\",\"position\":3,\"name\":\"White Bali\"}]},{\"@type\":\"WebSite\",\"@id\":\"https:\\\/\\\/kingspeciosa.eu\\\/#website\",\"url\":\"https:\\\/\\\/kingspeciosa.eu\\\/\",\"name\":\"King Speciosa\",\"description\":\"King of the jungle \ud83c\udf34\",\"publisher\":{\"@id\":\"https:\\\/\\\/kingspeciosa.eu\\\/#organization\"},\"potentialAction\":[{\"@type\":\"SearchAction\",\"target\":{\"@type\":\"EntryPoint\",\"urlTemplate\":\"https:\\\/\\\/kingspeciosa.eu\\\/?s={search_term_string}\"},\"query-input\":{\"@type\":\"PropertyValueSpecification\",\"valueRequired\":true,\"valueName\":\"search_term_string\"}}],\"inLanguage\":\"cs\"},{\"@type\":\"Organization\",\"@id\":\"https:\\\/\\\/kingspeciosa.eu\\\/#organization\",\"name\":\"King Speciosa\",\"url\":\"https:\\\/\\\/kingspeciosa.eu\\\/\",\"logo\":{\"@type\":\"ImageObject\",\"inLanguage\":\"cs\",\"@id\":\"https:\\\/\\\/kingspeciosa.eu\\\/#\\\/schema\\\/logo\\\/image\\\/\",\"url\":\"http:\\\/\\\/kingspeciosa.eu\\\/wp-content\\\/uploads\\\/2024\\\/12\\\/KingSpeciosa-logo.png\",\"contentUrl\":\"http:\\\/\\\/kingspeciosa.eu\\\/wp-content\\\/uploads\\\/2024\\\/12\\\/KingSpeciosa-logo.png\",\"width\":1000,\"height\":1000,\"caption\":\"King Speciosa\"},\"image\":{\"@id\":\"https:\\\/\\\/kingspeciosa.eu\\\/#\\\/schema\\\/logo\\\/image\\\/\"}}]}<\/script>\n<!-- \/ Yoast SEO plugin. -->","yoast_head_json":{"title":"White Bali | Premium Kratom in EU at King Speciosa","description":"Buy White Bali at King Speciosa. This premium Kratom is sourced from Borneo and lab-tested for quality. Available across EU with fast delivery.","robots":{"index":"index","follow":"follow","max-snippet":"max-snippet:-1","max-image-preview":"max-image-preview:large","max-video-preview":"max-video-preview:-1"},"canonical":"https:\/\/kingspeciosa.eu\/cz\/produkt\/white-bali\/","og_locale":"cs_CZ","og_type":"article","og_title":"White Bali | Premium Kratom in EU at King Speciosa","og_description":"Buy White Bali at King Speciosa. This premium Kratom is sourced from Borneo and lab-tested for quality. Available across EU with fast delivery.","og_url":"https:\/\/kingspeciosa.eu\/cz\/produkt\/white-bali\/","og_site_name":"King Speciosa","og_image":[{"width":800,"height":800,"url":"https:\/\/kingspeciosa.eu\/wp-content\/uploads\/2024\/12\/White-Bali.png","type":"image\/png"}],"twitter_card":"summary_large_image","twitter_misc":{"Odhadovan\u00e1 doba \u010dten\u00ed":"1 minuta"},"schema":{"@context":"https:\/\/schema.org","@graph":[{"@type":"WebPage","@id":"https:\/\/kingspeciosa.eu\/cz\/produkt\/white-bali\/","url":"https:\/\/kingspeciosa.eu\/cz\/produkt\/white-bali\/","name":"White Bali | Premium Kratom in EU at King Speciosa","isPartOf":{"@id":"https:\/\/kingspeciosa.eu\/#website"},"primaryImageOfPage":{"@id":"https:\/\/kingspeciosa.eu\/cz\/produkt\/white-bali\/#primaryimage"},"image":{"@id":"https:\/\/kingspeciosa.eu\/cz\/produkt\/white-bali\/#primaryimage"},"thumbnailUrl":"https:\/\/kingspeciosa.eu\/wp-content\/uploads\/2024\/12\/White-Bali.png","datePublished":"2024-12-01T19:25:06+00:00","description":"Buy White Bali at King Speciosa. This premium Kratom is sourced from Borneo and lab-tested for quality. Available across EU with fast delivery.","breadcrumb":{"@id":"https:\/\/kingspeciosa.eu\/cz\/produkt\/white-bali\/#breadcrumb"},"inLanguage":"cs","potentialAction":[{"@type":"ReadAction","target":["https:\/\/kingspeciosa.eu\/cz\/produkt\/white-bali\/"]}]},{"@type":"ImageObject","inLanguage":"cs","@id":"https:\/\/kingspeciosa.eu\/cz\/produkt\/white-bali\/#primaryimage","url":"https:\/\/kingspeciosa.eu\/wp-content\/uploads\/2024\/12\/White-Bali.png","contentUrl":"https:\/\/kingspeciosa.eu\/wp-content\/uploads\/2024\/12\/White-Bali.png","width":800,"height":800,"caption":"White Bali"},{"@type":"BreadcrumbList","@id":"https:\/\/kingspeciosa.eu\/cz\/produkt\/white-bali\/#breadcrumb","itemListElement":[{"@type":"ListItem","position":1,"name":"Home","item":"https:\/\/kingspeciosa.eu\/cz\/domovska-stranka\/"},{"@type":"ListItem","position":2,"name":"Obchod","item":"https:\/\/kingspeciosa.eu\/cz\/obchod\/"},{"@type":"ListItem","position":3,"name":"White Bali"}]},{"@type":"WebSite","@id":"https:\/\/kingspeciosa.eu\/#website","url":"https:\/\/kingspeciosa.eu\/","name":"King Speciosa","description":"King of the jungle \ud83c\udf34","publisher":{"@id":"https:\/\/kingspeciosa.eu\/#organization"},"potentialAction":[{"@type":"SearchAction","target":{"@type":"EntryPoint","urlTemplate":"https:\/\/kingspeciosa.eu\/?s={search_term_string}"},"query-input":{"@type":"PropertyValueSpecification","valueRequired":true,"valueName":"search_term_string"}}],"inLanguage":"cs"},{"@type":"Organization","@id":"https:\/\/kingspeciosa.eu\/#organization","name":"King Speciosa","url":"https:\/\/kingspeciosa.eu\/","logo":{"@type":"ImageObject","inLanguage":"cs","@id":"https:\/\/kingspeciosa.eu\/#\/schema\/logo\/image\/","url":"http:\/\/kingspeciosa.eu\/wp-content\/uploads\/2024\/12\/KingSpeciosa-logo.png","contentUrl":"http:\/\/kingspeciosa.eu\/wp-content\/uploads\/2024\/12\/KingSpeciosa-logo.png","width":1000,"height":1000,"caption":"King Speciosa"},"image":{"@id":"https:\/\/kingspeciosa.eu\/#\/schema\/logo\/image\/"}}]}},"_links":{"self":[{"href":"https:\/\/kingspeciosa.eu\/cz\/wp-json\/wp\/v2\/product\/3018","targetHints":{"allow":["GET"]}}],"collection":[{"href":"https:\/\/kingspeciosa.eu\/cz\/wp-json\/wp\/v2\/product"}],"about":[{"href":"https:\/\/kingspeciosa.eu\/cz\/wp-json\/wp\/v2\/types\/product"}],"replies":[{"embeddable":true,"href":"https:\/\/kingspeciosa.eu\/cz\/wp-json\/wp\/v2\/comments?post=3018"}],"wp:featuredmedia":[{"embeddable":true,"href":"https:\/\/kingspeciosa.eu\/cz\/wp-json\/wp\/v2\/media\/376"}],"wp:attachment":[{"href":"https:\/\/kingspeciosa.eu\/cz\/wp-json\/wp\/v2\/media?parent=3018"}],"wp:term":[{"taxonomy":"product_brand","embeddable":true,"href":"https:\/\/kingspeciosa.eu\/cz\/wp-json\/wp\/v2\/product_brand?post=3018"},{"taxonomy":"product_cat","embeddable":true,"href":"https:\/\/kingspeciosa.eu\/cz\/wp-json\/wp\/v2\/product_cat?post=3018"},{"taxonomy":"product_tag","embeddable":true,"href":"https:\/\/kingspeciosa.eu\/cz\/wp-json\/wp\/v2\/product_tag?post=3018"}],"curies":[{"name":"wp","href":"https:\/\/api.w.org\/{rel}","templated":true}]}}