{"id":3055,"date":"2024-12-03T17:08:44","date_gmt":"2024-12-03T17:08:44","guid":{"rendered":"https:\/\/kingspeciosa.eu\/product\/red-thai\/"},"modified":"2025-02-01T18:52:31","modified_gmt":"2025-02-01T18:52:31","slug":"red-thai","status":"publish","type":"product","link":"https:\/\/kingspeciosa.eu\/cz\/produkt\/red-thai\/","title":{"rendered":"Red Thai"},"content":{"rendered":"<h2>Red Thai: Odv\u00e1\u017en\u00fd kmen s ko\u0159eny v Thajsku<\/h2>\n<p>Red Thai je v\u00fdzna\u010dn\u00fd kmen Kratomu, kter\u00fd m\u00e1 sv\u016fj p\u016fvod ve sv\u011b\u017e\u00ed krajin\u011b Thajska. Zat\u00edmco jeho d\u011bdictv\u00ed le\u017e\u00ed v mohutn\u00fdch stromech Thajska, tento kmen se nyn\u00ed pe\u010dliv\u011b p\u011bstuje na \u00farodn\u00fdch plant\u00e1\u017e\u00edch Bornea na Kalimantanu. D\u00edky kombinaci tradi\u010dn\u00edch siln\u00fdch str\u00e1nek thajsk\u00e9ho kratomu s prvot\u0159\u00eddn\u00edmi p\u011bstitelsk\u00fdmi technikami na Borneu poskytuje Red Thai v\u00fdjime\u010dnou kvalitu a konzistenci.  <\/p>\n<h3>Thajsk\u00fd p\u016fvod, p\u011bstov\u00e1n\u00ed na Borneu<\/h3>\n<p>Red Thai poch\u00e1z\u00ed z odoln\u00fdch strom\u016f Kratomu v Thajsku, kter\u00e9 jsou zn\u00e1m\u00e9 sv\u00fdmi odv\u00e1\u017en\u00fdmi a jedine\u010dn\u00fdmi vlastnostmi. Dnes se t\u011bmto strom\u016fm da\u0159\u00ed na tropick\u00fdch plant\u00e1\u017e\u00edch na Borneu v Kalimantanu, kde \u0159\u00edzen\u00e9 p\u011bstitelsk\u00e9 postupy zaji\u0161\u0165uj\u00ed konzistentn\u00ed a vysoce kvalitn\u00ed listy. <\/p>\n<h3>Bohat\u00e9, tu\u010dn\u00e9 listy<\/h3>\n<p>Listy odr\u016fdy Red Thai se pe\u010dliv\u011b skl\u00edzej\u00ed v dob\u011b jejich nejv\u011bt\u0161\u00ed zralosti, co\u017e zaru\u010duje, \u017ee si odr\u016fda zachov\u00e1 sv\u00e9 v\u00fdrazn\u00e9 \u010derven\u00e9 vlastnosti. Pro zachov\u00e1n\u00ed jejich p\u0159irozen\u00fdch vlastnost\u00ed a dosa\u017een\u00ed hladk\u00e9 a spolehliv\u00e9 struktury se pou\u017e\u00edvaj\u00ed tradi\u010dn\u00ed metody su\u0161en\u00ed. <\/p>\n<h3>D\u016fv\u011bryhodn\u00e1 klasika<\/h3>\n<p>Red Thai se stala celosv\u011btov\u011b obl\u00edbenou d\u00edky sv\u00e9 bohat\u00e9 historii a spolehliv\u00e9 kvalit\u011b. Kombinace thajsk\u00e9ho d\u011bdictv\u00ed a p\u011bstov\u00e1n\u00ed na Borneu z n\u011bj \u010din\u00ed jedine\u010dn\u00fd a cen\u011bn\u00fd kmen mezi nad\u0161enci Kratomu. <\/p>\n","protected":false},"excerpt":{"rendered":"<p><strong>Red Thai<\/strong> je pr\u00e9miov\u00fd kmen Kratomu, kter\u00fd p\u016fvodn\u011b poch\u00e1z\u00ed z Thajska, ale p\u011bstuje se na \u00farodn\u00fdch plant\u00e1\u017e\u00edch na Borneu v Kalimantanu. Je zn\u00e1m\u00e1 sv\u00fdmi odv\u00e1\u017en\u00fdmi vlastnostmi a pro nad\u0161ence z\u016fst\u00e1v\u00e1 d\u016fv\u011bryhodnou volbou. <\/p>\n","protected":false},"featured_media":374,"comment_status":"open","ping_status":"closed","template":"","meta":[],"product_brand":[],"product_cat":[124,122],"product_tag":[],"class_list":{"0":"post-3055","1":"product","2":"type-product","3":"status-publish","4":"has-post-thumbnail","6":"product_cat-cerveny-kratom-cz","7":"product_cat-kratom-cz","9":"first","10":"instock","11":"taxable","12":"shipping-taxable","13":"purchasable","14":"product-type-variable","15":"has-default-attributes"},"yoast_head":"<!-- This site is optimized with the Yoast SEO plugin v27.5 - https:\/\/yoast.com\/product\/yoast-seo-wordpress\/ -->\n<title>Red Thai | Premium Kratom in EU at King Speciosa<\/title>\n<meta name=\"description\" content=\"Buy Red Thai at King Speciosa. This premium Kratom is sourced from Borneo and lab-tested for quality. Available across EU with fast delivery.\" \/>\n<meta name=\"robots\" content=\"index, follow, max-snippet:-1, max-image-preview:large, max-video-preview:-1\" \/>\n<link rel=\"canonical\" href=\"https:\/\/kingspeciosa.eu\/cz\/produkt\/red-thai\/\" \/>\n<meta property=\"og:locale\" content=\"cs_CZ\" \/>\n<meta property=\"og:type\" content=\"article\" \/>\n<meta property=\"og:title\" content=\"Red Thai | Premium Kratom in EU at King Speciosa\" \/>\n<meta property=\"og:description\" content=\"Buy Red Thai at King Speciosa. This premium Kratom is sourced from Borneo and lab-tested for quality. Available across EU with fast delivery.\" \/>\n<meta property=\"og:url\" content=\"https:\/\/kingspeciosa.eu\/cz\/produkt\/red-thai\/\" \/>\n<meta property=\"og:site_name\" content=\"King Speciosa\" \/>\n<meta property=\"article:modified_time\" content=\"2025-02-01T18:52:31+00:00\" \/>\n<meta property=\"og:image\" content=\"https:\/\/kingspeciosa.eu\/wp-content\/uploads\/2024\/12\/Red-Thai.png\" \/>\n\t<meta property=\"og:image:width\" content=\"800\" \/>\n\t<meta property=\"og:image:height\" content=\"800\" \/>\n\t<meta property=\"og:image:type\" content=\"image\/png\" \/>\n<meta name=\"twitter:card\" content=\"summary_large_image\" \/>\n<meta name=\"twitter:label1\" content=\"Odhadovan\u00e1 doba \u010dten\u00ed\" \/>\n\t<meta name=\"twitter:data1\" content=\"1 minuta\" \/>\n<script type=\"application\/ld+json\" class=\"yoast-schema-graph\">{\"@context\":\"https:\\\/\\\/schema.org\",\"@graph\":[{\"@type\":\"WebPage\",\"@id\":\"https:\\\/\\\/kingspeciosa.eu\\\/cz\\\/produkt\\\/red-thai\\\/\",\"url\":\"https:\\\/\\\/kingspeciosa.eu\\\/cz\\\/produkt\\\/red-thai\\\/\",\"name\":\"Red Thai | Premium Kratom in EU at King Speciosa\",\"isPartOf\":{\"@id\":\"https:\\\/\\\/kingspeciosa.eu\\\/#website\"},\"primaryImageOfPage\":{\"@id\":\"https:\\\/\\\/kingspeciosa.eu\\\/cz\\\/produkt\\\/red-thai\\\/#primaryimage\"},\"image\":{\"@id\":\"https:\\\/\\\/kingspeciosa.eu\\\/cz\\\/produkt\\\/red-thai\\\/#primaryimage\"},\"thumbnailUrl\":\"https:\\\/\\\/kingspeciosa.eu\\\/wp-content\\\/uploads\\\/2024\\\/12\\\/Red-Thai.png\",\"datePublished\":\"2024-12-03T17:08:44+00:00\",\"dateModified\":\"2025-02-01T18:52:31+00:00\",\"description\":\"Buy Red Thai at King Speciosa. This premium Kratom is sourced from Borneo and lab-tested for quality. Available across EU with fast delivery.\",\"breadcrumb\":{\"@id\":\"https:\\\/\\\/kingspeciosa.eu\\\/cz\\\/produkt\\\/red-thai\\\/#breadcrumb\"},\"inLanguage\":\"cs\",\"potentialAction\":[{\"@type\":\"ReadAction\",\"target\":[\"https:\\\/\\\/kingspeciosa.eu\\\/cz\\\/produkt\\\/red-thai\\\/\"]}]},{\"@type\":\"ImageObject\",\"inLanguage\":\"cs\",\"@id\":\"https:\\\/\\\/kingspeciosa.eu\\\/cz\\\/produkt\\\/red-thai\\\/#primaryimage\",\"url\":\"https:\\\/\\\/kingspeciosa.eu\\\/wp-content\\\/uploads\\\/2024\\\/12\\\/Red-Thai.png\",\"contentUrl\":\"https:\\\/\\\/kingspeciosa.eu\\\/wp-content\\\/uploads\\\/2024\\\/12\\\/Red-Thai.png\",\"width\":800,\"height\":800,\"caption\":\"Red Thai\"},{\"@type\":\"BreadcrumbList\",\"@id\":\"https:\\\/\\\/kingspeciosa.eu\\\/cz\\\/produkt\\\/red-thai\\\/#breadcrumb\",\"itemListElement\":[{\"@type\":\"ListItem\",\"position\":1,\"name\":\"Home\",\"item\":\"https:\\\/\\\/kingspeciosa.eu\\\/cz\\\/domovska-stranka\\\/\"},{\"@type\":\"ListItem\",\"position\":2,\"name\":\"Obchod\",\"item\":\"https:\\\/\\\/kingspeciosa.eu\\\/cz\\\/obchod\\\/\"},{\"@type\":\"ListItem\",\"position\":3,\"name\":\"Red Thai\"}]},{\"@type\":\"WebSite\",\"@id\":\"https:\\\/\\\/kingspeciosa.eu\\\/#website\",\"url\":\"https:\\\/\\\/kingspeciosa.eu\\\/\",\"name\":\"King Speciosa\",\"description\":\"King of the jungle \ud83c\udf34\",\"publisher\":{\"@id\":\"https:\\\/\\\/kingspeciosa.eu\\\/#organization\"},\"potentialAction\":[{\"@type\":\"SearchAction\",\"target\":{\"@type\":\"EntryPoint\",\"urlTemplate\":\"https:\\\/\\\/kingspeciosa.eu\\\/?s={search_term_string}\"},\"query-input\":{\"@type\":\"PropertyValueSpecification\",\"valueRequired\":true,\"valueName\":\"search_term_string\"}}],\"inLanguage\":\"cs\"},{\"@type\":\"Organization\",\"@id\":\"https:\\\/\\\/kingspeciosa.eu\\\/#organization\",\"name\":\"King Speciosa\",\"url\":\"https:\\\/\\\/kingspeciosa.eu\\\/\",\"logo\":{\"@type\":\"ImageObject\",\"inLanguage\":\"cs\",\"@id\":\"https:\\\/\\\/kingspeciosa.eu\\\/#\\\/schema\\\/logo\\\/image\\\/\",\"url\":\"http:\\\/\\\/kingspeciosa.eu\\\/wp-content\\\/uploads\\\/2024\\\/12\\\/KingSpeciosa-logo.png\",\"contentUrl\":\"http:\\\/\\\/kingspeciosa.eu\\\/wp-content\\\/uploads\\\/2024\\\/12\\\/KingSpeciosa-logo.png\",\"width\":1000,\"height\":1000,\"caption\":\"King Speciosa\"},\"image\":{\"@id\":\"https:\\\/\\\/kingspeciosa.eu\\\/#\\\/schema\\\/logo\\\/image\\\/\"}}]}<\/script>\n<!-- \/ Yoast SEO plugin. -->","yoast_head_json":{"title":"Red Thai | Premium Kratom in EU at King Speciosa","description":"Buy Red Thai at King Speciosa. This premium Kratom is sourced from Borneo and lab-tested for quality. Available across EU with fast delivery.","robots":{"index":"index","follow":"follow","max-snippet":"max-snippet:-1","max-image-preview":"max-image-preview:large","max-video-preview":"max-video-preview:-1"},"canonical":"https:\/\/kingspeciosa.eu\/cz\/produkt\/red-thai\/","og_locale":"cs_CZ","og_type":"article","og_title":"Red Thai | Premium Kratom in EU at King Speciosa","og_description":"Buy Red Thai at King Speciosa. This premium Kratom is sourced from Borneo and lab-tested for quality. Available across EU with fast delivery.","og_url":"https:\/\/kingspeciosa.eu\/cz\/produkt\/red-thai\/","og_site_name":"King Speciosa","article_modified_time":"2025-02-01T18:52:31+00:00","og_image":[{"width":800,"height":800,"url":"https:\/\/kingspeciosa.eu\/wp-content\/uploads\/2024\/12\/Red-Thai.png","type":"image\/png"}],"twitter_card":"summary_large_image","twitter_misc":{"Odhadovan\u00e1 doba \u010dten\u00ed":"1 minuta"},"schema":{"@context":"https:\/\/schema.org","@graph":[{"@type":"WebPage","@id":"https:\/\/kingspeciosa.eu\/cz\/produkt\/red-thai\/","url":"https:\/\/kingspeciosa.eu\/cz\/produkt\/red-thai\/","name":"Red Thai | Premium Kratom in EU at King Speciosa","isPartOf":{"@id":"https:\/\/kingspeciosa.eu\/#website"},"primaryImageOfPage":{"@id":"https:\/\/kingspeciosa.eu\/cz\/produkt\/red-thai\/#primaryimage"},"image":{"@id":"https:\/\/kingspeciosa.eu\/cz\/produkt\/red-thai\/#primaryimage"},"thumbnailUrl":"https:\/\/kingspeciosa.eu\/wp-content\/uploads\/2024\/12\/Red-Thai.png","datePublished":"2024-12-03T17:08:44+00:00","dateModified":"2025-02-01T18:52:31+00:00","description":"Buy Red Thai at King Speciosa. This premium Kratom is sourced from Borneo and lab-tested for quality. Available across EU with fast delivery.","breadcrumb":{"@id":"https:\/\/kingspeciosa.eu\/cz\/produkt\/red-thai\/#breadcrumb"},"inLanguage":"cs","potentialAction":[{"@type":"ReadAction","target":["https:\/\/kingspeciosa.eu\/cz\/produkt\/red-thai\/"]}]},{"@type":"ImageObject","inLanguage":"cs","@id":"https:\/\/kingspeciosa.eu\/cz\/produkt\/red-thai\/#primaryimage","url":"https:\/\/kingspeciosa.eu\/wp-content\/uploads\/2024\/12\/Red-Thai.png","contentUrl":"https:\/\/kingspeciosa.eu\/wp-content\/uploads\/2024\/12\/Red-Thai.png","width":800,"height":800,"caption":"Red Thai"},{"@type":"BreadcrumbList","@id":"https:\/\/kingspeciosa.eu\/cz\/produkt\/red-thai\/#breadcrumb","itemListElement":[{"@type":"ListItem","position":1,"name":"Home","item":"https:\/\/kingspeciosa.eu\/cz\/domovska-stranka\/"},{"@type":"ListItem","position":2,"name":"Obchod","item":"https:\/\/kingspeciosa.eu\/cz\/obchod\/"},{"@type":"ListItem","position":3,"name":"Red Thai"}]},{"@type":"WebSite","@id":"https:\/\/kingspeciosa.eu\/#website","url":"https:\/\/kingspeciosa.eu\/","name":"King Speciosa","description":"King of the jungle \ud83c\udf34","publisher":{"@id":"https:\/\/kingspeciosa.eu\/#organization"},"potentialAction":[{"@type":"SearchAction","target":{"@type":"EntryPoint","urlTemplate":"https:\/\/kingspeciosa.eu\/?s={search_term_string}"},"query-input":{"@type":"PropertyValueSpecification","valueRequired":true,"valueName":"search_term_string"}}],"inLanguage":"cs"},{"@type":"Organization","@id":"https:\/\/kingspeciosa.eu\/#organization","name":"King Speciosa","url":"https:\/\/kingspeciosa.eu\/","logo":{"@type":"ImageObject","inLanguage":"cs","@id":"https:\/\/kingspeciosa.eu\/#\/schema\/logo\/image\/","url":"http:\/\/kingspeciosa.eu\/wp-content\/uploads\/2024\/12\/KingSpeciosa-logo.png","contentUrl":"http:\/\/kingspeciosa.eu\/wp-content\/uploads\/2024\/12\/KingSpeciosa-logo.png","width":1000,"height":1000,"caption":"King Speciosa"},"image":{"@id":"https:\/\/kingspeciosa.eu\/#\/schema\/logo\/image\/"}}]}},"_links":{"self":[{"href":"https:\/\/kingspeciosa.eu\/cz\/wp-json\/wp\/v2\/product\/3055","targetHints":{"allow":["GET"]}}],"collection":[{"href":"https:\/\/kingspeciosa.eu\/cz\/wp-json\/wp\/v2\/product"}],"about":[{"href":"https:\/\/kingspeciosa.eu\/cz\/wp-json\/wp\/v2\/types\/product"}],"replies":[{"embeddable":true,"href":"https:\/\/kingspeciosa.eu\/cz\/wp-json\/wp\/v2\/comments?post=3055"}],"wp:featuredmedia":[{"embeddable":true,"href":"https:\/\/kingspeciosa.eu\/cz\/wp-json\/wp\/v2\/media\/374"}],"wp:attachment":[{"href":"https:\/\/kingspeciosa.eu\/cz\/wp-json\/wp\/v2\/media?parent=3055"}],"wp:term":[{"taxonomy":"product_brand","embeddable":true,"href":"https:\/\/kingspeciosa.eu\/cz\/wp-json\/wp\/v2\/product_brand?post=3055"},{"taxonomy":"product_cat","embeddable":true,"href":"https:\/\/kingspeciosa.eu\/cz\/wp-json\/wp\/v2\/product_cat?post=3055"},{"taxonomy":"product_tag","embeddable":true,"href":"https:\/\/kingspeciosa.eu\/cz\/wp-json\/wp\/v2\/product_tag?post=3055"}],"curies":[{"name":"wp","href":"https:\/\/api.w.org\/{rel}","templated":true}]}}