{"id":1574,"date":"2024-12-03T17:08:44","date_gmt":"2024-12-03T17:08:44","guid":{"rendered":"https:\/\/kingspeciosa.eu\/product\/rotes-thai\/"},"modified":"2025-02-01T18:52:31","modified_gmt":"2025-02-01T18:52:31","slug":"rotes-thai","status":"publish","type":"product","link":"https:\/\/kingspeciosa.eu\/de\/produkt\/rotes-thai\/","title":{"rendered":"Red Thai"},"content":{"rendered":"<h2>Red Thai: Eine k\u00fchne Sorte mit Wurzeln in Thailand<\/h2>\n<p>Red Thai ist eine hervorragende Kratom-Sorte, die ihren Ursprung in den \u00fcppigen Landschaften Thailands hat. W\u00e4hrend ihr Erbe in den robusten B\u00e4umen Thailands liegt, wird diese Sorte jetzt sorgf\u00e4ltig in den fruchtbaren Plantagen von Borneo, Kalimantan, angebaut. Durch die Kombination der traditionellen St\u00e4rken des thail\u00e4ndischen Kratoms mit den erstklassigen Anbautechniken von Borneo liefert Red Thai eine au\u00dfergew\u00f6hnliche Qualit\u00e4t und Konsistenz.  <\/p>\n<h3>Thail\u00e4ndische Urspr\u00fcnge, Anbau auf Borneo<\/h3>\n<p>Red Thai stammt von den unverw\u00fcstlichen Kratom-B\u00e4umen Thailands ab, die f\u00fcr ihre k\u00fchnen und einzigartigen Eigenschaften bekannt sind. Heute gedeihen diese B\u00e4ume in den tropischen Plantagen von Borneo, Kalimantan, wo kontrollierte Anbaumethoden f\u00fcr gleichbleibend hochwertige Bl\u00e4tter sorgen. <\/p>\n<h3>Reiche, k\u00fchne Bl\u00e4tter<\/h3>\n<p>Die Bl\u00e4tter von Red Thai werden sorgf\u00e4ltig zum Zeitpunkt ihrer h\u00f6chsten Reife geerntet, um sicherzustellen, dass die Sorte ihre kr\u00e4ftigen, roten Eigenschaften beibeh\u00e4lt. Traditionelle Trocknungsmethoden werden angewandt, um ihre nat\u00fcrlichen Eigenschaften zu bewahren und eine weiche, zuverl\u00e4ssige Textur zu erhalten. <\/p>\n<h3>Ein bew\u00e4hrter Klassiker<\/h3>\n<p>Red Thai hat sich aufgrund ihrer reichen Geschichte und zuverl\u00e4ssigen Qualit\u00e4t zu einem weltweiten Favoriten entwickelt. Ihre Kombination aus thail\u00e4ndischem Erbe und Borneo-Anbau macht sie zu einer einzigartigen und gesch\u00e4tzten Sorte unter Kratom-Enthusiasten. <\/p>\n","protected":false},"excerpt":{"rendered":"<p><strong>Red Thai<\/strong> ist eine erstklassige Kratom-Sorte, die urspr\u00fcnglich aus Thailand stammt, aber auf den fruchtbaren Plantagen von Borneo, Kalimantan, angebaut wird. Sie ist f\u00fcr ihre kr\u00e4ftigen Eigenschaften bekannt und bleibt eine vertrauensw\u00fcrdige Wahl f\u00fcr Enthusiasten. <\/p>\n","protected":false},"featured_media":1018,"comment_status":"open","ping_status":"closed","template":"","meta":[],"product_brand":[],"product_cat":[56,63],"product_tag":[],"class_list":{"0":"post-1574","1":"product","2":"type-product","3":"status-publish","4":"has-post-thumbnail","6":"product_cat-kratom-de","7":"product_cat-rotes-kratom","9":"first","10":"instock","11":"taxable","12":"shipping-taxable","13":"purchasable","14":"product-type-variable","15":"has-default-attributes"},"yoast_head":"<!-- This site is optimized with the Yoast SEO plugin v27.5 - https:\/\/yoast.com\/product\/yoast-seo-wordpress\/ -->\n<title>Red Thai | Premium Kratom in EU at King Speciosa<\/title>\n<meta name=\"description\" content=\"Buy Red Thai at King Speciosa. This premium Kratom is sourced from Borneo and lab-tested for quality. Available across EU with fast delivery.\" \/>\n<meta name=\"robots\" content=\"index, follow, max-snippet:-1, max-image-preview:large, max-video-preview:-1\" \/>\n<link rel=\"canonical\" href=\"https:\/\/kingspeciosa.eu\/produkt\/red-thai\/\" \/>\n<meta property=\"og:locale\" content=\"de_DE\" \/>\n<meta property=\"og:type\" content=\"article\" \/>\n<meta property=\"og:title\" content=\"Red Thai | Premium Kratom in EU at King Speciosa\" \/>\n<meta property=\"og:description\" content=\"Buy Red Thai at King Speciosa. This premium Kratom is sourced from Borneo and lab-tested for quality. Available across EU with fast delivery.\" \/>\n<meta property=\"og:url\" content=\"https:\/\/kingspeciosa.eu\/produkt\/red-thai\/\" \/>\n<meta property=\"og:site_name\" content=\"King Speciosa\" \/>\n<meta property=\"article:modified_time\" content=\"2025-02-01T18:52:31+00:00\" \/>\n<meta property=\"og:image\" content=\"https:\/\/kingspeciosa.eu\/wp-content\/uploads\/2024\/12\/Red-Thai.png\" \/>\n\t<meta property=\"og:image:width\" content=\"800\" \/>\n\t<meta property=\"og:image:height\" content=\"800\" \/>\n\t<meta property=\"og:image:type\" content=\"image\/png\" \/>\n<meta name=\"twitter:card\" content=\"summary_large_image\" \/>\n<meta name=\"twitter:label1\" content=\"Gesch\u00e4tzte Lesezeit\" \/>\n\t<meta name=\"twitter:data1\" content=\"1\u00a0Minute\" \/>\n<script type=\"application\/ld+json\" class=\"yoast-schema-graph\">{\"@context\":\"https:\\\/\\\/schema.org\",\"@graph\":[{\"@type\":\"WebPage\",\"@id\":\"https:\\\/\\\/kingspeciosa.eu\\\/produkt\\\/red-thai\\\/\",\"url\":\"https:\\\/\\\/kingspeciosa.eu\\\/produkt\\\/red-thai\\\/\",\"name\":\"Red Thai | Premium Kratom in EU at King Speciosa\",\"isPartOf\":{\"@id\":\"https:\\\/\\\/kingspeciosa.eu\\\/#website\"},\"primaryImageOfPage\":{\"@id\":\"https:\\\/\\\/kingspeciosa.eu\\\/produkt\\\/red-thai\\\/#primaryimage\"},\"image\":{\"@id\":\"https:\\\/\\\/kingspeciosa.eu\\\/produkt\\\/red-thai\\\/#primaryimage\"},\"thumbnailUrl\":\"https:\\\/\\\/kingspeciosa.eu\\\/wp-content\\\/uploads\\\/2024\\\/12\\\/Red-Thai.png\",\"datePublished\":\"2024-12-03T17:08:44+00:00\",\"dateModified\":\"2025-02-01T18:52:31+00:00\",\"description\":\"Buy Red Thai at King Speciosa. This premium Kratom is sourced from Borneo and lab-tested for quality. Available across EU with fast delivery.\",\"breadcrumb\":{\"@id\":\"https:\\\/\\\/kingspeciosa.eu\\\/produkt\\\/red-thai\\\/#breadcrumb\"},\"inLanguage\":\"de\",\"potentialAction\":[{\"@type\":\"ReadAction\",\"target\":[\"https:\\\/\\\/kingspeciosa.eu\\\/produkt\\\/red-thai\\\/\"]}]},{\"@type\":\"ImageObject\",\"inLanguage\":\"de\",\"@id\":\"https:\\\/\\\/kingspeciosa.eu\\\/produkt\\\/red-thai\\\/#primaryimage\",\"url\":\"https:\\\/\\\/kingspeciosa.eu\\\/wp-content\\\/uploads\\\/2024\\\/12\\\/Red-Thai.png\",\"contentUrl\":\"https:\\\/\\\/kingspeciosa.eu\\\/wp-content\\\/uploads\\\/2024\\\/12\\\/Red-Thai.png\",\"width\":800,\"height\":800},{\"@type\":\"BreadcrumbList\",\"@id\":\"https:\\\/\\\/kingspeciosa.eu\\\/produkt\\\/red-thai\\\/#breadcrumb\",\"itemListElement\":[{\"@type\":\"ListItem\",\"position\":1,\"name\":\"Home\",\"item\":\"https:\\\/\\\/kingspeciosa.eu\\\/de\\\/homepage\\\/\"},{\"@type\":\"ListItem\",\"position\":2,\"name\":\"Shop\",\"item\":\"https:\\\/\\\/kingspeciosa.eu\\\/de\\\/shop\\\/\"},{\"@type\":\"ListItem\",\"position\":3,\"name\":\"Red Thai\"}]},{\"@type\":\"WebSite\",\"@id\":\"https:\\\/\\\/kingspeciosa.eu\\\/#website\",\"url\":\"https:\\\/\\\/kingspeciosa.eu\\\/\",\"name\":\"King Speciosa\",\"description\":\"King of the jungle \ud83c\udf34\",\"publisher\":{\"@id\":\"https:\\\/\\\/kingspeciosa.eu\\\/#organization\"},\"potentialAction\":[{\"@type\":\"SearchAction\",\"target\":{\"@type\":\"EntryPoint\",\"urlTemplate\":\"https:\\\/\\\/kingspeciosa.eu\\\/?s={search_term_string}\"},\"query-input\":{\"@type\":\"PropertyValueSpecification\",\"valueRequired\":true,\"valueName\":\"search_term_string\"}}],\"inLanguage\":\"de\"},{\"@type\":\"Organization\",\"@id\":\"https:\\\/\\\/kingspeciosa.eu\\\/#organization\",\"name\":\"King Speciosa\",\"url\":\"https:\\\/\\\/kingspeciosa.eu\\\/\",\"logo\":{\"@type\":\"ImageObject\",\"inLanguage\":\"de\",\"@id\":\"https:\\\/\\\/kingspeciosa.eu\\\/#\\\/schema\\\/logo\\\/image\\\/\",\"url\":\"http:\\\/\\\/kingspeciosa.eu\\\/wp-content\\\/uploads\\\/2024\\\/12\\\/KingSpeciosa-logo.png\",\"contentUrl\":\"http:\\\/\\\/kingspeciosa.eu\\\/wp-content\\\/uploads\\\/2024\\\/12\\\/KingSpeciosa-logo.png\",\"width\":1000,\"height\":1000,\"caption\":\"King Speciosa\"},\"image\":{\"@id\":\"https:\\\/\\\/kingspeciosa.eu\\\/#\\\/schema\\\/logo\\\/image\\\/\"}}]}<\/script>\n<!-- \/ Yoast SEO plugin. -->","yoast_head_json":{"title":"Red Thai | Premium Kratom in EU at King Speciosa","description":"Buy Red Thai at King Speciosa. This premium Kratom is sourced from Borneo and lab-tested for quality. Available across EU with fast delivery.","robots":{"index":"index","follow":"follow","max-snippet":"max-snippet:-1","max-image-preview":"max-image-preview:large","max-video-preview":"max-video-preview:-1"},"canonical":"https:\/\/kingspeciosa.eu\/produkt\/red-thai\/","og_locale":"de_DE","og_type":"article","og_title":"Red Thai | Premium Kratom in EU at King Speciosa","og_description":"Buy Red Thai at King Speciosa. This premium Kratom is sourced from Borneo and lab-tested for quality. Available across EU with fast delivery.","og_url":"https:\/\/kingspeciosa.eu\/produkt\/red-thai\/","og_site_name":"King Speciosa","article_modified_time":"2025-02-01T18:52:31+00:00","og_image":[{"width":800,"height":800,"url":"https:\/\/kingspeciosa.eu\/wp-content\/uploads\/2024\/12\/Red-Thai.png","type":"image\/png"}],"twitter_card":"summary_large_image","twitter_misc":{"Gesch\u00e4tzte Lesezeit":"1\u00a0Minute"},"schema":{"@context":"https:\/\/schema.org","@graph":[{"@type":"WebPage","@id":"https:\/\/kingspeciosa.eu\/produkt\/red-thai\/","url":"https:\/\/kingspeciosa.eu\/produkt\/red-thai\/","name":"Red Thai | Premium Kratom in EU at King Speciosa","isPartOf":{"@id":"https:\/\/kingspeciosa.eu\/#website"},"primaryImageOfPage":{"@id":"https:\/\/kingspeciosa.eu\/produkt\/red-thai\/#primaryimage"},"image":{"@id":"https:\/\/kingspeciosa.eu\/produkt\/red-thai\/#primaryimage"},"thumbnailUrl":"https:\/\/kingspeciosa.eu\/wp-content\/uploads\/2024\/12\/Red-Thai.png","datePublished":"2024-12-03T17:08:44+00:00","dateModified":"2025-02-01T18:52:31+00:00","description":"Buy Red Thai at King Speciosa. This premium Kratom is sourced from Borneo and lab-tested for quality. Available across EU with fast delivery.","breadcrumb":{"@id":"https:\/\/kingspeciosa.eu\/produkt\/red-thai\/#breadcrumb"},"inLanguage":"de","potentialAction":[{"@type":"ReadAction","target":["https:\/\/kingspeciosa.eu\/produkt\/red-thai\/"]}]},{"@type":"ImageObject","inLanguage":"de","@id":"https:\/\/kingspeciosa.eu\/produkt\/red-thai\/#primaryimage","url":"https:\/\/kingspeciosa.eu\/wp-content\/uploads\/2024\/12\/Red-Thai.png","contentUrl":"https:\/\/kingspeciosa.eu\/wp-content\/uploads\/2024\/12\/Red-Thai.png","width":800,"height":800},{"@type":"BreadcrumbList","@id":"https:\/\/kingspeciosa.eu\/produkt\/red-thai\/#breadcrumb","itemListElement":[{"@type":"ListItem","position":1,"name":"Home","item":"https:\/\/kingspeciosa.eu\/de\/homepage\/"},{"@type":"ListItem","position":2,"name":"Shop","item":"https:\/\/kingspeciosa.eu\/de\/shop\/"},{"@type":"ListItem","position":3,"name":"Red Thai"}]},{"@type":"WebSite","@id":"https:\/\/kingspeciosa.eu\/#website","url":"https:\/\/kingspeciosa.eu\/","name":"King Speciosa","description":"King of the jungle \ud83c\udf34","publisher":{"@id":"https:\/\/kingspeciosa.eu\/#organization"},"potentialAction":[{"@type":"SearchAction","target":{"@type":"EntryPoint","urlTemplate":"https:\/\/kingspeciosa.eu\/?s={search_term_string}"},"query-input":{"@type":"PropertyValueSpecification","valueRequired":true,"valueName":"search_term_string"}}],"inLanguage":"de"},{"@type":"Organization","@id":"https:\/\/kingspeciosa.eu\/#organization","name":"King Speciosa","url":"https:\/\/kingspeciosa.eu\/","logo":{"@type":"ImageObject","inLanguage":"de","@id":"https:\/\/kingspeciosa.eu\/#\/schema\/logo\/image\/","url":"http:\/\/kingspeciosa.eu\/wp-content\/uploads\/2024\/12\/KingSpeciosa-logo.png","contentUrl":"http:\/\/kingspeciosa.eu\/wp-content\/uploads\/2024\/12\/KingSpeciosa-logo.png","width":1000,"height":1000,"caption":"King Speciosa"},"image":{"@id":"https:\/\/kingspeciosa.eu\/#\/schema\/logo\/image\/"}}]}},"_links":{"self":[{"href":"https:\/\/kingspeciosa.eu\/de\/wp-json\/wp\/v2\/product\/1574","targetHints":{"allow":["GET"]}}],"collection":[{"href":"https:\/\/kingspeciosa.eu\/de\/wp-json\/wp\/v2\/product"}],"about":[{"href":"https:\/\/kingspeciosa.eu\/de\/wp-json\/wp\/v2\/types\/product"}],"replies":[{"embeddable":true,"href":"https:\/\/kingspeciosa.eu\/de\/wp-json\/wp\/v2\/comments?post=1574"}],"wp:featuredmedia":[{"embeddable":true,"href":"https:\/\/kingspeciosa.eu\/de\/wp-json\/wp\/v2\/media\/1018"}],"wp:attachment":[{"href":"https:\/\/kingspeciosa.eu\/de\/wp-json\/wp\/v2\/media?parent=1574"}],"wp:term":[{"taxonomy":"product_brand","embeddable":true,"href":"https:\/\/kingspeciosa.eu\/de\/wp-json\/wp\/v2\/product_brand?post=1574"},{"taxonomy":"product_cat","embeddable":true,"href":"https:\/\/kingspeciosa.eu\/de\/wp-json\/wp\/v2\/product_cat?post=1574"},{"taxonomy":"product_tag","embeddable":true,"href":"https:\/\/kingspeciosa.eu\/de\/wp-json\/wp\/v2\/product_tag?post=1574"}],"curies":[{"name":"wp","href":"https:\/\/api.w.org\/{rel}","templated":true}]}}