{"id":2223,"date":"2024-12-03T18:28:24","date_gmt":"2024-12-03T18:28:24","guid":{"rendered":"https:\/\/kingspeciosa.eu\/variedades-de-kratom\/"},"modified":"2025-01-28T11:12:50","modified_gmt":"2025-01-28T11:12:50","slug":"variedades-de-kratom","status":"publish","type":"page","link":"https:\/\/kingspeciosa.eu\/es\/variedades-de-kratom\/","title":{"rendered":"Variedades de Kratom"},"content":{"rendered":"\n\n\t<section class=\"section\" id=\"section_1728015497\">\n\t\t<div class=\"section-bg fill\" >\n\t\t\t\t\t\t\t\t\t\n\t\t\t\n\n\t\t<\/div>\n\n\t\t\n\n\t\t<div class=\"section-content relative\">\n\t\t\t\n\n<div class=\"row row-collapse\"  id=\"row-477856566\">\n\n\n\t<div id=\"col-2127378062\" class=\"col small-12 large-12\"  >\n\t\t\t\t<div class=\"col-inner\"  >\n\t\t\t\n\t\t\t\n\n\t<div id=\"gap-509682918\" class=\"gap-element clearfix\" style=\"display:block; height:auto;\">\n\t\t\n<style>\n#gap-509682918 {\n  padding-top: 30px;\n}\n<\/style>\n\t<\/div>\n\t\n\n\t<div id=\"text-2889071928\" class=\"text\">\n\t\t\n\n<h1 class=\"collapse\">KRATOM &#8211; DIFERENTES VARIEDADES<\/h1>\n\n\t\t\n<style>\n#text-2889071928 {\n  text-align: center;\n}\n<\/style>\n\t<\/div>\n\t\n<div class=\"is-divider divider clearfix\" style=\"max-width:100%;\"><\/div>\n\n\n\t\t<\/div>\n\t\t\t\t\t<\/div>\n\n\t\n\n<\/div>\n<div class=\"row row-collapse align-middle align-center\"  id=\"row-606932758\">\n\n\n\t<div id=\"col-2091044264\" class=\"col medium-10 small-12 large-10\"  >\n\t\t\t\t<div class=\"col-inner text-left\"  >\n\t\t\t\n\t\t\t\n\n<p>El kratom, conocido cient\u00edficamente como <em>Mitragyna speciosa<\/em>, es un \u00e1rbol tropical originario del sudeste asi\u00e1tico. Durante siglos, las hojas de esta notable planta han sido valoradas por sus propiedades \u00fanicas y su conexi\u00f3n con las pr\u00e1cticas tradicionales. Hoy en d\u00eda, el Kratom sigue cautivando a entusiastas de todo el mundo con sus diversas variedades y su rica historia.  <\/p>\n<h2 class=\"collapse\">Variedad de cepas para todas las preferencias<\/h2>\n<p>Cada cepa de Kratom es tan \u00fanica como su origen, y ofrece una gama de caracter\u00edsticas que se adaptan a las distintas preferencias. Desde los verdes vibrantes de <strong>la Maeng Da Verde<\/strong> hasta la rara y exquisita <strong>Maeng Da Dorada<\/strong>, hay una variedad para cada persona. Los distintos perfiles de <strong>la Bali Roja<\/strong>, la <strong>Thai Blanca<\/strong>, <strong>la Borneo Verde<\/strong> y otras reflejan las diversas regiones y las t\u00e9cnicas expertas que definen el Kratom de primera calidad.  <\/p>\n<h2 class=\"collapse\">La artesan\u00eda detr\u00e1s de cada hoja<\/h2>\n<p>Las hojas de kratom se cultivan con esmero, se recolectan de \u00e1rboles maduros y se procesan con m\u00e9todos tradicionales que preservan sus propiedades naturales. Ya se cultiven en las ricas plantaciones de Borneo o procedan de \u00e1rboles silvestres del sudeste asi\u00e1tico, cada lote es un testimonio de calidad y autenticidad. <\/p>\n<h2 class=\"collapse\">Explora nuestra colecci\u00f3n<\/h2>\n<p>Te invitamos a explorar nuestra amplia colecci\u00f3n de cepas de Kratom. Cada cepa se selecciona cuidadosamente, ofreciendo una experiencia \u00fanica al tiempo que mantiene los m\u00e1s altos niveles de calidad. Haz clic en cualquiera de las cepas siguientes para saber m\u00e1s sobre su historia, origen y lo que la hace especial.  <\/p>\n\n<div class=\"row row-collapse align-middle\"  id=\"row-342589157\">\n\n\n\t<div id=\"col-859379421\" class=\"col medium-5 small-12 large-3\"  >\n\t\t\t\t<div class=\"col-inner text-center\"  >\n\t\t\t\n\t\t\t\n\n\t<div id=\"stack-393001886\" class=\"stack stack-col justify-center items-stretch\">\n\t\t\n\n<a href=\"https:\/\/kingspeciosa.eu\/es\/kratom-maeng-da\/\" class=\"button secondary is-gloss\" >\n\t\t<span>KRATOM MAENG DA<\/span>\n\t<\/a>\n\n\n<a href=\"https:\/\/kingspeciosa.eu\/es\/kratom-de-borneo\/\" class=\"button secondary is-gloss\" >\n\t\t<span>BORNEO KRATOM<\/span>\n\t<\/a>\n\n\n<a href=\"https:\/\/kingspeciosa.eu\/es\/king-kratom\/\" class=\"button secondary is-gloss\" >\n\t\t<span>REY KRATOM<\/span>\n\t<\/a>\n\n\n<a href=\"https:\/\/kingspeciosa.eu\/es\/kratom-tailandes\/\" class=\"button secondary is-gloss\" >\n\t\t<span>THAI KRATOM<\/span>\n\t<\/a>\n\n\n<a href=\"https:\/\/kingspeciosa.eu\/es\/kratom-de-bali\/\" class=\"button secondary is-gloss\" >\n\t\t<span>BALI KRATOM<\/span>\n\t<\/a>\n\n\n\n\t\t\n<style>\n#stack-393001886 > * {\n  --stack-gap: 0.5rem;\n}\n<\/style>\n\t<\/div>\n\t\n\n\t\t<\/div>\n\t\t\t\t\t<\/div>\n\n\t\n\n<\/div>\n\n\t\t<\/div>\n\t\t\t\t\n<style>\n#col-2091044264 > .col-inner {\n  padding: 0px 10px 0px 10px;\n}\n<\/style>\n\t<\/div>\n\n\t\n\n<\/div>\n\t<div id=\"gap-1134976628\" class=\"gap-element clearfix\" style=\"display:block; height:auto;\">\n\t\t\n<style>\n#gap-1134976628 {\n  padding-top: 30px;\n}\n<\/style>\n\t<\/div>\n\t\n\n\n\t\t<\/div>\n\n\t\t\n<style>\n#section_1728015497 {\n  padding-top: 0px;\n  padding-bottom: 0px;\n}\n<\/style>\n\t<\/section>\n\t\n\n\t<section class=\"section\" id=\"section_608368266\">\n\t\t<div class=\"section-bg fill\" >\n\t\t\t\t\t\t\t\t\t\n\t\t\t\n\n\t\t<\/div>\n\n\t\t\n\n\t\t<div class=\"section-content relative\">\n\t\t\t\n\n<div class=\"row align-center\"  id=\"row-585781562\">\n\n\n\t<div id=\"col-1744163155\" class=\"col medium-10 small-12 large-10\"  >\n\t\t\t\t<div class=\"col-inner text-center\"  >\n\t\t\t\n\t\t\t\n\n\n\t\t<div class=\"icon-box featured-box icon-box-top text-left\"  >\n\t\t\t\t\t<div class=\"icon-box-img\" style=\"width: 60px\">\n\t\t\t\t<div class=\"icon\">\n\t\t\t\t\t<div class=\"icon-inner\" >\n\t\t\t\t\t\t<img loading=\"lazy\" decoding=\"async\" width=\"400\" height=\"400\" src=\"https:\/\/kingspeciosa.eu\/wp-content\/uploads\/2024\/11\/King-Speciosa-favicon-LIGHT-400x400.png\" class=\"attachment-medium size-medium\" alt=\"\" srcset=\"https:\/\/kingspeciosa.eu\/wp-content\/uploads\/2024\/11\/King-Speciosa-favicon-LIGHT-400x400.png 400w, https:\/\/kingspeciosa.eu\/wp-content\/uploads\/2024\/11\/King-Speciosa-favicon-LIGHT-280x280.png 280w, https:\/\/kingspeciosa.eu\/wp-content\/uploads\/2024\/11\/King-Speciosa-favicon-LIGHT-300x300.png 300w, https:\/\/kingspeciosa.eu\/wp-content\/uploads\/2024\/11\/King-Speciosa-favicon-LIGHT-100x100.png 100w, https:\/\/kingspeciosa.eu\/wp-content\/uploads\/2024\/11\/King-Speciosa-favicon-LIGHT.png 500w\" sizes=\"auto, (max-width: 400px) 100vw, 400px\" \/>\t\t\t\t\t<\/div>\n\t\t\t\t<\/div>\n\t\t\t<\/div>\n\t\t\t\t<div class=\"icon-box-text last-reset\">\n\t\t\t\t\t\t\t\t\t\n\n\t<div id=\"text-2933125696\" class=\"text\">\n\t\t\n\n<h2>\u00bfPor qu\u00e9 King Speciosa?<\/h2>\n\t\t\n<style>\n#text-2933125696 {\n  font-size: 1.75rem;\n  text-align: center;\n}\n<\/style>\n\t<\/div>\n\t\n\t<div id=\"text-1866489921\" class=\"text\">\n\t\t\n\n<p>En King Speciosa, estamos redefiniendo la excelencia en Kratom y productos bot\u00e1nicos. Con un firme compromiso con la calidad, la transparencia y la satisfacci\u00f3n del cliente, nos distinguimos como tu fuente de confianza. Cada producto se somete a meticulosas pruebas de laboratorio para comprobar su pureza y potencia, asegur\u00e1ndonos de que s\u00f3lo obtengas lo mejor. Adem\u00e1s, damos prioridad a un servicio r\u00e1pido y fiable, ofreciendo env\u00edo en el mismo d\u00eda y entrega gratuita en pedidos superiores a 120 \u20ac. Experimenta la diferencia con King Speciosa, donde la calidad superior se une a un cuidado inigualable.    <\/p>\n\t\t\n<style>\n#text-1866489921 {\n  text-align: center;\n}\n<\/style>\n\t<\/div>\n\t\n\n\t\t<\/div>\n\t<\/div>\n\t\n\t\n\n\t\t<\/div>\n\t\t\t\t\t<\/div>\n\n\t\n\n<\/div>\n\n\t\t<\/div>\n\n\t\t\n<style>\n#section_608368266 {\n  padding-top: 60px;\n  padding-bottom: 60px;\n  background-color: rgba(217, 179, 108, 0.18);\n}\n<\/style>\n\t<\/section>\n\t\n<div class=\"row row-collapse row-full-width\"  id=\"row-1466845006\">\n\n\n\t<div id=\"col-1862489974\" class=\"col medium-3 small-6 large-3\"  >\n\t\t\t\t<div class=\"col-inner\"  >\n\t\t\t\n\t\t\t\n\n\n\t<section class=\"section dark\" id=\"section_1547172712\">\n\t\t<div class=\"section-bg fill\" >\n\t\t\t<img loading=\"lazy\" decoding=\"async\" width=\"1024\" height=\"1024\" src=\"https:\/\/kingspeciosa.eu\/wp-content\/uploads\/2024\/11\/kratom-packaging-1.png\" class=\"bg attachment-original size-original\" alt=\"\" \/>\t\t\t\t\t\t<div class=\"section-bg-overlay absolute fill\"><\/div>\n\t\t\t\n\n\t\t<\/div>\n\n\t\t\n\n\t\t<div class=\"section-content relative\">\n\t\t\t\n\n\n\t\t<div class=\"icon-box featured-box icon-box-center text-center is-small\"  >\n\t\t\t\t\t<div class=\"icon-box-img\" style=\"width: 60px\">\n\t\t\t\t<div class=\"icon\">\n\t\t\t\t\t<div class=\"icon-inner\" >\n\t\t\t\t\t\t<svg xmlns=\"http:\/\/www.w3.org\/2000\/svg\" height=\"24px\" viewBox=\"0 -960 960 960\" width=\"24px\" fill=\"#FFFFFF\"><path d=\"M440-183v-274L200-596v274l240 139Zm80 0 240-139v-274L520-457v274Zm-80 92L160-252q-19-11-29.5-29T120-321v-318q0-22 10.5-40t29.5-29l280-161q19-11 40-11t40 11l280 161q19 11 29.5 29t10.5 40v318q0 22-10.5 40T800-252L520-91q-19 11-40 11t-40-11Zm200-528 77-44-237-137-78 45 238 136Zm-160 93 78-45-237-137-78 45 237 137Z\"\/><\/svg>\t\t\t\t\t<\/div>\n\t\t\t\t<\/div>\n\t\t\t<\/div>\n\t\t\t\t<div class=\"icon-box-text last-reset\">\n\t\t\t<h5 class=\"uppercase\">Env\u00edo el mismo d\u00eda<\/h5>\t\t\t\t\t\t\n\n<p>Si realizas tu pedido antes de las 12:00 h (CET), de lunes a viernes, tu pedido se env\u00eda el mismo d\u00eda.<\/p>\n\n\t\t<\/div>\n\t<\/div>\n\t\n\t\n\n\t\t<\/div>\n\n\t\t\n<style>\n#section_1547172712 {\n  padding-top: 30px;\n  padding-bottom: 30px;\n  min-height: 300px;\n}\n#section_1547172712 .section-bg-overlay {\n  background-color: rgba(0, 0, 0, 0.4);\n}\n#section_1547172712 .section-bg img {\n  object-position: 0% 100%;\n}\n<\/style>\n\t<\/section>\n\t\n\n\t\t<\/div>\n\t\t\t\t\t<\/div>\n\n\t\n\n\t<div id=\"col-332252912\" class=\"col medium-3 small-6 large-3\"  >\n\t\t\t\t<div class=\"col-inner\"  >\n\t\t\t\n\t\t\t\n\n\n\t<section class=\"section dark\" id=\"section_1600509472\">\n\t\t<div class=\"section-bg fill\" >\n\t\t\t<img loading=\"lazy\" decoding=\"async\" width=\"1024\" height=\"1024\" src=\"https:\/\/kingspeciosa.eu\/wp-content\/uploads\/2024\/11\/Free-shipping-1.png\" class=\"bg attachment-original size-original\" alt=\"\" \/>\t\t\t\t\t\t<div class=\"section-bg-overlay absolute fill\"><\/div>\n\t\t\t\n\n\t\t<\/div>\n\n\t\t\n\n\t\t<div class=\"section-content relative\">\n\t\t\t\n\n\n\t\t<div class=\"icon-box featured-box icon-box-center text-center is-small\"  >\n\t\t\t\t\t<div class=\"icon-box-img\" style=\"width: 60px\">\n\t\t\t\t<div class=\"icon\">\n\t\t\t\t\t<div class=\"icon-inner\" >\n\t\t\t\t\t\t<svg xmlns=\"http:\/\/www.w3.org\/2000\/svg\" height=\"24px\" viewBox=\"0 -960 960 960\" width=\"24px\" fill=\"#FFFFFF\"><path d=\"M240-160q-50 0-85-35t-35-85H40v-440q0-33 23.5-56.5T120-800h560v160h120l120 160v200h-80q0 50-35 85t-85 35q-50 0-85-35t-35-85H360q0 50-35 85t-85 35Zm0-80q17 0 28.5-11.5T280-280q0-17-11.5-28.5T240-320q-17 0-28.5 11.5T200-280q0 17 11.5 28.5T240-240ZM120-360h32q17-18 39-29t49-11q27 0 49 11t39 29h272v-360H120v360Zm600 120q17 0 28.5-11.5T760-280q0-17-11.5-28.5T720-320q-17 0-28.5 11.5T680-280q0 17 11.5 28.5T720-240Zm-40-200h170l-90-120h-80v120ZM360-540Z\"\/><\/svg>\t\t\t\t\t<\/div>\n\t\t\t\t<\/div>\n\t\t\t<\/div>\n\t\t\t\t<div class=\"icon-box-text last-reset\">\n\t\t\t<h5 class=\"uppercase\">ENV\u00cdO GRATUITO &gt; 120<\/h5>\t\t\t\t\t\t\n\n<p>\u00a1Ahorra en gastos de env\u00edo! Todos los pedidos superiores a 120\u20ac tienen env\u00edo gratuito directamente a tu buz\u00f3n. <\/p>\n\n\t\t<\/div>\n\t<\/div>\n\t\n\t\n\n\t\t<\/div>\n\n\t\t\n<style>\n#section_1600509472 {\n  padding-top: 30px;\n  padding-bottom: 30px;\n  min-height: 300px;\n}\n#section_1600509472 .section-bg-overlay {\n  background-color: rgba(0, 0, 0, 0.26);\n}\n#section_1600509472 .section-bg img {\n  object-position: 0% 100%;\n}\n<\/style>\n\t<\/section>\n\t\n\n\t\t<\/div>\n\t\t\t\t\t<\/div>\n\n\t\n\n\t<div id=\"col-241051494\" class=\"col medium-3 small-6 large-3\"  >\n\t\t\t\t<div class=\"col-inner\"  >\n\t\t\t\n\t\t\t\n\n\n\t<section class=\"section dark\" id=\"section_1937866112\">\n\t\t<div class=\"section-bg fill\" >\n\t\t\t<img loading=\"lazy\" decoding=\"async\" width=\"1024\" height=\"1024\" src=\"https:\/\/kingspeciosa.eu\/wp-content\/uploads\/2024\/11\/high-quality-kratom-1.png\" class=\"bg attachment-original size-original\" alt=\"\" \/>\t\t\t\t\t\t<div class=\"section-bg-overlay absolute fill\"><\/div>\n\t\t\t\n\n\t\t<\/div>\n\n\t\t\n\n\t\t<div class=\"section-content relative\">\n\t\t\t\n\n\n\t\t<div class=\"icon-box featured-box icon-box-center text-center is-small\"  >\n\t\t\t\t\t<div class=\"icon-box-img\" style=\"width: 60px\">\n\t\t\t\t<div class=\"icon\">\n\t\t\t\t\t<div class=\"icon-inner\" >\n\t\t\t\t\t\t<svg xmlns=\"http:\/\/www.w3.org\/2000\/svg\" height=\"24px\" viewBox=\"0 -960 960 960\" width=\"24px\" fill=\"#FFFFFF\"><path d=\"M200-120q-51 0-72.5-45.5T138-250l222-270v-240h-40q-17 0-28.5-11.5T280-800q0-17 11.5-28.5T320-840h320q17 0 28.5 11.5T680-800q0 17-11.5 28.5T640-760h-40v240l222 270q32 39 10.5 84.5T760-120H200Zm0-80h560L520-492v-268h-80v268L200-200Zm280-280Z\"\/><\/svg>\t\t\t\t\t<\/div>\n\t\t\t\t<\/div>\n\t\t\t<\/div>\n\t\t\t\t<div class=\"icon-box-text last-reset\">\n\t\t\t<h5 class=\"uppercase\">Probado en laboratorio<\/h5>\t\t\t\t\t\t\n\n<p>Las pruebas de laboratorio independientes de terceros garantizan la alta calidad y seguridad de nuestro Kratom.<\/p>\n\n\t\t<\/div>\n\t<\/div>\n\t\n\t\n\n\t\t<\/div>\n\n\t\t\n<style>\n#section_1937866112 {\n  padding-top: 30px;\n  padding-bottom: 30px;\n  min-height: 300px;\n}\n#section_1937866112 .section-bg-overlay {\n  background-color: rgba(0, 0, 0, 0.4);\n}\n<\/style>\n\t<\/section>\n\t\n\n\t\t<\/div>\n\t\t\t\t\t<\/div>\n\n\t\n\n\t<div id=\"col-489814307\" class=\"col medium-3 small-6 large-3\"  >\n\t\t\t\t<div class=\"col-inner\"  >\n\t\t\t\n\t\t\t\n\n\n\t<section class=\"section dark\" id=\"section_701659735\">\n\t\t<div class=\"section-bg fill\" >\n\t\t\t<img loading=\"lazy\" decoding=\"async\" width=\"1024\" height=\"1024\" src=\"https:\/\/kingspeciosa.eu\/wp-content\/uploads\/2024\/11\/Kratom-europe-1.png\" class=\"bg attachment-original size-original\" alt=\"\" \/>\t\t\t\t\t\t<div class=\"section-bg-overlay absolute fill\"><\/div>\n\t\t\t\n\n\t\t<\/div>\n\n\t\t\n\n\t\t<div class=\"section-content relative\">\n\t\t\t\n\n\n\t\t<div class=\"icon-box featured-box icon-box-center text-center is-small\"  >\n\t\t\t\t\t<div class=\"icon-box-img\" style=\"width: 60px\">\n\t\t\t\t<div class=\"icon\">\n\t\t\t\t\t<div class=\"icon-inner\" >\n\t\t\t\t\t\t<svg xmlns=\"http:\/\/www.w3.org\/2000\/svg\" height=\"24px\" viewBox=\"0 -960 960 960\" width=\"24px\" fill=\"#FFFFFF\"><path d=\"M216-176q-45-45-70.5-104T120-402q0-63 24-124.5T222-642q35-35 86.5-60t122-39.5Q501-756 591.5-759t202.5 7q8 106 5 195t-16.5 160.5q-13.5 71.5-38 125T684-182q-53 53-112.5 77.5T450-80q-65 0-127-25.5T216-176Zm112-16q29 17 59.5 24.5T450-160q46 0 91-18.5t86-59.5q18-18 36.5-50.5t32-85Q709-426 716-500.5t2-177.5q-49-2-110.5-1.5T485-670q-61 9-116 29t-90 55q-45 45-62 89t-17 85q0 59 22.5 103.5T262-246q42-80 111-153.5T534-520q-72 63-125.5 142.5T328-192Zm0 0Zm0 0Z\"\/><\/svg>\t\t\t\t\t<\/div>\n\t\t\t\t<\/div>\n\t\t\t<\/div>\n\t\t\t\t<div class=\"icon-box-text last-reset\">\n\t\t\t<h5 class=\"uppercase\">CALIDAD<\/h5>\t\t\t\t\t\t\n\n<p>Nuestra misi\u00f3n es tu bienestar. \u00bfNo est\u00e1s satisfecho? Nos aseguraremos de que recibas la calidad que mereces.  <\/p>\n\n\t\t<\/div>\n\t<\/div>\n\t\n\t\n\n\t\t<\/div>\n\n\t\t\n<style>\n#section_701659735 {\n  padding-top: 30px;\n  padding-bottom: 30px;\n  min-height: 300px;\n}\n#section_701659735 .section-bg-overlay {\n  background-color: rgba(0, 0, 0, 0.26);\n}\n<\/style>\n\t<\/section>\n\t\n\n\t\t<\/div>\n\t\t\t\t\t<\/div>\n\n\t\n\n\n<style>\n#row-1466845006 > .col > .col-inner {\n  background-color: rgb(0,0,0);\n}\n<\/style>\n<\/div>\n\n\n","protected":false},"excerpt":{"rendered":"","protected":false},"author":1,"featured_media":0,"parent":0,"menu_order":0,"comment_status":"closed","ping_status":"closed","template":"page-blank.php","meta":{"footnotes":""},"class_list":["post-2223","page","type-page","status-publish","hentry"],"yoast_head":"<!-- This site is optimized with the Yoast SEO plugin v27.6 - https:\/\/yoast.com\/product\/yoast-seo-wordpress\/ -->\n<title>King Speciosa | Variedades de Kratom | EU Kratom Shop<\/title>\n<meta name=\"description\" content=\"Explore Variedades de Kratom at King Speciosa. Learn more about our premium Kratom online offerings, sourced from Borneo and available across Europe with fast delivery.\" \/>\n<meta name=\"robots\" content=\"index, follow, max-snippet:-1, max-image-preview:large, max-video-preview:-1\" \/>\n<link rel=\"canonical\" href=\"https:\/\/kingspeciosa.eu\/kratom-strains\/\" \/>\n<meta property=\"og:locale\" content=\"es_ES\" \/>\n<meta property=\"og:type\" content=\"article\" \/>\n<meta property=\"og:title\" content=\"King Speciosa | Variedades de Kratom | EU Kratom Shop\" \/>\n<meta property=\"og:description\" content=\"Explore Variedades de Kratom at King Speciosa. Learn more about our premium Kratom online offerings, sourced from Borneo and available across Europe with fast delivery.\" \/>\n<meta property=\"og:url\" content=\"https:\/\/kingspeciosa.eu\/kratom-strains\/\" \/>\n<meta property=\"og:site_name\" content=\"King Speciosa\" \/>\n<meta property=\"article:modified_time\" content=\"2025-01-28T11:12:50+00:00\" \/>\n<meta property=\"og:image\" content=\"https:\/\/kingspeciosa.eu\/wp-content\/uploads\/2024\/12\/White-King.png\" \/>\n\t<meta property=\"og:image:width\" content=\"800\" \/>\n\t<meta property=\"og:image:height\" content=\"800\" \/>\n\t<meta property=\"og:image:type\" content=\"image\/png\" \/>\n<meta name=\"twitter:card\" content=\"summary_large_image\" \/>\n<meta name=\"twitter:label1\" content=\"Tiempo de lectura\" \/>\n\t<meta name=\"twitter:data1\" content=\"2 minutos\" \/>\n<script type=\"application\/ld+json\" class=\"yoast-schema-graph\">{\"@context\":\"https:\\\/\\\/schema.org\",\"@graph\":[{\"@type\":\"WebPage\",\"@id\":\"https:\\\/\\\/kingspeciosa.eu\\\/kratom-strains\\\/\",\"url\":\"https:\\\/\\\/kingspeciosa.eu\\\/kratom-strains\\\/\",\"name\":\"King Speciosa | Variedades de Kratom | EU Kratom Shop\",\"isPartOf\":{\"@id\":\"https:\\\/\\\/kingspeciosa.eu\\\/#website\"},\"datePublished\":\"2024-12-03T18:28:24+00:00\",\"dateModified\":\"2025-01-28T11:12:50+00:00\",\"description\":\"Explore Variedades de Kratom at King Speciosa. Learn more about our premium Kratom online offerings, sourced from Borneo and available across Europe with fast delivery.\",\"breadcrumb\":{\"@id\":\"https:\\\/\\\/kingspeciosa.eu\\\/kratom-strains\\\/#breadcrumb\"},\"inLanguage\":\"es\",\"potentialAction\":[{\"@type\":\"ReadAction\",\"target\":[\"https:\\\/\\\/kingspeciosa.eu\\\/kratom-strains\\\/\"]}]},{\"@type\":\"BreadcrumbList\",\"@id\":\"https:\\\/\\\/kingspeciosa.eu\\\/kratom-strains\\\/#breadcrumb\",\"itemListElement\":[{\"@type\":\"ListItem\",\"position\":1,\"name\":\"Home\",\"item\":\"https:\\\/\\\/kingspeciosa.eu\\\/es\\\/pagina-de-inicio\\\/\"},{\"@type\":\"ListItem\",\"position\":2,\"name\":\"Variedades de Kratom\"}]},{\"@type\":\"WebSite\",\"@id\":\"https:\\\/\\\/kingspeciosa.eu\\\/#website\",\"url\":\"https:\\\/\\\/kingspeciosa.eu\\\/\",\"name\":\"King Speciosa\",\"description\":\"King of the jungle \ud83c\udf34\",\"publisher\":{\"@id\":\"https:\\\/\\\/kingspeciosa.eu\\\/#organization\"},\"potentialAction\":[{\"@type\":\"SearchAction\",\"target\":{\"@type\":\"EntryPoint\",\"urlTemplate\":\"https:\\\/\\\/kingspeciosa.eu\\\/?s={search_term_string}\"},\"query-input\":{\"@type\":\"PropertyValueSpecification\",\"valueRequired\":true,\"valueName\":\"search_term_string\"}}],\"inLanguage\":\"es\"},{\"@type\":\"Organization\",\"@id\":\"https:\\\/\\\/kingspeciosa.eu\\\/#organization\",\"name\":\"King Speciosa\",\"url\":\"https:\\\/\\\/kingspeciosa.eu\\\/\",\"logo\":{\"@type\":\"ImageObject\",\"inLanguage\":\"es\",\"@id\":\"https:\\\/\\\/kingspeciosa.eu\\\/#\\\/schema\\\/logo\\\/image\\\/\",\"url\":\"http:\\\/\\\/kingspeciosa.eu\\\/wp-content\\\/uploads\\\/2024\\\/12\\\/KingSpeciosa-logo.png\",\"contentUrl\":\"http:\\\/\\\/kingspeciosa.eu\\\/wp-content\\\/uploads\\\/2024\\\/12\\\/KingSpeciosa-logo.png\",\"width\":1000,\"height\":1000,\"caption\":\"King Speciosa\"},\"image\":{\"@id\":\"https:\\\/\\\/kingspeciosa.eu\\\/#\\\/schema\\\/logo\\\/image\\\/\"}}]}<\/script>\n<!-- \/ Yoast SEO plugin. -->","yoast_head_json":{"title":"King Speciosa | Variedades de Kratom | EU Kratom Shop","description":"Explore Variedades de Kratom at King Speciosa. Learn more about our premium Kratom online offerings, sourced from Borneo and available across Europe with fast delivery.","robots":{"index":"index","follow":"follow","max-snippet":"max-snippet:-1","max-image-preview":"max-image-preview:large","max-video-preview":"max-video-preview:-1"},"canonical":"https:\/\/kingspeciosa.eu\/kratom-strains\/","og_locale":"es_ES","og_type":"article","og_title":"King Speciosa | Variedades de Kratom | EU Kratom Shop","og_description":"Explore Variedades de Kratom at King Speciosa. Learn more about our premium Kratom online offerings, sourced from Borneo and available across Europe with fast delivery.","og_url":"https:\/\/kingspeciosa.eu\/kratom-strains\/","og_site_name":"King Speciosa","article_modified_time":"2025-01-28T11:12:50+00:00","og_image":[{"width":800,"height":800,"url":"https:\/\/kingspeciosa.eu\/wp-content\/uploads\/2024\/12\/White-King.png","type":"image\/png"}],"twitter_card":"summary_large_image","twitter_misc":{"Tiempo de lectura":"2 minutos"},"schema":{"@context":"https:\/\/schema.org","@graph":[{"@type":"WebPage","@id":"https:\/\/kingspeciosa.eu\/kratom-strains\/","url":"https:\/\/kingspeciosa.eu\/kratom-strains\/","name":"King Speciosa | Variedades de Kratom | EU Kratom Shop","isPartOf":{"@id":"https:\/\/kingspeciosa.eu\/#website"},"datePublished":"2024-12-03T18:28:24+00:00","dateModified":"2025-01-28T11:12:50+00:00","description":"Explore Variedades de Kratom at King Speciosa. Learn more about our premium Kratom online offerings, sourced from Borneo and available across Europe with fast delivery.","breadcrumb":{"@id":"https:\/\/kingspeciosa.eu\/kratom-strains\/#breadcrumb"},"inLanguage":"es","potentialAction":[{"@type":"ReadAction","target":["https:\/\/kingspeciosa.eu\/kratom-strains\/"]}]},{"@type":"BreadcrumbList","@id":"https:\/\/kingspeciosa.eu\/kratom-strains\/#breadcrumb","itemListElement":[{"@type":"ListItem","position":1,"name":"Home","item":"https:\/\/kingspeciosa.eu\/es\/pagina-de-inicio\/"},{"@type":"ListItem","position":2,"name":"Variedades de Kratom"}]},{"@type":"WebSite","@id":"https:\/\/kingspeciosa.eu\/#website","url":"https:\/\/kingspeciosa.eu\/","name":"King Speciosa","description":"King of the jungle \ud83c\udf34","publisher":{"@id":"https:\/\/kingspeciosa.eu\/#organization"},"potentialAction":[{"@type":"SearchAction","target":{"@type":"EntryPoint","urlTemplate":"https:\/\/kingspeciosa.eu\/?s={search_term_string}"},"query-input":{"@type":"PropertyValueSpecification","valueRequired":true,"valueName":"search_term_string"}}],"inLanguage":"es"},{"@type":"Organization","@id":"https:\/\/kingspeciosa.eu\/#organization","name":"King Speciosa","url":"https:\/\/kingspeciosa.eu\/","logo":{"@type":"ImageObject","inLanguage":"es","@id":"https:\/\/kingspeciosa.eu\/#\/schema\/logo\/image\/","url":"http:\/\/kingspeciosa.eu\/wp-content\/uploads\/2024\/12\/KingSpeciosa-logo.png","contentUrl":"http:\/\/kingspeciosa.eu\/wp-content\/uploads\/2024\/12\/KingSpeciosa-logo.png","width":1000,"height":1000,"caption":"King Speciosa"},"image":{"@id":"https:\/\/kingspeciosa.eu\/#\/schema\/logo\/image\/"}}]}},"_links":{"self":[{"href":"https:\/\/kingspeciosa.eu\/es\/wp-json\/wp\/v2\/pages\/2223","targetHints":{"allow":["GET"]}}],"collection":[{"href":"https:\/\/kingspeciosa.eu\/es\/wp-json\/wp\/v2\/pages"}],"about":[{"href":"https:\/\/kingspeciosa.eu\/es\/wp-json\/wp\/v2\/types\/page"}],"author":[{"embeddable":true,"href":"https:\/\/kingspeciosa.eu\/es\/wp-json\/wp\/v2\/users\/1"}],"replies":[{"embeddable":true,"href":"https:\/\/kingspeciosa.eu\/es\/wp-json\/wp\/v2\/comments?post=2223"}],"version-history":[{"count":3,"href":"https:\/\/kingspeciosa.eu\/es\/wp-json\/wp\/v2\/pages\/2223\/revisions"}],"predecessor-version":[{"id":2393,"href":"https:\/\/kingspeciosa.eu\/es\/wp-json\/wp\/v2\/pages\/2223\/revisions\/2393"}],"wp:attachment":[{"href":"https:\/\/kingspeciosa.eu\/es\/wp-json\/wp\/v2\/media?parent=2223"}],"curies":[{"name":"wp","href":"https:\/\/api.w.org\/{rel}","templated":true}]}}