{"id":2233,"date":"2024-12-04T18:01:30","date_gmt":"2024-12-04T18:01:30","guid":{"rendered":"https:\/\/kingspeciosa.eu\/feltetelek-es-kikotesek\/"},"modified":"2025-09-13T09:18:28","modified_gmt":"2025-09-13T08:18:28","slug":"feltetelek-es-kikotesek","status":"publish","type":"page","link":"https:\/\/kingspeciosa.eu\/hu\/feltetelek-es-kikotesek\/","title":{"rendered":"Felt\u00e9telek \u00e9s kik\u00f6t\u00e9sek"},"content":{"rendered":"\n\t<section class=\"section dark has-scroll-for-more\" id=\"section_946943013\">\n\t\t<div class=\"section-bg fill\" >\n\t\t\t<img loading=\"lazy\" decoding=\"async\" width=\"1200\" height=\"550\" src=\"https:\/\/kingspeciosa.eu\/wp-content\/uploads\/2024\/11\/kratom-bed.png\" class=\"bg attachment-original size-original\" alt=\"\" \/>\t\t\t\t\t\t<div class=\"section-bg-overlay absolute fill\"><\/div><button class=\"scroll-for-more z-5 icon absolute bottom h-center\" aria-label=\"Scroll for more\"><i class=\"icon-angle-down\" aria-hidden=\"true\" style=\"font-size:42px;\"><\/i><\/button>\n\t\t\t\n\n\t\t<\/div>\n\n\t\t\n\t<div class=\"ux-shape-divider ux-shape-divider--bottom ux-shape-divider--style-waves\">\n\t\t<svg viewBox=\"0 0 1200 120\" xmlns=\"http:\/\/www.w3.org\/2000\/svg\" preserveAspectRatio=\"none\">\n  <path class=\"ux-shape-fill\" d=\"M321.39 63.56c58 10.79 114.16 30.13 172 41.86 82.39 16.72 168.19 17.73 250.45.39C823.78 89 906.67 48 985.66 27.17c70.05-18.48 146.53-26.09 214.34-3V120H0V92.65a600.21 600.21 0 01321.39-29.09z\"\/>\n<\/svg>\n\t<\/div>\n\n\t\t<div class=\"section-content relative\">\n\t\t\t\n\t<div id=\"gap-269855364\" class=\"gap-element clearfix\" style=\"display:block; height:auto;\">\n\t\t\n<style>\n#gap-269855364 {\n  padding-top: 30px;\n}\n<\/style>\n\t<\/div>\n\t\n<div class=\"row align-center\"  id=\"row-2067886601\">\n\n\t<div id=\"col-2055354792\" class=\"col medium-7 small-12 large-5\"  >\n\t\t\t\t<div class=\"col-inner text-center\"  >\n\t\t\t\n\t\t\t\n\t<div id=\"text-3403305546\" class=\"text\">\n\t\t\n<h1>Felt\u00e9telek \u00e9s felt\u00e9telek<\/h1>\n\t\t\n<style>\n#text-3403305546 {\n  font-size: 1.75rem;\n}\n<\/style>\n\t<\/div>\n\t\n<p>  A t\u0151l\u00fcnk t\u00f6rt\u00e9n\u0151 v\u00e1s\u00e1rl\u00e1ssal \u00d6n elfogadja ezeket a felt\u00e9teleket, amelyek mindk\u00e9t f\u00e9l sz\u00e1m\u00e1ra \u00e1tl\u00e1that\u00f3 \u00e9s biztons\u00e1gos \u00e9lm\u00e9nyt ny\u00fajtanak. K\u00e9rj\u00fck, olvassa el figyelmesen, hogy meg\u00e9rtse jogait \u00e9s k\u00f6telezetts\u00e9geit. <\/p>\n\t\t<\/div>\n\t\t\t\t\t<\/div>\n\n\t\n<\/div>\n\t\t<\/div>\n\n\t\t\n<style>\n#section_946943013 {\n  padding-top: 30px;\n  padding-bottom: 30px;\n  min-height: 290px;\n  background-color: rgb(255, 255, 255);\n}\n#section_946943013 .section-bg-overlay {\n  background-color: rgba(0, 0, 0, 0.3);\n}\n#section_946943013 .section-bg img {\n  object-position: 56% 55%;\n}\n#section_946943013 .ux-shape-divider--bottom svg {\n  height: 54px;\n  --divider-width: 120%;\n}\n@media (min-width:550px) {\n  #section_946943013 {\n    min-height: 285px;\n  }\n}\n<\/style>\n\t<\/section>\n\t\n\n\t<section class=\"section\" id=\"section_1975158775\">\n\t\t<div class=\"section-bg fill\" >\n\t\t\t\t\t\t\t\t\t\n\t\t\t\n\n\t\t<\/div>\n\n\t\t\n\n\t\t<div class=\"section-content relative\">\n\t\t\t\n<div class=\"row\"  id=\"row-952147653\">\n\n\t<div id=\"col-19022851\" class=\"col small-12 large-12\"  >\n\t\t\t\t<div class=\"col-inner\"  >\n\t\t\t\n\t\t\t\n<h2>1. A v\u00e1llalat adatai<\/h2>\n<p>A King Speciosa az Alta Mensa B.V. (RSIN 867987273) alatt m\u0171k\u00f6dik, sz\u00e9khelye a hollandiai Mijdrechtben tal\u00e1lhat\u00f3. A v\u00e1llalat levelez\u00e9si c\u00edme Vermogenweg 111, 3641 ST Mijdrecht. \u00c9rdekl\u0151d\u00e9s eset\u00e9n k\u00e9rj\u00fck, vegye fel vel\u00fcnk a kapcsolatot a <a href=\"mailto:co*****@**********sa.eu\" data-original-string=\"9bJkFVR3TtdcOYza6tZ8nQ==af9xMmZYm3L4a39qTQpg\/ev3Zb+9Wrs484UF7Yo\/YixLac=\" title=\"This contact has been encoded by Anti-Spam by CleanTalk. Click to decode. To finish the decoding make sure that JavaScript is enabled in your browser.\"><span \n                data-original-string='fkaFgqalxHlBnDXO4Qnz8w==af9I7nbphYg6rZc\/D9KHzmQLqWvY3J20\/Uel3dLcJEPIIA='\n                class='apbct-email-encoder'\n                title='This contact has been encoded by Anti-Spam by CleanTalk. Click to decode. To finish the decoding make sure that JavaScript is enabled in your browser.'>co<span class=\"apbct-blur\">*****<\/span>@<span class=\"apbct-blur\">**********<\/span>sa.eu<\/span><\/a> c\u00edmen, \u00e9s mi azonnal v\u00e1laszolunk.  <\/p>\n<h2>2. Jogi megfelel\u00e9s \u00e9s \u00fcgyf\u00e9lfelel\u0151ss\u00e9g<\/h2>\n<ul>\n<li>A v\u00e1s\u00e1rl\u00f3k kiz\u00e1r\u00f3lagos felel\u0151ss\u00e9ge annak biztos\u00edt\u00e1sa, hogy a term\u00e9kek megv\u00e1s\u00e1rl\u00e1sa, birtokl\u00e1sa \u00e9s haszn\u00e1lata megfeleljen a saj\u00e1t joghat\u00f3s\u00e1guk t\u00f6rv\u00e9nyeinek. A King Speciosa nem garant\u00e1lja a jogszab\u00e1lyoknak val\u00f3 megfelel\u00e9st a Hollandi\u00e1n k\u00edv\u00fcli r\u00e9gi\u00f3kban. <\/li>\n<li>A King Speciosa-t\u00f3l t\u00f6rt\u00e9n\u0151 v\u00e1s\u00e1rl\u00e1ssal a v\u00e1s\u00e1rl\u00f3k tudom\u00e1sul veszik, hogy minden term\u00e9k kiz\u00e1r\u00f3lag k\u00fcls\u0151 haszn\u00e1latra \u00e9s nem fogyaszt\u00e1sra szolg\u00e1l. B\u00e1rmilyen vissza\u00e9l\u00e9sszer\u0171 felhaszn\u00e1l\u00e1s, bele\u00e9rtve a fogyaszt\u00e1sra val\u00f3 el\u0151k\u00e9sz\u00edt\u00e9st is, szigor\u00faan tilos, \u00e9s a v\u00e1s\u00e1rl\u00f3 saj\u00e1t felel\u0151ss\u00e9g\u00e9re t\u00f6rt\u00e9nik. <\/li>\n<li>A King Speciosa fenntartja a jogot, hogy visszautas\u00edtsa vagy t\u00f6r\u00f6lje a term\u00e9kekkel vissza\u00e9l\u0151 vagy a helyi t\u00f6rv\u00e9nyeket megs\u00e9rt\u0151 szem\u00e9lyek megrendel\u00e9seit.<\/li>\n<\/ul>\n<h2>3. A felel\u0151ss\u00e9g korl\u00e1toz\u00e1sa<\/h2>\n<ul>\n<li>A King Speciosa nem v\u00e1llal felel\u0151ss\u00e9get semmilyen k\u00e1r\u00e9rt, szem\u00e9lyi s\u00e9r\u00fcl\u00e9s\u00e9rt vagy jogi k\u00f6vetkezm\u00e9ny\u00e9rt, amely a term\u00e9kek helytelen haszn\u00e1lat\u00e1b\u00f3l, bele\u00e9rtve a fogyaszt\u00e1st vagy a fogyaszt\u00e1sra val\u00f3 el\u0151k\u00e9sz\u00edt\u00e9st is.<\/li>\n<li>A v\u00e1s\u00e1rl\u00f3k v\u00e1llalj\u00e1k, hogy k\u00e1rtalan\u00edtj\u00e1k a King Specios\u00e1t a vissza\u00e9l\u00e9sszer\u0171 haszn\u00e1latb\u00f3l ered\u0151 b\u00e1rmely k\u00f6vetel\u00e9s vagy felel\u0151ss\u00e9g al\u00f3l.<\/li>\n<li>A term\u00e9keket biztons\u00e1gosan \u00e9s kiskor\u00faak sz\u00e1m\u00e1ra el\u00e9rhetetlen helyen kell t\u00e1rolni.<\/li>\n<li>A King Speciosa nem felel\u0151s a vis maior okozta k\u00e9sedelmek\u00e9rt vagy nem teljes\u00edt\u00e9s\u00e9rt, bele\u00e9rtve a szab\u00e1lyoz\u00e1si v\u00e1ltoz\u00e1sokat, term\u00e9szeti katasztr\u00f3f\u00e1kat, munka\u00fcgyi vit\u00e1kat vagy besz\u00e1ll\u00edt\u00f3i zavarokat.<\/li>\n<\/ul>\n<h2>4. V\u00e1s\u00e1rl\u00e1si politika<\/h2>\n<ul>\n<li>A v\u00e1s\u00e1rl\u00f3knak legal\u00e1bb 18 \u00e9vesnek kell lenni\u00fck ahhoz, hogy a King Specios\u00e1t\u00f3l v\u00e1s\u00e1rolhassanak. A v\u00e1llalat fenntartja a jogot, hogy korigazol\u00e1st k\u00e9rjen, vagy elutas\u00edtsa azokat a megrendel\u00e9seket, amelyek nem felelnek meg ennek a k\u00f6vetelm\u00e9nynek. <\/li>\n<li>A v\u00e1s\u00e1rl\u00e1s befejez\u00e9sekor a v\u00e1s\u00e1rl\u00f3 e-mail c\u00edm\u00e9re visszaigazol\u00e1st k\u00fcld\u00fcnk a megrendel\u00e9sr\u0151l. A v\u00e1s\u00e1rl\u00f3 felel\u0151ss\u00e9ge, hogy ellen\u0151rizze az adatokat, \u00e9s az esetleges hib\u00e1kat azonnal jelezze a <a href=\"mailto:co*****@**********sa.eu\" data-original-string=\"Qy\/nkqWhFKqStDVXzA+gYQ==af99To1UUR\/20k2tR1gUvoX8vNhje\/a4QQbnbcUKUqpZrc=\" title=\"This contact has been encoded by Anti-Spam by CleanTalk. Click to decode. To finish the decoding make sure that JavaScript is enabled in your browser.\"><span \n                data-original-string='cbappu0bDG\/9O0HbjOuk0Q==af99LRBhXNVJyQW05GaDgUJ\/tFnCT29E9IHm072QmcH7ls='\n                class='apbct-email-encoder'\n                title='This contact has been encoded by Anti-Spam by CleanTalk. Click to decode. To finish the decoding make sure that JavaScript is enabled in your browser.'>co<span class=\"apbct-blur\">*****<\/span>@<span class=\"apbct-blur\">**********<\/span>sa.eu<\/span><\/a> c\u00edmre. <\/li>\n<\/ul>\n<h2>5. Sz\u00e1ll\u00edt\u00e1si politika<\/h2>\n<ul>\n<li>\n<p data-start=\"75\" data-end=\"198\">Norm\u00e1l sz\u00e1ll\u00edt\u00e1si id\u0151nk 1-7 nap, a v\u00e1lasztott sz\u00e1ll\u00edt\u00e1si m\u00f3dt\u00f3l \u00e9s a c\u00e9l\u00e1llom\u00e1st\u00f3l f\u00fcgg\u0151en. K\u00edn\u00e1lunk: <\/p>\n<ul data-start=\"200\" data-end=\"272\">\n<li data-start=\"200\" data-end=\"238\">\n<p data-start=\"202\" data-end=\"238\"><strong data-start=\"202\" data-end=\"217\">DHL Express<\/strong>: 1-2 munkanap<\/p>\n<\/li>\n<li data-start=\"239\" data-end=\"272\">\n<p data-start=\"241\" data-end=\"272\"><strong data-start=\"241\" data-end=\"251\">PostNL<\/strong>: 1-7 munkanap<\/p>\n<\/li>\n<\/ul>\n<\/li>\n<li>A sz\u00e1ll\u00edtm\u00e1nyoz\u00f3k vagy k\u00fcls\u0151 t\u00e9nyez\u0151k \u00e1ltal okozott k\u00e9sedelmekre a v\u00e1llalatnak nincs r\u00e1hat\u00e1sa. A k\u00e9sedelmet tapasztal\u00f3 \u00fcgyfeleknek a <a href=\"mailto:co*****@**********sa.eu\" data-original-string=\"cDbIEjPqHpOlaKzu1imwdA==af9DqjEQbAAsMBlrFAG8vEQG0KVdlEEvKj4ncT+ZZF3hAY=\" title=\"This contact has been encoded by Anti-Spam by CleanTalk. Click to decode. To finish the decoding make sure that JavaScript is enabled in your browser.\"><span \n                data-original-string='ArJyNR7edeLO\/DsMReZsAw==af9tv7Uw5K+PiZND596\/B6OWrX+LgXew4OKkjpwjvLeBsY='\n                class='apbct-email-encoder'\n                title='This contact has been encoded by Anti-Spam by CleanTalk. Click to decode. To finish the decoding make sure that JavaScript is enabled in your browser.'>co<span class=\"apbct-blur\">*****<\/span>@<span class=\"apbct-blur\">**********<\/span>sa.eu<\/span> c\u00edm<\/a>re kell fordulniuk. <\/li>\n<li>A King Speciosa nem v\u00e1llal felel\u0151ss\u00e9get a helyi v\u00e1mszab\u00e1lyok miatt k\u00e9sedelmesen \u00e9rkez\u0151 vagy lefoglalt t\u00e9telek\u00e9rt.<\/li>\n<\/ul>\n<h2>6. \u00c1rk\u00e9pz\u00e9s<\/h2>\n<ul>\n<li>Az \u00e1ruh\u00e1zban az \u00e1rak eur\u00f3ban vannak felt\u00fcntetve, \u00e9s alap\u00e9rtelmez\u00e9s szerint 21% \u00c1FA-t tartalmaznak. Az alkalmazand\u00f3 \u00c1FA-kulcsot a v\u00e1s\u00e1rl\u00f3 lak\u00f3helye szerinti orsz\u00e1g alapj\u00e1n sz\u00e1moljuk ki az EU \u00c1FA-el\u0151\u00edr\u00e1soknak megfelel\u0151en. Az EU-n k\u00edv\u00fclr\u0151l leadott megrendel\u00e9sek eset\u00e9ben nem sz\u00e1m\u00edtunk fel \u00e1f\u00e1t.  <\/li>\n<li>A King Speciosa fenntartja a jogot az \u00e1rak m\u00f3dos\u00edt\u00e1s\u00e1ra a sz\u00e1ll\u00edt\u00f3i v\u00e1ltoz\u00e1sok, el\u00edr\u00e1sok vagy egy\u00e9b el\u0151re nem l\u00e1that\u00f3 k\u00f6r\u00fclm\u00e9nyek miatt.<\/li>\n<\/ul>\n<h2>7. Visszal\u00e9p\u00e9si jog<\/h2>\n<p>A v\u00e1s\u00e1rl\u00f3knak a sz\u00e1ll\u00edt\u00e1s napj\u00e1t\u00f3l sz\u00e1m\u00edtott 14 napos t\u00f6rv\u00e9nyes el\u00e1ll\u00e1si joguk van.<\/p>\n<h3>7.1 Visszavon\u00e1si elj\u00e1r\u00e1s:<\/h3>\n<ul>\n<li>\u00c9rtes\u00edtse a <a href=\"mailto:co*****@**********sa.eu\" data-original-string=\"aXrU5LcWGm4Nul6ot3cTJQ==af9Osl41+IUyQ1MUZ\/pSn74g1wPWNfiSAGBE2rR077ST1w=\" title=\"This contact has been encoded by Anti-Spam by CleanTalk. Click to decode. To finish the decoding make sure that JavaScript is enabled in your browser.\"><span \n                data-original-string='tA+SRdQhFTZo1mY\/KdAMzw==af96NUGbmRqnH6eHlH0YFy2KKEQCWBgHK+l4RP8KR5DBbw='\n                class='apbct-email-encoder'\n                title='This contact has been encoded by Anti-Spam by CleanTalk. Click to decode. To finish the decoding make sure that JavaScript is enabled in your browser.'>co<span class=\"apbct-blur\">*****<\/span>@<span class=\"apbct-blur\">**********<\/span>sa.eu<\/span> c\u00ed<\/a> men a nev\u00e9t, a rendel\u00e9s sz\u00e1m\u00e1t \u00e9s a visszak\u00fcldend\u0151 t\u00e9telek r\u00e9szleteit.<\/li>\n<li>A term\u00e9keket az \u00e9rtes\u00edt\u00e9st\u0151l sz\u00e1m\u00edtott 14 napon bel\u00fcl eredeti, bontatlan csomagol\u00e1sban k\u00fcldje vissza. A visszak\u00fcld\u00e9s k\u00f6lts\u00e9gei az \u00fcgyfeleket terhelik. <\/li>\n<li>A visszat\u00e9r\u00edt\u00e9s cs\u00f6kkenthet\u0151 a haszn\u00e1lt vagy s\u00e9r\u00fclt term\u00e9kek eset\u00e9ben.<\/li>\n<\/ul>\n<h3>7.2 Kiv\u00e9telek a visszavon\u00e1s al\u00f3l:<\/h3>\n<ul>\n<li>A higi\u00e9niai vagy eg\u00e9szs\u00e9g\u00fcgyi okokb\u00f3l lez\u00e1rt term\u00e9kek felbont\u00e1s ut\u00e1n nem k\u00fcldhet\u0151k vissza.<\/li>\n<li>Az egyedi gy\u00e1rt\u00e1s\u00fa vagy romland\u00f3 term\u00e9kek nem tartoznak az el\u00e1ll\u00e1si jog hat\u00e1lya al\u00e1.<\/li>\n<\/ul>\n<h2>8. Reklam\u00e1ci\u00f3k \u00e9s panaszok<\/h2>\n<ul>\n<li>A v\u00e1s\u00e1rl\u00f3knak \u00e1tv\u00e9telkor ellen\u0151rizni\u00fck kell a term\u00e9keket. B\u00e1rmilyen hib\u00e1t vagy hi\u00e1nyoss\u00e1got azonnal jelenteni kell a <a href=\"mailto:co*****@**********sa.eu\" data-original-string=\"ipFZOY0eaNHRVBCLUVAtfg==af9Gky8WhrcFtQOT0ib64S\/SHFTMnfBJ\/Z4liQ+dVoaRq0=\" title=\"This contact has been encoded by Anti-Spam by CleanTalk. Click to decode. To finish the decoding make sure that JavaScript is enabled in your browser.\"><span \n                data-original-string='FSLK2F6NQB9nsCveI++uCA==af93uKhzjc3hI64tKm18ibeYVZMOGlWkv4tByAAup0eF74='\n                class='apbct-email-encoder'\n                title='This contact has been encoded by Anti-Spam by CleanTalk. Click to decode. To finish the decoding make sure that JavaScript is enabled in your browser.'>co<span class=\"apbct-blur\">*****<\/span>@<span class=\"apbct-blur\">**********<\/span>sa.eu<\/span><\/a> c\u00edmre, mell\u00e9kelve az al\u00e1t\u00e1maszt\u00f3 f\u00e9nyk\u00e9peket vagy r\u00e9szleteket. <\/li>\n<li>A King Speciosa a fogyaszt\u00f3v\u00e9delmi t\u00f6rv\u00e9nyeknek megfelel\u0151en biztos\u00edtja a hib\u00e1s term\u00e9kek cser\u00e9j\u00e9t, visszat\u00e9r\u00edt\u00e9s\u00e9t vagy jav\u00edt\u00e1s\u00e1t. A v\u00e1llalat fedezi a visszak\u00fcld\u00e9s k\u00f6lts\u00e9geit j\u00f3v\u00e1hagyott panaszok eset\u00e9n. <\/li>\n<\/ul>\n<h2>9. Term\u00e9kinform\u00e1ci\u00f3k<\/h2>\n<p>A King Speciosa t\u00f6rekszik a term\u00e9kle\u00edr\u00e1sok \u00e9s k\u00e9pek pontoss\u00e1g\u00e1ra. A k\u00e9perny\u0151 be\u00e1ll\u00edt\u00e1sai vagy a sz\u00e1ll\u00edt\u00f3i v\u00e1ltoz\u00e1sok miatt azonban el\u0151fordulhatnak elt\u00e9r\u00e9sek a sz\u00ednben vagy a megjelen\u00e9sben. <\/p>\n<h2>10. Eg\u00e9szs\u00e9g\u00fcgyi \u00e9s biztons\u00e1gi jogi nyilatkozat<\/h2>\n<ul>\n<li>Minden term\u00e9k kiz\u00e1r\u00f3lag k\u00fcls\u0151 haszn\u00e1latra \u00e9s nem fogyaszt\u00e1sra szolg\u00e1l. A term\u00e9kek helytelen haszn\u00e1lata, bele\u00e9rtve a fogyaszt\u00e1st is, eg\u00e9szs\u00e9g\u00fcgyi kock\u00e1zatot jelenthet. <\/li>\n<li>A King Speciosa kifejezetten kiz\u00e1rja a felel\u0151ss\u00e9get a term\u00e9kek helytelen haszn\u00e1lat\u00e1b\u00f3l ered\u0151 s\u00e9r\u00fcl\u00e9sek\u00e9rt vagy k\u00e1rok\u00e9rt.<\/li>\n<\/ul>\n<h2>11. S\u00fctik \u00e9s adatv\u00e9delmi ir\u00e1nyelvek<\/h2>\n<ul>\n<li>A King Speciosa weboldal haszn\u00e1lat\u00e1val az \u00fcgyfelek hozz\u00e1j\u00e1rulnak a s\u00fctik funkcionalit\u00e1s \u00e9s analitika c\u00e9lj\u00e1b\u00f3l t\u00f6rt\u00e9n\u0151 haszn\u00e1lat\u00e1hoz. A cookie-kat a b\u00f6ng\u00e9sz\u0151 be\u00e1ll\u00edt\u00e1saiban ki lehet kapcsolni. <\/li>\n<li>A szem\u00e9lyes adatok feldolgoz\u00e1sa a GDPR-nak megfelel\u0151en t\u00f6rt\u00e9nik. A King Speciosa csak a megrendel\u00e9sek feldolgoz\u00e1s\u00e1hoz sz\u00fcks\u00e9ges inform\u00e1ci\u00f3kat gy\u0171jti, \u00e9s nem osztja meg az adatokat harmadik f\u00e9llel, kiv\u00e9ve, ha azt t\u00f6rv\u00e9ny \u00edrja el\u0151. <\/li>\n<\/ul>\n<h2>12. Az \u00c1ltal\u00e1nos Szerz\u0151d\u00e9si Felt\u00e9telek m\u00f3dos\u00edt\u00e1sa<\/h2>\n<p>A King Speciosa fenntartja a jogot, hogy b\u00e1rmikor friss\u00edtse ezeket a felt\u00e9teleket. A friss\u00edt\u00e9seket a weboldalunkon k\u00f6zz\u00e9tessz\u00fck, \u00e9s a weboldal tov\u00e1bbi haszn\u00e1lata a friss\u00edtett felt\u00e9telek elfogad\u00e1s\u00e1t jelenti. <\/p>\n<h2>13. Vitarendez\u00e9s<\/h2>\n<ul>\n<li>Amennyiben a vit\u00e1s \u00fcgyet nem siker\u00fcl b\u00e9k\u00e9sen rendezni a v\u00e1llalat \u00fcgyf\u00e9lszolg\u00e1lat\u00e1val \u00e9s az \u00fcgyf\u00e9llel, \u00d6n mint \u00fcgyf\u00e9l a <em data-start=\"303\" data-end=\"327\">De Geschillencommissie<\/em> (A holland vitarendez\u00e9si bizotts\u00e1g) fel\u00e9 fordulhat, l\u00e1sd <a class=\"cursor-pointer\" target=\"_new\" rel=\"noopener\" data-start=\"364\" data-end=\"392\">www.degeschillencommissie.nl<\/a>. A Hollandi\u00e1n k\u00edv\u00fcli uni\u00f3s orsz\u00e1gok lakosai a panaszokat online is beny\u00fajthatj\u00e1k az EU Bizotts\u00e1g vitarendez\u00e9si platformj\u00e1n kereszt\u00fcl, l\u00e1sd: <a class=\"\" href=\"http:\/\/ec.europa.eu\/consumers\/odr\" target=\"_new\" rel=\"noopener\" data-start=\"549\" data-end=\"582\">http:\/\/ec.europa.eu\/consumers\/odr<\/a>. <\/li>\n<li>Vit\u00e1s esetben a De Geschillencommissie vagy m\u00e1s egyen\u00e9rt\u00e9k\u0171 vitarendez\u0151 szervek \u00e1ltal hozott d\u00f6nt\u00e9seknek tesz\u00fcnk eleget.<\/li>\n<li>A jelen \u00e1ltal\u00e1nos szerz\u0151d\u00e9si felt\u00e9telek \u00e9rtelmez\u00e9s\u00e9vel vagy alkalmaz\u00e1s\u00e1val kapcsolatos b\u00e1rmely vit\u00e1ra a holland jog \u00e9s jogszab\u00e1lyok az ir\u00e1nyad\u00f3k, \u00e9s azokat a holland jog \u00e9s jogszab\u00e1lyok szerint kell \u00e9rtelmezni.<\/li>\n<\/ul>\n\t\t<\/div>\n\t\t\t\t\t<\/div>\n\n\t\n<\/div>\n\t\t<\/div>\n\n\t\t\n<style>\n#section_1975158775 {\n  padding-top: 30px;\n  padding-bottom: 30px;\n}\n<\/style>\n\t<\/section>\n\t\n","protected":false},"excerpt":{"rendered":"","protected":false},"author":1,"featured_media":0,"parent":0,"menu_order":0,"comment_status":"closed","ping_status":"closed","template":"page-blank.php","meta":{"footnotes":""},"class_list":["post-2233","page","type-page","status-publish","hentry"],"yoast_head":"<!-- This site is optimized with the Yoast SEO plugin v27.5 - https:\/\/yoast.com\/product\/yoast-seo-wordpress\/ -->\n<title>King Speciosa | Felt\u00e9telek \u00e9s kik\u00f6t\u00e9sek | EU Kratom Shop<\/title>\n<meta name=\"description\" content=\"Explore Felt\u00e9telek \u00e9s kik\u00f6t\u00e9sek at King Speciosa. Learn more about our premium Kratom online offerings, sourced from Borneo and available across Europe with fast delivery.\" \/>\n<meta name=\"robots\" content=\"noindex, follow\" \/>\n<meta property=\"og:locale\" content=\"hu_HU\" \/>\n<meta property=\"og:type\" content=\"article\" \/>\n<meta property=\"og:title\" content=\"King Speciosa | Felt\u00e9telek \u00e9s kik\u00f6t\u00e9sek | EU Kratom Shop\" \/>\n<meta property=\"og:description\" content=\"Explore Felt\u00e9telek \u00e9s kik\u00f6t\u00e9sek at King Speciosa. Learn more about our premium Kratom online offerings, sourced from Borneo and available across Europe with fast delivery.\" \/>\n<meta property=\"og:url\" content=\"https:\/\/kingspeciosa.eu\/hu\/feltetelek-es-kikotesek\/\" \/>\n<meta property=\"og:site_name\" content=\"King Speciosa\" \/>\n<meta property=\"article:modified_time\" content=\"2025-09-13T08:18:28+00:00\" \/>\n<meta property=\"og:image\" content=\"https:\/\/kingspeciosa.eu\/wp-content\/uploads\/2024\/12\/White-King.png\" \/>\n\t<meta property=\"og:image:width\" content=\"800\" \/>\n\t<meta property=\"og:image:height\" content=\"800\" \/>\n\t<meta property=\"og:image:type\" content=\"image\/png\" \/>\n<meta name=\"twitter:card\" content=\"summary_large_image\" \/>\n<meta name=\"twitter:label1\" content=\"Becs\u00fclt olvas\u00e1si id\u0151\" \/>\n\t<meta name=\"twitter:data1\" content=\"7 perc\" \/>\n<script type=\"application\/ld+json\" class=\"yoast-schema-graph\">{\"@context\":\"https:\\\/\\\/schema.org\",\"@graph\":[{\"@type\":\"WebPage\",\"@id\":\"https:\\\/\\\/kingspeciosa.eu\\\/hu\\\/feltetelek-es-kikotesek\\\/\",\"url\":\"https:\\\/\\\/kingspeciosa.eu\\\/hu\\\/feltetelek-es-kikotesek\\\/\",\"name\":\"King Speciosa | Felt\u00e9telek \u00e9s kik\u00f6t\u00e9sek | EU Kratom Shop\",\"isPartOf\":{\"@id\":\"https:\\\/\\\/kingspeciosa.eu\\\/#website\"},\"datePublished\":\"2024-12-04T18:01:30+00:00\",\"dateModified\":\"2025-09-13T08:18:28+00:00\",\"description\":\"Explore Felt\u00e9telek \u00e9s kik\u00f6t\u00e9sek at King Speciosa. Learn more about our premium Kratom online offerings, sourced from Borneo and available across Europe with fast delivery.\",\"breadcrumb\":{\"@id\":\"https:\\\/\\\/kingspeciosa.eu\\\/hu\\\/feltetelek-es-kikotesek\\\/#breadcrumb\"},\"inLanguage\":\"hu\",\"potentialAction\":[{\"@type\":\"ReadAction\",\"target\":[\"https:\\\/\\\/kingspeciosa.eu\\\/hu\\\/feltetelek-es-kikotesek\\\/\"]}]},{\"@type\":\"BreadcrumbList\",\"@id\":\"https:\\\/\\\/kingspeciosa.eu\\\/hu\\\/feltetelek-es-kikotesek\\\/#breadcrumb\",\"itemListElement\":[{\"@type\":\"ListItem\",\"position\":1,\"name\":\"Home\",\"item\":\"https:\\\/\\\/kingspeciosa.eu\\\/hu\\\/honlap\\\/\"},{\"@type\":\"ListItem\",\"position\":2,\"name\":\"Felt\u00e9telek \u00e9s kik\u00f6t\u00e9sek\"}]},{\"@type\":\"WebSite\",\"@id\":\"https:\\\/\\\/kingspeciosa.eu\\\/#website\",\"url\":\"https:\\\/\\\/kingspeciosa.eu\\\/\",\"name\":\"King Speciosa\",\"description\":\"King of the jungle \ud83c\udf34\",\"publisher\":{\"@id\":\"https:\\\/\\\/kingspeciosa.eu\\\/#organization\"},\"potentialAction\":[{\"@type\":\"SearchAction\",\"target\":{\"@type\":\"EntryPoint\",\"urlTemplate\":\"https:\\\/\\\/kingspeciosa.eu\\\/?s={search_term_string}\"},\"query-input\":{\"@type\":\"PropertyValueSpecification\",\"valueRequired\":true,\"valueName\":\"search_term_string\"}}],\"inLanguage\":\"hu\"},{\"@type\":\"Organization\",\"@id\":\"https:\\\/\\\/kingspeciosa.eu\\\/#organization\",\"name\":\"King Speciosa\",\"url\":\"https:\\\/\\\/kingspeciosa.eu\\\/\",\"logo\":{\"@type\":\"ImageObject\",\"inLanguage\":\"hu\",\"@id\":\"https:\\\/\\\/kingspeciosa.eu\\\/#\\\/schema\\\/logo\\\/image\\\/\",\"url\":\"http:\\\/\\\/kingspeciosa.eu\\\/wp-content\\\/uploads\\\/2024\\\/12\\\/KingSpeciosa-logo.png\",\"contentUrl\":\"http:\\\/\\\/kingspeciosa.eu\\\/wp-content\\\/uploads\\\/2024\\\/12\\\/KingSpeciosa-logo.png\",\"width\":1000,\"height\":1000,\"caption\":\"King Speciosa\"},\"image\":{\"@id\":\"https:\\\/\\\/kingspeciosa.eu\\\/#\\\/schema\\\/logo\\\/image\\\/\"}}]}<\/script>\n<!-- \/ Yoast SEO plugin. -->","yoast_head_json":{"title":"King Speciosa | Felt\u00e9telek \u00e9s kik\u00f6t\u00e9sek | EU Kratom Shop","description":"Explore Felt\u00e9telek \u00e9s kik\u00f6t\u00e9sek at King Speciosa. Learn more about our premium Kratom online offerings, sourced from Borneo and available across Europe with fast delivery.","robots":{"index":"noindex","follow":"follow"},"og_locale":"hu_HU","og_type":"article","og_title":"King Speciosa | Felt\u00e9telek \u00e9s kik\u00f6t\u00e9sek | EU Kratom Shop","og_description":"Explore Felt\u00e9telek \u00e9s kik\u00f6t\u00e9sek at King Speciosa. Learn more about our premium Kratom online offerings, sourced from Borneo and available across Europe with fast delivery.","og_url":"https:\/\/kingspeciosa.eu\/hu\/feltetelek-es-kikotesek\/","og_site_name":"King Speciosa","article_modified_time":"2025-09-13T08:18:28+00:00","og_image":[{"width":800,"height":800,"url":"https:\/\/kingspeciosa.eu\/wp-content\/uploads\/2024\/12\/White-King.png","type":"image\/png"}],"twitter_card":"summary_large_image","twitter_misc":{"Becs\u00fclt olvas\u00e1si id\u0151":"7 perc"},"schema":{"@context":"https:\/\/schema.org","@graph":[{"@type":"WebPage","@id":"https:\/\/kingspeciosa.eu\/hu\/feltetelek-es-kikotesek\/","url":"https:\/\/kingspeciosa.eu\/hu\/feltetelek-es-kikotesek\/","name":"King Speciosa | Felt\u00e9telek \u00e9s kik\u00f6t\u00e9sek | EU Kratom Shop","isPartOf":{"@id":"https:\/\/kingspeciosa.eu\/#website"},"datePublished":"2024-12-04T18:01:30+00:00","dateModified":"2025-09-13T08:18:28+00:00","description":"Explore Felt\u00e9telek \u00e9s kik\u00f6t\u00e9sek at King Speciosa. Learn more about our premium Kratom online offerings, sourced from Borneo and available across Europe with fast delivery.","breadcrumb":{"@id":"https:\/\/kingspeciosa.eu\/hu\/feltetelek-es-kikotesek\/#breadcrumb"},"inLanguage":"hu","potentialAction":[{"@type":"ReadAction","target":["https:\/\/kingspeciosa.eu\/hu\/feltetelek-es-kikotesek\/"]}]},{"@type":"BreadcrumbList","@id":"https:\/\/kingspeciosa.eu\/hu\/feltetelek-es-kikotesek\/#breadcrumb","itemListElement":[{"@type":"ListItem","position":1,"name":"Home","item":"https:\/\/kingspeciosa.eu\/hu\/honlap\/"},{"@type":"ListItem","position":2,"name":"Felt\u00e9telek \u00e9s kik\u00f6t\u00e9sek"}]},{"@type":"WebSite","@id":"https:\/\/kingspeciosa.eu\/#website","url":"https:\/\/kingspeciosa.eu\/","name":"King Speciosa","description":"King of the jungle \ud83c\udf34","publisher":{"@id":"https:\/\/kingspeciosa.eu\/#organization"},"potentialAction":[{"@type":"SearchAction","target":{"@type":"EntryPoint","urlTemplate":"https:\/\/kingspeciosa.eu\/?s={search_term_string}"},"query-input":{"@type":"PropertyValueSpecification","valueRequired":true,"valueName":"search_term_string"}}],"inLanguage":"hu"},{"@type":"Organization","@id":"https:\/\/kingspeciosa.eu\/#organization","name":"King Speciosa","url":"https:\/\/kingspeciosa.eu\/","logo":{"@type":"ImageObject","inLanguage":"hu","@id":"https:\/\/kingspeciosa.eu\/#\/schema\/logo\/image\/","url":"http:\/\/kingspeciosa.eu\/wp-content\/uploads\/2024\/12\/KingSpeciosa-logo.png","contentUrl":"http:\/\/kingspeciosa.eu\/wp-content\/uploads\/2024\/12\/KingSpeciosa-logo.png","width":1000,"height":1000,"caption":"King Speciosa"},"image":{"@id":"https:\/\/kingspeciosa.eu\/#\/schema\/logo\/image\/"}}]}},"_links":{"self":[{"href":"https:\/\/kingspeciosa.eu\/hu\/wp-json\/wp\/v2\/pages\/2233","targetHints":{"allow":["GET"]}}],"collection":[{"href":"https:\/\/kingspeciosa.eu\/hu\/wp-json\/wp\/v2\/pages"}],"about":[{"href":"https:\/\/kingspeciosa.eu\/hu\/wp-json\/wp\/v2\/types\/page"}],"author":[{"embeddable":true,"href":"https:\/\/kingspeciosa.eu\/hu\/wp-json\/wp\/v2\/users\/1"}],"replies":[{"embeddable":true,"href":"https:\/\/kingspeciosa.eu\/hu\/wp-json\/wp\/v2\/comments?post=2233"}],"version-history":[{"count":5,"href":"https:\/\/kingspeciosa.eu\/hu\/wp-json\/wp\/v2\/pages\/2233\/revisions"}],"predecessor-version":[{"id":3125,"href":"https:\/\/kingspeciosa.eu\/hu\/wp-json\/wp\/v2\/pages\/2233\/revisions\/3125"}],"wp:attachment":[{"href":"https:\/\/kingspeciosa.eu\/hu\/wp-json\/wp\/v2\/media?parent=2233"}],"curies":[{"name":"wp","href":"https:\/\/api.w.org\/{rel}","templated":true}]}}