{"id":2234,"date":"2024-12-03T18:28:24","date_gmt":"2024-12-03T18:28:24","guid":{"rendered":"https:\/\/kingspeciosa.eu\/kratom-fajtak\/"},"modified":"2025-01-28T11:12:50","modified_gmt":"2025-01-28T11:12:50","slug":"kratom-fajtak","status":"publish","type":"page","link":"https:\/\/kingspeciosa.eu\/hu\/kratom-fajtak\/","title":{"rendered":"Kratom fajt\u00e1k"},"content":{"rendered":"\n\n\t<section class=\"section\" id=\"section_2144022231\">\n\t\t<div class=\"section-bg fill\" >\n\t\t\t\t\t\t\t\t\t\n\t\t\t\n\n\t\t<\/div>\n\n\t\t\n\n\t\t<div class=\"section-content relative\">\n\t\t\t\n\n<div class=\"row row-collapse\"  id=\"row-2105103330\">\n\n\n\t<div id=\"col-1774022133\" class=\"col small-12 large-12\"  >\n\t\t\t\t<div class=\"col-inner\"  >\n\t\t\t\n\t\t\t\n\n\t<div id=\"gap-98485910\" class=\"gap-element clearfix\" style=\"display:block; height:auto;\">\n\t\t\n<style>\n#gap-98485910 {\n  padding-top: 30px;\n}\n<\/style>\n\t<\/div>\n\t\n\n\t<div id=\"text-3968430004\" class=\"text\">\n\t\t\n\n<h1 class=\"collapse\">KRATOM &#8211; K\u00dcL\u00d6NB\u00d6Z\u0150 T\u00d6RZSEK<\/h1>\n\n\t\t\n<style>\n#text-3968430004 {\n  text-align: center;\n}\n<\/style>\n\t<\/div>\n\t\n<div class=\"is-divider divider clearfix\" style=\"max-width:100%;\"><\/div>\n\n\n\t\t<\/div>\n\t\t\t\t\t<\/div>\n\n\t\n\n<\/div>\n<div class=\"row row-collapse align-middle align-center\"  id=\"row-1484474875\">\n\n\n\t<div id=\"col-899053145\" class=\"col medium-10 small-12 large-10\"  >\n\t\t\t\t<div class=\"col-inner text-left\"  >\n\t\t\t\n\t\t\t\n\n<p>A Kratom, tudom\u00e1nyos nev\u00e9n <em>Mitragyna speciosa<\/em>, egy D\u00e9lkelet-\u00c1zsi\u00e1ban \u0151shonos tr\u00f3pusi fa. Ennek a figyelemre m\u00e9lt\u00f3 n\u00f6v\u00e9nynek a leveleit \u00e9vsz\u00e1zadok \u00f3ta \u00e9rt\u00e9kelik egyed\u00fcl\u00e1ll\u00f3 tulajdons\u00e1gai \u00e9s a hagyom\u00e1nyos gyakorlatokhoz val\u00f3 kapcsol\u00f3d\u00e1sa miatt. Napjainkban a Kratom v\u00e1ltozatos fajt\u00e1ival \u00e9s gazdag t\u00f6rt\u00e9nelm\u00e9vel tov\u00e1bbra is rabul ejti a rajong\u00f3kat szerte a vil\u00e1gon.  <\/p>\n<h2 class=\"collapse\">K\u00fcl\u00f6nf\u00e9le fajt\u00e1k minden ig\u00e9nyt kiel\u00e9g\u00edt\u0151 v\u00e1laszt\u00e9ka<\/h2>\n<p>Minden Kratom t\u00f6rzs olyan egyedi, mint a sz\u00e1rmaz\u00e1sa, \u00e9s k\u00fcl\u00f6nb\u00f6z\u0151 tulajdons\u00e1gokkal rendelkezik, amelyek k\u00fcl\u00f6nb\u00f6z\u0151 preferenci\u00e1knak felelnek meg. A <strong>Green Maeng Da<\/strong> \u00e9l\u00e9nk z\u00f6ld sz\u00edn\u00e9t\u0151l kezdve a ritka \u00e9s kiv\u00e1l\u00f3 <strong>Gold Maeng Da-ig<\/strong> mindenki sz\u00e1m\u00e1ra van megfelel\u0151 t\u00f6rzs. A <strong>Red Bali<\/strong>, a <strong>White Thai<\/strong>, a <strong>Green Borneo<\/strong> \u00e9s m\u00e9g sok m\u00e1s fajta elt\u00e9r\u0151 profilja t\u00fckr\u00f6zi a k\u00fcl\u00f6nb\u00f6z\u0151 r\u00e9gi\u00f3kat \u00e9s szak\u00e9rt\u0151i technik\u00e1kat, amelyek meghat\u00e1rozz\u00e1k a pr\u00e9mium kateg\u00f3ri\u00e1s Kratomot.  <\/p>\n<h2 class=\"collapse\">A k\u00e9zm\u0171vess\u00e9g minden lev\u00e9l m\u00f6g\u00f6tt<\/h2>\n<p>A Kratom leveleket gondosan termesztik, \u00e9rett f\u00e1kr\u00f3l szedik le, \u00e9s hagyom\u00e1nyos m\u00f3dszerekkel dolgozz\u00e1k fel, amelyek meg\u0151rzik term\u00e9szetes tulajdons\u00e1gaikat. Ak\u00e1r Borne\u00f3 gazdag \u00fcltetv\u00e9nyein termesztik, ak\u00e1r D\u00e9lkelet-\u00c1zsia vadon \u00e9l\u0151 f\u00e1ir\u00f3l sz\u00e1rmaznak, minden egyes t\u00e9tel a min\u0151s\u00e9g \u00e9s a hiteless\u00e9g bizony\u00edt\u00e9ka. <\/p>\n<h2 class=\"collapse\">Fedezze fel kollekci\u00f3nkat<\/h2>\n<p>Megh\u00edvjuk \u00d6nt, hogy fedezze fel a Kratom t\u00f6rzsek sz\u00e9les k\u00f6r\u0171 gy\u0171jtem\u00e9ny\u00e9t. Minden egyes t\u00f6rzs gondosan kiv\u00e1lasztott, egyedi \u00e9lm\u00e9nyt ny\u00fajt, mik\u00f6zben a legmagasabb min\u0151s\u00e9gi szabv\u00e1nyokat tartja fenn. Kattintson az al\u00e1bbi t\u00f6rzsekre, hogy t\u00f6bbet tudjon meg a t\u00f6rt\u00e9net\u00e9r\u0151l, eredet\u00e9r\u0151l \u00e9s arr\u00f3l, hogy mi teszi k\u00fcl\u00f6nlegess\u00e9.  <\/p>\n\n<div class=\"row row-collapse align-middle\"  id=\"row-1659829881\">\n\n\n\t<div id=\"col-684608224\" class=\"col medium-5 small-12 large-3\"  >\n\t\t\t\t<div class=\"col-inner text-center\"  >\n\t\t\t\n\t\t\t\n\n\t<div id=\"stack-3384487506\" class=\"stack stack-col justify-center items-stretch\">\n\t\t\n\n<a href=\"https:\/\/kingspeciosa.eu\/hu\/maeng-da-kratom\/\" class=\"button secondary is-gloss\" >\n\t\t<span>MAENG DA KRATOM<\/span>\n\t<\/a>\n\n\n<a href=\"https:\/\/kingspeciosa.eu\/hu\/borneoi-kratom\/\" class=\"button secondary is-gloss\" >\n\t\t<span>BORNEO KRATOM<\/span>\n\t<\/a>\n\n\n<a href=\"https:\/\/kingspeciosa.eu\/hu\/kiraly-kratom\/\" class=\"button secondary is-gloss\" >\n\t\t<span>KRATOM KIR\u00c1LY<\/span>\n\t<\/a>\n\n\n<a href=\"https:\/\/kingspeciosa.eu\/hu\/thai-kratom\/\" class=\"button secondary is-gloss\" >\n\t\t<span>THAI KRATOM<\/span>\n\t<\/a>\n\n\n<a href=\"https:\/\/kingspeciosa.eu\/hu\/bali-kratom\/\" class=\"button secondary is-gloss\" >\n\t\t<span>BALI KRATOM<\/span>\n\t<\/a>\n\n\n\n\t\t\n<style>\n#stack-3384487506 > * {\n  --stack-gap: 0.5rem;\n}\n<\/style>\n\t<\/div>\n\t\n\n\t\t<\/div>\n\t\t\t\t\t<\/div>\n\n\t\n\n<\/div>\n\n\t\t<\/div>\n\t\t\t\t\n<style>\n#col-899053145 > .col-inner {\n  padding: 0px 10px 0px 10px;\n}\n<\/style>\n\t<\/div>\n\n\t\n\n<\/div>\n\t<div id=\"gap-1898314605\" class=\"gap-element clearfix\" style=\"display:block; height:auto;\">\n\t\t\n<style>\n#gap-1898314605 {\n  padding-top: 30px;\n}\n<\/style>\n\t<\/div>\n\t\n\n\n\t\t<\/div>\n\n\t\t\n<style>\n#section_2144022231 {\n  padding-top: 0px;\n  padding-bottom: 0px;\n}\n<\/style>\n\t<\/section>\n\t\n\n\t<section class=\"section\" id=\"section_1443360454\">\n\t\t<div class=\"section-bg fill\" >\n\t\t\t\t\t\t\t\t\t\n\t\t\t\n\n\t\t<\/div>\n\n\t\t\n\n\t\t<div class=\"section-content relative\">\n\t\t\t\n\n<div class=\"row align-center\"  id=\"row-223312031\">\n\n\n\t<div id=\"col-116723328\" class=\"col medium-10 small-12 large-10\"  >\n\t\t\t\t<div class=\"col-inner text-center\"  >\n\t\t\t\n\t\t\t\n\n\n\t\t<div class=\"icon-box featured-box icon-box-top text-left\"  >\n\t\t\t\t\t<div class=\"icon-box-img\" style=\"width: 60px\">\n\t\t\t\t<div class=\"icon\">\n\t\t\t\t\t<div class=\"icon-inner\" >\n\t\t\t\t\t\t<img loading=\"lazy\" decoding=\"async\" width=\"400\" height=\"400\" src=\"https:\/\/kingspeciosa.eu\/wp-content\/uploads\/2024\/11\/King-Speciosa-favicon-LIGHT-400x400.png\" class=\"attachment-medium size-medium\" alt=\"\" srcset=\"https:\/\/kingspeciosa.eu\/wp-content\/uploads\/2024\/11\/King-Speciosa-favicon-LIGHT-400x400.png 400w, https:\/\/kingspeciosa.eu\/wp-content\/uploads\/2024\/11\/King-Speciosa-favicon-LIGHT-280x280.png 280w, https:\/\/kingspeciosa.eu\/wp-content\/uploads\/2024\/11\/King-Speciosa-favicon-LIGHT-300x300.png 300w, https:\/\/kingspeciosa.eu\/wp-content\/uploads\/2024\/11\/King-Speciosa-favicon-LIGHT-100x100.png 100w, https:\/\/kingspeciosa.eu\/wp-content\/uploads\/2024\/11\/King-Speciosa-favicon-LIGHT.png 500w\" sizes=\"auto, (max-width: 400px) 100vw, 400px\" \/>\t\t\t\t\t<\/div>\n\t\t\t\t<\/div>\n\t\t\t<\/div>\n\t\t\t\t<div class=\"icon-box-text last-reset\">\n\t\t\t\t\t\t\t\t\t\n\n\t<div id=\"text-3563190171\" class=\"text\">\n\t\t\n\n<h2>Mi\u00e9rt King Speciosa?<\/h2>\n\t\t\n<style>\n#text-3563190171 {\n  font-size: 1.75rem;\n  text-align: center;\n}\n<\/style>\n\t<\/div>\n\t\n\t<div id=\"text-1973355910\" class=\"text\">\n\t\t\n\n<p>A King Speciosa-n\u00e1l \u00fajra\u00e9rtelmezz\u00fck a Kratom \u00e9s a n\u00f6v\u00e9nyi term\u00e9kek kiv\u00e1l\u00f3s\u00e1g\u00e1t. A min\u0151s\u00e9g, az \u00e1tl\u00e1that\u00f3s\u00e1g \u00e9s a v\u00e1s\u00e1rl\u00f3i el\u00e9gedetts\u00e9g ir\u00e1nti szil\u00e1rd elk\u00f6telezetts\u00e9g\u00fcnknek k\u00f6sz\u00f6nhet\u0151en megb\u00edzhat\u00f3 forr\u00e1sk\u00e9nt \u00e1llunk ki. Minden term\u00e9ket apr\u00f3l\u00e9kosan laborat\u00f3riumban tesztel\u00fcnk a tisztas\u00e1g \u00e9s a hat\u00e9konys\u00e1g szempontj\u00e1b\u00f3l, biztos\u00edtva, hogy csak a legjobbat kapja. R\u00e1ad\u00e1sul a gyors \u00e9s megb\u00edzhat\u00f3 kiszolg\u00e1l\u00e1st helyezz\u00fck el\u0151t\u00e9rbe - 120 \u20ac feletti rendel\u00e9s eset\u00e9n m\u00e9g aznap kisz\u00e1ll\u00edt\u00e1st \u00e9s ingyenes k\u00e9zbes\u00edt\u00e9st k\u00edn\u00e1lunk. Tapasztalja meg a k\u00fcl\u00f6nbs\u00e9get a King Speciosa-val, ahol a pr\u00e9mium min\u0151s\u00e9g tal\u00e1lkozik a p\u00e1ratlan gondoskod\u00e1ssal.    <\/p>\n\t\t\n<style>\n#text-1973355910 {\n  text-align: center;\n}\n<\/style>\n\t<\/div>\n\t\n\n\t\t<\/div>\n\t<\/div>\n\t\n\t\n\n\t\t<\/div>\n\t\t\t\t\t<\/div>\n\n\t\n\n<\/div>\n\n\t\t<\/div>\n\n\t\t\n<style>\n#section_1443360454 {\n  padding-top: 60px;\n  padding-bottom: 60px;\n  background-color: rgba(217, 179, 108, 0.18);\n}\n<\/style>\n\t<\/section>\n\t\n<div class=\"row row-collapse row-full-width\"  id=\"row-2016335408\">\n\n\n\t<div id=\"col-883791257\" class=\"col medium-3 small-6 large-3\"  >\n\t\t\t\t<div class=\"col-inner\"  >\n\t\t\t\n\t\t\t\n\n\n\t<section class=\"section dark\" id=\"section_303992280\">\n\t\t<div class=\"section-bg fill\" >\n\t\t\t<img loading=\"lazy\" decoding=\"async\" width=\"1024\" height=\"1024\" src=\"https:\/\/kingspeciosa.eu\/wp-content\/uploads\/2024\/11\/kratom-packaging-1.png\" class=\"bg attachment-original size-original\" alt=\"\" \/>\t\t\t\t\t\t<div class=\"section-bg-overlay absolute fill\"><\/div>\n\t\t\t\n\n\t\t<\/div>\n\n\t\t\n\n\t\t<div class=\"section-content relative\">\n\t\t\t\n\n\n\t\t<div class=\"icon-box featured-box icon-box-center text-center is-small\"  >\n\t\t\t\t\t<div class=\"icon-box-img\" style=\"width: 60px\">\n\t\t\t\t<div class=\"icon\">\n\t\t\t\t\t<div class=\"icon-inner\" >\n\t\t\t\t\t\t<svg xmlns=\"http:\/\/www.w3.org\/2000\/svg\" height=\"24px\" viewBox=\"0 -960 960 960\" width=\"24px\" fill=\"#FFFFFF\"><path d=\"M440-183v-274L200-596v274l240 139Zm80 0 240-139v-274L520-457v274Zm-80 92L160-252q-19-11-29.5-29T120-321v-318q0-22 10.5-40t29.5-29l280-161q19-11 40-11t40 11l280 161q19 11 29.5 29t10.5 40v318q0 22-10.5 40T800-252L520-91q-19 11-40 11t-40-11Zm200-528 77-44-237-137-78 45 238 136Zm-160 93 78-45-237-137-78 45 237 137Z\"\/><\/svg>\t\t\t\t\t<\/div>\n\t\t\t\t<\/div>\n\t\t\t<\/div>\n\t\t\t\t<div class=\"icon-box-text last-reset\">\n\t\t\t<h5 class=\"uppercase\">Ugyanezen a napon sz\u00e1ll\u00edt\u00e1s<\/h5>\t\t\t\t\t\t\n\n<p>Ha megrendel\u00e9s\u00e9t 12:00 \u00f3ra (CET) el\u0151tt adja le (H-P), a megrendel\u00e9s\u00e9t m\u00e9g aznap kisz\u00e1ll\u00edtjuk.<\/p>\n\n\t\t<\/div>\n\t<\/div>\n\t\n\t\n\n\t\t<\/div>\n\n\t\t\n<style>\n#section_303992280 {\n  padding-top: 30px;\n  padding-bottom: 30px;\n  min-height: 300px;\n}\n#section_303992280 .section-bg-overlay {\n  background-color: rgba(0, 0, 0, 0.4);\n}\n#section_303992280 .section-bg img {\n  object-position: 0% 100%;\n}\n<\/style>\n\t<\/section>\n\t\n\n\t\t<\/div>\n\t\t\t\t\t<\/div>\n\n\t\n\n\t<div id=\"col-1481138640\" class=\"col medium-3 small-6 large-3\"  >\n\t\t\t\t<div class=\"col-inner\"  >\n\t\t\t\n\t\t\t\n\n\n\t<section class=\"section dark\" id=\"section_483542481\">\n\t\t<div class=\"section-bg fill\" >\n\t\t\t<img loading=\"lazy\" decoding=\"async\" width=\"1024\" height=\"1024\" src=\"https:\/\/kingspeciosa.eu\/wp-content\/uploads\/2024\/11\/Free-shipping-1.png\" class=\"bg attachment-original size-original\" alt=\"\" \/>\t\t\t\t\t\t<div class=\"section-bg-overlay absolute fill\"><\/div>\n\t\t\t\n\n\t\t<\/div>\n\n\t\t\n\n\t\t<div class=\"section-content relative\">\n\t\t\t\n\n\n\t\t<div class=\"icon-box featured-box icon-box-center text-center is-small\"  >\n\t\t\t\t\t<div class=\"icon-box-img\" style=\"width: 60px\">\n\t\t\t\t<div class=\"icon\">\n\t\t\t\t\t<div class=\"icon-inner\" >\n\t\t\t\t\t\t<svg xmlns=\"http:\/\/www.w3.org\/2000\/svg\" height=\"24px\" viewBox=\"0 -960 960 960\" width=\"24px\" fill=\"#FFFFFF\"><path d=\"M240-160q-50 0-85-35t-35-85H40v-440q0-33 23.5-56.5T120-800h560v160h120l120 160v200h-80q0 50-35 85t-85 35q-50 0-85-35t-35-85H360q0 50-35 85t-85 35Zm0-80q17 0 28.5-11.5T280-280q0-17-11.5-28.5T240-320q-17 0-28.5 11.5T200-280q0 17 11.5 28.5T240-240ZM120-360h32q17-18 39-29t49-11q27 0 49 11t39 29h272v-360H120v360Zm600 120q17 0 28.5-11.5T760-280q0-17-11.5-28.5T720-320q-17 0-28.5 11.5T680-280q0 17 11.5 28.5T720-240Zm-40-200h170l-90-120h-80v120ZM360-540Z\"\/><\/svg>\t\t\t\t\t<\/div>\n\t\t\t\t<\/div>\n\t\t\t<\/div>\n\t\t\t\t<div class=\"icon-box-text last-reset\">\n\t\t\t<h5 class=\"uppercase\">INGYENES SZ\u00c1LL\u00cdT\u00c1S &gt; 120\u20ac<\/h5>\t\t\t\t\t\t\n\n<p>Mentsd meg a sz\u00e1ll\u00edt\u00e1si d\u00edjakat! Minden 120\u20ac feletti rendel\u00e9s ingyenes sz\u00e1ll\u00edt\u00e1sra jogosult, egyenesen a postal\u00e1d\u00e1j\u00e1ba. <\/p>\n\n\t\t<\/div>\n\t<\/div>\n\t\n\t\n\n\t\t<\/div>\n\n\t\t\n<style>\n#section_483542481 {\n  padding-top: 30px;\n  padding-bottom: 30px;\n  min-height: 300px;\n}\n#section_483542481 .section-bg-overlay {\n  background-color: rgba(0, 0, 0, 0.26);\n}\n#section_483542481 .section-bg img {\n  object-position: 0% 100%;\n}\n<\/style>\n\t<\/section>\n\t\n\n\t\t<\/div>\n\t\t\t\t\t<\/div>\n\n\t\n\n\t<div id=\"col-775535222\" class=\"col medium-3 small-6 large-3\"  >\n\t\t\t\t<div class=\"col-inner\"  >\n\t\t\t\n\t\t\t\n\n\n\t<section class=\"section dark\" id=\"section_2109187108\">\n\t\t<div class=\"section-bg fill\" >\n\t\t\t<img loading=\"lazy\" decoding=\"async\" width=\"1024\" height=\"1024\" src=\"https:\/\/kingspeciosa.eu\/wp-content\/uploads\/2024\/11\/high-quality-kratom-1.png\" class=\"bg attachment-original size-original\" alt=\"\" \/>\t\t\t\t\t\t<div class=\"section-bg-overlay absolute fill\"><\/div>\n\t\t\t\n\n\t\t<\/div>\n\n\t\t\n\n\t\t<div class=\"section-content relative\">\n\t\t\t\n\n\n\t\t<div class=\"icon-box featured-box icon-box-center text-center is-small\"  >\n\t\t\t\t\t<div class=\"icon-box-img\" style=\"width: 60px\">\n\t\t\t\t<div class=\"icon\">\n\t\t\t\t\t<div class=\"icon-inner\" >\n\t\t\t\t\t\t<svg xmlns=\"http:\/\/www.w3.org\/2000\/svg\" height=\"24px\" viewBox=\"0 -960 960 960\" width=\"24px\" fill=\"#FFFFFF\"><path d=\"M200-120q-51 0-72.5-45.5T138-250l222-270v-240h-40q-17 0-28.5-11.5T280-800q0-17 11.5-28.5T320-840h320q17 0 28.5 11.5T680-800q0 17-11.5 28.5T640-760h-40v240l222 270q32 39 10.5 84.5T760-120H200Zm0-80h560L520-492v-268h-80v268L200-200Zm280-280Z\"\/><\/svg>\t\t\t\t\t<\/div>\n\t\t\t\t<\/div>\n\t\t\t<\/div>\n\t\t\t\t<div class=\"icon-box-text last-reset\">\n\t\t\t<h5 class=\"uppercase\">Laborban tesztelt<\/h5>\t\t\t\t\t\t\n\n<p>F\u00fcggetlen, harmadik f\u00e9l \u00e1ltal v\u00e9gzett laborat\u00f3riumi vizsg\u00e1latok garant\u00e1lj\u00e1k a Kratom magas min\u0151s\u00e9g\u00e9t \u00e9s biztons\u00e1g\u00e1t.<\/p>\n\n\t\t<\/div>\n\t<\/div>\n\t\n\t\n\n\t\t<\/div>\n\n\t\t\n<style>\n#section_2109187108 {\n  padding-top: 30px;\n  padding-bottom: 30px;\n  min-height: 300px;\n}\n#section_2109187108 .section-bg-overlay {\n  background-color: rgba(0, 0, 0, 0.4);\n}\n<\/style>\n\t<\/section>\n\t\n\n\t\t<\/div>\n\t\t\t\t\t<\/div>\n\n\t\n\n\t<div id=\"col-710084716\" class=\"col medium-3 small-6 large-3\"  >\n\t\t\t\t<div class=\"col-inner\"  >\n\t\t\t\n\t\t\t\n\n\n\t<section class=\"section dark\" id=\"section_646636384\">\n\t\t<div class=\"section-bg fill\" >\n\t\t\t<img loading=\"lazy\" decoding=\"async\" width=\"1024\" height=\"1024\" src=\"https:\/\/kingspeciosa.eu\/wp-content\/uploads\/2024\/11\/Kratom-europe-1.png\" class=\"bg attachment-original size-original\" alt=\"\" \/>\t\t\t\t\t\t<div class=\"section-bg-overlay absolute fill\"><\/div>\n\t\t\t\n\n\t\t<\/div>\n\n\t\t\n\n\t\t<div class=\"section-content relative\">\n\t\t\t\n\n\n\t\t<div class=\"icon-box featured-box icon-box-center text-center is-small\"  >\n\t\t\t\t\t<div class=\"icon-box-img\" style=\"width: 60px\">\n\t\t\t\t<div class=\"icon\">\n\t\t\t\t\t<div class=\"icon-inner\" >\n\t\t\t\t\t\t<svg xmlns=\"http:\/\/www.w3.org\/2000\/svg\" height=\"24px\" viewBox=\"0 -960 960 960\" width=\"24px\" fill=\"#FFFFFF\"><path d=\"M216-176q-45-45-70.5-104T120-402q0-63 24-124.5T222-642q35-35 86.5-60t122-39.5Q501-756 591.5-759t202.5 7q8 106 5 195t-16.5 160.5q-13.5 71.5-38 125T684-182q-53 53-112.5 77.5T450-80q-65 0-127-25.5T216-176Zm112-16q29 17 59.5 24.5T450-160q46 0 91-18.5t86-59.5q18-18 36.5-50.5t32-85Q709-426 716-500.5t2-177.5q-49-2-110.5-1.5T485-670q-61 9-116 29t-90 55q-45 45-62 89t-17 85q0 59 22.5 103.5T262-246q42-80 111-153.5T534-520q-72 63-125.5 142.5T328-192Zm0 0Zm0 0Z\"\/><\/svg>\t\t\t\t\t<\/div>\n\t\t\t\t<\/div>\n\t\t\t<\/div>\n\t\t\t\t<div class=\"icon-box-text last-reset\">\n\t\t\t<h5 class=\"uppercase\">MIN\u0150S\u00c9G<\/h5>\t\t\t\t\t\t\n\n<p>K\u00fcldet\u00e9s\u00fcnk az \u00d6n j\u00f3l\u00e9te. El\u00e9gedetlen? Biztos\u00edtjuk, hogy a meg\u00e9rdemelt min\u0151s\u00e9get kapja.  <\/p>\n\n\t\t<\/div>\n\t<\/div>\n\t\n\t\n\n\t\t<\/div>\n\n\t\t\n<style>\n#section_646636384 {\n  padding-top: 30px;\n  padding-bottom: 30px;\n  min-height: 300px;\n}\n#section_646636384 .section-bg-overlay {\n  background-color: rgba(0, 0, 0, 0.26);\n}\n<\/style>\n\t<\/section>\n\t\n\n\t\t<\/div>\n\t\t\t\t\t<\/div>\n\n\t\n\n\n<style>\n#row-2016335408 > .col > .col-inner {\n  background-color: rgb(0,0,0);\n}\n<\/style>\n<\/div>\n\n\n","protected":false},"excerpt":{"rendered":"","protected":false},"author":1,"featured_media":0,"parent":0,"menu_order":0,"comment_status":"closed","ping_status":"closed","template":"page-blank.php","meta":{"footnotes":""},"class_list":["post-2234","page","type-page","status-publish","hentry"],"yoast_head":"<!-- This site is optimized with the Yoast SEO plugin v27.6 - https:\/\/yoast.com\/product\/yoast-seo-wordpress\/ -->\n<title>King Speciosa | Kratom fajt\u00e1k | EU Kratom Shop<\/title>\n<meta name=\"description\" content=\"Explore Kratom fajt\u00e1k at King Speciosa. Learn more about our premium Kratom online offerings, sourced from Borneo and available across Europe with fast delivery.\" \/>\n<meta name=\"robots\" content=\"index, follow, max-snippet:-1, max-image-preview:large, max-video-preview:-1\" \/>\n<link rel=\"canonical\" href=\"https:\/\/kingspeciosa.eu\/kratom-strains\/\" \/>\n<meta property=\"og:locale\" content=\"hu_HU\" \/>\n<meta property=\"og:type\" content=\"article\" \/>\n<meta property=\"og:title\" content=\"King Speciosa | Kratom fajt\u00e1k | EU Kratom Shop\" \/>\n<meta property=\"og:description\" content=\"Explore Kratom fajt\u00e1k at King Speciosa. Learn more about our premium Kratom online offerings, sourced from Borneo and available across Europe with fast delivery.\" \/>\n<meta property=\"og:url\" content=\"https:\/\/kingspeciosa.eu\/kratom-strains\/\" \/>\n<meta property=\"og:site_name\" content=\"King Speciosa\" \/>\n<meta property=\"article:modified_time\" content=\"2025-01-28T11:12:50+00:00\" \/>\n<meta property=\"og:image\" content=\"https:\/\/kingspeciosa.eu\/wp-content\/uploads\/2024\/12\/White-King.png\" \/>\n\t<meta property=\"og:image:width\" content=\"800\" \/>\n\t<meta property=\"og:image:height\" content=\"800\" \/>\n\t<meta property=\"og:image:type\" content=\"image\/png\" \/>\n<meta name=\"twitter:card\" content=\"summary_large_image\" \/>\n<meta name=\"twitter:label1\" content=\"Becs\u00fclt olvas\u00e1si id\u0151\" \/>\n\t<meta name=\"twitter:data1\" content=\"2 perc\" \/>\n<script type=\"application\/ld+json\" class=\"yoast-schema-graph\">{\"@context\":\"https:\\\/\\\/schema.org\",\"@graph\":[{\"@type\":\"WebPage\",\"@id\":\"https:\\\/\\\/kingspeciosa.eu\\\/kratom-strains\\\/\",\"url\":\"https:\\\/\\\/kingspeciosa.eu\\\/kratom-strains\\\/\",\"name\":\"King Speciosa | Kratom fajt\u00e1k | EU Kratom Shop\",\"isPartOf\":{\"@id\":\"https:\\\/\\\/kingspeciosa.eu\\\/#website\"},\"datePublished\":\"2024-12-03T18:28:24+00:00\",\"dateModified\":\"2025-01-28T11:12:50+00:00\",\"description\":\"Explore Kratom fajt\u00e1k at King Speciosa. Learn more about our premium Kratom online offerings, sourced from Borneo and available across Europe with fast delivery.\",\"breadcrumb\":{\"@id\":\"https:\\\/\\\/kingspeciosa.eu\\\/kratom-strains\\\/#breadcrumb\"},\"inLanguage\":\"hu\",\"potentialAction\":[{\"@type\":\"ReadAction\",\"target\":[\"https:\\\/\\\/kingspeciosa.eu\\\/kratom-strains\\\/\"]}]},{\"@type\":\"BreadcrumbList\",\"@id\":\"https:\\\/\\\/kingspeciosa.eu\\\/kratom-strains\\\/#breadcrumb\",\"itemListElement\":[{\"@type\":\"ListItem\",\"position\":1,\"name\":\"Home\",\"item\":\"https:\\\/\\\/kingspeciosa.eu\\\/hu\\\/honlap\\\/\"},{\"@type\":\"ListItem\",\"position\":2,\"name\":\"Kratom fajt\u00e1k\"}]},{\"@type\":\"WebSite\",\"@id\":\"https:\\\/\\\/kingspeciosa.eu\\\/#website\",\"url\":\"https:\\\/\\\/kingspeciosa.eu\\\/\",\"name\":\"King Speciosa\",\"description\":\"King of the jungle \ud83c\udf34\",\"publisher\":{\"@id\":\"https:\\\/\\\/kingspeciosa.eu\\\/#organization\"},\"potentialAction\":[{\"@type\":\"SearchAction\",\"target\":{\"@type\":\"EntryPoint\",\"urlTemplate\":\"https:\\\/\\\/kingspeciosa.eu\\\/?s={search_term_string}\"},\"query-input\":{\"@type\":\"PropertyValueSpecification\",\"valueRequired\":true,\"valueName\":\"search_term_string\"}}],\"inLanguage\":\"hu\"},{\"@type\":\"Organization\",\"@id\":\"https:\\\/\\\/kingspeciosa.eu\\\/#organization\",\"name\":\"King Speciosa\",\"url\":\"https:\\\/\\\/kingspeciosa.eu\\\/\",\"logo\":{\"@type\":\"ImageObject\",\"inLanguage\":\"hu\",\"@id\":\"https:\\\/\\\/kingspeciosa.eu\\\/#\\\/schema\\\/logo\\\/image\\\/\",\"url\":\"http:\\\/\\\/kingspeciosa.eu\\\/wp-content\\\/uploads\\\/2024\\\/12\\\/KingSpeciosa-logo.png\",\"contentUrl\":\"http:\\\/\\\/kingspeciosa.eu\\\/wp-content\\\/uploads\\\/2024\\\/12\\\/KingSpeciosa-logo.png\",\"width\":1000,\"height\":1000,\"caption\":\"King Speciosa\"},\"image\":{\"@id\":\"https:\\\/\\\/kingspeciosa.eu\\\/#\\\/schema\\\/logo\\\/image\\\/\"}}]}<\/script>\n<!-- \/ Yoast SEO plugin. -->","yoast_head_json":{"title":"King Speciosa | Kratom fajt\u00e1k | EU Kratom Shop","description":"Explore Kratom fajt\u00e1k at King Speciosa. Learn more about our premium Kratom online offerings, sourced from Borneo and available across Europe with fast delivery.","robots":{"index":"index","follow":"follow","max-snippet":"max-snippet:-1","max-image-preview":"max-image-preview:large","max-video-preview":"max-video-preview:-1"},"canonical":"https:\/\/kingspeciosa.eu\/kratom-strains\/","og_locale":"hu_HU","og_type":"article","og_title":"King Speciosa | Kratom fajt\u00e1k | EU Kratom Shop","og_description":"Explore Kratom fajt\u00e1k at King Speciosa. Learn more about our premium Kratom online offerings, sourced from Borneo and available across Europe with fast delivery.","og_url":"https:\/\/kingspeciosa.eu\/kratom-strains\/","og_site_name":"King Speciosa","article_modified_time":"2025-01-28T11:12:50+00:00","og_image":[{"width":800,"height":800,"url":"https:\/\/kingspeciosa.eu\/wp-content\/uploads\/2024\/12\/White-King.png","type":"image\/png"}],"twitter_card":"summary_large_image","twitter_misc":{"Becs\u00fclt olvas\u00e1si id\u0151":"2 perc"},"schema":{"@context":"https:\/\/schema.org","@graph":[{"@type":"WebPage","@id":"https:\/\/kingspeciosa.eu\/kratom-strains\/","url":"https:\/\/kingspeciosa.eu\/kratom-strains\/","name":"King Speciosa | Kratom fajt\u00e1k | EU Kratom Shop","isPartOf":{"@id":"https:\/\/kingspeciosa.eu\/#website"},"datePublished":"2024-12-03T18:28:24+00:00","dateModified":"2025-01-28T11:12:50+00:00","description":"Explore Kratom fajt\u00e1k at King Speciosa. Learn more about our premium Kratom online offerings, sourced from Borneo and available across Europe with fast delivery.","breadcrumb":{"@id":"https:\/\/kingspeciosa.eu\/kratom-strains\/#breadcrumb"},"inLanguage":"hu","potentialAction":[{"@type":"ReadAction","target":["https:\/\/kingspeciosa.eu\/kratom-strains\/"]}]},{"@type":"BreadcrumbList","@id":"https:\/\/kingspeciosa.eu\/kratom-strains\/#breadcrumb","itemListElement":[{"@type":"ListItem","position":1,"name":"Home","item":"https:\/\/kingspeciosa.eu\/hu\/honlap\/"},{"@type":"ListItem","position":2,"name":"Kratom fajt\u00e1k"}]},{"@type":"WebSite","@id":"https:\/\/kingspeciosa.eu\/#website","url":"https:\/\/kingspeciosa.eu\/","name":"King Speciosa","description":"King of the jungle \ud83c\udf34","publisher":{"@id":"https:\/\/kingspeciosa.eu\/#organization"},"potentialAction":[{"@type":"SearchAction","target":{"@type":"EntryPoint","urlTemplate":"https:\/\/kingspeciosa.eu\/?s={search_term_string}"},"query-input":{"@type":"PropertyValueSpecification","valueRequired":true,"valueName":"search_term_string"}}],"inLanguage":"hu"},{"@type":"Organization","@id":"https:\/\/kingspeciosa.eu\/#organization","name":"King Speciosa","url":"https:\/\/kingspeciosa.eu\/","logo":{"@type":"ImageObject","inLanguage":"hu","@id":"https:\/\/kingspeciosa.eu\/#\/schema\/logo\/image\/","url":"http:\/\/kingspeciosa.eu\/wp-content\/uploads\/2024\/12\/KingSpeciosa-logo.png","contentUrl":"http:\/\/kingspeciosa.eu\/wp-content\/uploads\/2024\/12\/KingSpeciosa-logo.png","width":1000,"height":1000,"caption":"King Speciosa"},"image":{"@id":"https:\/\/kingspeciosa.eu\/#\/schema\/logo\/image\/"}}]}},"_links":{"self":[{"href":"https:\/\/kingspeciosa.eu\/hu\/wp-json\/wp\/v2\/pages\/2234","targetHints":{"allow":["GET"]}}],"collection":[{"href":"https:\/\/kingspeciosa.eu\/hu\/wp-json\/wp\/v2\/pages"}],"about":[{"href":"https:\/\/kingspeciosa.eu\/hu\/wp-json\/wp\/v2\/types\/page"}],"author":[{"embeddable":true,"href":"https:\/\/kingspeciosa.eu\/hu\/wp-json\/wp\/v2\/users\/1"}],"replies":[{"embeddable":true,"href":"https:\/\/kingspeciosa.eu\/hu\/wp-json\/wp\/v2\/comments?post=2234"}],"version-history":[{"count":3,"href":"https:\/\/kingspeciosa.eu\/hu\/wp-json\/wp\/v2\/pages\/2234\/revisions"}],"predecessor-version":[{"id":2390,"href":"https:\/\/kingspeciosa.eu\/hu\/wp-json\/wp\/v2\/pages\/2234\/revisions\/2390"}],"wp:attachment":[{"href":"https:\/\/kingspeciosa.eu\/hu\/wp-json\/wp\/v2\/media?parent=2234"}],"curies":[{"name":"wp","href":"https:\/\/api.w.org\/{rel}","templated":true}]}}