{"id":1104,"date":"2024-11-24T11:11:43","date_gmt":"2024-11-24T11:11:43","guid":{"rendered":"https:\/\/kingspeciosa.eu\/product\/red-maeng-da\/"},"modified":"2025-02-01T18:52:23","modified_gmt":"2025-02-01T18:52:23","slug":"red-maeng-da","status":"publish","type":"product","link":"https:\/\/kingspeciosa.eu\/hu\/termek\/red-maeng-da\/","title":{"rendered":"Red Maeng Da"},"content":{"rendered":"<h2>Red Maeng Da: Maeng Maeng: Premier Kratom Strain: A Premier Kratom Strain<\/h2>\n<p>A Red Maeng Da, az egyik legkiv\u00e1l\u00f3bb Kratom t\u00f6rzs, a nev\u00e9t a thaif\u00f6ldi &#8222;Maeng Da&#8221; kifejez\u00e9sr\u0151l kapta, ami &#8222;pimp grade&#8221;-t jelent. Ezt a t\u00f6rzset D\u00e9lkelet-\u00c1zsia term\u00e9keny r\u00e9gi\u00f3iban l\u00e9v\u0151 \u00e9rett Kratom f\u00e1kr\u00f3l szedik, ahol a hagyom\u00e1nyos termeszt\u00e9si technik\u00e1k biztos\u00edtj\u00e1k a p\u00e1ratlan min\u0151s\u00e9get. Felt\u0171n\u0151 v\u00f6r\u00f6s \u00e1rnyalata \u00e9s gazdag \u00f6r\u00f6ks\u00e9ge miatt a Kratom kiv\u00e1l\u00f3s\u00e1g\u00e1t keres\u0151k els\u0151 sz\u00e1m\u00fa v\u00e1laszt\u00e1sa.  <\/p>\n<h3>\u00c9rett f\u00e1kb\u00f3l sz\u00e1rmazik<\/h3>\n<p>A Red Maeng Da-t \u00e9rett Kratom f\u00e1kb\u00f3l termesztik, amelyek D\u00e9lkelet-\u00c1zsia tr\u00f3pusi kl\u00edm\u00e1j\u00e1n vir\u00e1goznak. Ezeket a f\u00e1kat gondosan termesztik \u00e9s \u00e1polj\u00e1k, hogy er\u0151s leveleket termeljenek, \u00edgy minden egyes sz\u00fcretkor pr\u00e9mium min\u0151s\u00e9g\u0171 term\u00e9ket biztos\u00edtanak. <\/p>\n<h3>Jellegzetes lev\u00e9lsz\u00edn<\/h3>\n<p>A Red Maeng Da levelek m\u00e9lyv\u00f6r\u00f6s sz\u00edne a min\u0151s\u00e9g \u00e9s a gondos el\u0151k\u00e9sz\u00edt\u00e9s v\u00e9djegye. Ezt a jellegzetes \u00e1rnyalatot a levelek term\u00e9szetes tulajdons\u00e1gait meg\u0151rz\u0151 hagyom\u00e1nyos sz\u00e1r\u00edt\u00e1si \u00e9s feldolgoz\u00e1si technik\u00e1kkal \u00e9rik el. <\/p>\n<h3>Vil\u00e1gszerte elismert t\u00f6rzs<\/h3>\n<p>A k\u00f6vetkezetess\u00e9g\u00e9r\u0151l \u00e9s kiv\u00e1l\u00f3 min\u0151s\u00e9g\u00e9r\u0151l ismert Red Maeng Da vil\u00e1gszerte h\u0171s\u00e9ges k\u00f6vet\u0151i vannak. N\u00e9pszer\u0171s\u00e9ge t\u00fckr\u00f6zi kiv\u00e9teles tulajdons\u00e1gait, ami kiemelked\u0151v\u00e9 teszi a Kratom k\u00f6z\u00f6ss\u00e9gben. <\/p>\n","protected":false},"excerpt":{"rendered":"<p>A <strong>Red Maeng Da<\/strong>, amelynek neve &#8222;Pimp Grade&#8221;, egy mer\u00e9sz \u00e9s megk\u00fcl\u00f6nb\u00f6ztetett t\u00f6rzs, amelyet m\u00e9lyv\u00f6r\u00f6s sz\u00edn\u00e9\u00e9rt \u00e9s pr\u00e9mium min\u0151s\u00e9g\u00e9\u00e9rt \u00fcnnepelnek. Gondosan D\u00e9lkelet-\u00c1zsi\u00e1b\u00f3l sz\u00e1rmazik, \u00e9s vil\u00e1gszerte a Kratom-rajong\u00f3k kedvence marad. <\/p>\n","protected":false},"featured_media":1852,"comment_status":"open","ping_status":"closed","template":"","meta":[],"product_brand":[],"product_cat":[57,72],"product_tag":[],"class_list":{"0":"post-1104","1":"product","2":"type-product","3":"status-publish","4":"has-post-thumbnail","6":"product_cat-kratom-hu","7":"product_cat-voros-kratom","9":"first","10":"instock","11":"taxable","12":"shipping-taxable","13":"purchasable","14":"product-type-variable","15":"has-default-attributes"},"yoast_head":"<!-- This site is optimized with the Yoast SEO plugin v27.5 - https:\/\/yoast.com\/product\/yoast-seo-wordpress\/ -->\n<title>Red Maeng Da | Premium Kratom in EU at King Speciosa<\/title>\n<meta name=\"description\" content=\"Buy Red Maeng Da at King Speciosa. This premium Kratom is sourced from Borneo and lab-tested for quality. Available across EU with fast delivery.\" \/>\n<meta name=\"robots\" content=\"index, follow, max-snippet:-1, max-image-preview:large, max-video-preview:-1\" \/>\n<link rel=\"canonical\" href=\"https:\/\/kingspeciosa.eu\/termek\/red-maeng-da\/\" \/>\n<meta property=\"og:locale\" content=\"hu_HU\" \/>\n<meta property=\"og:type\" content=\"article\" \/>\n<meta property=\"og:title\" content=\"Red Maeng Da | Premium Kratom in EU at King Speciosa\" \/>\n<meta property=\"og:description\" content=\"Buy Red Maeng Da at King Speciosa. This premium Kratom is sourced from Borneo and lab-tested for quality. Available across EU with fast delivery.\" \/>\n<meta property=\"og:url\" content=\"https:\/\/kingspeciosa.eu\/termek\/red-maeng-da\/\" \/>\n<meta property=\"og:site_name\" content=\"King Speciosa\" \/>\n<meta property=\"article:modified_time\" content=\"2025-02-01T18:52:23+00:00\" \/>\n<meta property=\"og:image\" content=\"https:\/\/kingspeciosa.eu\/wp-content\/uploads\/2024\/12\/Red-Maeng-Da.png\" \/>\n\t<meta property=\"og:image:width\" content=\"800\" \/>\n\t<meta property=\"og:image:height\" content=\"800\" \/>\n\t<meta property=\"og:image:type\" content=\"image\/png\" \/>\n<meta name=\"twitter:card\" content=\"summary_large_image\" \/>\n<meta name=\"twitter:label1\" content=\"Becs\u00fclt olvas\u00e1si id\u0151\" \/>\n\t<meta name=\"twitter:data1\" content=\"1 perc\" \/>\n<script type=\"application\/ld+json\" class=\"yoast-schema-graph\">{\"@context\":\"https:\\\/\\\/schema.org\",\"@graph\":[{\"@type\":\"WebPage\",\"@id\":\"https:\\\/\\\/kingspeciosa.eu\\\/termek\\\/red-maeng-da\\\/\",\"url\":\"https:\\\/\\\/kingspeciosa.eu\\\/termek\\\/red-maeng-da\\\/\",\"name\":\"Red Maeng Da | Premium Kratom in EU at King Speciosa\",\"isPartOf\":{\"@id\":\"https:\\\/\\\/kingspeciosa.eu\\\/#website\"},\"primaryImageOfPage\":{\"@id\":\"https:\\\/\\\/kingspeciosa.eu\\\/termek\\\/red-maeng-da\\\/#primaryimage\"},\"image\":{\"@id\":\"https:\\\/\\\/kingspeciosa.eu\\\/termek\\\/red-maeng-da\\\/#primaryimage\"},\"thumbnailUrl\":\"https:\\\/\\\/kingspeciosa.eu\\\/wp-content\\\/uploads\\\/2024\\\/12\\\/Red-Maeng-Da.png\",\"datePublished\":\"2024-11-24T11:11:43+00:00\",\"dateModified\":\"2025-02-01T18:52:23+00:00\",\"description\":\"Buy Red Maeng Da at King Speciosa. This premium Kratom is sourced from Borneo and lab-tested for quality. Available across EU with fast delivery.\",\"breadcrumb\":{\"@id\":\"https:\\\/\\\/kingspeciosa.eu\\\/termek\\\/red-maeng-da\\\/#breadcrumb\"},\"inLanguage\":\"hu\",\"potentialAction\":[{\"@type\":\"ReadAction\",\"target\":[\"https:\\\/\\\/kingspeciosa.eu\\\/termek\\\/red-maeng-da\\\/\"]}]},{\"@type\":\"ImageObject\",\"inLanguage\":\"hu\",\"@id\":\"https:\\\/\\\/kingspeciosa.eu\\\/termek\\\/red-maeng-da\\\/#primaryimage\",\"url\":\"https:\\\/\\\/kingspeciosa.eu\\\/wp-content\\\/uploads\\\/2024\\\/12\\\/Red-Maeng-Da.png\",\"contentUrl\":\"https:\\\/\\\/kingspeciosa.eu\\\/wp-content\\\/uploads\\\/2024\\\/12\\\/Red-Maeng-Da.png\",\"width\":800,\"height\":800},{\"@type\":\"BreadcrumbList\",\"@id\":\"https:\\\/\\\/kingspeciosa.eu\\\/termek\\\/red-maeng-da\\\/#breadcrumb\",\"itemListElement\":[{\"@type\":\"ListItem\",\"position\":1,\"name\":\"Home\",\"item\":\"https:\\\/\\\/kingspeciosa.eu\\\/hu\\\/honlap\\\/\"},{\"@type\":\"ListItem\",\"position\":2,\"name\":\"V\u00e1s\u00e1roljon\",\"item\":\"https:\\\/\\\/kingspeciosa.eu\\\/hu\\\/vasaroljon\\\/\"},{\"@type\":\"ListItem\",\"position\":3,\"name\":\"Red Maeng Da\"}]},{\"@type\":\"WebSite\",\"@id\":\"https:\\\/\\\/kingspeciosa.eu\\\/#website\",\"url\":\"https:\\\/\\\/kingspeciosa.eu\\\/\",\"name\":\"King Speciosa\",\"description\":\"King of the jungle \ud83c\udf34\",\"publisher\":{\"@id\":\"https:\\\/\\\/kingspeciosa.eu\\\/#organization\"},\"potentialAction\":[{\"@type\":\"SearchAction\",\"target\":{\"@type\":\"EntryPoint\",\"urlTemplate\":\"https:\\\/\\\/kingspeciosa.eu\\\/?s={search_term_string}\"},\"query-input\":{\"@type\":\"PropertyValueSpecification\",\"valueRequired\":true,\"valueName\":\"search_term_string\"}}],\"inLanguage\":\"hu\"},{\"@type\":\"Organization\",\"@id\":\"https:\\\/\\\/kingspeciosa.eu\\\/#organization\",\"name\":\"King Speciosa\",\"url\":\"https:\\\/\\\/kingspeciosa.eu\\\/\",\"logo\":{\"@type\":\"ImageObject\",\"inLanguage\":\"hu\",\"@id\":\"https:\\\/\\\/kingspeciosa.eu\\\/#\\\/schema\\\/logo\\\/image\\\/\",\"url\":\"http:\\\/\\\/kingspeciosa.eu\\\/wp-content\\\/uploads\\\/2024\\\/12\\\/KingSpeciosa-logo.png\",\"contentUrl\":\"http:\\\/\\\/kingspeciosa.eu\\\/wp-content\\\/uploads\\\/2024\\\/12\\\/KingSpeciosa-logo.png\",\"width\":1000,\"height\":1000,\"caption\":\"King Speciosa\"},\"image\":{\"@id\":\"https:\\\/\\\/kingspeciosa.eu\\\/#\\\/schema\\\/logo\\\/image\\\/\"}}]}<\/script>\n<!-- \/ Yoast SEO plugin. -->","yoast_head_json":{"title":"Red Maeng Da | Premium Kratom in EU at King Speciosa","description":"Buy Red Maeng Da at King Speciosa. This premium Kratom is sourced from Borneo and lab-tested for quality. Available across EU with fast delivery.","robots":{"index":"index","follow":"follow","max-snippet":"max-snippet:-1","max-image-preview":"max-image-preview:large","max-video-preview":"max-video-preview:-1"},"canonical":"https:\/\/kingspeciosa.eu\/termek\/red-maeng-da\/","og_locale":"hu_HU","og_type":"article","og_title":"Red Maeng Da | Premium Kratom in EU at King Speciosa","og_description":"Buy Red Maeng Da at King Speciosa. This premium Kratom is sourced from Borneo and lab-tested for quality. Available across EU with fast delivery.","og_url":"https:\/\/kingspeciosa.eu\/termek\/red-maeng-da\/","og_site_name":"King Speciosa","article_modified_time":"2025-02-01T18:52:23+00:00","og_image":[{"width":800,"height":800,"url":"https:\/\/kingspeciosa.eu\/wp-content\/uploads\/2024\/12\/Red-Maeng-Da.png","type":"image\/png"}],"twitter_card":"summary_large_image","twitter_misc":{"Becs\u00fclt olvas\u00e1si id\u0151":"1 perc"},"schema":{"@context":"https:\/\/schema.org","@graph":[{"@type":"WebPage","@id":"https:\/\/kingspeciosa.eu\/termek\/red-maeng-da\/","url":"https:\/\/kingspeciosa.eu\/termek\/red-maeng-da\/","name":"Red Maeng Da | Premium Kratom in EU at King Speciosa","isPartOf":{"@id":"https:\/\/kingspeciosa.eu\/#website"},"primaryImageOfPage":{"@id":"https:\/\/kingspeciosa.eu\/termek\/red-maeng-da\/#primaryimage"},"image":{"@id":"https:\/\/kingspeciosa.eu\/termek\/red-maeng-da\/#primaryimage"},"thumbnailUrl":"https:\/\/kingspeciosa.eu\/wp-content\/uploads\/2024\/12\/Red-Maeng-Da.png","datePublished":"2024-11-24T11:11:43+00:00","dateModified":"2025-02-01T18:52:23+00:00","description":"Buy Red Maeng Da at King Speciosa. This premium Kratom is sourced from Borneo and lab-tested for quality. Available across EU with fast delivery.","breadcrumb":{"@id":"https:\/\/kingspeciosa.eu\/termek\/red-maeng-da\/#breadcrumb"},"inLanguage":"hu","potentialAction":[{"@type":"ReadAction","target":["https:\/\/kingspeciosa.eu\/termek\/red-maeng-da\/"]}]},{"@type":"ImageObject","inLanguage":"hu","@id":"https:\/\/kingspeciosa.eu\/termek\/red-maeng-da\/#primaryimage","url":"https:\/\/kingspeciosa.eu\/wp-content\/uploads\/2024\/12\/Red-Maeng-Da.png","contentUrl":"https:\/\/kingspeciosa.eu\/wp-content\/uploads\/2024\/12\/Red-Maeng-Da.png","width":800,"height":800},{"@type":"BreadcrumbList","@id":"https:\/\/kingspeciosa.eu\/termek\/red-maeng-da\/#breadcrumb","itemListElement":[{"@type":"ListItem","position":1,"name":"Home","item":"https:\/\/kingspeciosa.eu\/hu\/honlap\/"},{"@type":"ListItem","position":2,"name":"V\u00e1s\u00e1roljon","item":"https:\/\/kingspeciosa.eu\/hu\/vasaroljon\/"},{"@type":"ListItem","position":3,"name":"Red Maeng Da"}]},{"@type":"WebSite","@id":"https:\/\/kingspeciosa.eu\/#website","url":"https:\/\/kingspeciosa.eu\/","name":"King Speciosa","description":"King of the jungle \ud83c\udf34","publisher":{"@id":"https:\/\/kingspeciosa.eu\/#organization"},"potentialAction":[{"@type":"SearchAction","target":{"@type":"EntryPoint","urlTemplate":"https:\/\/kingspeciosa.eu\/?s={search_term_string}"},"query-input":{"@type":"PropertyValueSpecification","valueRequired":true,"valueName":"search_term_string"}}],"inLanguage":"hu"},{"@type":"Organization","@id":"https:\/\/kingspeciosa.eu\/#organization","name":"King Speciosa","url":"https:\/\/kingspeciosa.eu\/","logo":{"@type":"ImageObject","inLanguage":"hu","@id":"https:\/\/kingspeciosa.eu\/#\/schema\/logo\/image\/","url":"http:\/\/kingspeciosa.eu\/wp-content\/uploads\/2024\/12\/KingSpeciosa-logo.png","contentUrl":"http:\/\/kingspeciosa.eu\/wp-content\/uploads\/2024\/12\/KingSpeciosa-logo.png","width":1000,"height":1000,"caption":"King Speciosa"},"image":{"@id":"https:\/\/kingspeciosa.eu\/#\/schema\/logo\/image\/"}}]}},"_links":{"self":[{"href":"https:\/\/kingspeciosa.eu\/hu\/wp-json\/wp\/v2\/product\/1104","targetHints":{"allow":["GET"]}}],"collection":[{"href":"https:\/\/kingspeciosa.eu\/hu\/wp-json\/wp\/v2\/product"}],"about":[{"href":"https:\/\/kingspeciosa.eu\/hu\/wp-json\/wp\/v2\/types\/product"}],"replies":[{"embeddable":true,"href":"https:\/\/kingspeciosa.eu\/hu\/wp-json\/wp\/v2\/comments?post=1104"}],"wp:featuredmedia":[{"embeddable":true,"href":"https:\/\/kingspeciosa.eu\/hu\/wp-json\/wp\/v2\/media\/1852"}],"wp:attachment":[{"href":"https:\/\/kingspeciosa.eu\/hu\/wp-json\/wp\/v2\/media?parent=1104"}],"wp:term":[{"taxonomy":"product_brand","embeddable":true,"href":"https:\/\/kingspeciosa.eu\/hu\/wp-json\/wp\/v2\/product_brand?post=1104"},{"taxonomy":"product_cat","embeddable":true,"href":"https:\/\/kingspeciosa.eu\/hu\/wp-json\/wp\/v2\/product_cat?post=1104"},{"taxonomy":"product_tag","embeddable":true,"href":"https:\/\/kingspeciosa.eu\/hu\/wp-json\/wp\/v2\/product_tag?post=1104"}],"curies":[{"name":"wp","href":"https:\/\/api.w.org\/{rel}","templated":true}]}}