{"id":1184,"date":"2024-11-24T11:11:55","date_gmt":"2024-11-24T11:11:55","guid":{"rendered":"https:\/\/kingspeciosa.eu\/product\/feher-maeng-da\/"},"modified":"2025-02-01T18:52:24","modified_gmt":"2025-02-01T18:52:24","slug":"feher-maeng-da","status":"publish","type":"product","link":"https:\/\/kingspeciosa.eu\/hu\/termek\/feher-maeng-da\/","title":{"rendered":"White Maeng Da"},"content":{"rendered":"<h2>White Maeng Da: Maeng Maeng: Egy \u00e9l\u00e9nk \u00e9s pr\u00e9mium t\u00f6rzs<\/h2>\n<p>A White Maeng Da, amely a thaif\u00f6ldi &#8222;Maeng Da&#8221; kifejez\u00e9sb\u0151l sz\u00e1rmazik, ami &#8222;pimp grade&#8221;-t jelent, egy kiv\u00e1l\u00f3 Kratom t\u00f6rzs, amelyet f\u00e9nyes \u00e9s \u00e9l\u00e9nk tulajdons\u00e1gai miatt \u00fcnnepelnek. A D\u00e9lkelet-\u00c1zsi\u00e1ban, \u00e9rett f\u00e1kr\u00f3l sz\u00fcretelt fajt\u00e1t apr\u00f3l\u00e9kos feldolgoz\u00e1s\u00e1r\u00f3l \u00e9s magas sz\u00ednvonal\u00fa szabv\u00e1nyair\u00f3l ismerik, ami a Kratom-rajong\u00f3k kedvenc\u00e9v\u00e9 teszi vil\u00e1gszerte. <\/p>\n<h3>\u00c9rett Kratom f\u00e1kb\u00f3l sz\u00fcretelt<\/h3>\n<p>A White Maeng Da-t D\u00e9lkelet-\u00c1zsia tr\u00f3pusi \u00e9ghajlat\u00fa ter\u00fcletein termesztik teljesen kifejlett f\u00e1kb\u00f3l. Ezeket a f\u00e1kat \u00fagy \u00e1polj\u00e1k, hogy leveleiknek a pr\u00e9mium min\u0151s\u00e9g\u0171 fajt\u00e1t meghat\u00e1roz\u00f3 strukt\u00far\u00e1ja \u00e9s integrit\u00e1sa kialakuljon. <\/p>\n<h3>F\u00e9nyes \u00e9s jellegzetes lev\u00e9lmegjelen\u00e9s<\/h3>\n<p>A White Maeng Da levelek felt\u0171n\u0151 f\u00e9nyes erezete k\u00fcl\u00f6nb\u00f6zteti meg ezt a fajt\u00e1t. Ez a k\u00fcl\u00f6nleges megjelen\u00e9s a gondos betakar\u00edt\u00e1s \u00e9s a hagyom\u00e1nyos sz\u00e1r\u00edt\u00e1si technik\u00e1k eredm\u00e9nye, amelyek biztos\u00edtj\u00e1k a term\u00e9szetes jellemz\u0151k meg\u0151rz\u00e9s\u00e9t. <\/p>\n<h3>Vil\u00e1gszerte kedvelt<\/h3>\n<p>A k\u00f6vetkezetess\u00e9g\u00e9r\u0151l \u00e9s kiv\u00e1l\u00f3s\u00e1g\u00e1r\u00f3l ismert White Maeng Da kiemelked\u0151 h\u00edrnevet szerzett a glob\u00e1lis Kratom piacon. N\u00e9pszer\u0171s\u00e9ge egyed\u00fcl\u00e1ll\u00f3 tulajdons\u00e1gaib\u00f3l \u00e9s a kiv\u00e1l\u00f3 min\u0151s\u00e9g\u0171 Kratom term\u00e9keket keres\u0151 v\u00e1s\u00e1rl\u00f3k k\u00f6r\u00e9ben szerzett bizalm\u00e1b\u00f3l ered. <\/p>\n","protected":false},"excerpt":{"rendered":"<p>A <strong>White Maeng Da<\/strong>, azaz &#8222;Pimp Grade&#8221;, egy \u00e9l\u00e9nk \u00e9s kifinomult t\u00f6rzs, amelyet f\u00e9nyes megjelen\u00e9s\u00e9\u00e9rt \u00e9s kiv\u00e9teles min\u0151s\u00e9g\u00e9\u00e9rt d\u00edjaznak. D\u00e9lkelet-\u00c1zsi\u00e1ban sz\u00fcretelik, \u00e9s vil\u00e1gszerte a pr\u00e9mium kateg\u00f3ri\u00e1s Kratom v\u00e1laszt\u00e9k egyik alapanyaga. <\/p>\n","protected":false},"featured_media":1882,"comment_status":"open","ping_status":"closed","template":"","meta":[],"product_brand":[],"product_cat":[73,57],"product_tag":[],"class_list":{"0":"post-1184","1":"product","2":"type-product","3":"status-publish","4":"has-post-thumbnail","6":"product_cat-feher-kratom","7":"product_cat-kratom-hu","9":"first","10":"instock","11":"taxable","12":"shipping-taxable","13":"purchasable","14":"product-type-variable","15":"has-default-attributes"},"yoast_head":"<!-- This site is optimized with the Yoast SEO plugin v27.5 - https:\/\/yoast.com\/product\/yoast-seo-wordpress\/ -->\n<title>White Maeng Da | Premium Kratom in EU at King Speciosa<\/title>\n<meta name=\"description\" content=\"Buy White Maeng Da at King Speciosa. This premium Kratom is sourced from Borneo and lab-tested for quality. Available across EU with fast delivery.\" \/>\n<meta name=\"robots\" content=\"index, follow, max-snippet:-1, max-image-preview:large, max-video-preview:-1\" \/>\n<link rel=\"canonical\" href=\"https:\/\/kingspeciosa.eu\/termek\/white-maeng-da\/\" \/>\n<meta property=\"og:locale\" content=\"hu_HU\" \/>\n<meta property=\"og:type\" content=\"article\" \/>\n<meta property=\"og:title\" content=\"White Maeng Da | Premium Kratom in EU at King Speciosa\" \/>\n<meta property=\"og:description\" content=\"Buy White Maeng Da at King Speciosa. This premium Kratom is sourced from Borneo and lab-tested for quality. Available across EU with fast delivery.\" \/>\n<meta property=\"og:url\" content=\"https:\/\/kingspeciosa.eu\/termek\/white-maeng-da\/\" \/>\n<meta property=\"og:site_name\" content=\"King Speciosa\" \/>\n<meta property=\"article:modified_time\" content=\"2025-02-01T18:52:24+00:00\" \/>\n<meta property=\"og:image\" content=\"https:\/\/kingspeciosa.eu\/wp-content\/uploads\/2024\/12\/White-Maeng-Da.png\" \/>\n\t<meta property=\"og:image:width\" content=\"800\" \/>\n\t<meta property=\"og:image:height\" content=\"800\" \/>\n\t<meta property=\"og:image:type\" content=\"image\/png\" \/>\n<meta name=\"twitter:card\" content=\"summary_large_image\" \/>\n<meta name=\"twitter:label1\" content=\"Becs\u00fclt olvas\u00e1si id\u0151\" \/>\n\t<meta name=\"twitter:data1\" content=\"1 perc\" \/>\n<script type=\"application\/ld+json\" class=\"yoast-schema-graph\">{\"@context\":\"https:\\\/\\\/schema.org\",\"@graph\":[{\"@type\":\"WebPage\",\"@id\":\"https:\\\/\\\/kingspeciosa.eu\\\/termek\\\/white-maeng-da\\\/\",\"url\":\"https:\\\/\\\/kingspeciosa.eu\\\/termek\\\/white-maeng-da\\\/\",\"name\":\"White Maeng Da | Premium Kratom in EU at King Speciosa\",\"isPartOf\":{\"@id\":\"https:\\\/\\\/kingspeciosa.eu\\\/#website\"},\"primaryImageOfPage\":{\"@id\":\"https:\\\/\\\/kingspeciosa.eu\\\/termek\\\/white-maeng-da\\\/#primaryimage\"},\"image\":{\"@id\":\"https:\\\/\\\/kingspeciosa.eu\\\/termek\\\/white-maeng-da\\\/#primaryimage\"},\"thumbnailUrl\":\"https:\\\/\\\/kingspeciosa.eu\\\/wp-content\\\/uploads\\\/2024\\\/12\\\/White-Maeng-Da.png\",\"datePublished\":\"2024-11-24T11:11:55+00:00\",\"dateModified\":\"2025-02-01T18:52:24+00:00\",\"description\":\"Buy White Maeng Da at King Speciosa. This premium Kratom is sourced from Borneo and lab-tested for quality. Available across EU with fast delivery.\",\"breadcrumb\":{\"@id\":\"https:\\\/\\\/kingspeciosa.eu\\\/termek\\\/white-maeng-da\\\/#breadcrumb\"},\"inLanguage\":\"hu\",\"potentialAction\":[{\"@type\":\"ReadAction\",\"target\":[\"https:\\\/\\\/kingspeciosa.eu\\\/termek\\\/white-maeng-da\\\/\"]}]},{\"@type\":\"ImageObject\",\"inLanguage\":\"hu\",\"@id\":\"https:\\\/\\\/kingspeciosa.eu\\\/termek\\\/white-maeng-da\\\/#primaryimage\",\"url\":\"https:\\\/\\\/kingspeciosa.eu\\\/wp-content\\\/uploads\\\/2024\\\/12\\\/White-Maeng-Da.png\",\"contentUrl\":\"https:\\\/\\\/kingspeciosa.eu\\\/wp-content\\\/uploads\\\/2024\\\/12\\\/White-Maeng-Da.png\",\"width\":800,\"height\":800},{\"@type\":\"BreadcrumbList\",\"@id\":\"https:\\\/\\\/kingspeciosa.eu\\\/termek\\\/white-maeng-da\\\/#breadcrumb\",\"itemListElement\":[{\"@type\":\"ListItem\",\"position\":1,\"name\":\"Home\",\"item\":\"https:\\\/\\\/kingspeciosa.eu\\\/hu\\\/honlap\\\/\"},{\"@type\":\"ListItem\",\"position\":2,\"name\":\"V\u00e1s\u00e1roljon\",\"item\":\"https:\\\/\\\/kingspeciosa.eu\\\/hu\\\/vasaroljon\\\/\"},{\"@type\":\"ListItem\",\"position\":3,\"name\":\"White Maeng Da\"}]},{\"@type\":\"WebSite\",\"@id\":\"https:\\\/\\\/kingspeciosa.eu\\\/#website\",\"url\":\"https:\\\/\\\/kingspeciosa.eu\\\/\",\"name\":\"King Speciosa\",\"description\":\"King of the jungle \ud83c\udf34\",\"publisher\":{\"@id\":\"https:\\\/\\\/kingspeciosa.eu\\\/#organization\"},\"potentialAction\":[{\"@type\":\"SearchAction\",\"target\":{\"@type\":\"EntryPoint\",\"urlTemplate\":\"https:\\\/\\\/kingspeciosa.eu\\\/?s={search_term_string}\"},\"query-input\":{\"@type\":\"PropertyValueSpecification\",\"valueRequired\":true,\"valueName\":\"search_term_string\"}}],\"inLanguage\":\"hu\"},{\"@type\":\"Organization\",\"@id\":\"https:\\\/\\\/kingspeciosa.eu\\\/#organization\",\"name\":\"King Speciosa\",\"url\":\"https:\\\/\\\/kingspeciosa.eu\\\/\",\"logo\":{\"@type\":\"ImageObject\",\"inLanguage\":\"hu\",\"@id\":\"https:\\\/\\\/kingspeciosa.eu\\\/#\\\/schema\\\/logo\\\/image\\\/\",\"url\":\"http:\\\/\\\/kingspeciosa.eu\\\/wp-content\\\/uploads\\\/2024\\\/12\\\/KingSpeciosa-logo.png\",\"contentUrl\":\"http:\\\/\\\/kingspeciosa.eu\\\/wp-content\\\/uploads\\\/2024\\\/12\\\/KingSpeciosa-logo.png\",\"width\":1000,\"height\":1000,\"caption\":\"King Speciosa\"},\"image\":{\"@id\":\"https:\\\/\\\/kingspeciosa.eu\\\/#\\\/schema\\\/logo\\\/image\\\/\"}}]}<\/script>\n<!-- \/ Yoast SEO plugin. -->","yoast_head_json":{"title":"White Maeng Da | Premium Kratom in EU at King Speciosa","description":"Buy White Maeng Da at King Speciosa. This premium Kratom is sourced from Borneo and lab-tested for quality. Available across EU with fast delivery.","robots":{"index":"index","follow":"follow","max-snippet":"max-snippet:-1","max-image-preview":"max-image-preview:large","max-video-preview":"max-video-preview:-1"},"canonical":"https:\/\/kingspeciosa.eu\/termek\/white-maeng-da\/","og_locale":"hu_HU","og_type":"article","og_title":"White Maeng Da | Premium Kratom in EU at King Speciosa","og_description":"Buy White Maeng Da at King Speciosa. This premium Kratom is sourced from Borneo and lab-tested for quality. Available across EU with fast delivery.","og_url":"https:\/\/kingspeciosa.eu\/termek\/white-maeng-da\/","og_site_name":"King Speciosa","article_modified_time":"2025-02-01T18:52:24+00:00","og_image":[{"width":800,"height":800,"url":"https:\/\/kingspeciosa.eu\/wp-content\/uploads\/2024\/12\/White-Maeng-Da.png","type":"image\/png"}],"twitter_card":"summary_large_image","twitter_misc":{"Becs\u00fclt olvas\u00e1si id\u0151":"1 perc"},"schema":{"@context":"https:\/\/schema.org","@graph":[{"@type":"WebPage","@id":"https:\/\/kingspeciosa.eu\/termek\/white-maeng-da\/","url":"https:\/\/kingspeciosa.eu\/termek\/white-maeng-da\/","name":"White Maeng Da | Premium Kratom in EU at King Speciosa","isPartOf":{"@id":"https:\/\/kingspeciosa.eu\/#website"},"primaryImageOfPage":{"@id":"https:\/\/kingspeciosa.eu\/termek\/white-maeng-da\/#primaryimage"},"image":{"@id":"https:\/\/kingspeciosa.eu\/termek\/white-maeng-da\/#primaryimage"},"thumbnailUrl":"https:\/\/kingspeciosa.eu\/wp-content\/uploads\/2024\/12\/White-Maeng-Da.png","datePublished":"2024-11-24T11:11:55+00:00","dateModified":"2025-02-01T18:52:24+00:00","description":"Buy White Maeng Da at King Speciosa. This premium Kratom is sourced from Borneo and lab-tested for quality. Available across EU with fast delivery.","breadcrumb":{"@id":"https:\/\/kingspeciosa.eu\/termek\/white-maeng-da\/#breadcrumb"},"inLanguage":"hu","potentialAction":[{"@type":"ReadAction","target":["https:\/\/kingspeciosa.eu\/termek\/white-maeng-da\/"]}]},{"@type":"ImageObject","inLanguage":"hu","@id":"https:\/\/kingspeciosa.eu\/termek\/white-maeng-da\/#primaryimage","url":"https:\/\/kingspeciosa.eu\/wp-content\/uploads\/2024\/12\/White-Maeng-Da.png","contentUrl":"https:\/\/kingspeciosa.eu\/wp-content\/uploads\/2024\/12\/White-Maeng-Da.png","width":800,"height":800},{"@type":"BreadcrumbList","@id":"https:\/\/kingspeciosa.eu\/termek\/white-maeng-da\/#breadcrumb","itemListElement":[{"@type":"ListItem","position":1,"name":"Home","item":"https:\/\/kingspeciosa.eu\/hu\/honlap\/"},{"@type":"ListItem","position":2,"name":"V\u00e1s\u00e1roljon","item":"https:\/\/kingspeciosa.eu\/hu\/vasaroljon\/"},{"@type":"ListItem","position":3,"name":"White Maeng Da"}]},{"@type":"WebSite","@id":"https:\/\/kingspeciosa.eu\/#website","url":"https:\/\/kingspeciosa.eu\/","name":"King Speciosa","description":"King of the jungle \ud83c\udf34","publisher":{"@id":"https:\/\/kingspeciosa.eu\/#organization"},"potentialAction":[{"@type":"SearchAction","target":{"@type":"EntryPoint","urlTemplate":"https:\/\/kingspeciosa.eu\/?s={search_term_string}"},"query-input":{"@type":"PropertyValueSpecification","valueRequired":true,"valueName":"search_term_string"}}],"inLanguage":"hu"},{"@type":"Organization","@id":"https:\/\/kingspeciosa.eu\/#organization","name":"King Speciosa","url":"https:\/\/kingspeciosa.eu\/","logo":{"@type":"ImageObject","inLanguage":"hu","@id":"https:\/\/kingspeciosa.eu\/#\/schema\/logo\/image\/","url":"http:\/\/kingspeciosa.eu\/wp-content\/uploads\/2024\/12\/KingSpeciosa-logo.png","contentUrl":"http:\/\/kingspeciosa.eu\/wp-content\/uploads\/2024\/12\/KingSpeciosa-logo.png","width":1000,"height":1000,"caption":"King Speciosa"},"image":{"@id":"https:\/\/kingspeciosa.eu\/#\/schema\/logo\/image\/"}}]}},"_links":{"self":[{"href":"https:\/\/kingspeciosa.eu\/hu\/wp-json\/wp\/v2\/product\/1184","targetHints":{"allow":["GET"]}}],"collection":[{"href":"https:\/\/kingspeciosa.eu\/hu\/wp-json\/wp\/v2\/product"}],"about":[{"href":"https:\/\/kingspeciosa.eu\/hu\/wp-json\/wp\/v2\/types\/product"}],"replies":[{"embeddable":true,"href":"https:\/\/kingspeciosa.eu\/hu\/wp-json\/wp\/v2\/comments?post=1184"}],"wp:featuredmedia":[{"embeddable":true,"href":"https:\/\/kingspeciosa.eu\/hu\/wp-json\/wp\/v2\/media\/1882"}],"wp:attachment":[{"href":"https:\/\/kingspeciosa.eu\/hu\/wp-json\/wp\/v2\/media?parent=1184"}],"wp:term":[{"taxonomy":"product_brand","embeddable":true,"href":"https:\/\/kingspeciosa.eu\/hu\/wp-json\/wp\/v2\/product_brand?post=1184"},{"taxonomy":"product_cat","embeddable":true,"href":"https:\/\/kingspeciosa.eu\/hu\/wp-json\/wp\/v2\/product_cat?post=1184"},{"taxonomy":"product_tag","embeddable":true,"href":"https:\/\/kingspeciosa.eu\/hu\/wp-json\/wp\/v2\/product_tag?post=1184"}],"curies":[{"name":"wp","href":"https:\/\/api.w.org\/{rel}","templated":true}]}}