{"id":1185,"date":"2024-12-01T18:35:36","date_gmt":"2024-12-01T18:35:36","guid":{"rendered":"https:\/\/kingspeciosa.eu\/product\/zold-borneo\/"},"modified":"2025-02-01T18:52:25","modified_gmt":"2025-02-01T18:52:25","slug":"zold-borneo","status":"publish","type":"product","link":"https:\/\/kingspeciosa.eu\/hu\/termek\/zold-borneo\/","title":{"rendered":"Green Borne\u00f3"},"content":{"rendered":"<h2>Green Borne\u00f3: Borne\u00f3 sz\u00edv\u00e9b\u0151l sz\u00e1rmaz\u00f3 h\u00edres t\u00f6rzs.<\/h2>\n<p>A Green Borneo egy h\u00edres Kratom t\u00f6rzs, amely Borne\u00f3 buja es\u0151erdeib\u0151l sz\u00e1rmazik, egy olyan szigetr\u0151l, amely gazdag biol\u00f3giai sokf\u00e9les\u00e9g\u00e9r\u0151l \u00e9s term\u00e9keny talaj\u00e1r\u00f3l ismert. Az \u00e9rett f\u00e1kr\u00f3l gondosan betakar\u00edtott t\u00f6rzset \u00e9l\u00e9nk z\u00f6ld sz\u00edne \u00e9s kiv\u00e9teles \u00e1llaga miatt \u00e9rt\u00e9kelik, ami vil\u00e1gszerte kiemelked\u0151 v\u00e1laszt\u00e1ss\u00e1 teszi a Kratom-rajong\u00f3k k\u00f6r\u00e9ben. <\/p>\n<h3>Borne\u00f3 tr\u00f3pusi erdeib\u0151l sz\u00fcretelve<\/h3>\n<p>A Green Borne\u00f3t Borne\u00f3 tr\u00f3pusi sz\u00edv\u00e9ben termesztik, ahol ide\u00e1lis termeszt\u00e9si k\u00f6r\u00fclm\u00e9nyek biztos\u00edtj\u00e1k a kiv\u00e1l\u00f3 min\u0151s\u00e9g\u0171 levelek fejl\u0151d\u00e9s\u00e9t. A f\u00e1kat \u00e9retts\u00e9g\u00fckig nevelik, \u00e9s a leveleket gondosan v\u00e1logatj\u00e1k, hogy meg\u0151rizz\u00e9k term\u00e9szetes \u00e9ps\u00e9g\u00fcket. <\/p>\n<h3>\u00c9l\u00e9nk \u00e9s friss z\u00f6ld levelek<\/h3>\n<p>A Green Borneo leveleit \u00e9l\u00e9nk z\u00f6ld sz\u00edn\u00e1rnyalat \u00e9s robusztus szerkezet jellemzi. Ez az \u00e9l\u00e9nk megjelen\u00e9s t\u00fckr\u00f6zi a fajta frissess\u00e9g\u00e9t \u00e9s a szed\u00e9s \u00e9s feldolgoz\u00e1s sor\u00e1n alkalmazott apr\u00f3l\u00e9kos gondoss\u00e1got. <\/p>\n<h3>Vil\u00e1gszerte n\u00e9pszer\u0171 t\u00f6rzs<\/h3>\n<p>Megb\u00edzhat\u00f3s\u00e1g\u00e1nak \u00e9s pr\u00e9mium min\u0151s\u00e9g\u00e9nek k\u00f6sz\u00f6nhet\u0151en a Green Borneo vil\u00e1gszerte a Kratom rajong\u00f3k kedvenc\u00e9v\u00e9 v\u00e1lt. Kiv\u00e1l\u00f3s\u00e1g\u00e1nak h\u00edrneve biztos\u00edtja, hogy tov\u00e1bbra is a legjobb v\u00e1laszt\u00e1s maradjon azok sz\u00e1m\u00e1ra, akik megb\u00edzhat\u00f3 \u00e9s kiv\u00e1l\u00f3 min\u0151s\u00e9g\u0171 term\u00e9ket keresnek. <\/p>\n","protected":false},"excerpt":{"rendered":"<p>A <strong>Green Borneo<\/strong> egy nagyra becs\u00fclt t\u00f6rzs, amely Borne\u00f3 tr\u00f3pusi erdeib\u0151l sz\u00e1rmazik. Az \u00e9l\u00e9nk z\u00f6ld sz\u00edn\u00e9r\u0151l \u00e9s kiv\u00e9teles min\u0151s\u00e9g\u00e9r\u0151l ismert, tov\u00e1bbra is n\u00e9pszer\u0171 v\u00e1laszt\u00e1s a Kratom rajong\u00f3k k\u00f6r\u00e9ben vil\u00e1gszerte. <\/p>\n","protected":false},"featured_media":1817,"comment_status":"open","ping_status":"closed","template":"","meta":[],"product_brand":[],"product_cat":[57,71],"product_tag":[],"class_list":{"0":"post-1185","1":"product","2":"type-product","3":"status-publish","4":"has-post-thumbnail","6":"product_cat-kratom-hu","7":"product_cat-zold-kratom","9":"first","10":"instock","11":"taxable","12":"shipping-taxable","13":"purchasable","14":"product-type-variable","15":"has-default-attributes"},"yoast_head":"<!-- This site is optimized with the Yoast SEO plugin v27.5 - https:\/\/yoast.com\/product\/yoast-seo-wordpress\/ -->\n<title>Green Borne\u00f3 | Premium Kratom in EU at King Speciosa<\/title>\n<meta name=\"description\" content=\"Buy Green Borne\u00f3 at King Speciosa. This premium Kratom is sourced from Borneo and lab-tested for quality. Available across EU with fast delivery.\" \/>\n<meta name=\"robots\" content=\"index, follow, max-snippet:-1, max-image-preview:large, max-video-preview:-1\" \/>\n<link rel=\"canonical\" href=\"https:\/\/kingspeciosa.eu\/termek\/green-borneo\/\" \/>\n<meta property=\"og:locale\" content=\"hu_HU\" \/>\n<meta property=\"og:type\" content=\"article\" \/>\n<meta property=\"og:title\" content=\"Green Borne\u00f3 | Premium Kratom in EU at King Speciosa\" \/>\n<meta property=\"og:description\" content=\"Buy Green Borne\u00f3 at King Speciosa. This premium Kratom is sourced from Borneo and lab-tested for quality. Available across EU with fast delivery.\" \/>\n<meta property=\"og:url\" content=\"https:\/\/kingspeciosa.eu\/termek\/green-borneo\/\" \/>\n<meta property=\"og:site_name\" content=\"King Speciosa\" \/>\n<meta property=\"article:modified_time\" content=\"2025-02-01T18:52:25+00:00\" \/>\n<meta property=\"og:image\" content=\"https:\/\/kingspeciosa.eu\/wp-content\/uploads\/2024\/12\/Green-Borneo.png\" \/>\n\t<meta property=\"og:image:width\" content=\"800\" \/>\n\t<meta property=\"og:image:height\" content=\"800\" \/>\n\t<meta property=\"og:image:type\" content=\"image\/png\" \/>\n<meta name=\"twitter:card\" content=\"summary_large_image\" \/>\n<meta name=\"twitter:label1\" content=\"Becs\u00fclt olvas\u00e1si id\u0151\" \/>\n\t<meta name=\"twitter:data1\" content=\"1 perc\" \/>\n<script type=\"application\/ld+json\" class=\"yoast-schema-graph\">{\"@context\":\"https:\\\/\\\/schema.org\",\"@graph\":[{\"@type\":\"WebPage\",\"@id\":\"https:\\\/\\\/kingspeciosa.eu\\\/termek\\\/green-borneo\\\/\",\"url\":\"https:\\\/\\\/kingspeciosa.eu\\\/termek\\\/green-borneo\\\/\",\"name\":\"Green Borne\u00f3 | Premium Kratom in EU at King Speciosa\",\"isPartOf\":{\"@id\":\"https:\\\/\\\/kingspeciosa.eu\\\/#website\"},\"primaryImageOfPage\":{\"@id\":\"https:\\\/\\\/kingspeciosa.eu\\\/termek\\\/green-borneo\\\/#primaryimage\"},\"image\":{\"@id\":\"https:\\\/\\\/kingspeciosa.eu\\\/termek\\\/green-borneo\\\/#primaryimage\"},\"thumbnailUrl\":\"https:\\\/\\\/kingspeciosa.eu\\\/wp-content\\\/uploads\\\/2024\\\/12\\\/Green-Borneo.png\",\"datePublished\":\"2024-12-01T18:35:36+00:00\",\"dateModified\":\"2025-02-01T18:52:25+00:00\",\"description\":\"Buy Green Borne\u00f3 at King Speciosa. This premium Kratom is sourced from Borneo and lab-tested for quality. Available across EU with fast delivery.\",\"breadcrumb\":{\"@id\":\"https:\\\/\\\/kingspeciosa.eu\\\/termek\\\/green-borneo\\\/#breadcrumb\"},\"inLanguage\":\"hu\",\"potentialAction\":[{\"@type\":\"ReadAction\",\"target\":[\"https:\\\/\\\/kingspeciosa.eu\\\/termek\\\/green-borneo\\\/\"]}]},{\"@type\":\"ImageObject\",\"inLanguage\":\"hu\",\"@id\":\"https:\\\/\\\/kingspeciosa.eu\\\/termek\\\/green-borneo\\\/#primaryimage\",\"url\":\"https:\\\/\\\/kingspeciosa.eu\\\/wp-content\\\/uploads\\\/2024\\\/12\\\/Green-Borneo.png\",\"contentUrl\":\"https:\\\/\\\/kingspeciosa.eu\\\/wp-content\\\/uploads\\\/2024\\\/12\\\/Green-Borneo.png\",\"width\":800,\"height\":800},{\"@type\":\"BreadcrumbList\",\"@id\":\"https:\\\/\\\/kingspeciosa.eu\\\/termek\\\/green-borneo\\\/#breadcrumb\",\"itemListElement\":[{\"@type\":\"ListItem\",\"position\":1,\"name\":\"Home\",\"item\":\"https:\\\/\\\/kingspeciosa.eu\\\/hu\\\/honlap\\\/\"},{\"@type\":\"ListItem\",\"position\":2,\"name\":\"V\u00e1s\u00e1roljon\",\"item\":\"https:\\\/\\\/kingspeciosa.eu\\\/hu\\\/vasaroljon\\\/\"},{\"@type\":\"ListItem\",\"position\":3,\"name\":\"Green Borne\u00f3\"}]},{\"@type\":\"WebSite\",\"@id\":\"https:\\\/\\\/kingspeciosa.eu\\\/#website\",\"url\":\"https:\\\/\\\/kingspeciosa.eu\\\/\",\"name\":\"King Speciosa\",\"description\":\"King of the jungle \ud83c\udf34\",\"publisher\":{\"@id\":\"https:\\\/\\\/kingspeciosa.eu\\\/#organization\"},\"potentialAction\":[{\"@type\":\"SearchAction\",\"target\":{\"@type\":\"EntryPoint\",\"urlTemplate\":\"https:\\\/\\\/kingspeciosa.eu\\\/?s={search_term_string}\"},\"query-input\":{\"@type\":\"PropertyValueSpecification\",\"valueRequired\":true,\"valueName\":\"search_term_string\"}}],\"inLanguage\":\"hu\"},{\"@type\":\"Organization\",\"@id\":\"https:\\\/\\\/kingspeciosa.eu\\\/#organization\",\"name\":\"King Speciosa\",\"url\":\"https:\\\/\\\/kingspeciosa.eu\\\/\",\"logo\":{\"@type\":\"ImageObject\",\"inLanguage\":\"hu\",\"@id\":\"https:\\\/\\\/kingspeciosa.eu\\\/#\\\/schema\\\/logo\\\/image\\\/\",\"url\":\"http:\\\/\\\/kingspeciosa.eu\\\/wp-content\\\/uploads\\\/2024\\\/12\\\/KingSpeciosa-logo.png\",\"contentUrl\":\"http:\\\/\\\/kingspeciosa.eu\\\/wp-content\\\/uploads\\\/2024\\\/12\\\/KingSpeciosa-logo.png\",\"width\":1000,\"height\":1000,\"caption\":\"King Speciosa\"},\"image\":{\"@id\":\"https:\\\/\\\/kingspeciosa.eu\\\/#\\\/schema\\\/logo\\\/image\\\/\"}}]}<\/script>\n<!-- \/ Yoast SEO plugin. -->","yoast_head_json":{"title":"Green Borne\u00f3 | Premium Kratom in EU at King Speciosa","description":"Buy Green Borne\u00f3 at King Speciosa. This premium Kratom is sourced from Borneo and lab-tested for quality. Available across EU with fast delivery.","robots":{"index":"index","follow":"follow","max-snippet":"max-snippet:-1","max-image-preview":"max-image-preview:large","max-video-preview":"max-video-preview:-1"},"canonical":"https:\/\/kingspeciosa.eu\/termek\/green-borneo\/","og_locale":"hu_HU","og_type":"article","og_title":"Green Borne\u00f3 | Premium Kratom in EU at King Speciosa","og_description":"Buy Green Borne\u00f3 at King Speciosa. This premium Kratom is sourced from Borneo and lab-tested for quality. Available across EU with fast delivery.","og_url":"https:\/\/kingspeciosa.eu\/termek\/green-borneo\/","og_site_name":"King Speciosa","article_modified_time":"2025-02-01T18:52:25+00:00","og_image":[{"width":800,"height":800,"url":"https:\/\/kingspeciosa.eu\/wp-content\/uploads\/2024\/12\/Green-Borneo.png","type":"image\/png"}],"twitter_card":"summary_large_image","twitter_misc":{"Becs\u00fclt olvas\u00e1si id\u0151":"1 perc"},"schema":{"@context":"https:\/\/schema.org","@graph":[{"@type":"WebPage","@id":"https:\/\/kingspeciosa.eu\/termek\/green-borneo\/","url":"https:\/\/kingspeciosa.eu\/termek\/green-borneo\/","name":"Green Borne\u00f3 | Premium Kratom in EU at King Speciosa","isPartOf":{"@id":"https:\/\/kingspeciosa.eu\/#website"},"primaryImageOfPage":{"@id":"https:\/\/kingspeciosa.eu\/termek\/green-borneo\/#primaryimage"},"image":{"@id":"https:\/\/kingspeciosa.eu\/termek\/green-borneo\/#primaryimage"},"thumbnailUrl":"https:\/\/kingspeciosa.eu\/wp-content\/uploads\/2024\/12\/Green-Borneo.png","datePublished":"2024-12-01T18:35:36+00:00","dateModified":"2025-02-01T18:52:25+00:00","description":"Buy Green Borne\u00f3 at King Speciosa. This premium Kratom is sourced from Borneo and lab-tested for quality. Available across EU with fast delivery.","breadcrumb":{"@id":"https:\/\/kingspeciosa.eu\/termek\/green-borneo\/#breadcrumb"},"inLanguage":"hu","potentialAction":[{"@type":"ReadAction","target":["https:\/\/kingspeciosa.eu\/termek\/green-borneo\/"]}]},{"@type":"ImageObject","inLanguage":"hu","@id":"https:\/\/kingspeciosa.eu\/termek\/green-borneo\/#primaryimage","url":"https:\/\/kingspeciosa.eu\/wp-content\/uploads\/2024\/12\/Green-Borneo.png","contentUrl":"https:\/\/kingspeciosa.eu\/wp-content\/uploads\/2024\/12\/Green-Borneo.png","width":800,"height":800},{"@type":"BreadcrumbList","@id":"https:\/\/kingspeciosa.eu\/termek\/green-borneo\/#breadcrumb","itemListElement":[{"@type":"ListItem","position":1,"name":"Home","item":"https:\/\/kingspeciosa.eu\/hu\/honlap\/"},{"@type":"ListItem","position":2,"name":"V\u00e1s\u00e1roljon","item":"https:\/\/kingspeciosa.eu\/hu\/vasaroljon\/"},{"@type":"ListItem","position":3,"name":"Green Borne\u00f3"}]},{"@type":"WebSite","@id":"https:\/\/kingspeciosa.eu\/#website","url":"https:\/\/kingspeciosa.eu\/","name":"King Speciosa","description":"King of the jungle \ud83c\udf34","publisher":{"@id":"https:\/\/kingspeciosa.eu\/#organization"},"potentialAction":[{"@type":"SearchAction","target":{"@type":"EntryPoint","urlTemplate":"https:\/\/kingspeciosa.eu\/?s={search_term_string}"},"query-input":{"@type":"PropertyValueSpecification","valueRequired":true,"valueName":"search_term_string"}}],"inLanguage":"hu"},{"@type":"Organization","@id":"https:\/\/kingspeciosa.eu\/#organization","name":"King Speciosa","url":"https:\/\/kingspeciosa.eu\/","logo":{"@type":"ImageObject","inLanguage":"hu","@id":"https:\/\/kingspeciosa.eu\/#\/schema\/logo\/image\/","url":"http:\/\/kingspeciosa.eu\/wp-content\/uploads\/2024\/12\/KingSpeciosa-logo.png","contentUrl":"http:\/\/kingspeciosa.eu\/wp-content\/uploads\/2024\/12\/KingSpeciosa-logo.png","width":1000,"height":1000,"caption":"King Speciosa"},"image":{"@id":"https:\/\/kingspeciosa.eu\/#\/schema\/logo\/image\/"}}]}},"_links":{"self":[{"href":"https:\/\/kingspeciosa.eu\/hu\/wp-json\/wp\/v2\/product\/1185","targetHints":{"allow":["GET"]}}],"collection":[{"href":"https:\/\/kingspeciosa.eu\/hu\/wp-json\/wp\/v2\/product"}],"about":[{"href":"https:\/\/kingspeciosa.eu\/hu\/wp-json\/wp\/v2\/types\/product"}],"replies":[{"embeddable":true,"href":"https:\/\/kingspeciosa.eu\/hu\/wp-json\/wp\/v2\/comments?post=1185"}],"wp:featuredmedia":[{"embeddable":true,"href":"https:\/\/kingspeciosa.eu\/hu\/wp-json\/wp\/v2\/media\/1817"}],"wp:attachment":[{"href":"https:\/\/kingspeciosa.eu\/hu\/wp-json\/wp\/v2\/media?parent=1185"}],"wp:term":[{"taxonomy":"product_brand","embeddable":true,"href":"https:\/\/kingspeciosa.eu\/hu\/wp-json\/wp\/v2\/product_brand?post=1185"},{"taxonomy":"product_cat","embeddable":true,"href":"https:\/\/kingspeciosa.eu\/hu\/wp-json\/wp\/v2\/product_cat?post=1185"},{"taxonomy":"product_tag","embeddable":true,"href":"https:\/\/kingspeciosa.eu\/hu\/wp-json\/wp\/v2\/product_tag?post=1185"}],"curies":[{"name":"wp","href":"https:\/\/api.w.org\/{rel}","templated":true}]}}