{"id":1208,"date":"2024-12-01T18:47:08","date_gmt":"2024-12-01T18:47:08","guid":{"rendered":"https:\/\/kingspeciosa.eu\/product\/feher-borneo\/"},"modified":"2025-01-29T12:15:12","modified_gmt":"2025-01-29T12:15:12","slug":"feher-borneo","status":"publish","type":"product","link":"https:\/\/kingspeciosa.eu\/hu\/termek\/feher-borneo\/","title":{"rendered":"White Borne\u00f3"},"content":{"rendered":"<h2>White Borne\u00f3: Borne\u00f3 buja erdeib\u0151l sz\u00e1rmaz\u00f3 \u00e9rintetlen fajta.<\/h2>\n<p>A White Borneo egy kiv\u00e1l\u00f3 Kratom t\u00f6rzs, amely Borne\u00f3 tr\u00f3pusi es\u0151erdeib\u0151l sz\u00e1rmazik, egy olyan szigetr\u0151l, amelyet term\u00e9szeti gazdags\u00e1g\u00e1r\u00f3l \u00e9s term\u00e9keny talaj\u00e1r\u00f3l \u00fcnnepelnek. Az \u00e9rett Kratom f\u00e1kr\u00f3l sz\u00fcretelt White Borneo-t f\u00e9nyes \u00e9s friss megjelen\u00e9se miatt tisztelik, ami a pr\u00e9mium Kratom v\u00e1laszt\u00e9k egyik alapdarabj\u00e1v\u00e1 teszi vil\u00e1gszerte. <\/p>\n<h3>Borne\u00f3 gazdag erdeib\u0151l sz\u00e1rmazik<\/h3>\n<p>A White Borneo-t Borne\u00f3 buja es\u0151erdeiben termesztik, ahol a t\u00f6k\u00e9letes termeszt\u00e9si k\u00f6r\u00fclm\u00e9nyek lehet\u0151v\u00e9 teszik a Kratom f\u00e1k vir\u00e1gz\u00e1s\u00e1t. Csak \u00e9rett f\u00e1kat sz\u00fcretelnek, hogy minden egyes t\u00e9tel megfeleljen a legmagasabb min\u0151s\u00e9gi k\u00f6vetelm\u00e9nyeknek. <\/p>\n<h3>F\u00e9nyes \u00e9s friss lev\u00e9l jellemz\u0151i<\/h3>\n<p>A White Borneo leveleit vil\u00e1gos \u00e9s \u00e9l\u00e9nk megjelen\u00e9s jellemzi. Ez t\u00fckr\u00f6zi a frissess\u00e9get \u00e9s a szed\u00e9s \u00e9s feldolgoz\u00e1s sor\u00e1n tan\u00fas\u00edtott gondoss\u00e1got, ami biztos\u00edtja, hogy a t\u00f6rzs meg\u0151rzi term\u00e9szetes tulajdons\u00e1gait. <\/p>\n<h3>Egy glob\u00e1lis kedvenc<\/h3>\n<p>A White Borneo a k\u00f6vetkezetes min\u0151s\u00e9g\u00e9nek \u00e9s megb\u00edzhat\u00f3 eredet\u00e9nek k\u00f6sz\u00f6nhet\u0151en vil\u00e1gh\u00edrn\u00e9vre tett szert. Pr\u00e9mium st\u00e1tusza \u00e9s egyedi tulajdons\u00e1gai kiemelked\u0151v\u00e9 teszik a Kratom vil\u00e1g\u00e1ban. <\/p>\n","protected":false},"excerpt":{"rendered":"<p>A <strong>White Borneo<\/strong> egy pr\u00e9mium min\u0151s\u00e9g\u0171 t\u00f6rzs, amely Borne\u00f3 \u00e9rintetlen es\u0151erdeib\u0151l sz\u00e1rmazik. H\u00edres f\u00e9nyes megjelen\u00e9s\u00e9r\u0151l \u00e9s magas sz\u00ednvonal\u00fa szabv\u00e1nyair\u00f3l, ez\u00e9rt vil\u00e1gszerte n\u00e9pszer\u0171 v\u00e1laszt\u00e1s a Kratom-rajong\u00f3k k\u00f6r\u00e9ben. <\/p>\n","protected":false},"featured_media":1872,"comment_status":"open","ping_status":"closed","template":"","meta":[],"product_brand":[],"product_cat":[73,57],"product_tag":[],"class_list":{"0":"post-1208","1":"product","2":"type-product","3":"status-publish","4":"has-post-thumbnail","6":"product_cat-feher-kratom","7":"product_cat-kratom-hu","9":"first","10":"instock","11":"taxable","12":"shipping-taxable","13":"purchasable","14":"product-type-variable","15":"has-default-attributes"},"yoast_head":"<!-- This site is optimized with the Yoast SEO plugin v27.5 - https:\/\/yoast.com\/product\/yoast-seo-wordpress\/ -->\n<title>White Borne\u00f3 | Premium Kratom in EU at King Speciosa<\/title>\n<meta name=\"description\" content=\"Buy White Borne\u00f3 at King Speciosa. This premium Kratom is sourced from Borneo and lab-tested for quality. Available across EU with fast delivery.\" \/>\n<meta name=\"robots\" content=\"index, follow, max-snippet:-1, max-image-preview:large, max-video-preview:-1\" \/>\n<link rel=\"canonical\" href=\"https:\/\/kingspeciosa.eu\/termek\/white-borneo\/\" \/>\n<meta property=\"og:locale\" content=\"hu_HU\" \/>\n<meta property=\"og:type\" content=\"article\" \/>\n<meta property=\"og:title\" content=\"White Borne\u00f3 | Premium Kratom in EU at King Speciosa\" \/>\n<meta property=\"og:description\" content=\"Buy White Borne\u00f3 at King Speciosa. This premium Kratom is sourced from Borneo and lab-tested for quality. Available across EU with fast delivery.\" \/>\n<meta property=\"og:url\" content=\"https:\/\/kingspeciosa.eu\/termek\/white-borneo\/\" \/>\n<meta property=\"og:site_name\" content=\"King Speciosa\" \/>\n<meta property=\"article:modified_time\" content=\"2025-01-29T12:15:12+00:00\" \/>\n<meta property=\"og:image\" content=\"https:\/\/kingspeciosa.eu\/wp-content\/uploads\/2024\/12\/White-Borneo.png\" \/>\n\t<meta property=\"og:image:width\" content=\"800\" \/>\n\t<meta property=\"og:image:height\" content=\"800\" \/>\n\t<meta property=\"og:image:type\" content=\"image\/png\" \/>\n<meta name=\"twitter:card\" content=\"summary_large_image\" \/>\n<meta name=\"twitter:label1\" content=\"Becs\u00fclt olvas\u00e1si id\u0151\" \/>\n\t<meta name=\"twitter:data1\" content=\"1 perc\" \/>\n<script type=\"application\/ld+json\" class=\"yoast-schema-graph\">{\"@context\":\"https:\\\/\\\/schema.org\",\"@graph\":[{\"@type\":\"WebPage\",\"@id\":\"https:\\\/\\\/kingspeciosa.eu\\\/termek\\\/white-borneo\\\/\",\"url\":\"https:\\\/\\\/kingspeciosa.eu\\\/termek\\\/white-borneo\\\/\",\"name\":\"White Borne\u00f3 | Premium Kratom in EU at King Speciosa\",\"isPartOf\":{\"@id\":\"https:\\\/\\\/kingspeciosa.eu\\\/#website\"},\"primaryImageOfPage\":{\"@id\":\"https:\\\/\\\/kingspeciosa.eu\\\/termek\\\/white-borneo\\\/#primaryimage\"},\"image\":{\"@id\":\"https:\\\/\\\/kingspeciosa.eu\\\/termek\\\/white-borneo\\\/#primaryimage\"},\"thumbnailUrl\":\"https:\\\/\\\/kingspeciosa.eu\\\/wp-content\\\/uploads\\\/2024\\\/12\\\/White-Borneo.png\",\"datePublished\":\"2024-12-01T18:47:08+00:00\",\"dateModified\":\"2025-01-29T12:15:12+00:00\",\"description\":\"Buy White Borne\u00f3 at King Speciosa. This premium Kratom is sourced from Borneo and lab-tested for quality. Available across EU with fast delivery.\",\"breadcrumb\":{\"@id\":\"https:\\\/\\\/kingspeciosa.eu\\\/termek\\\/white-borneo\\\/#breadcrumb\"},\"inLanguage\":\"hu\",\"potentialAction\":[{\"@type\":\"ReadAction\",\"target\":[\"https:\\\/\\\/kingspeciosa.eu\\\/termek\\\/white-borneo\\\/\"]}]},{\"@type\":\"ImageObject\",\"inLanguage\":\"hu\",\"@id\":\"https:\\\/\\\/kingspeciosa.eu\\\/termek\\\/white-borneo\\\/#primaryimage\",\"url\":\"https:\\\/\\\/kingspeciosa.eu\\\/wp-content\\\/uploads\\\/2024\\\/12\\\/White-Borneo.png\",\"contentUrl\":\"https:\\\/\\\/kingspeciosa.eu\\\/wp-content\\\/uploads\\\/2024\\\/12\\\/White-Borneo.png\",\"width\":800,\"height\":800},{\"@type\":\"BreadcrumbList\",\"@id\":\"https:\\\/\\\/kingspeciosa.eu\\\/termek\\\/white-borneo\\\/#breadcrumb\",\"itemListElement\":[{\"@type\":\"ListItem\",\"position\":1,\"name\":\"Home\",\"item\":\"https:\\\/\\\/kingspeciosa.eu\\\/hu\\\/honlap\\\/\"},{\"@type\":\"ListItem\",\"position\":2,\"name\":\"V\u00e1s\u00e1roljon\",\"item\":\"https:\\\/\\\/kingspeciosa.eu\\\/hu\\\/vasaroljon\\\/\"},{\"@type\":\"ListItem\",\"position\":3,\"name\":\"White Borne\u00f3\"}]},{\"@type\":\"WebSite\",\"@id\":\"https:\\\/\\\/kingspeciosa.eu\\\/#website\",\"url\":\"https:\\\/\\\/kingspeciosa.eu\\\/\",\"name\":\"King Speciosa\",\"description\":\"King of the jungle \ud83c\udf34\",\"publisher\":{\"@id\":\"https:\\\/\\\/kingspeciosa.eu\\\/#organization\"},\"potentialAction\":[{\"@type\":\"SearchAction\",\"target\":{\"@type\":\"EntryPoint\",\"urlTemplate\":\"https:\\\/\\\/kingspeciosa.eu\\\/?s={search_term_string}\"},\"query-input\":{\"@type\":\"PropertyValueSpecification\",\"valueRequired\":true,\"valueName\":\"search_term_string\"}}],\"inLanguage\":\"hu\"},{\"@type\":\"Organization\",\"@id\":\"https:\\\/\\\/kingspeciosa.eu\\\/#organization\",\"name\":\"King Speciosa\",\"url\":\"https:\\\/\\\/kingspeciosa.eu\\\/\",\"logo\":{\"@type\":\"ImageObject\",\"inLanguage\":\"hu\",\"@id\":\"https:\\\/\\\/kingspeciosa.eu\\\/#\\\/schema\\\/logo\\\/image\\\/\",\"url\":\"http:\\\/\\\/kingspeciosa.eu\\\/wp-content\\\/uploads\\\/2024\\\/12\\\/KingSpeciosa-logo.png\",\"contentUrl\":\"http:\\\/\\\/kingspeciosa.eu\\\/wp-content\\\/uploads\\\/2024\\\/12\\\/KingSpeciosa-logo.png\",\"width\":1000,\"height\":1000,\"caption\":\"King Speciosa\"},\"image\":{\"@id\":\"https:\\\/\\\/kingspeciosa.eu\\\/#\\\/schema\\\/logo\\\/image\\\/\"}}]}<\/script>\n<!-- \/ Yoast SEO plugin. -->","yoast_head_json":{"title":"White Borne\u00f3 | Premium Kratom in EU at King Speciosa","description":"Buy White Borne\u00f3 at King Speciosa. This premium Kratom is sourced from Borneo and lab-tested for quality. Available across EU with fast delivery.","robots":{"index":"index","follow":"follow","max-snippet":"max-snippet:-1","max-image-preview":"max-image-preview:large","max-video-preview":"max-video-preview:-1"},"canonical":"https:\/\/kingspeciosa.eu\/termek\/white-borneo\/","og_locale":"hu_HU","og_type":"article","og_title":"White Borne\u00f3 | Premium Kratom in EU at King Speciosa","og_description":"Buy White Borne\u00f3 at King Speciosa. This premium Kratom is sourced from Borneo and lab-tested for quality. Available across EU with fast delivery.","og_url":"https:\/\/kingspeciosa.eu\/termek\/white-borneo\/","og_site_name":"King Speciosa","article_modified_time":"2025-01-29T12:15:12+00:00","og_image":[{"width":800,"height":800,"url":"https:\/\/kingspeciosa.eu\/wp-content\/uploads\/2024\/12\/White-Borneo.png","type":"image\/png"}],"twitter_card":"summary_large_image","twitter_misc":{"Becs\u00fclt olvas\u00e1si id\u0151":"1 perc"},"schema":{"@context":"https:\/\/schema.org","@graph":[{"@type":"WebPage","@id":"https:\/\/kingspeciosa.eu\/termek\/white-borneo\/","url":"https:\/\/kingspeciosa.eu\/termek\/white-borneo\/","name":"White Borne\u00f3 | Premium Kratom in EU at King Speciosa","isPartOf":{"@id":"https:\/\/kingspeciosa.eu\/#website"},"primaryImageOfPage":{"@id":"https:\/\/kingspeciosa.eu\/termek\/white-borneo\/#primaryimage"},"image":{"@id":"https:\/\/kingspeciosa.eu\/termek\/white-borneo\/#primaryimage"},"thumbnailUrl":"https:\/\/kingspeciosa.eu\/wp-content\/uploads\/2024\/12\/White-Borneo.png","datePublished":"2024-12-01T18:47:08+00:00","dateModified":"2025-01-29T12:15:12+00:00","description":"Buy White Borne\u00f3 at King Speciosa. This premium Kratom is sourced from Borneo and lab-tested for quality. Available across EU with fast delivery.","breadcrumb":{"@id":"https:\/\/kingspeciosa.eu\/termek\/white-borneo\/#breadcrumb"},"inLanguage":"hu","potentialAction":[{"@type":"ReadAction","target":["https:\/\/kingspeciosa.eu\/termek\/white-borneo\/"]}]},{"@type":"ImageObject","inLanguage":"hu","@id":"https:\/\/kingspeciosa.eu\/termek\/white-borneo\/#primaryimage","url":"https:\/\/kingspeciosa.eu\/wp-content\/uploads\/2024\/12\/White-Borneo.png","contentUrl":"https:\/\/kingspeciosa.eu\/wp-content\/uploads\/2024\/12\/White-Borneo.png","width":800,"height":800},{"@type":"BreadcrumbList","@id":"https:\/\/kingspeciosa.eu\/termek\/white-borneo\/#breadcrumb","itemListElement":[{"@type":"ListItem","position":1,"name":"Home","item":"https:\/\/kingspeciosa.eu\/hu\/honlap\/"},{"@type":"ListItem","position":2,"name":"V\u00e1s\u00e1roljon","item":"https:\/\/kingspeciosa.eu\/hu\/vasaroljon\/"},{"@type":"ListItem","position":3,"name":"White Borne\u00f3"}]},{"@type":"WebSite","@id":"https:\/\/kingspeciosa.eu\/#website","url":"https:\/\/kingspeciosa.eu\/","name":"King Speciosa","description":"King of the jungle \ud83c\udf34","publisher":{"@id":"https:\/\/kingspeciosa.eu\/#organization"},"potentialAction":[{"@type":"SearchAction","target":{"@type":"EntryPoint","urlTemplate":"https:\/\/kingspeciosa.eu\/?s={search_term_string}"},"query-input":{"@type":"PropertyValueSpecification","valueRequired":true,"valueName":"search_term_string"}}],"inLanguage":"hu"},{"@type":"Organization","@id":"https:\/\/kingspeciosa.eu\/#organization","name":"King Speciosa","url":"https:\/\/kingspeciosa.eu\/","logo":{"@type":"ImageObject","inLanguage":"hu","@id":"https:\/\/kingspeciosa.eu\/#\/schema\/logo\/image\/","url":"http:\/\/kingspeciosa.eu\/wp-content\/uploads\/2024\/12\/KingSpeciosa-logo.png","contentUrl":"http:\/\/kingspeciosa.eu\/wp-content\/uploads\/2024\/12\/KingSpeciosa-logo.png","width":1000,"height":1000,"caption":"King Speciosa"},"image":{"@id":"https:\/\/kingspeciosa.eu\/#\/schema\/logo\/image\/"}}]}},"_links":{"self":[{"href":"https:\/\/kingspeciosa.eu\/hu\/wp-json\/wp\/v2\/product\/1208","targetHints":{"allow":["GET"]}}],"collection":[{"href":"https:\/\/kingspeciosa.eu\/hu\/wp-json\/wp\/v2\/product"}],"about":[{"href":"https:\/\/kingspeciosa.eu\/hu\/wp-json\/wp\/v2\/types\/product"}],"replies":[{"embeddable":true,"href":"https:\/\/kingspeciosa.eu\/hu\/wp-json\/wp\/v2\/comments?post=1208"}],"wp:featuredmedia":[{"embeddable":true,"href":"https:\/\/kingspeciosa.eu\/hu\/wp-json\/wp\/v2\/media\/1872"}],"wp:attachment":[{"href":"https:\/\/kingspeciosa.eu\/hu\/wp-json\/wp\/v2\/media?parent=1208"}],"wp:term":[{"taxonomy":"product_brand","embeddable":true,"href":"https:\/\/kingspeciosa.eu\/hu\/wp-json\/wp\/v2\/product_brand?post=1208"},{"taxonomy":"product_cat","embeddable":true,"href":"https:\/\/kingspeciosa.eu\/hu\/wp-json\/wp\/v2\/product_cat?post=1208"},{"taxonomy":"product_tag","embeddable":true,"href":"https:\/\/kingspeciosa.eu\/hu\/wp-json\/wp\/v2\/product_tag?post=1208"}],"curies":[{"name":"wp","href":"https:\/\/api.w.org\/{rel}","templated":true}]}}