{"id":1275,"date":"2024-12-01T18:51:42","date_gmt":"2024-12-01T18:51:42","guid":{"rendered":"https:\/\/kingspeciosa.eu\/product\/voros-borneo\/"},"modified":"2025-02-01T18:52:22","modified_gmt":"2025-02-01T18:52:22","slug":"voros-borneo","status":"publish","type":"product","link":"https:\/\/kingspeciosa.eu\/hu\/termek\/voros-borneo\/","title":{"rendered":"Red Borne\u00f3"},"content":{"rendered":"<h2>Red Borne\u00f3: Borne\u00f3b\u00f3l sz\u00e1rmaz\u00f3 mer\u00e9sz \u00e9s pr\u00e9mium fajta<\/h2>\n<p>A Red Borneo egy h\u00edres Kratom t\u00f6rzs, amelyet Borne\u00f3 tr\u00f3pusi es\u0151erdeib\u0151l sz\u00fcretelnek, egy term\u00e9keny talaj\u00e1r\u00f3l \u00e9s biodiverzit\u00e1s\u00e1r\u00f3l h\u00edres szigetr\u0151l. Ez az \u00e9rett f\u00e1kr\u00f3l sz\u00e1rmaz\u00f3 term\u00e9k gazdag v\u00f6r\u00f6s sz\u00edne \u00e9s egyenletes min\u0151s\u00e9ge miatt h\u00edres, \u00edgy vil\u00e1gszerte a Kratom-rajong\u00f3k egyik legfontosabb alapanyaga. <\/p>\n<h3>Borne\u00f3 buja erdeib\u0151l sz\u00fcretelve<\/h3>\n<p>Ezt a fajt\u00e1t Borne\u00f3 tr\u00f3pusi es\u0151erdeinek sz\u00edv\u00e9ben termesztik. Ezek az ide\u00e1lis termeszt\u00e9si felt\u00e9telek lehet\u0151v\u00e9 teszik a f\u00e1k vir\u00e1gz\u00e1s\u00e1t, \u00e9s kiv\u00e9teles min\u0151s\u00e9g\u0171 leveleket termelnek. Csak \u00e9rett f\u00e1kat v\u00e1lasztanak ki gondosan a pr\u00e9mium term\u00e9k biztos\u00edt\u00e1sa \u00e9rdek\u00e9ben.  <\/p>\n<h3>M\u00e9lyv\u00f6r\u00f6s \u00e9s robusztus levelek<\/h3>\n<p>Leveleinek mer\u00e9sz v\u00f6r\u00f6s sz\u00edne a pr\u00e9mium min\u0151s\u00e9g v\u00e9djegye. A leveleket gondosan, hagyom\u00e1nyos m\u00f3dszerekkel szedik \u00e9s dolgozz\u00e1k fel, hogy meg\u0151rizz\u00e9k term\u00e9szetes tulajdons\u00e1gaikat \u00e9s \u00e1llagukat. <\/p>\n<h3>A rajong\u00f3k glob\u00e1lis kedvence<\/h3>\n<p>A Red Borneo vil\u00e1gszerte elismer\u00e9st szerzett megb\u00edzhat\u00f3s\u00e1ga \u00e9s pr\u00e9mium tulajdons\u00e1gai miatt. N\u00e9pszer\u0171s\u00e9ge folyamatosan n\u00f6vekszik a Kratom rajong\u00f3k k\u00f6r\u00e9ben, akik egy kiv\u00e1l\u00f3 min\u0151s\u00e9g\u0171 \u00e9s megb\u00edzhat\u00f3 t\u00f6rzset keresnek. <\/p>\n","protected":false},"excerpt":{"rendered":"<p>A <strong>Red Borneo<\/strong> egy mer\u00e9sz \u00e9s pr\u00e9mium min\u0151s\u00e9g\u0171 t\u00f6rzs, amely Borne\u00f3 tr\u00f3pusi erdeib\u0151l sz\u00e1rmazik. M\u00e9lyv\u00f6r\u00f6s sz\u00edn\u00e9r\u0151l \u00e9s kiv\u00e9teles min\u0151s\u00e9g\u00e9r\u0151l ismert, vil\u00e1gszerte megb\u00edzhat\u00f3 v\u00e1laszt\u00e1s a Kratom rajong\u00f3k k\u00f6r\u00e9ben. <\/p>\n","protected":false},"featured_media":1842,"comment_status":"open","ping_status":"closed","template":"","meta":[],"product_brand":[],"product_cat":[57,72],"product_tag":[],"class_list":{"0":"post-1275","1":"product","2":"type-product","3":"status-publish","4":"has-post-thumbnail","6":"product_cat-kratom-hu","7":"product_cat-voros-kratom","9":"first","10":"instock","11":"taxable","12":"shipping-taxable","13":"purchasable","14":"product-type-variable","15":"has-default-attributes"},"yoast_head":"<!-- This site is optimized with the Yoast SEO plugin v27.5 - https:\/\/yoast.com\/product\/yoast-seo-wordpress\/ -->\n<title>Red Borne\u00f3 | Premium Kratom in EU at King Speciosa<\/title>\n<meta name=\"description\" content=\"Buy Red Borne\u00f3 at King Speciosa. This premium Kratom is sourced from Borneo and lab-tested for quality. Available across EU with fast delivery.\" \/>\n<meta name=\"robots\" content=\"index, follow, max-snippet:-1, max-image-preview:large, max-video-preview:-1\" \/>\n<link rel=\"canonical\" href=\"https:\/\/kingspeciosa.eu\/termek\/red-borneo\/\" \/>\n<meta property=\"og:locale\" content=\"hu_HU\" \/>\n<meta property=\"og:type\" content=\"article\" \/>\n<meta property=\"og:title\" content=\"Red Borne\u00f3 | Premium Kratom in EU at King Speciosa\" \/>\n<meta property=\"og:description\" content=\"Buy Red Borne\u00f3 at King Speciosa. This premium Kratom is sourced from Borneo and lab-tested for quality. Available across EU with fast delivery.\" \/>\n<meta property=\"og:url\" content=\"https:\/\/kingspeciosa.eu\/termek\/red-borneo\/\" \/>\n<meta property=\"og:site_name\" content=\"King Speciosa\" \/>\n<meta property=\"article:modified_time\" content=\"2025-02-01T18:52:22+00:00\" \/>\n<meta property=\"og:image\" content=\"https:\/\/kingspeciosa.eu\/wp-content\/uploads\/2024\/12\/Red-Borneo.png\" \/>\n\t<meta property=\"og:image:width\" content=\"800\" \/>\n\t<meta property=\"og:image:height\" content=\"800\" \/>\n\t<meta property=\"og:image:type\" content=\"image\/png\" \/>\n<meta name=\"twitter:card\" content=\"summary_large_image\" \/>\n<meta name=\"twitter:label1\" content=\"Becs\u00fclt olvas\u00e1si id\u0151\" \/>\n\t<meta name=\"twitter:data1\" content=\"1 perc\" \/>\n<script type=\"application\/ld+json\" class=\"yoast-schema-graph\">{\"@context\":\"https:\\\/\\\/schema.org\",\"@graph\":[{\"@type\":\"WebPage\",\"@id\":\"https:\\\/\\\/kingspeciosa.eu\\\/termek\\\/red-borneo\\\/\",\"url\":\"https:\\\/\\\/kingspeciosa.eu\\\/termek\\\/red-borneo\\\/\",\"name\":\"Red Borne\u00f3 | Premium Kratom in EU at King Speciosa\",\"isPartOf\":{\"@id\":\"https:\\\/\\\/kingspeciosa.eu\\\/#website\"},\"primaryImageOfPage\":{\"@id\":\"https:\\\/\\\/kingspeciosa.eu\\\/termek\\\/red-borneo\\\/#primaryimage\"},\"image\":{\"@id\":\"https:\\\/\\\/kingspeciosa.eu\\\/termek\\\/red-borneo\\\/#primaryimage\"},\"thumbnailUrl\":\"https:\\\/\\\/kingspeciosa.eu\\\/wp-content\\\/uploads\\\/2024\\\/12\\\/Red-Borneo.png\",\"datePublished\":\"2024-12-01T18:51:42+00:00\",\"dateModified\":\"2025-02-01T18:52:22+00:00\",\"description\":\"Buy Red Borne\u00f3 at King Speciosa. This premium Kratom is sourced from Borneo and lab-tested for quality. Available across EU with fast delivery.\",\"breadcrumb\":{\"@id\":\"https:\\\/\\\/kingspeciosa.eu\\\/termek\\\/red-borneo\\\/#breadcrumb\"},\"inLanguage\":\"hu\",\"potentialAction\":[{\"@type\":\"ReadAction\",\"target\":[\"https:\\\/\\\/kingspeciosa.eu\\\/termek\\\/red-borneo\\\/\"]}]},{\"@type\":\"ImageObject\",\"inLanguage\":\"hu\",\"@id\":\"https:\\\/\\\/kingspeciosa.eu\\\/termek\\\/red-borneo\\\/#primaryimage\",\"url\":\"https:\\\/\\\/kingspeciosa.eu\\\/wp-content\\\/uploads\\\/2024\\\/12\\\/Red-Borneo.png\",\"contentUrl\":\"https:\\\/\\\/kingspeciosa.eu\\\/wp-content\\\/uploads\\\/2024\\\/12\\\/Red-Borneo.png\",\"width\":800,\"height\":800},{\"@type\":\"BreadcrumbList\",\"@id\":\"https:\\\/\\\/kingspeciosa.eu\\\/termek\\\/red-borneo\\\/#breadcrumb\",\"itemListElement\":[{\"@type\":\"ListItem\",\"position\":1,\"name\":\"Home\",\"item\":\"https:\\\/\\\/kingspeciosa.eu\\\/hu\\\/honlap\\\/\"},{\"@type\":\"ListItem\",\"position\":2,\"name\":\"V\u00e1s\u00e1roljon\",\"item\":\"https:\\\/\\\/kingspeciosa.eu\\\/hu\\\/vasaroljon\\\/\"},{\"@type\":\"ListItem\",\"position\":3,\"name\":\"Red Borne\u00f3\"}]},{\"@type\":\"WebSite\",\"@id\":\"https:\\\/\\\/kingspeciosa.eu\\\/#website\",\"url\":\"https:\\\/\\\/kingspeciosa.eu\\\/\",\"name\":\"King Speciosa\",\"description\":\"King of the jungle \ud83c\udf34\",\"publisher\":{\"@id\":\"https:\\\/\\\/kingspeciosa.eu\\\/#organization\"},\"potentialAction\":[{\"@type\":\"SearchAction\",\"target\":{\"@type\":\"EntryPoint\",\"urlTemplate\":\"https:\\\/\\\/kingspeciosa.eu\\\/?s={search_term_string}\"},\"query-input\":{\"@type\":\"PropertyValueSpecification\",\"valueRequired\":true,\"valueName\":\"search_term_string\"}}],\"inLanguage\":\"hu\"},{\"@type\":\"Organization\",\"@id\":\"https:\\\/\\\/kingspeciosa.eu\\\/#organization\",\"name\":\"King Speciosa\",\"url\":\"https:\\\/\\\/kingspeciosa.eu\\\/\",\"logo\":{\"@type\":\"ImageObject\",\"inLanguage\":\"hu\",\"@id\":\"https:\\\/\\\/kingspeciosa.eu\\\/#\\\/schema\\\/logo\\\/image\\\/\",\"url\":\"http:\\\/\\\/kingspeciosa.eu\\\/wp-content\\\/uploads\\\/2024\\\/12\\\/KingSpeciosa-logo.png\",\"contentUrl\":\"http:\\\/\\\/kingspeciosa.eu\\\/wp-content\\\/uploads\\\/2024\\\/12\\\/KingSpeciosa-logo.png\",\"width\":1000,\"height\":1000,\"caption\":\"King Speciosa\"},\"image\":{\"@id\":\"https:\\\/\\\/kingspeciosa.eu\\\/#\\\/schema\\\/logo\\\/image\\\/\"}}]}<\/script>\n<!-- \/ Yoast SEO plugin. -->","yoast_head_json":{"title":"Red Borne\u00f3 | Premium Kratom in EU at King Speciosa","description":"Buy Red Borne\u00f3 at King Speciosa. This premium Kratom is sourced from Borneo and lab-tested for quality. Available across EU with fast delivery.","robots":{"index":"index","follow":"follow","max-snippet":"max-snippet:-1","max-image-preview":"max-image-preview:large","max-video-preview":"max-video-preview:-1"},"canonical":"https:\/\/kingspeciosa.eu\/termek\/red-borneo\/","og_locale":"hu_HU","og_type":"article","og_title":"Red Borne\u00f3 | Premium Kratom in EU at King Speciosa","og_description":"Buy Red Borne\u00f3 at King Speciosa. This premium Kratom is sourced from Borneo and lab-tested for quality. Available across EU with fast delivery.","og_url":"https:\/\/kingspeciosa.eu\/termek\/red-borneo\/","og_site_name":"King Speciosa","article_modified_time":"2025-02-01T18:52:22+00:00","og_image":[{"width":800,"height":800,"url":"https:\/\/kingspeciosa.eu\/wp-content\/uploads\/2024\/12\/Red-Borneo.png","type":"image\/png"}],"twitter_card":"summary_large_image","twitter_misc":{"Becs\u00fclt olvas\u00e1si id\u0151":"1 perc"},"schema":{"@context":"https:\/\/schema.org","@graph":[{"@type":"WebPage","@id":"https:\/\/kingspeciosa.eu\/termek\/red-borneo\/","url":"https:\/\/kingspeciosa.eu\/termek\/red-borneo\/","name":"Red Borne\u00f3 | Premium Kratom in EU at King Speciosa","isPartOf":{"@id":"https:\/\/kingspeciosa.eu\/#website"},"primaryImageOfPage":{"@id":"https:\/\/kingspeciosa.eu\/termek\/red-borneo\/#primaryimage"},"image":{"@id":"https:\/\/kingspeciosa.eu\/termek\/red-borneo\/#primaryimage"},"thumbnailUrl":"https:\/\/kingspeciosa.eu\/wp-content\/uploads\/2024\/12\/Red-Borneo.png","datePublished":"2024-12-01T18:51:42+00:00","dateModified":"2025-02-01T18:52:22+00:00","description":"Buy Red Borne\u00f3 at King Speciosa. This premium Kratom is sourced from Borneo and lab-tested for quality. Available across EU with fast delivery.","breadcrumb":{"@id":"https:\/\/kingspeciosa.eu\/termek\/red-borneo\/#breadcrumb"},"inLanguage":"hu","potentialAction":[{"@type":"ReadAction","target":["https:\/\/kingspeciosa.eu\/termek\/red-borneo\/"]}]},{"@type":"ImageObject","inLanguage":"hu","@id":"https:\/\/kingspeciosa.eu\/termek\/red-borneo\/#primaryimage","url":"https:\/\/kingspeciosa.eu\/wp-content\/uploads\/2024\/12\/Red-Borneo.png","contentUrl":"https:\/\/kingspeciosa.eu\/wp-content\/uploads\/2024\/12\/Red-Borneo.png","width":800,"height":800},{"@type":"BreadcrumbList","@id":"https:\/\/kingspeciosa.eu\/termek\/red-borneo\/#breadcrumb","itemListElement":[{"@type":"ListItem","position":1,"name":"Home","item":"https:\/\/kingspeciosa.eu\/hu\/honlap\/"},{"@type":"ListItem","position":2,"name":"V\u00e1s\u00e1roljon","item":"https:\/\/kingspeciosa.eu\/hu\/vasaroljon\/"},{"@type":"ListItem","position":3,"name":"Red Borne\u00f3"}]},{"@type":"WebSite","@id":"https:\/\/kingspeciosa.eu\/#website","url":"https:\/\/kingspeciosa.eu\/","name":"King Speciosa","description":"King of the jungle \ud83c\udf34","publisher":{"@id":"https:\/\/kingspeciosa.eu\/#organization"},"potentialAction":[{"@type":"SearchAction","target":{"@type":"EntryPoint","urlTemplate":"https:\/\/kingspeciosa.eu\/?s={search_term_string}"},"query-input":{"@type":"PropertyValueSpecification","valueRequired":true,"valueName":"search_term_string"}}],"inLanguage":"hu"},{"@type":"Organization","@id":"https:\/\/kingspeciosa.eu\/#organization","name":"King Speciosa","url":"https:\/\/kingspeciosa.eu\/","logo":{"@type":"ImageObject","inLanguage":"hu","@id":"https:\/\/kingspeciosa.eu\/#\/schema\/logo\/image\/","url":"http:\/\/kingspeciosa.eu\/wp-content\/uploads\/2024\/12\/KingSpeciosa-logo.png","contentUrl":"http:\/\/kingspeciosa.eu\/wp-content\/uploads\/2024\/12\/KingSpeciosa-logo.png","width":1000,"height":1000,"caption":"King Speciosa"},"image":{"@id":"https:\/\/kingspeciosa.eu\/#\/schema\/logo\/image\/"}}]}},"_links":{"self":[{"href":"https:\/\/kingspeciosa.eu\/hu\/wp-json\/wp\/v2\/product\/1275","targetHints":{"allow":["GET"]}}],"collection":[{"href":"https:\/\/kingspeciosa.eu\/hu\/wp-json\/wp\/v2\/product"}],"about":[{"href":"https:\/\/kingspeciosa.eu\/hu\/wp-json\/wp\/v2\/types\/product"}],"replies":[{"embeddable":true,"href":"https:\/\/kingspeciosa.eu\/hu\/wp-json\/wp\/v2\/comments?post=1275"}],"wp:featuredmedia":[{"embeddable":true,"href":"https:\/\/kingspeciosa.eu\/hu\/wp-json\/wp\/v2\/media\/1842"}],"wp:attachment":[{"href":"https:\/\/kingspeciosa.eu\/hu\/wp-json\/wp\/v2\/media?parent=1275"}],"wp:term":[{"taxonomy":"product_brand","embeddable":true,"href":"https:\/\/kingspeciosa.eu\/hu\/wp-json\/wp\/v2\/product_brand?post=1275"},{"taxonomy":"product_cat","embeddable":true,"href":"https:\/\/kingspeciosa.eu\/hu\/wp-json\/wp\/v2\/product_cat?post=1275"},{"taxonomy":"product_tag","embeddable":true,"href":"https:\/\/kingspeciosa.eu\/hu\/wp-json\/wp\/v2\/product_tag?post=1275"}],"curies":[{"name":"wp","href":"https:\/\/api.w.org\/{rel}","templated":true}]}}