{"id":1382,"date":"2024-12-01T19:21:01","date_gmt":"2024-12-01T19:21:01","guid":{"rendered":"https:\/\/kingspeciosa.eu\/product\/zold-bali\/"},"modified":"2025-01-29T11:08:56","modified_gmt":"2025-01-29T11:08:56","slug":"zold-bali","status":"publish","type":"product","link":"https:\/\/kingspeciosa.eu\/hu\/termek\/zold-bali\/","title":{"rendered":"Green Bali"},"content":{"rendered":"<h2>Green Bali: Bali Bali: Egy klasszikus t\u00f6rzs<\/h2>\n<p>A Green Bali egy id\u0151tlen Kratom t\u00f6rzs, amelyet Borne\u00f3 buja \u00e9s term\u00e9keny vid\u00e9kein termesztenek. Az \u00e9l\u00e9nk z\u00f6ld sz\u00edn\u00e9r\u0151l \u00e9s \u00e1lland\u00f3 min\u0151s\u00e9g\u00e9r\u0151l h\u00edres Green Bali a hagyom\u00e1ny \u00e9s a k\u00e9zm\u0171vess\u00e9g t\u00f6k\u00e9letes egyens\u00faly\u00e1t k\u00e9pviseli. Ez a klasszikus t\u00f6rzs vil\u00e1gszerte a Kratom v\u00e1laszt\u00e9k egyik sarokk\u00f6ve, amelyet a rajong\u00f3k megb\u00edzhat\u00f3s\u00e1ga \u00e9s pr\u00e9mium tulajdons\u00e1gai miatt \u00e9rt\u00e9kelnek.  <\/p>\n<h3>Borne\u00f3 term\u00e9keny talaj\u00e1r\u00f3l sz\u00fcretelve<\/h3>\n<p>Ez a t\u00f6rzs Borne\u00f3 t\u00e1panyagokban gazdag talaj\u00e1r\u00f3l sz\u00e1rmazik, ahol a tr\u00f3pusi k\u00f6r\u00fclm\u00e9nyek t\u00f6k\u00e9letes k\u00f6rnyezetet teremtenek a Kratom f\u00e1k sz\u00e1m\u00e1ra a vir\u00e1gz\u00e1shoz. Az \u00e9rett f\u00e1kat gondosan sz\u00fcretelik, hogy a legmagasabb min\u0151s\u00e9g\u0171 leveleket v\u00e1lassz\u00e1k ki a feldolgoz\u00e1shoz. <\/p>\n<h3>\u00c9l\u00e9nk \u00e9s friss megjelen\u00e9s<\/h3>\n<p>A Green Bali leveleinek \u00e9l\u00e9nk z\u00f6ld sz\u00edne a frissess\u00e9g\u00fckr\u0151l \u00e9s a gondos termeszt\u00e9sr\u0151l tan\u00faskodik. A hagyom\u00e1nyos feldolgoz\u00e1si technik\u00e1k meg\u0151rzik a levelek term\u00e9szetes tulajdons\u00e1gait, \u00e9s minden egyes t\u00e9telben egyenletes \u00e9s sima text\u00far\u00e1t biztos\u00edtanak. <\/p>\n<h3>Megb\u00edzhat\u00f3 v\u00e1laszt\u00e1s vil\u00e1gszerte<\/h3>\n<p>Ez a term\u00e9k megb\u00edzhat\u00f3 \u00e9s pr\u00e9mium min\u0151s\u00e9g\u0171 t\u00f6rzs h\u00edrnev\u00e9t \u00e9rdemelte ki. Sz\u00e9lesk\u00f6r\u0171 n\u00e9pszer\u0171s\u00e9ge k\u00f6vetkezetes min\u0151s\u00e9g\u00e9t t\u00fckr\u00f6zi, ami a Kratom rajong\u00f3k sz\u00e1m\u00e1ra vil\u00e1gszerte alapvet\u0151 fontoss\u00e1g\u00fav\u00e1 teszi. <\/p>\n","protected":false},"excerpt":{"rendered":"<p>A <strong>Green Bali<\/strong> egy klasszikus t\u00f6rzs, amely Borne\u00f3 buja t\u00e1jair\u00f3l sz\u00e1rmazik. \u00c9l\u00e9nk z\u00f6ld sz\u00edn\u00e9r\u0151l \u00e9s pr\u00e9mium min\u0151s\u00e9g\u00e9r\u0151l ismert, megb\u00edzhat\u00f3 v\u00e1laszt\u00e1s a Kratom rajong\u00f3k sz\u00e1m\u00e1ra vil\u00e1gszerte. <\/p>\n","protected":false},"featured_media":1812,"comment_status":"open","ping_status":"closed","template":"","meta":[],"product_brand":[],"product_cat":[57,71],"product_tag":[],"class_list":{"0":"post-1382","1":"product","2":"type-product","3":"status-publish","4":"has-post-thumbnail","6":"product_cat-kratom-hu","7":"product_cat-zold-kratom","9":"first","10":"instock","11":"taxable","12":"shipping-taxable","13":"purchasable","14":"product-type-variable","15":"has-default-attributes"},"yoast_head":"<!-- This site is optimized with the Yoast SEO plugin v27.5 - https:\/\/yoast.com\/product\/yoast-seo-wordpress\/ -->\n<title>Green Bali | Premium Kratom in EU at King Speciosa<\/title>\n<meta name=\"description\" content=\"Buy Green Bali at King Speciosa. This premium Kratom is sourced from Borneo and lab-tested for quality. Available across EU with fast delivery.\" \/>\n<meta name=\"robots\" content=\"index, follow, max-snippet:-1, max-image-preview:large, max-video-preview:-1\" \/>\n<link rel=\"canonical\" href=\"https:\/\/kingspeciosa.eu\/termek\/green-bali\/\" \/>\n<meta property=\"og:locale\" content=\"hu_HU\" \/>\n<meta property=\"og:type\" content=\"article\" \/>\n<meta property=\"og:title\" content=\"Green Bali | Premium Kratom in EU at King Speciosa\" \/>\n<meta property=\"og:description\" content=\"Buy Green Bali at King Speciosa. This premium Kratom is sourced from Borneo and lab-tested for quality. Available across EU with fast delivery.\" \/>\n<meta property=\"og:url\" content=\"https:\/\/kingspeciosa.eu\/termek\/green-bali\/\" \/>\n<meta property=\"og:site_name\" content=\"King Speciosa\" \/>\n<meta property=\"article:modified_time\" content=\"2025-01-29T11:08:56+00:00\" \/>\n<meta property=\"og:image\" content=\"https:\/\/kingspeciosa.eu\/wp-content\/uploads\/2024\/12\/Green-Bali.png\" \/>\n\t<meta property=\"og:image:width\" content=\"800\" \/>\n\t<meta property=\"og:image:height\" content=\"800\" \/>\n\t<meta property=\"og:image:type\" content=\"image\/png\" \/>\n<meta name=\"twitter:card\" content=\"summary_large_image\" \/>\n<meta name=\"twitter:label1\" content=\"Becs\u00fclt olvas\u00e1si id\u0151\" \/>\n\t<meta name=\"twitter:data1\" content=\"1 perc\" \/>\n<script type=\"application\/ld+json\" class=\"yoast-schema-graph\">{\"@context\":\"https:\\\/\\\/schema.org\",\"@graph\":[{\"@type\":\"WebPage\",\"@id\":\"https:\\\/\\\/kingspeciosa.eu\\\/termek\\\/green-bali\\\/\",\"url\":\"https:\\\/\\\/kingspeciosa.eu\\\/termek\\\/green-bali\\\/\",\"name\":\"Green Bali | Premium Kratom in EU at King Speciosa\",\"isPartOf\":{\"@id\":\"https:\\\/\\\/kingspeciosa.eu\\\/#website\"},\"primaryImageOfPage\":{\"@id\":\"https:\\\/\\\/kingspeciosa.eu\\\/termek\\\/green-bali\\\/#primaryimage\"},\"image\":{\"@id\":\"https:\\\/\\\/kingspeciosa.eu\\\/termek\\\/green-bali\\\/#primaryimage\"},\"thumbnailUrl\":\"https:\\\/\\\/kingspeciosa.eu\\\/wp-content\\\/uploads\\\/2024\\\/12\\\/Green-Bali.png\",\"datePublished\":\"2024-12-01T19:21:01+00:00\",\"dateModified\":\"2025-01-29T11:08:56+00:00\",\"description\":\"Buy Green Bali at King Speciosa. This premium Kratom is sourced from Borneo and lab-tested for quality. Available across EU with fast delivery.\",\"breadcrumb\":{\"@id\":\"https:\\\/\\\/kingspeciosa.eu\\\/termek\\\/green-bali\\\/#breadcrumb\"},\"inLanguage\":\"hu\",\"potentialAction\":[{\"@type\":\"ReadAction\",\"target\":[\"https:\\\/\\\/kingspeciosa.eu\\\/termek\\\/green-bali\\\/\"]}]},{\"@type\":\"ImageObject\",\"inLanguage\":\"hu\",\"@id\":\"https:\\\/\\\/kingspeciosa.eu\\\/termek\\\/green-bali\\\/#primaryimage\",\"url\":\"https:\\\/\\\/kingspeciosa.eu\\\/wp-content\\\/uploads\\\/2024\\\/12\\\/Green-Bali.png\",\"contentUrl\":\"https:\\\/\\\/kingspeciosa.eu\\\/wp-content\\\/uploads\\\/2024\\\/12\\\/Green-Bali.png\",\"width\":800,\"height\":800},{\"@type\":\"BreadcrumbList\",\"@id\":\"https:\\\/\\\/kingspeciosa.eu\\\/termek\\\/green-bali\\\/#breadcrumb\",\"itemListElement\":[{\"@type\":\"ListItem\",\"position\":1,\"name\":\"Home\",\"item\":\"https:\\\/\\\/kingspeciosa.eu\\\/hu\\\/honlap\\\/\"},{\"@type\":\"ListItem\",\"position\":2,\"name\":\"V\u00e1s\u00e1roljon\",\"item\":\"https:\\\/\\\/kingspeciosa.eu\\\/hu\\\/vasaroljon\\\/\"},{\"@type\":\"ListItem\",\"position\":3,\"name\":\"Green Bali\"}]},{\"@type\":\"WebSite\",\"@id\":\"https:\\\/\\\/kingspeciosa.eu\\\/#website\",\"url\":\"https:\\\/\\\/kingspeciosa.eu\\\/\",\"name\":\"King Speciosa\",\"description\":\"King of the jungle \ud83c\udf34\",\"publisher\":{\"@id\":\"https:\\\/\\\/kingspeciosa.eu\\\/#organization\"},\"potentialAction\":[{\"@type\":\"SearchAction\",\"target\":{\"@type\":\"EntryPoint\",\"urlTemplate\":\"https:\\\/\\\/kingspeciosa.eu\\\/?s={search_term_string}\"},\"query-input\":{\"@type\":\"PropertyValueSpecification\",\"valueRequired\":true,\"valueName\":\"search_term_string\"}}],\"inLanguage\":\"hu\"},{\"@type\":\"Organization\",\"@id\":\"https:\\\/\\\/kingspeciosa.eu\\\/#organization\",\"name\":\"King Speciosa\",\"url\":\"https:\\\/\\\/kingspeciosa.eu\\\/\",\"logo\":{\"@type\":\"ImageObject\",\"inLanguage\":\"hu\",\"@id\":\"https:\\\/\\\/kingspeciosa.eu\\\/#\\\/schema\\\/logo\\\/image\\\/\",\"url\":\"http:\\\/\\\/kingspeciosa.eu\\\/wp-content\\\/uploads\\\/2024\\\/12\\\/KingSpeciosa-logo.png\",\"contentUrl\":\"http:\\\/\\\/kingspeciosa.eu\\\/wp-content\\\/uploads\\\/2024\\\/12\\\/KingSpeciosa-logo.png\",\"width\":1000,\"height\":1000,\"caption\":\"King Speciosa\"},\"image\":{\"@id\":\"https:\\\/\\\/kingspeciosa.eu\\\/#\\\/schema\\\/logo\\\/image\\\/\"}}]}<\/script>\n<!-- \/ Yoast SEO plugin. -->","yoast_head_json":{"title":"Green Bali | Premium Kratom in EU at King Speciosa","description":"Buy Green Bali at King Speciosa. This premium Kratom is sourced from Borneo and lab-tested for quality. Available across EU with fast delivery.","robots":{"index":"index","follow":"follow","max-snippet":"max-snippet:-1","max-image-preview":"max-image-preview:large","max-video-preview":"max-video-preview:-1"},"canonical":"https:\/\/kingspeciosa.eu\/termek\/green-bali\/","og_locale":"hu_HU","og_type":"article","og_title":"Green Bali | Premium Kratom in EU at King Speciosa","og_description":"Buy Green Bali at King Speciosa. This premium Kratom is sourced from Borneo and lab-tested for quality. Available across EU with fast delivery.","og_url":"https:\/\/kingspeciosa.eu\/termek\/green-bali\/","og_site_name":"King Speciosa","article_modified_time":"2025-01-29T11:08:56+00:00","og_image":[{"width":800,"height":800,"url":"https:\/\/kingspeciosa.eu\/wp-content\/uploads\/2024\/12\/Green-Bali.png","type":"image\/png"}],"twitter_card":"summary_large_image","twitter_misc":{"Becs\u00fclt olvas\u00e1si id\u0151":"1 perc"},"schema":{"@context":"https:\/\/schema.org","@graph":[{"@type":"WebPage","@id":"https:\/\/kingspeciosa.eu\/termek\/green-bali\/","url":"https:\/\/kingspeciosa.eu\/termek\/green-bali\/","name":"Green Bali | Premium Kratom in EU at King Speciosa","isPartOf":{"@id":"https:\/\/kingspeciosa.eu\/#website"},"primaryImageOfPage":{"@id":"https:\/\/kingspeciosa.eu\/termek\/green-bali\/#primaryimage"},"image":{"@id":"https:\/\/kingspeciosa.eu\/termek\/green-bali\/#primaryimage"},"thumbnailUrl":"https:\/\/kingspeciosa.eu\/wp-content\/uploads\/2024\/12\/Green-Bali.png","datePublished":"2024-12-01T19:21:01+00:00","dateModified":"2025-01-29T11:08:56+00:00","description":"Buy Green Bali at King Speciosa. This premium Kratom is sourced from Borneo and lab-tested for quality. Available across EU with fast delivery.","breadcrumb":{"@id":"https:\/\/kingspeciosa.eu\/termek\/green-bali\/#breadcrumb"},"inLanguage":"hu","potentialAction":[{"@type":"ReadAction","target":["https:\/\/kingspeciosa.eu\/termek\/green-bali\/"]}]},{"@type":"ImageObject","inLanguage":"hu","@id":"https:\/\/kingspeciosa.eu\/termek\/green-bali\/#primaryimage","url":"https:\/\/kingspeciosa.eu\/wp-content\/uploads\/2024\/12\/Green-Bali.png","contentUrl":"https:\/\/kingspeciosa.eu\/wp-content\/uploads\/2024\/12\/Green-Bali.png","width":800,"height":800},{"@type":"BreadcrumbList","@id":"https:\/\/kingspeciosa.eu\/termek\/green-bali\/#breadcrumb","itemListElement":[{"@type":"ListItem","position":1,"name":"Home","item":"https:\/\/kingspeciosa.eu\/hu\/honlap\/"},{"@type":"ListItem","position":2,"name":"V\u00e1s\u00e1roljon","item":"https:\/\/kingspeciosa.eu\/hu\/vasaroljon\/"},{"@type":"ListItem","position":3,"name":"Green Bali"}]},{"@type":"WebSite","@id":"https:\/\/kingspeciosa.eu\/#website","url":"https:\/\/kingspeciosa.eu\/","name":"King Speciosa","description":"King of the jungle \ud83c\udf34","publisher":{"@id":"https:\/\/kingspeciosa.eu\/#organization"},"potentialAction":[{"@type":"SearchAction","target":{"@type":"EntryPoint","urlTemplate":"https:\/\/kingspeciosa.eu\/?s={search_term_string}"},"query-input":{"@type":"PropertyValueSpecification","valueRequired":true,"valueName":"search_term_string"}}],"inLanguage":"hu"},{"@type":"Organization","@id":"https:\/\/kingspeciosa.eu\/#organization","name":"King Speciosa","url":"https:\/\/kingspeciosa.eu\/","logo":{"@type":"ImageObject","inLanguage":"hu","@id":"https:\/\/kingspeciosa.eu\/#\/schema\/logo\/image\/","url":"http:\/\/kingspeciosa.eu\/wp-content\/uploads\/2024\/12\/KingSpeciosa-logo.png","contentUrl":"http:\/\/kingspeciosa.eu\/wp-content\/uploads\/2024\/12\/KingSpeciosa-logo.png","width":1000,"height":1000,"caption":"King Speciosa"},"image":{"@id":"https:\/\/kingspeciosa.eu\/#\/schema\/logo\/image\/"}}]}},"_links":{"self":[{"href":"https:\/\/kingspeciosa.eu\/hu\/wp-json\/wp\/v2\/product\/1382","targetHints":{"allow":["GET"]}}],"collection":[{"href":"https:\/\/kingspeciosa.eu\/hu\/wp-json\/wp\/v2\/product"}],"about":[{"href":"https:\/\/kingspeciosa.eu\/hu\/wp-json\/wp\/v2\/types\/product"}],"replies":[{"embeddable":true,"href":"https:\/\/kingspeciosa.eu\/hu\/wp-json\/wp\/v2\/comments?post=1382"}],"wp:featuredmedia":[{"embeddable":true,"href":"https:\/\/kingspeciosa.eu\/hu\/wp-json\/wp\/v2\/media\/1812"}],"wp:attachment":[{"href":"https:\/\/kingspeciosa.eu\/hu\/wp-json\/wp\/v2\/media?parent=1382"}],"wp:term":[{"taxonomy":"product_brand","embeddable":true,"href":"https:\/\/kingspeciosa.eu\/hu\/wp-json\/wp\/v2\/product_brand?post=1382"},{"taxonomy":"product_cat","embeddable":true,"href":"https:\/\/kingspeciosa.eu\/hu\/wp-json\/wp\/v2\/product_cat?post=1382"},{"taxonomy":"product_tag","embeddable":true,"href":"https:\/\/kingspeciosa.eu\/hu\/wp-json\/wp\/v2\/product_tag?post=1382"}],"curies":[{"name":"wp","href":"https:\/\/api.w.org\/{rel}","templated":true}]}}