{"id":1454,"date":"2024-12-01T19:25:06","date_gmt":"2024-12-01T19:25:06","guid":{"rendered":"https:\/\/kingspeciosa.eu\/product\/feher-bali\/"},"modified":"2025-01-29T10:59:06","modified_gmt":"2025-01-29T10:59:06","slug":"feher-bali","status":"publish","type":"product","link":"https:\/\/kingspeciosa.eu\/hu\/termek\/feher-bali\/","title":{"rendered":"White Bali"},"content":{"rendered":"<h2>White Bali: Bali Bali: F\u00e9nyes \u00e9s pr\u00e9mium fajta<\/h2>\n<p>A White Bali egy kiv\u00e1l\u00f3 Kratom t\u00f6rzs, amely Borne\u00f3 term\u00e9keny talaj\u00e1b\u00f3l sz\u00e1rmazik, egy tr\u00f3pusi paradicsomb\u00f3l, amely gazdag biodiverzit\u00e1s\u00e1r\u00f3l ismert. A f\u00e9nyes sz\u00edn\u00e9r\u0151l \u00e9s egyenletes min\u0151s\u00e9g\u00e9r\u0151l h\u00edres White Bali megb\u00edzhat\u00f3 v\u00e1laszt\u00e1ss\u00e1 v\u00e1lt a Kratom rajong\u00f3k k\u00f6r\u00e9ben, akik pr\u00e9mium term\u00e9ket keresnek egy kis trad\u00edci\u00f3val. <\/p>\n<h3>Borne\u00f3 term\u00e9keny f\u00f6ldjeir\u0151l sz\u00fcretelve<\/h3>\n<p>A White Bali Borne\u00f3 t\u00e1panyagban gazdag talaj\u00e1n termesztik, ahol ide\u00e1lis tr\u00f3pusi k\u00f6r\u00fclm\u00e9nyek k\u00f6z\u00f6tt vir\u00e1gozhatnak a Kratom f\u00e1k. A leveleket \u00e9rett f\u00e1kr\u00f3l szedik le, biztos\u00edtva, hogy csak a legjobb min\u0151s\u00e9g\u0171 lombozatot v\u00e1lasztj\u00e1k ki a feldolgoz\u00e1shoz. <\/p>\n<h3>F\u00e9nyes \u00e9s makul\u00e1tlan megjelen\u00e9s<\/h3>\n<p>A White Bali levelek \u00e9l\u00e9nk, vil\u00e1gos erezete t\u00fckr\u00f6zi kiv\u00e9teles min\u0151s\u00e9g\u00fcket \u00e9s frissess\u00e9g\u00fcket. Term\u00e9szetes tulajdons\u00e1gaik meg\u0151rz\u00e9se \u00e9rdek\u00e9ben hagyom\u00e1nyos betakar\u00edt\u00e1si \u00e9s feldolgoz\u00e1si m\u00f3dszereket alkalmaznak, amelyek finom \u00e9s sima v\u00e9gterm\u00e9ket eredm\u00e9nyeznek. <\/p>\n<h3>Megb\u00edzhat\u00f3 \u00e9s n\u00e9pszer\u0171 t\u00f6rzs<\/h3>\n<p>Ezt a term\u00e9ket egyenletes min\u0151s\u00e9g\u00e9\u00e9rt \u00fcnneplik, \u00e9s vil\u00e1gszerte a Kratom-rajong\u00f3k k\u00f6r\u00e9ben a Kratom t\u00f6rzsek\u00e9nt \u00e9rdemelte ki a hely\u00e9t. Egyed\u00fcl\u00e1ll\u00f3 tulajdons\u00e1gai \u00e9s pr\u00e9mium beszerz\u00e9se miatt b\u00e1rmely gy\u0171jtem\u00e9nyben kiemelked\u0151 helyet foglal el. <\/p>\n","protected":false},"excerpt":{"rendered":"<p>A <strong>White Bali<\/strong> egy kifinomult t\u00f6rzs, amely Bali term\u00e9keny f\u00f6ldj\u00e9r\u0151l sz\u00e1rmazik. Vil\u00e1gos sz\u00edn\u00e9r\u0151l \u00e9s pr\u00e9mium min\u0151s\u00e9g\u00e9r\u0151l ismert, \u00e9s vil\u00e1gszerte a Kratom rajong\u00f3k egyik legfontosabb v\u00e1laszt\u00e1sa. <\/p>\n","protected":false},"featured_media":1867,"comment_status":"open","ping_status":"closed","template":"","meta":[],"product_brand":[],"product_cat":[73,57],"product_tag":[],"class_list":{"0":"post-1454","1":"product","2":"type-product","3":"status-publish","4":"has-post-thumbnail","6":"product_cat-feher-kratom","7":"product_cat-kratom-hu","9":"first","10":"instock","11":"taxable","12":"shipping-taxable","13":"purchasable","14":"product-type-variable","15":"has-default-attributes"},"yoast_head":"<!-- This site is optimized with the Yoast SEO plugin v27.6 - https:\/\/yoast.com\/product\/yoast-seo-wordpress\/ -->\n<title>White Bali | Premium Kratom in EU at King Speciosa<\/title>\n<meta name=\"description\" content=\"Buy White Bali at King Speciosa. This premium Kratom is sourced from Borneo and lab-tested for quality. Available across EU with fast delivery.\" \/>\n<meta name=\"robots\" content=\"index, follow, max-snippet:-1, max-image-preview:large, max-video-preview:-1\" \/>\n<link rel=\"canonical\" href=\"https:\/\/kingspeciosa.eu\/termek\/white-bali\/\" \/>\n<meta property=\"og:locale\" content=\"hu_HU\" \/>\n<meta property=\"og:type\" content=\"article\" \/>\n<meta property=\"og:title\" content=\"White Bali | Premium Kratom in EU at King Speciosa\" \/>\n<meta property=\"og:description\" content=\"Buy White Bali at King Speciosa. This premium Kratom is sourced from Borneo and lab-tested for quality. Available across EU with fast delivery.\" \/>\n<meta property=\"og:url\" content=\"https:\/\/kingspeciosa.eu\/termek\/white-bali\/\" \/>\n<meta property=\"og:site_name\" content=\"King Speciosa\" \/>\n<meta property=\"article:modified_time\" content=\"2025-01-29T10:59:06+00:00\" \/>\n<meta property=\"og:image\" content=\"https:\/\/kingspeciosa.eu\/wp-content\/uploads\/2024\/12\/White-Bali.png\" \/>\n\t<meta property=\"og:image:width\" content=\"800\" \/>\n\t<meta property=\"og:image:height\" content=\"800\" \/>\n\t<meta property=\"og:image:type\" content=\"image\/png\" \/>\n<meta name=\"twitter:card\" content=\"summary_large_image\" \/>\n<meta name=\"twitter:label1\" content=\"Becs\u00fclt olvas\u00e1si id\u0151\" \/>\n\t<meta name=\"twitter:data1\" content=\"1 perc\" \/>\n<script type=\"application\/ld+json\" class=\"yoast-schema-graph\">{\"@context\":\"https:\\\/\\\/schema.org\",\"@graph\":[{\"@type\":\"WebPage\",\"@id\":\"https:\\\/\\\/kingspeciosa.eu\\\/termek\\\/white-bali\\\/\",\"url\":\"https:\\\/\\\/kingspeciosa.eu\\\/termek\\\/white-bali\\\/\",\"name\":\"White Bali | Premium Kratom in EU at King Speciosa\",\"isPartOf\":{\"@id\":\"https:\\\/\\\/kingspeciosa.eu\\\/#website\"},\"primaryImageOfPage\":{\"@id\":\"https:\\\/\\\/kingspeciosa.eu\\\/termek\\\/white-bali\\\/#primaryimage\"},\"image\":{\"@id\":\"https:\\\/\\\/kingspeciosa.eu\\\/termek\\\/white-bali\\\/#primaryimage\"},\"thumbnailUrl\":\"https:\\\/\\\/kingspeciosa.eu\\\/wp-content\\\/uploads\\\/2024\\\/12\\\/White-Bali.png\",\"datePublished\":\"2024-12-01T19:25:06+00:00\",\"dateModified\":\"2025-01-29T10:59:06+00:00\",\"description\":\"Buy White Bali at King Speciosa. This premium Kratom is sourced from Borneo and lab-tested for quality. Available across EU with fast delivery.\",\"breadcrumb\":{\"@id\":\"https:\\\/\\\/kingspeciosa.eu\\\/termek\\\/white-bali\\\/#breadcrumb\"},\"inLanguage\":\"hu\",\"potentialAction\":[{\"@type\":\"ReadAction\",\"target\":[\"https:\\\/\\\/kingspeciosa.eu\\\/termek\\\/white-bali\\\/\"]}]},{\"@type\":\"ImageObject\",\"inLanguage\":\"hu\",\"@id\":\"https:\\\/\\\/kingspeciosa.eu\\\/termek\\\/white-bali\\\/#primaryimage\",\"url\":\"https:\\\/\\\/kingspeciosa.eu\\\/wp-content\\\/uploads\\\/2024\\\/12\\\/White-Bali.png\",\"contentUrl\":\"https:\\\/\\\/kingspeciosa.eu\\\/wp-content\\\/uploads\\\/2024\\\/12\\\/White-Bali.png\",\"width\":800,\"height\":800},{\"@type\":\"BreadcrumbList\",\"@id\":\"https:\\\/\\\/kingspeciosa.eu\\\/termek\\\/white-bali\\\/#breadcrumb\",\"itemListElement\":[{\"@type\":\"ListItem\",\"position\":1,\"name\":\"Home\",\"item\":\"https:\\\/\\\/kingspeciosa.eu\\\/hu\\\/honlap\\\/\"},{\"@type\":\"ListItem\",\"position\":2,\"name\":\"V\u00e1s\u00e1roljon\",\"item\":\"https:\\\/\\\/kingspeciosa.eu\\\/hu\\\/vasaroljon\\\/\"},{\"@type\":\"ListItem\",\"position\":3,\"name\":\"White Bali\"}]},{\"@type\":\"WebSite\",\"@id\":\"https:\\\/\\\/kingspeciosa.eu\\\/#website\",\"url\":\"https:\\\/\\\/kingspeciosa.eu\\\/\",\"name\":\"King Speciosa\",\"description\":\"King of the jungle \ud83c\udf34\",\"publisher\":{\"@id\":\"https:\\\/\\\/kingspeciosa.eu\\\/#organization\"},\"potentialAction\":[{\"@type\":\"SearchAction\",\"target\":{\"@type\":\"EntryPoint\",\"urlTemplate\":\"https:\\\/\\\/kingspeciosa.eu\\\/?s={search_term_string}\"},\"query-input\":{\"@type\":\"PropertyValueSpecification\",\"valueRequired\":true,\"valueName\":\"search_term_string\"}}],\"inLanguage\":\"hu\"},{\"@type\":\"Organization\",\"@id\":\"https:\\\/\\\/kingspeciosa.eu\\\/#organization\",\"name\":\"King Speciosa\",\"url\":\"https:\\\/\\\/kingspeciosa.eu\\\/\",\"logo\":{\"@type\":\"ImageObject\",\"inLanguage\":\"hu\",\"@id\":\"https:\\\/\\\/kingspeciosa.eu\\\/#\\\/schema\\\/logo\\\/image\\\/\",\"url\":\"http:\\\/\\\/kingspeciosa.eu\\\/wp-content\\\/uploads\\\/2024\\\/12\\\/KingSpeciosa-logo.png\",\"contentUrl\":\"http:\\\/\\\/kingspeciosa.eu\\\/wp-content\\\/uploads\\\/2024\\\/12\\\/KingSpeciosa-logo.png\",\"width\":1000,\"height\":1000,\"caption\":\"King Speciosa\"},\"image\":{\"@id\":\"https:\\\/\\\/kingspeciosa.eu\\\/#\\\/schema\\\/logo\\\/image\\\/\"}}]}<\/script>\n<!-- \/ Yoast SEO plugin. -->","yoast_head_json":{"title":"White Bali | Premium Kratom in EU at King Speciosa","description":"Buy White Bali at King Speciosa. This premium Kratom is sourced from Borneo and lab-tested for quality. Available across EU with fast delivery.","robots":{"index":"index","follow":"follow","max-snippet":"max-snippet:-1","max-image-preview":"max-image-preview:large","max-video-preview":"max-video-preview:-1"},"canonical":"https:\/\/kingspeciosa.eu\/termek\/white-bali\/","og_locale":"hu_HU","og_type":"article","og_title":"White Bali | Premium Kratom in EU at King Speciosa","og_description":"Buy White Bali at King Speciosa. This premium Kratom is sourced from Borneo and lab-tested for quality. Available across EU with fast delivery.","og_url":"https:\/\/kingspeciosa.eu\/termek\/white-bali\/","og_site_name":"King Speciosa","article_modified_time":"2025-01-29T10:59:06+00:00","og_image":[{"width":800,"height":800,"url":"https:\/\/kingspeciosa.eu\/wp-content\/uploads\/2024\/12\/White-Bali.png","type":"image\/png"}],"twitter_card":"summary_large_image","twitter_misc":{"Becs\u00fclt olvas\u00e1si id\u0151":"1 perc"},"schema":{"@context":"https:\/\/schema.org","@graph":[{"@type":"WebPage","@id":"https:\/\/kingspeciosa.eu\/termek\/white-bali\/","url":"https:\/\/kingspeciosa.eu\/termek\/white-bali\/","name":"White Bali | Premium Kratom in EU at King Speciosa","isPartOf":{"@id":"https:\/\/kingspeciosa.eu\/#website"},"primaryImageOfPage":{"@id":"https:\/\/kingspeciosa.eu\/termek\/white-bali\/#primaryimage"},"image":{"@id":"https:\/\/kingspeciosa.eu\/termek\/white-bali\/#primaryimage"},"thumbnailUrl":"https:\/\/kingspeciosa.eu\/wp-content\/uploads\/2024\/12\/White-Bali.png","datePublished":"2024-12-01T19:25:06+00:00","dateModified":"2025-01-29T10:59:06+00:00","description":"Buy White Bali at King Speciosa. This premium Kratom is sourced from Borneo and lab-tested for quality. Available across EU with fast delivery.","breadcrumb":{"@id":"https:\/\/kingspeciosa.eu\/termek\/white-bali\/#breadcrumb"},"inLanguage":"hu","potentialAction":[{"@type":"ReadAction","target":["https:\/\/kingspeciosa.eu\/termek\/white-bali\/"]}]},{"@type":"ImageObject","inLanguage":"hu","@id":"https:\/\/kingspeciosa.eu\/termek\/white-bali\/#primaryimage","url":"https:\/\/kingspeciosa.eu\/wp-content\/uploads\/2024\/12\/White-Bali.png","contentUrl":"https:\/\/kingspeciosa.eu\/wp-content\/uploads\/2024\/12\/White-Bali.png","width":800,"height":800},{"@type":"BreadcrumbList","@id":"https:\/\/kingspeciosa.eu\/termek\/white-bali\/#breadcrumb","itemListElement":[{"@type":"ListItem","position":1,"name":"Home","item":"https:\/\/kingspeciosa.eu\/hu\/honlap\/"},{"@type":"ListItem","position":2,"name":"V\u00e1s\u00e1roljon","item":"https:\/\/kingspeciosa.eu\/hu\/vasaroljon\/"},{"@type":"ListItem","position":3,"name":"White Bali"}]},{"@type":"WebSite","@id":"https:\/\/kingspeciosa.eu\/#website","url":"https:\/\/kingspeciosa.eu\/","name":"King Speciosa","description":"King of the jungle \ud83c\udf34","publisher":{"@id":"https:\/\/kingspeciosa.eu\/#organization"},"potentialAction":[{"@type":"SearchAction","target":{"@type":"EntryPoint","urlTemplate":"https:\/\/kingspeciosa.eu\/?s={search_term_string}"},"query-input":{"@type":"PropertyValueSpecification","valueRequired":true,"valueName":"search_term_string"}}],"inLanguage":"hu"},{"@type":"Organization","@id":"https:\/\/kingspeciosa.eu\/#organization","name":"King Speciosa","url":"https:\/\/kingspeciosa.eu\/","logo":{"@type":"ImageObject","inLanguage":"hu","@id":"https:\/\/kingspeciosa.eu\/#\/schema\/logo\/image\/","url":"http:\/\/kingspeciosa.eu\/wp-content\/uploads\/2024\/12\/KingSpeciosa-logo.png","contentUrl":"http:\/\/kingspeciosa.eu\/wp-content\/uploads\/2024\/12\/KingSpeciosa-logo.png","width":1000,"height":1000,"caption":"King Speciosa"},"image":{"@id":"https:\/\/kingspeciosa.eu\/#\/schema\/logo\/image\/"}}]}},"_links":{"self":[{"href":"https:\/\/kingspeciosa.eu\/hu\/wp-json\/wp\/v2\/product\/1454","targetHints":{"allow":["GET"]}}],"collection":[{"href":"https:\/\/kingspeciosa.eu\/hu\/wp-json\/wp\/v2\/product"}],"about":[{"href":"https:\/\/kingspeciosa.eu\/hu\/wp-json\/wp\/v2\/types\/product"}],"replies":[{"embeddable":true,"href":"https:\/\/kingspeciosa.eu\/hu\/wp-json\/wp\/v2\/comments?post=1454"}],"wp:featuredmedia":[{"embeddable":true,"href":"https:\/\/kingspeciosa.eu\/hu\/wp-json\/wp\/v2\/media\/1867"}],"wp:attachment":[{"href":"https:\/\/kingspeciosa.eu\/hu\/wp-json\/wp\/v2\/media?parent=1454"}],"wp:term":[{"taxonomy":"product_brand","embeddable":true,"href":"https:\/\/kingspeciosa.eu\/hu\/wp-json\/wp\/v2\/product_brand?post=1454"},{"taxonomy":"product_cat","embeddable":true,"href":"https:\/\/kingspeciosa.eu\/hu\/wp-json\/wp\/v2\/product_cat?post=1454"},{"taxonomy":"product_tag","embeddable":true,"href":"https:\/\/kingspeciosa.eu\/hu\/wp-json\/wp\/v2\/product_tag?post=1454"}],"curies":[{"name":"wp","href":"https:\/\/api.w.org\/{rel}","templated":true}]}}