{"id":1544,"date":"2024-12-03T17:03:57","date_gmt":"2024-12-03T17:03:57","guid":{"rendered":"https:\/\/kingspeciosa.eu\/product\/super-maeng-da\/"},"modified":"2025-02-01T18:52:29","modified_gmt":"2025-02-01T18:52:29","slug":"super-maeng-da","status":"publish","type":"product","link":"https:\/\/kingspeciosa.eu\/hu\/termek\/super-maeng-da\/","title":{"rendered":"Super Maeng Da"},"content":{"rendered":"<h2>Super Maeng Da: Kratom t\u00f6rzsek mesteri kever\u00e9ke: A pr\u00e9mium Kratom t\u00f6rzsek mesteri kever\u00e9ke<\/h2>\n<p>A Super Maeng Da egy figyelemre m\u00e9lt\u00f3 t\u00f6rzs, amely gondosan kiv\u00e1lasztott Kratom fajt\u00e1kat kombin\u00e1l, hogy egyed\u00fcl\u00e1ll\u00f3 \u00e9s j\u00f3l lekerek\u00edtett profilt \u00e9rjen el. A D\u00e9lkelet-\u00c1zsi\u00e1b\u00f3l sz\u00e1rmaz\u00f3, \u00e9rett f\u00e1kr\u00f3l sz\u00e1rmaz\u00f3 pr\u00e9mium levelek kever\u00e9s\u00e9vel ez a t\u00f6rzs olyan jellegzetes karaktert biztos\u00edt, amely megk\u00fcl\u00f6nb\u00f6zteti a t\u00f6bbit\u0151l. A Super Maeng Da a k\u00e9zm\u0171vess\u00e9g \u00e9s a min\u0151s\u00e9g cs\u00facs\u00e1t k\u00e9pviseli a Kratom kiv\u00e1laszt\u00e1s\u00e1ban.  <\/p>\n<h3>Kiv\u00e1lasztott t\u00f6rzsek egyed\u00fcl\u00e1ll\u00f3 kever\u00e9ke<\/h3>\n<p>Az egy eredet\u0171 Kratom t\u00f6rzsekkel ellent\u00e9tben a Super Maeng Da k\u00fcl\u00f6nb\u00f6z\u0151 pr\u00e9mium t\u00f6rzsekb\u0151l sz\u00e1rmaz\u00f3, k\u00e9zzel szedett levelek kever\u00e9ke. Ez a kombin\u00e1ci\u00f3 kiegyens\u00falyozott \u00e9s izgalmas profilt hoz l\u00e9tre, amely vonz\u00f3 a v\u00e1ltozatoss\u00e1got \u00e9s innov\u00e1ci\u00f3t keres\u0151 rajong\u00f3k sz\u00e1m\u00e1ra. <\/p>\n<h3>Prec\u00edzi\u00f3san megmunk\u00e1lva<\/h3>\n<p>A felhaszn\u00e1lt leveleket gondosan sz\u00e1r\u00edtj\u00e1k \u00e9s feldolgozz\u00e1k, hogy meg\u0151rizz\u00e9k term\u00e9szetes tulajdons\u00e1gaikat. Ez az apr\u00f3l\u00e9kos el\u0151k\u00e9sz\u00edt\u00e9s biztos\u00edtja az egyenletes \u00e9s sima text\u00far\u00e1t, ami t\u00fckr\u00f6zi a min\u0151s\u00e9g ir\u00e1nti elk\u00f6telezetts\u00e9get minden egyes t\u00e9telben. <\/p>\n<h3>Pr\u00e9mium v\u00e1laszt\u00e1s a rajong\u00f3k sz\u00e1m\u00e1ra<\/h3>\n<p>Ez a term\u00e9k a Kratom-rajong\u00f3k kedvenc\u00e9v\u00e9 v\u00e1lt egyedi tulajdons\u00e1gai \u00e9s megb\u00edzhat\u00f3s\u00e1ga miatt. A pr\u00e9mium t\u00f6rzsek mesteri kever\u00e9kek\u00e9nt tov\u00e1bbra is kiemelkedik, mint egy fels\u0151 kateg\u00f3ri\u00e1s lehet\u0151s\u00e9g azok sz\u00e1m\u00e1ra, akik valami k\u00fcl\u00f6nlegeset keresnek. <\/p>\n","protected":false},"excerpt":{"rendered":"<p>A <strong>Super Maeng Da<\/strong> gondosan kiv\u00e1lasztott Kratom t\u00f6rzsek pr\u00e9mium kever\u00e9ke, amelyet \u00fagy \u00e1ll\u00edtottak \u00f6ssze, hogy egyedi \u00e9s j\u00f3l lekerek\u00edtett profilt hozzon l\u00e9tre. Kiv\u00e9teles min\u0151s\u00e9g\u00e9r\u0151l ismert, \u00e9s tov\u00e1bbra is a rajong\u00f3k els\u0151 sz\u00e1m\u00fa v\u00e1laszt\u00e1sa vil\u00e1gszerte. <\/p>\n","protected":false},"featured_media":1862,"comment_status":"open","ping_status":"closed","template":"","meta":[],"product_brand":[],"product_cat":[73,57,71],"product_tag":[],"class_list":{"0":"post-1544","1":"product","2":"type-product","3":"status-publish","4":"has-post-thumbnail","6":"product_cat-feher-kratom","7":"product_cat-kratom-hu","8":"product_cat-zold-kratom","10":"first","11":"instock","12":"taxable","13":"shipping-taxable","14":"purchasable","15":"product-type-variable","16":"has-default-attributes"},"yoast_head":"<!-- This site is optimized with the Yoast SEO plugin v27.5 - https:\/\/yoast.com\/product\/yoast-seo-wordpress\/ -->\n<title>Super Maeng Da | Premium Kratom in EU at King Speciosa<\/title>\n<meta name=\"description\" content=\"Buy Super Maeng Da at King Speciosa. This premium Kratom is sourced from Borneo and lab-tested for quality. Available across EU with fast delivery.\" \/>\n<meta name=\"robots\" content=\"index, follow, max-snippet:-1, max-image-preview:large, max-video-preview:-1\" \/>\n<link rel=\"canonical\" href=\"https:\/\/kingspeciosa.eu\/termek\/super-maeng-da\/\" \/>\n<meta property=\"og:locale\" content=\"hu_HU\" \/>\n<meta property=\"og:type\" content=\"article\" \/>\n<meta property=\"og:title\" content=\"Super Maeng Da | Premium Kratom in EU at King Speciosa\" \/>\n<meta property=\"og:description\" content=\"Buy Super Maeng Da at King Speciosa. This premium Kratom is sourced from Borneo and lab-tested for quality. Available across EU with fast delivery.\" \/>\n<meta property=\"og:url\" content=\"https:\/\/kingspeciosa.eu\/termek\/super-maeng-da\/\" \/>\n<meta property=\"og:site_name\" content=\"King Speciosa\" \/>\n<meta property=\"article:modified_time\" content=\"2025-02-01T18:52:29+00:00\" \/>\n<meta property=\"og:image\" content=\"https:\/\/kingspeciosa.eu\/wp-content\/uploads\/2024\/12\/Super-Maeng-Da.png\" \/>\n\t<meta property=\"og:image:width\" content=\"800\" \/>\n\t<meta property=\"og:image:height\" content=\"800\" \/>\n\t<meta property=\"og:image:type\" content=\"image\/png\" \/>\n<meta name=\"twitter:card\" content=\"summary_large_image\" \/>\n<meta name=\"twitter:label1\" content=\"Becs\u00fclt olvas\u00e1si id\u0151\" \/>\n\t<meta name=\"twitter:data1\" content=\"2 perc\" \/>\n<script type=\"application\/ld+json\" class=\"yoast-schema-graph\">{\"@context\":\"https:\\\/\\\/schema.org\",\"@graph\":[{\"@type\":\"WebPage\",\"@id\":\"https:\\\/\\\/kingspeciosa.eu\\\/termek\\\/super-maeng-da\\\/\",\"url\":\"https:\\\/\\\/kingspeciosa.eu\\\/termek\\\/super-maeng-da\\\/\",\"name\":\"Super Maeng Da | Premium Kratom in EU at King Speciosa\",\"isPartOf\":{\"@id\":\"https:\\\/\\\/kingspeciosa.eu\\\/#website\"},\"primaryImageOfPage\":{\"@id\":\"https:\\\/\\\/kingspeciosa.eu\\\/termek\\\/super-maeng-da\\\/#primaryimage\"},\"image\":{\"@id\":\"https:\\\/\\\/kingspeciosa.eu\\\/termek\\\/super-maeng-da\\\/#primaryimage\"},\"thumbnailUrl\":\"https:\\\/\\\/kingspeciosa.eu\\\/wp-content\\\/uploads\\\/2024\\\/12\\\/Super-Maeng-Da.png\",\"datePublished\":\"2024-12-03T17:03:57+00:00\",\"dateModified\":\"2025-02-01T18:52:29+00:00\",\"description\":\"Buy Super Maeng Da at King Speciosa. This premium Kratom is sourced from Borneo and lab-tested for quality. Available across EU with fast delivery.\",\"breadcrumb\":{\"@id\":\"https:\\\/\\\/kingspeciosa.eu\\\/termek\\\/super-maeng-da\\\/#breadcrumb\"},\"inLanguage\":\"hu\",\"potentialAction\":[{\"@type\":\"ReadAction\",\"target\":[\"https:\\\/\\\/kingspeciosa.eu\\\/termek\\\/super-maeng-da\\\/\"]}]},{\"@type\":\"ImageObject\",\"inLanguage\":\"hu\",\"@id\":\"https:\\\/\\\/kingspeciosa.eu\\\/termek\\\/super-maeng-da\\\/#primaryimage\",\"url\":\"https:\\\/\\\/kingspeciosa.eu\\\/wp-content\\\/uploads\\\/2024\\\/12\\\/Super-Maeng-Da.png\",\"contentUrl\":\"https:\\\/\\\/kingspeciosa.eu\\\/wp-content\\\/uploads\\\/2024\\\/12\\\/Super-Maeng-Da.png\",\"width\":800,\"height\":800},{\"@type\":\"BreadcrumbList\",\"@id\":\"https:\\\/\\\/kingspeciosa.eu\\\/termek\\\/super-maeng-da\\\/#breadcrumb\",\"itemListElement\":[{\"@type\":\"ListItem\",\"position\":1,\"name\":\"Home\",\"item\":\"https:\\\/\\\/kingspeciosa.eu\\\/hu\\\/honlap\\\/\"},{\"@type\":\"ListItem\",\"position\":2,\"name\":\"V\u00e1s\u00e1roljon\",\"item\":\"https:\\\/\\\/kingspeciosa.eu\\\/hu\\\/vasaroljon\\\/\"},{\"@type\":\"ListItem\",\"position\":3,\"name\":\"Super Maeng Da\"}]},{\"@type\":\"WebSite\",\"@id\":\"https:\\\/\\\/kingspeciosa.eu\\\/#website\",\"url\":\"https:\\\/\\\/kingspeciosa.eu\\\/\",\"name\":\"King Speciosa\",\"description\":\"King of the jungle \ud83c\udf34\",\"publisher\":{\"@id\":\"https:\\\/\\\/kingspeciosa.eu\\\/#organization\"},\"potentialAction\":[{\"@type\":\"SearchAction\",\"target\":{\"@type\":\"EntryPoint\",\"urlTemplate\":\"https:\\\/\\\/kingspeciosa.eu\\\/?s={search_term_string}\"},\"query-input\":{\"@type\":\"PropertyValueSpecification\",\"valueRequired\":true,\"valueName\":\"search_term_string\"}}],\"inLanguage\":\"hu\"},{\"@type\":\"Organization\",\"@id\":\"https:\\\/\\\/kingspeciosa.eu\\\/#organization\",\"name\":\"King Speciosa\",\"url\":\"https:\\\/\\\/kingspeciosa.eu\\\/\",\"logo\":{\"@type\":\"ImageObject\",\"inLanguage\":\"hu\",\"@id\":\"https:\\\/\\\/kingspeciosa.eu\\\/#\\\/schema\\\/logo\\\/image\\\/\",\"url\":\"http:\\\/\\\/kingspeciosa.eu\\\/wp-content\\\/uploads\\\/2024\\\/12\\\/KingSpeciosa-logo.png\",\"contentUrl\":\"http:\\\/\\\/kingspeciosa.eu\\\/wp-content\\\/uploads\\\/2024\\\/12\\\/KingSpeciosa-logo.png\",\"width\":1000,\"height\":1000,\"caption\":\"King Speciosa\"},\"image\":{\"@id\":\"https:\\\/\\\/kingspeciosa.eu\\\/#\\\/schema\\\/logo\\\/image\\\/\"}}]}<\/script>\n<!-- \/ Yoast SEO plugin. -->","yoast_head_json":{"title":"Super Maeng Da | Premium Kratom in EU at King Speciosa","description":"Buy Super Maeng Da at King Speciosa. This premium Kratom is sourced from Borneo and lab-tested for quality. Available across EU with fast delivery.","robots":{"index":"index","follow":"follow","max-snippet":"max-snippet:-1","max-image-preview":"max-image-preview:large","max-video-preview":"max-video-preview:-1"},"canonical":"https:\/\/kingspeciosa.eu\/termek\/super-maeng-da\/","og_locale":"hu_HU","og_type":"article","og_title":"Super Maeng Da | Premium Kratom in EU at King Speciosa","og_description":"Buy Super Maeng Da at King Speciosa. This premium Kratom is sourced from Borneo and lab-tested for quality. Available across EU with fast delivery.","og_url":"https:\/\/kingspeciosa.eu\/termek\/super-maeng-da\/","og_site_name":"King Speciosa","article_modified_time":"2025-02-01T18:52:29+00:00","og_image":[{"width":800,"height":800,"url":"https:\/\/kingspeciosa.eu\/wp-content\/uploads\/2024\/12\/Super-Maeng-Da.png","type":"image\/png"}],"twitter_card":"summary_large_image","twitter_misc":{"Becs\u00fclt olvas\u00e1si id\u0151":"2 perc"},"schema":{"@context":"https:\/\/schema.org","@graph":[{"@type":"WebPage","@id":"https:\/\/kingspeciosa.eu\/termek\/super-maeng-da\/","url":"https:\/\/kingspeciosa.eu\/termek\/super-maeng-da\/","name":"Super Maeng Da | Premium Kratom in EU at King Speciosa","isPartOf":{"@id":"https:\/\/kingspeciosa.eu\/#website"},"primaryImageOfPage":{"@id":"https:\/\/kingspeciosa.eu\/termek\/super-maeng-da\/#primaryimage"},"image":{"@id":"https:\/\/kingspeciosa.eu\/termek\/super-maeng-da\/#primaryimage"},"thumbnailUrl":"https:\/\/kingspeciosa.eu\/wp-content\/uploads\/2024\/12\/Super-Maeng-Da.png","datePublished":"2024-12-03T17:03:57+00:00","dateModified":"2025-02-01T18:52:29+00:00","description":"Buy Super Maeng Da at King Speciosa. This premium Kratom is sourced from Borneo and lab-tested for quality. Available across EU with fast delivery.","breadcrumb":{"@id":"https:\/\/kingspeciosa.eu\/termek\/super-maeng-da\/#breadcrumb"},"inLanguage":"hu","potentialAction":[{"@type":"ReadAction","target":["https:\/\/kingspeciosa.eu\/termek\/super-maeng-da\/"]}]},{"@type":"ImageObject","inLanguage":"hu","@id":"https:\/\/kingspeciosa.eu\/termek\/super-maeng-da\/#primaryimage","url":"https:\/\/kingspeciosa.eu\/wp-content\/uploads\/2024\/12\/Super-Maeng-Da.png","contentUrl":"https:\/\/kingspeciosa.eu\/wp-content\/uploads\/2024\/12\/Super-Maeng-Da.png","width":800,"height":800},{"@type":"BreadcrumbList","@id":"https:\/\/kingspeciosa.eu\/termek\/super-maeng-da\/#breadcrumb","itemListElement":[{"@type":"ListItem","position":1,"name":"Home","item":"https:\/\/kingspeciosa.eu\/hu\/honlap\/"},{"@type":"ListItem","position":2,"name":"V\u00e1s\u00e1roljon","item":"https:\/\/kingspeciosa.eu\/hu\/vasaroljon\/"},{"@type":"ListItem","position":3,"name":"Super Maeng Da"}]},{"@type":"WebSite","@id":"https:\/\/kingspeciosa.eu\/#website","url":"https:\/\/kingspeciosa.eu\/","name":"King Speciosa","description":"King of the jungle \ud83c\udf34","publisher":{"@id":"https:\/\/kingspeciosa.eu\/#organization"},"potentialAction":[{"@type":"SearchAction","target":{"@type":"EntryPoint","urlTemplate":"https:\/\/kingspeciosa.eu\/?s={search_term_string}"},"query-input":{"@type":"PropertyValueSpecification","valueRequired":true,"valueName":"search_term_string"}}],"inLanguage":"hu"},{"@type":"Organization","@id":"https:\/\/kingspeciosa.eu\/#organization","name":"King Speciosa","url":"https:\/\/kingspeciosa.eu\/","logo":{"@type":"ImageObject","inLanguage":"hu","@id":"https:\/\/kingspeciosa.eu\/#\/schema\/logo\/image\/","url":"http:\/\/kingspeciosa.eu\/wp-content\/uploads\/2024\/12\/KingSpeciosa-logo.png","contentUrl":"http:\/\/kingspeciosa.eu\/wp-content\/uploads\/2024\/12\/KingSpeciosa-logo.png","width":1000,"height":1000,"caption":"King Speciosa"},"image":{"@id":"https:\/\/kingspeciosa.eu\/#\/schema\/logo\/image\/"}}]}},"_links":{"self":[{"href":"https:\/\/kingspeciosa.eu\/hu\/wp-json\/wp\/v2\/product\/1544","targetHints":{"allow":["GET"]}}],"collection":[{"href":"https:\/\/kingspeciosa.eu\/hu\/wp-json\/wp\/v2\/product"}],"about":[{"href":"https:\/\/kingspeciosa.eu\/hu\/wp-json\/wp\/v2\/types\/product"}],"replies":[{"embeddable":true,"href":"https:\/\/kingspeciosa.eu\/hu\/wp-json\/wp\/v2\/comments?post=1544"}],"wp:featuredmedia":[{"embeddable":true,"href":"https:\/\/kingspeciosa.eu\/hu\/wp-json\/wp\/v2\/media\/1862"}],"wp:attachment":[{"href":"https:\/\/kingspeciosa.eu\/hu\/wp-json\/wp\/v2\/media?parent=1544"}],"wp:term":[{"taxonomy":"product_brand","embeddable":true,"href":"https:\/\/kingspeciosa.eu\/hu\/wp-json\/wp\/v2\/product_brand?post=1544"},{"taxonomy":"product_cat","embeddable":true,"href":"https:\/\/kingspeciosa.eu\/hu\/wp-json\/wp\/v2\/product_cat?post=1544"},{"taxonomy":"product_tag","embeddable":true,"href":"https:\/\/kingspeciosa.eu\/hu\/wp-json\/wp\/v2\/product_tag?post=1544"}],"curies":[{"name":"wp","href":"https:\/\/api.w.org\/{rel}","templated":true}]}}