{"id":1545,"date":"2024-12-03T17:05:05","date_gmt":"2024-12-03T17:05:05","guid":{"rendered":"https:\/\/kingspeciosa.eu\/product\/gold-maeng-da\/"},"modified":"2025-02-01T18:52:30","modified_gmt":"2025-02-01T18:52:30","slug":"gold-maeng-da","status":"publish","type":"product","link":"https:\/\/kingspeciosa.eu\/hu\/termek\/gold-maeng-da\/","title":{"rendered":"Gold Maeng Da"},"content":{"rendered":"<h2>Gold Maeng Da: Maeng Maeng: Egy ritka \u00e9s kiv\u00e1l\u00f3 kever\u00e9k<\/h2>\n<p>A Gold Maeng Da egy gondosan kidolgozott, pr\u00e9mium min\u0151s\u00e9g\u0171 Kratom t\u00f6rzsekb\u0151l \u00e1ll\u00f3 kever\u00e9k, amely ritka aranysz\u00edn\u0171 \u00e1rnyalat\u00e1r\u00f3l \u00e9s egyed\u00fcl\u00e1ll\u00f3 tulajdons\u00e1gair\u00f3l h\u00edres. Ez a t\u00f6rzs a szak\u00e9rt\u0151i kever\u00e9si technik\u00e1k eredm\u00e9nye, a kiv\u00e1lasztott levelek kombin\u00e1l\u00e1s\u00e1val egy kiegyens\u00falyozott \u00e9s jellegzetes profil l\u00e9trehoz\u00e1sa \u00e9rdek\u00e9ben. A Gold Maeng Da kiv\u00e9teles min\u0151s\u00e9ge minden gy\u0171jtem\u00e9ny \u00e9rt\u00e9kes kieg\u00e9sz\u00edt\u0151j\u00e9v\u00e9 teszi.  <\/p>\n<h3>Pr\u00e9mium kever\u00e9k arany sz\u00edn\u00e1rnyalattal<\/h3>\n<p>A Gold Maeng Da egyedi megjelen\u00e9s\u00e9vel t\u0171nik ki, amelyet t\u00f6bbf\u00e9le t\u00f6rzsb\u0151l sz\u00e1rmaz\u00f3, kiv\u00e1l\u00f3 min\u0151s\u00e9g\u0171 levelek kever\u00e9k\u00e9vel \u00e9rnek el. A kever\u00e9si folyamat fokozza a tulajdons\u00e1gait, m\u00edg aranysz\u00edn\u0171 \u00e1rnyalata az elk\u00e9sz\u00edt\u00e9s sor\u00e1n alkalmazott apr\u00f3l\u00e9kos gondoss\u00e1got t\u00fckr\u00f6zi. <\/p>\n<h3>Gondosan kidolgozott kiv\u00e1l\u00f3s\u00e1g<\/h3>\n<p>A Gold Maeng Da el\u0151\u00e1ll\u00edt\u00e1sa k\u00fcl\u00f6nb\u00f6z\u0151 pr\u00e9mium t\u00f6rzsek leveleinek kiv\u00e1laszt\u00e1s\u00e1t \u00e9s kever\u00e9s\u00e9t, majd prec\u00edz sz\u00e1r\u00edt\u00e1st \u00e9s feldolgoz\u00e1st ig\u00e9nyel. Ez a megk\u00f6zel\u00edt\u00e9s biztos\u00edtja a sima text\u00far\u00e1t \u00e9s az egyenletes min\u0151s\u00e9get minden egyes t\u00e9telben. <\/p>\n<h3>Ritka \u00e9s megb\u00edzhat\u00f3 t\u00f6rzs<\/h3>\n<p>Ez a term\u00e9k ritka \u00e9s k\u00fcl\u00f6nleges Kratom t\u00f6rzs h\u00edrnev\u00e9t \u00e9rdemelte ki. Egyedi kever\u00e9ke \u00e9s pr\u00e9mium min\u0151s\u00e9ge megb\u00edzhat\u00f3 v\u00e1laszt\u00e1ss\u00e1 teszi a kifinomult \u00e9s kiegyens\u00falyozott term\u00e9ket keres\u0151 rajong\u00f3k sz\u00e1m\u00e1ra. <\/p>\n","protected":false},"excerpt":{"rendered":"<p>A <strong>Gold Maeng Da<\/strong> pr\u00e9mium Kratom t\u00f6rzsek egyed\u00fcl\u00e1ll\u00f3 kever\u00e9ke, amelyet \u00fagy alak\u00edtottak ki, hogy kiemelje a jellegzetes profilt. Ritka aranysz\u00edn\u0171 \u00e1rnyalata \u00e9s kiegyens\u00falyozott tulajdons\u00e1gai kiemelked\u0151 v\u00e1laszt\u00e1ss\u00e1 teszik a rajong\u00f3k sz\u00e1m\u00e1ra. <\/p>\n","protected":false},"featured_media":1807,"comment_status":"open","ping_status":"closed","template":"","meta":[],"product_brand":[],"product_cat":[57,72,71],"product_tag":[],"class_list":{"0":"post-1545","1":"product","2":"type-product","3":"status-publish","4":"has-post-thumbnail","6":"product_cat-kratom-hu","7":"product_cat-voros-kratom","8":"product_cat-zold-kratom","10":"first","11":"instock","12":"taxable","13":"shipping-taxable","14":"purchasable","15":"product-type-variable","16":"has-default-attributes"},"yoast_head":"<!-- This site is optimized with the Yoast SEO plugin v27.5 - https:\/\/yoast.com\/product\/yoast-seo-wordpress\/ -->\n<title>Gold Maeng Da | Premium Kratom in EU at King Speciosa<\/title>\n<meta name=\"description\" content=\"Buy Gold Maeng Da at King Speciosa. This premium Kratom is sourced from Borneo and lab-tested for quality. Available across EU with fast delivery.\" \/>\n<meta name=\"robots\" content=\"index, follow, max-snippet:-1, max-image-preview:large, max-video-preview:-1\" \/>\n<link rel=\"canonical\" href=\"https:\/\/kingspeciosa.eu\/termek\/gold-maeng-da\/\" \/>\n<meta property=\"og:locale\" content=\"hu_HU\" \/>\n<meta property=\"og:type\" content=\"article\" \/>\n<meta property=\"og:title\" content=\"Gold Maeng Da | Premium Kratom in EU at King Speciosa\" \/>\n<meta property=\"og:description\" content=\"Buy Gold Maeng Da at King Speciosa. This premium Kratom is sourced from Borneo and lab-tested for quality. Available across EU with fast delivery.\" \/>\n<meta property=\"og:url\" content=\"https:\/\/kingspeciosa.eu\/termek\/gold-maeng-da\/\" \/>\n<meta property=\"og:site_name\" content=\"King Speciosa\" \/>\n<meta property=\"article:modified_time\" content=\"2025-02-01T18:52:30+00:00\" \/>\n<meta property=\"og:image\" content=\"https:\/\/kingspeciosa.eu\/wp-content\/uploads\/2024\/12\/Gold-Maeng-Da.png\" \/>\n\t<meta property=\"og:image:width\" content=\"800\" \/>\n\t<meta property=\"og:image:height\" content=\"800\" \/>\n\t<meta property=\"og:image:type\" content=\"image\/png\" \/>\n<meta name=\"twitter:card\" content=\"summary_large_image\" \/>\n<meta name=\"twitter:label1\" content=\"Becs\u00fclt olvas\u00e1si id\u0151\" \/>\n\t<meta name=\"twitter:data1\" content=\"1 perc\" \/>\n<script type=\"application\/ld+json\" class=\"yoast-schema-graph\">{\"@context\":\"https:\\\/\\\/schema.org\",\"@graph\":[{\"@type\":\"WebPage\",\"@id\":\"https:\\\/\\\/kingspeciosa.eu\\\/termek\\\/gold-maeng-da\\\/\",\"url\":\"https:\\\/\\\/kingspeciosa.eu\\\/termek\\\/gold-maeng-da\\\/\",\"name\":\"Gold Maeng Da | Premium Kratom in EU at King Speciosa\",\"isPartOf\":{\"@id\":\"https:\\\/\\\/kingspeciosa.eu\\\/#website\"},\"primaryImageOfPage\":{\"@id\":\"https:\\\/\\\/kingspeciosa.eu\\\/termek\\\/gold-maeng-da\\\/#primaryimage\"},\"image\":{\"@id\":\"https:\\\/\\\/kingspeciosa.eu\\\/termek\\\/gold-maeng-da\\\/#primaryimage\"},\"thumbnailUrl\":\"https:\\\/\\\/kingspeciosa.eu\\\/wp-content\\\/uploads\\\/2024\\\/12\\\/Gold-Maeng-Da.png\",\"datePublished\":\"2024-12-03T17:05:05+00:00\",\"dateModified\":\"2025-02-01T18:52:30+00:00\",\"description\":\"Buy Gold Maeng Da at King Speciosa. This premium Kratom is sourced from Borneo and lab-tested for quality. Available across EU with fast delivery.\",\"breadcrumb\":{\"@id\":\"https:\\\/\\\/kingspeciosa.eu\\\/termek\\\/gold-maeng-da\\\/#breadcrumb\"},\"inLanguage\":\"hu\",\"potentialAction\":[{\"@type\":\"ReadAction\",\"target\":[\"https:\\\/\\\/kingspeciosa.eu\\\/termek\\\/gold-maeng-da\\\/\"]}]},{\"@type\":\"ImageObject\",\"inLanguage\":\"hu\",\"@id\":\"https:\\\/\\\/kingspeciosa.eu\\\/termek\\\/gold-maeng-da\\\/#primaryimage\",\"url\":\"https:\\\/\\\/kingspeciosa.eu\\\/wp-content\\\/uploads\\\/2024\\\/12\\\/Gold-Maeng-Da.png\",\"contentUrl\":\"https:\\\/\\\/kingspeciosa.eu\\\/wp-content\\\/uploads\\\/2024\\\/12\\\/Gold-Maeng-Da.png\",\"width\":800,\"height\":800},{\"@type\":\"BreadcrumbList\",\"@id\":\"https:\\\/\\\/kingspeciosa.eu\\\/termek\\\/gold-maeng-da\\\/#breadcrumb\",\"itemListElement\":[{\"@type\":\"ListItem\",\"position\":1,\"name\":\"Home\",\"item\":\"https:\\\/\\\/kingspeciosa.eu\\\/hu\\\/honlap\\\/\"},{\"@type\":\"ListItem\",\"position\":2,\"name\":\"V\u00e1s\u00e1roljon\",\"item\":\"https:\\\/\\\/kingspeciosa.eu\\\/hu\\\/vasaroljon\\\/\"},{\"@type\":\"ListItem\",\"position\":3,\"name\":\"Gold Maeng Da\"}]},{\"@type\":\"WebSite\",\"@id\":\"https:\\\/\\\/kingspeciosa.eu\\\/#website\",\"url\":\"https:\\\/\\\/kingspeciosa.eu\\\/\",\"name\":\"King Speciosa\",\"description\":\"King of the jungle \ud83c\udf34\",\"publisher\":{\"@id\":\"https:\\\/\\\/kingspeciosa.eu\\\/#organization\"},\"potentialAction\":[{\"@type\":\"SearchAction\",\"target\":{\"@type\":\"EntryPoint\",\"urlTemplate\":\"https:\\\/\\\/kingspeciosa.eu\\\/?s={search_term_string}\"},\"query-input\":{\"@type\":\"PropertyValueSpecification\",\"valueRequired\":true,\"valueName\":\"search_term_string\"}}],\"inLanguage\":\"hu\"},{\"@type\":\"Organization\",\"@id\":\"https:\\\/\\\/kingspeciosa.eu\\\/#organization\",\"name\":\"King Speciosa\",\"url\":\"https:\\\/\\\/kingspeciosa.eu\\\/\",\"logo\":{\"@type\":\"ImageObject\",\"inLanguage\":\"hu\",\"@id\":\"https:\\\/\\\/kingspeciosa.eu\\\/#\\\/schema\\\/logo\\\/image\\\/\",\"url\":\"http:\\\/\\\/kingspeciosa.eu\\\/wp-content\\\/uploads\\\/2024\\\/12\\\/KingSpeciosa-logo.png\",\"contentUrl\":\"http:\\\/\\\/kingspeciosa.eu\\\/wp-content\\\/uploads\\\/2024\\\/12\\\/KingSpeciosa-logo.png\",\"width\":1000,\"height\":1000,\"caption\":\"King Speciosa\"},\"image\":{\"@id\":\"https:\\\/\\\/kingspeciosa.eu\\\/#\\\/schema\\\/logo\\\/image\\\/\"}}]}<\/script>\n<!-- \/ Yoast SEO plugin. -->","yoast_head_json":{"title":"Gold Maeng Da | Premium Kratom in EU at King Speciosa","description":"Buy Gold Maeng Da at King Speciosa. This premium Kratom is sourced from Borneo and lab-tested for quality. Available across EU with fast delivery.","robots":{"index":"index","follow":"follow","max-snippet":"max-snippet:-1","max-image-preview":"max-image-preview:large","max-video-preview":"max-video-preview:-1"},"canonical":"https:\/\/kingspeciosa.eu\/termek\/gold-maeng-da\/","og_locale":"hu_HU","og_type":"article","og_title":"Gold Maeng Da | Premium Kratom in EU at King Speciosa","og_description":"Buy Gold Maeng Da at King Speciosa. This premium Kratom is sourced from Borneo and lab-tested for quality. Available across EU with fast delivery.","og_url":"https:\/\/kingspeciosa.eu\/termek\/gold-maeng-da\/","og_site_name":"King Speciosa","article_modified_time":"2025-02-01T18:52:30+00:00","og_image":[{"width":800,"height":800,"url":"https:\/\/kingspeciosa.eu\/wp-content\/uploads\/2024\/12\/Gold-Maeng-Da.png","type":"image\/png"}],"twitter_card":"summary_large_image","twitter_misc":{"Becs\u00fclt olvas\u00e1si id\u0151":"1 perc"},"schema":{"@context":"https:\/\/schema.org","@graph":[{"@type":"WebPage","@id":"https:\/\/kingspeciosa.eu\/termek\/gold-maeng-da\/","url":"https:\/\/kingspeciosa.eu\/termek\/gold-maeng-da\/","name":"Gold Maeng Da | Premium Kratom in EU at King Speciosa","isPartOf":{"@id":"https:\/\/kingspeciosa.eu\/#website"},"primaryImageOfPage":{"@id":"https:\/\/kingspeciosa.eu\/termek\/gold-maeng-da\/#primaryimage"},"image":{"@id":"https:\/\/kingspeciosa.eu\/termek\/gold-maeng-da\/#primaryimage"},"thumbnailUrl":"https:\/\/kingspeciosa.eu\/wp-content\/uploads\/2024\/12\/Gold-Maeng-Da.png","datePublished":"2024-12-03T17:05:05+00:00","dateModified":"2025-02-01T18:52:30+00:00","description":"Buy Gold Maeng Da at King Speciosa. This premium Kratom is sourced from Borneo and lab-tested for quality. Available across EU with fast delivery.","breadcrumb":{"@id":"https:\/\/kingspeciosa.eu\/termek\/gold-maeng-da\/#breadcrumb"},"inLanguage":"hu","potentialAction":[{"@type":"ReadAction","target":["https:\/\/kingspeciosa.eu\/termek\/gold-maeng-da\/"]}]},{"@type":"ImageObject","inLanguage":"hu","@id":"https:\/\/kingspeciosa.eu\/termek\/gold-maeng-da\/#primaryimage","url":"https:\/\/kingspeciosa.eu\/wp-content\/uploads\/2024\/12\/Gold-Maeng-Da.png","contentUrl":"https:\/\/kingspeciosa.eu\/wp-content\/uploads\/2024\/12\/Gold-Maeng-Da.png","width":800,"height":800},{"@type":"BreadcrumbList","@id":"https:\/\/kingspeciosa.eu\/termek\/gold-maeng-da\/#breadcrumb","itemListElement":[{"@type":"ListItem","position":1,"name":"Home","item":"https:\/\/kingspeciosa.eu\/hu\/honlap\/"},{"@type":"ListItem","position":2,"name":"V\u00e1s\u00e1roljon","item":"https:\/\/kingspeciosa.eu\/hu\/vasaroljon\/"},{"@type":"ListItem","position":3,"name":"Gold Maeng Da"}]},{"@type":"WebSite","@id":"https:\/\/kingspeciosa.eu\/#website","url":"https:\/\/kingspeciosa.eu\/","name":"King Speciosa","description":"King of the jungle \ud83c\udf34","publisher":{"@id":"https:\/\/kingspeciosa.eu\/#organization"},"potentialAction":[{"@type":"SearchAction","target":{"@type":"EntryPoint","urlTemplate":"https:\/\/kingspeciosa.eu\/?s={search_term_string}"},"query-input":{"@type":"PropertyValueSpecification","valueRequired":true,"valueName":"search_term_string"}}],"inLanguage":"hu"},{"@type":"Organization","@id":"https:\/\/kingspeciosa.eu\/#organization","name":"King Speciosa","url":"https:\/\/kingspeciosa.eu\/","logo":{"@type":"ImageObject","inLanguage":"hu","@id":"https:\/\/kingspeciosa.eu\/#\/schema\/logo\/image\/","url":"http:\/\/kingspeciosa.eu\/wp-content\/uploads\/2024\/12\/KingSpeciosa-logo.png","contentUrl":"http:\/\/kingspeciosa.eu\/wp-content\/uploads\/2024\/12\/KingSpeciosa-logo.png","width":1000,"height":1000,"caption":"King Speciosa"},"image":{"@id":"https:\/\/kingspeciosa.eu\/#\/schema\/logo\/image\/"}}]}},"_links":{"self":[{"href":"https:\/\/kingspeciosa.eu\/hu\/wp-json\/wp\/v2\/product\/1545","targetHints":{"allow":["GET"]}}],"collection":[{"href":"https:\/\/kingspeciosa.eu\/hu\/wp-json\/wp\/v2\/product"}],"about":[{"href":"https:\/\/kingspeciosa.eu\/hu\/wp-json\/wp\/v2\/types\/product"}],"replies":[{"embeddable":true,"href":"https:\/\/kingspeciosa.eu\/hu\/wp-json\/wp\/v2\/comments?post=1545"}],"wp:featuredmedia":[{"embeddable":true,"href":"https:\/\/kingspeciosa.eu\/hu\/wp-json\/wp\/v2\/media\/1807"}],"wp:attachment":[{"href":"https:\/\/kingspeciosa.eu\/hu\/wp-json\/wp\/v2\/media?parent=1545"}],"wp:term":[{"taxonomy":"product_brand","embeddable":true,"href":"https:\/\/kingspeciosa.eu\/hu\/wp-json\/wp\/v2\/product_brand?post=1545"},{"taxonomy":"product_cat","embeddable":true,"href":"https:\/\/kingspeciosa.eu\/hu\/wp-json\/wp\/v2\/product_cat?post=1545"},{"taxonomy":"product_tag","embeddable":true,"href":"https:\/\/kingspeciosa.eu\/hu\/wp-json\/wp\/v2\/product_tag?post=1545"}],"curies":[{"name":"wp","href":"https:\/\/api.w.org\/{rel}","templated":true}]}}