{"id":1562,"date":"2024-12-03T17:08:44","date_gmt":"2024-12-03T17:08:44","guid":{"rendered":"https:\/\/kingspeciosa.eu\/product\/voros-thai\/"},"modified":"2025-02-01T18:52:31","modified_gmt":"2025-02-01T18:52:31","slug":"voros-thai","status":"publish","type":"product","link":"https:\/\/kingspeciosa.eu\/hu\/termek\/voros-thai\/","title":{"rendered":"Red Thai"},"content":{"rendered":"<h2>Red Thai: Thaif\u00f6ldi gy\u00f6kerekkel rendelkez\u0151 mer\u00e9sz fajta<\/h2>\n<p>A Red Thai egy kiv\u00e1l\u00f3 Kratom t\u00f6rzs, amely Thaif\u00f6ld buja t\u00e1jaira vezethet\u0151 vissza. M\u00edg az \u00f6r\u00f6ks\u00e9g\u00e9t Thaif\u00f6ld robusztus f\u00e1i adj\u00e1k, ezt a t\u00f6rzset ma m\u00e1r gondosan termesztik Borne\u00f3, Kalimantan term\u00e9keny \u00fcltetv\u00e9nyein. A thai kratom hagyom\u00e1nyos er\u0151ss\u00e9geit a borne\u00f3i pr\u00e9mium termeszt\u00e9si technik\u00e1kkal kombin\u00e1lva a Red Thai kiv\u00e9teles min\u0151s\u00e9get \u00e9s \u00e1lland\u00f3s\u00e1got biztos\u00edt.  <\/p>\n<h3>Thai eredet, borne\u00f3i termeszt\u00e9s<\/h3>\n<p>A Red Thai sz\u00e1rmaz\u00e1sa a thaif\u00f6ldi rugalmas Kratom f\u00e1kt\u00f3l sz\u00e1rmazik, amelyek mer\u00e9sz \u00e9s egyedi tulajdons\u00e1gaikr\u00f3l ismertek. Ma ezek a f\u00e1k Borne\u00f3, Kalimantan tr\u00f3pusi \u00fcltetv\u00e9nyein vir\u00e1goznak, ahol az ellen\u0151rz\u00f6tt termeszt\u00e9si gyakorlatok biztos\u00edtj\u00e1k az \u00e1lland\u00f3 \u00e9s kiv\u00e1l\u00f3 min\u0151s\u00e9g\u0171 leveleket. <\/p>\n<h3>Gazdag, mer\u00e9sz levelek<\/h3>\n<p>A Red Thai leveleit gondosan, \u00e9retts\u00e9g\u00fck cs\u00facspontj\u00e1n szedik, \u00edgy biztos\u00edtva, hogy a fajta meg\u0151rizze mer\u00e9sz, v\u00f6r\u00f6s jellemz\u0151it. Hagyom\u00e1nyos sz\u00e1r\u00edt\u00e1si m\u00f3dszereket alkalmaznak a term\u00e9szetes tulajdons\u00e1gok meg\u0151rz\u00e9se \u00e9s a sima, megb\u00edzhat\u00f3 text\u00fara el\u00e9r\u00e9se \u00e9rdek\u00e9ben. <\/p>\n<h3>Egy megb\u00edzhat\u00f3 klasszikus<\/h3>\n<p>A Red Thai gazdag t\u00f6rt\u00e9nelm\u00e9nek \u00e9s megb\u00edzhat\u00f3 min\u0151s\u00e9g\u00e9nek k\u00f6sz\u00f6nhet\u0151en v\u00e1lt glob\u00e1lis kedvencc\u00e9. A thai \u00f6r\u00f6ks\u00e9g \u00e9s a borne\u00f3i termeszt\u00e9s kombin\u00e1ci\u00f3ja egyed\u00fcl\u00e1ll\u00f3 \u00e9s \u00e9rt\u00e9kes t\u00f6rzzs\u00e9 teszi a Kratom rajong\u00f3k k\u00f6r\u00e9ben. <\/p>\n","protected":false},"excerpt":{"rendered":"<p>A <strong>Red Thai<\/strong> egy pr\u00e9mium kateg\u00f3ri\u00e1s Kratom t\u00f6rzs, amely eredetileg Thaif\u00f6ld\u00f6n gy\u00f6kerezik, de Borne\u00f3, Kalimantan term\u00e9keny \u00fcltetv\u00e9nyein termesztik. A mer\u00e9sz tulajdons\u00e1gair\u00f3l ismert, tov\u00e1bbra is a rajong\u00f3k megb\u00edzhat\u00f3 v\u00e1laszt\u00e1sa. <\/p>\n","protected":false},"featured_media":1857,"comment_status":"open","ping_status":"closed","template":"","meta":[],"product_brand":[],"product_cat":[57,72],"product_tag":[],"class_list":{"0":"post-1562","1":"product","2":"type-product","3":"status-publish","4":"has-post-thumbnail","6":"product_cat-kratom-hu","7":"product_cat-voros-kratom","9":"first","10":"instock","11":"taxable","12":"shipping-taxable","13":"purchasable","14":"product-type-variable","15":"has-default-attributes"},"yoast_head":"<!-- This site is optimized with the Yoast SEO plugin v27.6 - https:\/\/yoast.com\/product\/yoast-seo-wordpress\/ -->\n<title>Red Thai | Premium Kratom in EU at King Speciosa<\/title>\n<meta name=\"description\" content=\"Buy Red Thai at King Speciosa. This premium Kratom is sourced from Borneo and lab-tested for quality. Available across EU with fast delivery.\" \/>\n<meta name=\"robots\" content=\"index, follow, max-snippet:-1, max-image-preview:large, max-video-preview:-1\" \/>\n<link rel=\"canonical\" href=\"https:\/\/kingspeciosa.eu\/hu\/termek\/voros-thai\/\" \/>\n<meta property=\"og:locale\" content=\"hu_HU\" \/>\n<meta property=\"og:type\" content=\"article\" \/>\n<meta property=\"og:title\" content=\"Red Thai | Premium Kratom in EU at King Speciosa\" \/>\n<meta property=\"og:description\" content=\"Buy Red Thai at King Speciosa. This premium Kratom is sourced from Borneo and lab-tested for quality. Available across EU with fast delivery.\" \/>\n<meta property=\"og:url\" content=\"https:\/\/kingspeciosa.eu\/hu\/termek\/voros-thai\/\" \/>\n<meta property=\"og:site_name\" content=\"King Speciosa\" \/>\n<meta property=\"article:modified_time\" content=\"2025-02-01T18:52:31+00:00\" \/>\n<meta property=\"og:image\" content=\"https:\/\/kingspeciosa.eu\/wp-content\/uploads\/2024\/12\/Red-Thai.png\" \/>\n\t<meta property=\"og:image:width\" content=\"800\" \/>\n\t<meta property=\"og:image:height\" content=\"800\" \/>\n\t<meta property=\"og:image:type\" content=\"image\/png\" \/>\n<meta name=\"twitter:card\" content=\"summary_large_image\" \/>\n<meta name=\"twitter:label1\" content=\"Becs\u00fclt olvas\u00e1si id\u0151\" \/>\n\t<meta name=\"twitter:data1\" content=\"1 perc\" \/>\n<script type=\"application\/ld+json\" class=\"yoast-schema-graph\">{\"@context\":\"https:\\\/\\\/schema.org\",\"@graph\":[{\"@type\":\"WebPage\",\"@id\":\"https:\\\/\\\/kingspeciosa.eu\\\/hu\\\/termek\\\/voros-thai\\\/\",\"url\":\"https:\\\/\\\/kingspeciosa.eu\\\/hu\\\/termek\\\/voros-thai\\\/\",\"name\":\"Red Thai | Premium Kratom in EU at King Speciosa\",\"isPartOf\":{\"@id\":\"https:\\\/\\\/kingspeciosa.eu\\\/#website\"},\"primaryImageOfPage\":{\"@id\":\"https:\\\/\\\/kingspeciosa.eu\\\/hu\\\/termek\\\/voros-thai\\\/#primaryimage\"},\"image\":{\"@id\":\"https:\\\/\\\/kingspeciosa.eu\\\/hu\\\/termek\\\/voros-thai\\\/#primaryimage\"},\"thumbnailUrl\":\"https:\\\/\\\/kingspeciosa.eu\\\/wp-content\\\/uploads\\\/2024\\\/12\\\/Red-Thai.png\",\"datePublished\":\"2024-12-03T17:08:44+00:00\",\"dateModified\":\"2025-02-01T18:52:31+00:00\",\"description\":\"Buy Red Thai at King Speciosa. This premium Kratom is sourced from Borneo and lab-tested for quality. Available across EU with fast delivery.\",\"breadcrumb\":{\"@id\":\"https:\\\/\\\/kingspeciosa.eu\\\/hu\\\/termek\\\/voros-thai\\\/#breadcrumb\"},\"inLanguage\":\"hu\",\"potentialAction\":[{\"@type\":\"ReadAction\",\"target\":[\"https:\\\/\\\/kingspeciosa.eu\\\/hu\\\/termek\\\/voros-thai\\\/\"]}]},{\"@type\":\"ImageObject\",\"inLanguage\":\"hu\",\"@id\":\"https:\\\/\\\/kingspeciosa.eu\\\/hu\\\/termek\\\/voros-thai\\\/#primaryimage\",\"url\":\"https:\\\/\\\/kingspeciosa.eu\\\/wp-content\\\/uploads\\\/2024\\\/12\\\/Red-Thai.png\",\"contentUrl\":\"https:\\\/\\\/kingspeciosa.eu\\\/wp-content\\\/uploads\\\/2024\\\/12\\\/Red-Thai.png\",\"width\":800,\"height\":800},{\"@type\":\"BreadcrumbList\",\"@id\":\"https:\\\/\\\/kingspeciosa.eu\\\/hu\\\/termek\\\/voros-thai\\\/#breadcrumb\",\"itemListElement\":[{\"@type\":\"ListItem\",\"position\":1,\"name\":\"Home\",\"item\":\"https:\\\/\\\/kingspeciosa.eu\\\/hu\\\/honlap\\\/\"},{\"@type\":\"ListItem\",\"position\":2,\"name\":\"V\u00e1s\u00e1roljon\",\"item\":\"https:\\\/\\\/kingspeciosa.eu\\\/hu\\\/vasaroljon\\\/\"},{\"@type\":\"ListItem\",\"position\":3,\"name\":\"Red Thai\"}]},{\"@type\":\"WebSite\",\"@id\":\"https:\\\/\\\/kingspeciosa.eu\\\/#website\",\"url\":\"https:\\\/\\\/kingspeciosa.eu\\\/\",\"name\":\"King Speciosa\",\"description\":\"King of the jungle \ud83c\udf34\",\"publisher\":{\"@id\":\"https:\\\/\\\/kingspeciosa.eu\\\/#organization\"},\"potentialAction\":[{\"@type\":\"SearchAction\",\"target\":{\"@type\":\"EntryPoint\",\"urlTemplate\":\"https:\\\/\\\/kingspeciosa.eu\\\/?s={search_term_string}\"},\"query-input\":{\"@type\":\"PropertyValueSpecification\",\"valueRequired\":true,\"valueName\":\"search_term_string\"}}],\"inLanguage\":\"hu\"},{\"@type\":\"Organization\",\"@id\":\"https:\\\/\\\/kingspeciosa.eu\\\/#organization\",\"name\":\"King Speciosa\",\"url\":\"https:\\\/\\\/kingspeciosa.eu\\\/\",\"logo\":{\"@type\":\"ImageObject\",\"inLanguage\":\"hu\",\"@id\":\"https:\\\/\\\/kingspeciosa.eu\\\/#\\\/schema\\\/logo\\\/image\\\/\",\"url\":\"http:\\\/\\\/kingspeciosa.eu\\\/wp-content\\\/uploads\\\/2024\\\/12\\\/KingSpeciosa-logo.png\",\"contentUrl\":\"http:\\\/\\\/kingspeciosa.eu\\\/wp-content\\\/uploads\\\/2024\\\/12\\\/KingSpeciosa-logo.png\",\"width\":1000,\"height\":1000,\"caption\":\"King Speciosa\"},\"image\":{\"@id\":\"https:\\\/\\\/kingspeciosa.eu\\\/#\\\/schema\\\/logo\\\/image\\\/\"}}]}<\/script>\n<!-- \/ Yoast SEO plugin. -->","yoast_head_json":{"title":"Red Thai | Premium Kratom in EU at King Speciosa","description":"Buy Red Thai at King Speciosa. This premium Kratom is sourced from Borneo and lab-tested for quality. Available across EU with fast delivery.","robots":{"index":"index","follow":"follow","max-snippet":"max-snippet:-1","max-image-preview":"max-image-preview:large","max-video-preview":"max-video-preview:-1"},"canonical":"https:\/\/kingspeciosa.eu\/hu\/termek\/voros-thai\/","og_locale":"hu_HU","og_type":"article","og_title":"Red Thai | Premium Kratom in EU at King Speciosa","og_description":"Buy Red Thai at King Speciosa. This premium Kratom is sourced from Borneo and lab-tested for quality. Available across EU with fast delivery.","og_url":"https:\/\/kingspeciosa.eu\/hu\/termek\/voros-thai\/","og_site_name":"King Speciosa","article_modified_time":"2025-02-01T18:52:31+00:00","og_image":[{"width":800,"height":800,"url":"https:\/\/kingspeciosa.eu\/wp-content\/uploads\/2024\/12\/Red-Thai.png","type":"image\/png"}],"twitter_card":"summary_large_image","twitter_misc":{"Becs\u00fclt olvas\u00e1si id\u0151":"1 perc"},"schema":{"@context":"https:\/\/schema.org","@graph":[{"@type":"WebPage","@id":"https:\/\/kingspeciosa.eu\/hu\/termek\/voros-thai\/","url":"https:\/\/kingspeciosa.eu\/hu\/termek\/voros-thai\/","name":"Red Thai | Premium Kratom in EU at King Speciosa","isPartOf":{"@id":"https:\/\/kingspeciosa.eu\/#website"},"primaryImageOfPage":{"@id":"https:\/\/kingspeciosa.eu\/hu\/termek\/voros-thai\/#primaryimage"},"image":{"@id":"https:\/\/kingspeciosa.eu\/hu\/termek\/voros-thai\/#primaryimage"},"thumbnailUrl":"https:\/\/kingspeciosa.eu\/wp-content\/uploads\/2024\/12\/Red-Thai.png","datePublished":"2024-12-03T17:08:44+00:00","dateModified":"2025-02-01T18:52:31+00:00","description":"Buy Red Thai at King Speciosa. This premium Kratom is sourced from Borneo and lab-tested for quality. Available across EU with fast delivery.","breadcrumb":{"@id":"https:\/\/kingspeciosa.eu\/hu\/termek\/voros-thai\/#breadcrumb"},"inLanguage":"hu","potentialAction":[{"@type":"ReadAction","target":["https:\/\/kingspeciosa.eu\/hu\/termek\/voros-thai\/"]}]},{"@type":"ImageObject","inLanguage":"hu","@id":"https:\/\/kingspeciosa.eu\/hu\/termek\/voros-thai\/#primaryimage","url":"https:\/\/kingspeciosa.eu\/wp-content\/uploads\/2024\/12\/Red-Thai.png","contentUrl":"https:\/\/kingspeciosa.eu\/wp-content\/uploads\/2024\/12\/Red-Thai.png","width":800,"height":800},{"@type":"BreadcrumbList","@id":"https:\/\/kingspeciosa.eu\/hu\/termek\/voros-thai\/#breadcrumb","itemListElement":[{"@type":"ListItem","position":1,"name":"Home","item":"https:\/\/kingspeciosa.eu\/hu\/honlap\/"},{"@type":"ListItem","position":2,"name":"V\u00e1s\u00e1roljon","item":"https:\/\/kingspeciosa.eu\/hu\/vasaroljon\/"},{"@type":"ListItem","position":3,"name":"Red Thai"}]},{"@type":"WebSite","@id":"https:\/\/kingspeciosa.eu\/#website","url":"https:\/\/kingspeciosa.eu\/","name":"King Speciosa","description":"King of the jungle \ud83c\udf34","publisher":{"@id":"https:\/\/kingspeciosa.eu\/#organization"},"potentialAction":[{"@type":"SearchAction","target":{"@type":"EntryPoint","urlTemplate":"https:\/\/kingspeciosa.eu\/?s={search_term_string}"},"query-input":{"@type":"PropertyValueSpecification","valueRequired":true,"valueName":"search_term_string"}}],"inLanguage":"hu"},{"@type":"Organization","@id":"https:\/\/kingspeciosa.eu\/#organization","name":"King Speciosa","url":"https:\/\/kingspeciosa.eu\/","logo":{"@type":"ImageObject","inLanguage":"hu","@id":"https:\/\/kingspeciosa.eu\/#\/schema\/logo\/image\/","url":"http:\/\/kingspeciosa.eu\/wp-content\/uploads\/2024\/12\/KingSpeciosa-logo.png","contentUrl":"http:\/\/kingspeciosa.eu\/wp-content\/uploads\/2024\/12\/KingSpeciosa-logo.png","width":1000,"height":1000,"caption":"King Speciosa"},"image":{"@id":"https:\/\/kingspeciosa.eu\/#\/schema\/logo\/image\/"}}]}},"_links":{"self":[{"href":"https:\/\/kingspeciosa.eu\/hu\/wp-json\/wp\/v2\/product\/1562","targetHints":{"allow":["GET"]}}],"collection":[{"href":"https:\/\/kingspeciosa.eu\/hu\/wp-json\/wp\/v2\/product"}],"about":[{"href":"https:\/\/kingspeciosa.eu\/hu\/wp-json\/wp\/v2\/types\/product"}],"replies":[{"embeddable":true,"href":"https:\/\/kingspeciosa.eu\/hu\/wp-json\/wp\/v2\/comments?post=1562"}],"wp:featuredmedia":[{"embeddable":true,"href":"https:\/\/kingspeciosa.eu\/hu\/wp-json\/wp\/v2\/media\/1857"}],"wp:attachment":[{"href":"https:\/\/kingspeciosa.eu\/hu\/wp-json\/wp\/v2\/media?parent=1562"}],"wp:term":[{"taxonomy":"product_brand","embeddable":true,"href":"https:\/\/kingspeciosa.eu\/hu\/wp-json\/wp\/v2\/product_brand?post=1562"},{"taxonomy":"product_cat","embeddable":true,"href":"https:\/\/kingspeciosa.eu\/hu\/wp-json\/wp\/v2\/product_cat?post=1562"},{"taxonomy":"product_tag","embeddable":true,"href":"https:\/\/kingspeciosa.eu\/hu\/wp-json\/wp\/v2\/product_tag?post=1562"}],"curies":[{"name":"wp","href":"https:\/\/api.w.org\/{rel}","templated":true}]}}