{"id":1639,"date":"2024-12-03T17:10:05","date_gmt":"2024-12-03T17:10:05","guid":{"rendered":"https:\/\/kingspeciosa.eu\/product\/feher-thaifoldi\/"},"modified":"2025-02-01T18:52:28","modified_gmt":"2025-02-01T18:52:28","slug":"feher-thaifoldi","status":"publish","type":"product","link":"https:\/\/kingspeciosa.eu\/hu\/termek\/feher-thaifoldi\/","title":{"rendered":"White Thai"},"content":{"rendered":"<h2>White Thai: Thai eredet\u0171, \u00e9l\u00e9nk t\u00f6rzs<\/h2>\n<p>A White Thai egy pr\u00e9mium kateg\u00f3ri\u00e1s Kratom t\u00f6rzs, amely Thaif\u00f6ld tr\u00f3pusi r\u00e9gi\u00f3ib\u00f3l sz\u00e1rmazik. B\u00e1r \u0151sei a buja thaif\u00f6ldi t\u00e1jakhoz k\u00f6t\u0151dnek, ma m\u00e1r Borne\u00f3, Kalimantan t\u00e1panyagban gazdag talaj\u00e1n termesztik. A thaif\u00f6ldi \u00f6r\u00f6ks\u00e9g \u00e9s Borne\u00f3 kiv\u00e9teles termeszt\u00e9si k\u00f6r\u00fclm\u00e9nyeinek kever\u00e9ke olyan t\u00f6rzset hoz l\u00e9tre, amely kiemelkedik \u00e9l\u00e9nks\u00e9g\u00e9vel \u00e9s \u00e1lland\u00f3 min\u0151s\u00e9g\u00e9vel.  <\/p>\n<h3>Thai gy\u00f6kerek, Borne\u00f3n termesztve<\/h3>\n<p>A White Thai Kratom f\u00e1kat eredetileg Thaif\u00f6ld\u00f6n termesztett\u00e9k, ahol el\u0151sz\u00f6r ismert\u00e9k fel f\u00e9nyes \u00e9s egyedi tulajdons\u00e1gaikat. Ma ezek a f\u00e1k Borne\u00f3 tr\u00f3pusi \u00fcltetv\u00e9nyein vir\u00e1goznak, ahol ide\u00e1lis termeszt\u00e9si k\u00f6r\u00fclm\u00e9nyek \u00e9s szak\u00e9rt\u0151i termeszt\u00e9si technik\u00e1k jellemzik \u0151ket. <\/p>\n<h3>F\u00e9nyes, friss levelek<\/h3>\n<p>A White Thai leveleit a legfrissebb \u00e1llapotban szedik, \u00edgy meg\u0151rizve \u00e9l\u00e9nk megjelen\u00e9s\u00fcket \u00e9s robusztus szerkezet\u00fcket. A hagyom\u00e1nyos sz\u00e1r\u00edt\u00e1si \u00e9s feldolgoz\u00e1si m\u00f3dszerek biztos\u00edtj\u00e1k, hogy a term\u00e9k minden egyes t\u00e9telben finom \u00e9s egyenletes legyen. <\/p>\n<h3>A rajong\u00f3k kedvence<\/h3>\n<p>A White Thai a thaif\u00f6ldi eredet \u00e9s a borne\u00f3i termeszt\u00e9s kombin\u00e1ci\u00f3ja miatt sz\u00e9les k\u00f6r\u0171 n\u00e9pszer\u0171s\u00e9gre tett szert. F\u00e9nyes tulajdons\u00e1gai \u00e9s pr\u00e9mium min\u0151s\u00e9ge miatt vil\u00e1gszerte a Kratom rajong\u00f3k alapvet\u0151 v\u00e1laszt\u00e1sa. <\/p>\n","protected":false},"excerpt":{"rendered":"<p>A <strong>White Thai<\/strong> egy vibr\u00e1l\u00f3 Kratom t\u00f6rzs, amelynek gy\u00f6kerei Thaif\u00f6ld\u00f6n vannak, \u00e9s Borne\u00f3, Kalimantan gazdag \u00fcltetv\u00e9nyein termesztik. Vil\u00e1gos tulajdons\u00e1gair\u00f3l ismert, vil\u00e1gszerte n\u00e9pszer\u0171 v\u00e1laszt\u00e1s marad. <\/p>\n","protected":false},"featured_media":1887,"comment_status":"open","ping_status":"closed","template":"","meta":[],"product_brand":[],"product_cat":[73,57],"product_tag":[],"class_list":{"0":"post-1639","1":"product","2":"type-product","3":"status-publish","4":"has-post-thumbnail","6":"product_cat-feher-kratom","7":"product_cat-kratom-hu","9":"first","10":"instock","11":"taxable","12":"shipping-taxable","13":"purchasable","14":"product-type-variable","15":"has-default-attributes"},"yoast_head":"<!-- This site is optimized with the Yoast SEO plugin v27.5 - https:\/\/yoast.com\/product\/yoast-seo-wordpress\/ -->\n<title>White Thai | Premium Kratom in EU at King Speciosa<\/title>\n<meta name=\"description\" content=\"Buy White Thai at King Speciosa. This premium Kratom is sourced from Borneo and lab-tested for quality. Available across EU with fast delivery.\" \/>\n<meta name=\"robots\" content=\"index, follow, max-snippet:-1, max-image-preview:large, max-video-preview:-1\" \/>\n<link rel=\"canonical\" href=\"https:\/\/kingspeciosa.eu\/hu\/termek\/feher-thaifoldi\/\" \/>\n<meta property=\"og:locale\" content=\"hu_HU\" \/>\n<meta property=\"og:type\" content=\"article\" \/>\n<meta property=\"og:title\" content=\"White Thai | Premium Kratom in EU at King Speciosa\" \/>\n<meta property=\"og:description\" content=\"Buy White Thai at King Speciosa. This premium Kratom is sourced from Borneo and lab-tested for quality. Available across EU with fast delivery.\" \/>\n<meta property=\"og:url\" content=\"https:\/\/kingspeciosa.eu\/hu\/termek\/feher-thaifoldi\/\" \/>\n<meta property=\"og:site_name\" content=\"King Speciosa\" \/>\n<meta property=\"article:modified_time\" content=\"2025-02-01T18:52:28+00:00\" \/>\n<meta property=\"og:image\" content=\"https:\/\/kingspeciosa.eu\/wp-content\/uploads\/2024\/12\/White-Thai.png\" \/>\n\t<meta property=\"og:image:width\" content=\"800\" \/>\n\t<meta property=\"og:image:height\" content=\"800\" \/>\n\t<meta property=\"og:image:type\" content=\"image\/png\" \/>\n<meta name=\"twitter:card\" content=\"summary_large_image\" \/>\n<meta name=\"twitter:label1\" content=\"Becs\u00fclt olvas\u00e1si id\u0151\" \/>\n\t<meta name=\"twitter:data1\" content=\"1 perc\" \/>\n<script type=\"application\/ld+json\" class=\"yoast-schema-graph\">{\"@context\":\"https:\\\/\\\/schema.org\",\"@graph\":[{\"@type\":\"WebPage\",\"@id\":\"https:\\\/\\\/kingspeciosa.eu\\\/hu\\\/termek\\\/feher-thaifoldi\\\/\",\"url\":\"https:\\\/\\\/kingspeciosa.eu\\\/hu\\\/termek\\\/feher-thaifoldi\\\/\",\"name\":\"White Thai | Premium Kratom in EU at King Speciosa\",\"isPartOf\":{\"@id\":\"https:\\\/\\\/kingspeciosa.eu\\\/#website\"},\"primaryImageOfPage\":{\"@id\":\"https:\\\/\\\/kingspeciosa.eu\\\/hu\\\/termek\\\/feher-thaifoldi\\\/#primaryimage\"},\"image\":{\"@id\":\"https:\\\/\\\/kingspeciosa.eu\\\/hu\\\/termek\\\/feher-thaifoldi\\\/#primaryimage\"},\"thumbnailUrl\":\"https:\\\/\\\/kingspeciosa.eu\\\/wp-content\\\/uploads\\\/2024\\\/12\\\/White-Thai.png\",\"datePublished\":\"2024-12-03T17:10:05+00:00\",\"dateModified\":\"2025-02-01T18:52:28+00:00\",\"description\":\"Buy White Thai at King Speciosa. This premium Kratom is sourced from Borneo and lab-tested for quality. Available across EU with fast delivery.\",\"breadcrumb\":{\"@id\":\"https:\\\/\\\/kingspeciosa.eu\\\/hu\\\/termek\\\/feher-thaifoldi\\\/#breadcrumb\"},\"inLanguage\":\"hu\",\"potentialAction\":[{\"@type\":\"ReadAction\",\"target\":[\"https:\\\/\\\/kingspeciosa.eu\\\/hu\\\/termek\\\/feher-thaifoldi\\\/\"]}]},{\"@type\":\"ImageObject\",\"inLanguage\":\"hu\",\"@id\":\"https:\\\/\\\/kingspeciosa.eu\\\/hu\\\/termek\\\/feher-thaifoldi\\\/#primaryimage\",\"url\":\"https:\\\/\\\/kingspeciosa.eu\\\/wp-content\\\/uploads\\\/2024\\\/12\\\/White-Thai.png\",\"contentUrl\":\"https:\\\/\\\/kingspeciosa.eu\\\/wp-content\\\/uploads\\\/2024\\\/12\\\/White-Thai.png\",\"width\":800,\"height\":800},{\"@type\":\"BreadcrumbList\",\"@id\":\"https:\\\/\\\/kingspeciosa.eu\\\/hu\\\/termek\\\/feher-thaifoldi\\\/#breadcrumb\",\"itemListElement\":[{\"@type\":\"ListItem\",\"position\":1,\"name\":\"Home\",\"item\":\"https:\\\/\\\/kingspeciosa.eu\\\/hu\\\/honlap\\\/\"},{\"@type\":\"ListItem\",\"position\":2,\"name\":\"V\u00e1s\u00e1roljon\",\"item\":\"https:\\\/\\\/kingspeciosa.eu\\\/hu\\\/vasaroljon\\\/\"},{\"@type\":\"ListItem\",\"position\":3,\"name\":\"White Thai\"}]},{\"@type\":\"WebSite\",\"@id\":\"https:\\\/\\\/kingspeciosa.eu\\\/#website\",\"url\":\"https:\\\/\\\/kingspeciosa.eu\\\/\",\"name\":\"King Speciosa\",\"description\":\"King of the jungle \ud83c\udf34\",\"publisher\":{\"@id\":\"https:\\\/\\\/kingspeciosa.eu\\\/#organization\"},\"potentialAction\":[{\"@type\":\"SearchAction\",\"target\":{\"@type\":\"EntryPoint\",\"urlTemplate\":\"https:\\\/\\\/kingspeciosa.eu\\\/?s={search_term_string}\"},\"query-input\":{\"@type\":\"PropertyValueSpecification\",\"valueRequired\":true,\"valueName\":\"search_term_string\"}}],\"inLanguage\":\"hu\"},{\"@type\":\"Organization\",\"@id\":\"https:\\\/\\\/kingspeciosa.eu\\\/#organization\",\"name\":\"King Speciosa\",\"url\":\"https:\\\/\\\/kingspeciosa.eu\\\/\",\"logo\":{\"@type\":\"ImageObject\",\"inLanguage\":\"hu\",\"@id\":\"https:\\\/\\\/kingspeciosa.eu\\\/#\\\/schema\\\/logo\\\/image\\\/\",\"url\":\"http:\\\/\\\/kingspeciosa.eu\\\/wp-content\\\/uploads\\\/2024\\\/12\\\/KingSpeciosa-logo.png\",\"contentUrl\":\"http:\\\/\\\/kingspeciosa.eu\\\/wp-content\\\/uploads\\\/2024\\\/12\\\/KingSpeciosa-logo.png\",\"width\":1000,\"height\":1000,\"caption\":\"King Speciosa\"},\"image\":{\"@id\":\"https:\\\/\\\/kingspeciosa.eu\\\/#\\\/schema\\\/logo\\\/image\\\/\"}}]}<\/script>\n<!-- \/ Yoast SEO plugin. -->","yoast_head_json":{"title":"White Thai | Premium Kratom in EU at King Speciosa","description":"Buy White Thai at King Speciosa. This premium Kratom is sourced from Borneo and lab-tested for quality. Available across EU with fast delivery.","robots":{"index":"index","follow":"follow","max-snippet":"max-snippet:-1","max-image-preview":"max-image-preview:large","max-video-preview":"max-video-preview:-1"},"canonical":"https:\/\/kingspeciosa.eu\/hu\/termek\/feher-thaifoldi\/","og_locale":"hu_HU","og_type":"article","og_title":"White Thai | Premium Kratom in EU at King Speciosa","og_description":"Buy White Thai at King Speciosa. This premium Kratom is sourced from Borneo and lab-tested for quality. Available across EU with fast delivery.","og_url":"https:\/\/kingspeciosa.eu\/hu\/termek\/feher-thaifoldi\/","og_site_name":"King Speciosa","article_modified_time":"2025-02-01T18:52:28+00:00","og_image":[{"width":800,"height":800,"url":"https:\/\/kingspeciosa.eu\/wp-content\/uploads\/2024\/12\/White-Thai.png","type":"image\/png"}],"twitter_card":"summary_large_image","twitter_misc":{"Becs\u00fclt olvas\u00e1si id\u0151":"1 perc"},"schema":{"@context":"https:\/\/schema.org","@graph":[{"@type":"WebPage","@id":"https:\/\/kingspeciosa.eu\/hu\/termek\/feher-thaifoldi\/","url":"https:\/\/kingspeciosa.eu\/hu\/termek\/feher-thaifoldi\/","name":"White Thai | Premium Kratom in EU at King Speciosa","isPartOf":{"@id":"https:\/\/kingspeciosa.eu\/#website"},"primaryImageOfPage":{"@id":"https:\/\/kingspeciosa.eu\/hu\/termek\/feher-thaifoldi\/#primaryimage"},"image":{"@id":"https:\/\/kingspeciosa.eu\/hu\/termek\/feher-thaifoldi\/#primaryimage"},"thumbnailUrl":"https:\/\/kingspeciosa.eu\/wp-content\/uploads\/2024\/12\/White-Thai.png","datePublished":"2024-12-03T17:10:05+00:00","dateModified":"2025-02-01T18:52:28+00:00","description":"Buy White Thai at King Speciosa. This premium Kratom is sourced from Borneo and lab-tested for quality. Available across EU with fast delivery.","breadcrumb":{"@id":"https:\/\/kingspeciosa.eu\/hu\/termek\/feher-thaifoldi\/#breadcrumb"},"inLanguage":"hu","potentialAction":[{"@type":"ReadAction","target":["https:\/\/kingspeciosa.eu\/hu\/termek\/feher-thaifoldi\/"]}]},{"@type":"ImageObject","inLanguage":"hu","@id":"https:\/\/kingspeciosa.eu\/hu\/termek\/feher-thaifoldi\/#primaryimage","url":"https:\/\/kingspeciosa.eu\/wp-content\/uploads\/2024\/12\/White-Thai.png","contentUrl":"https:\/\/kingspeciosa.eu\/wp-content\/uploads\/2024\/12\/White-Thai.png","width":800,"height":800},{"@type":"BreadcrumbList","@id":"https:\/\/kingspeciosa.eu\/hu\/termek\/feher-thaifoldi\/#breadcrumb","itemListElement":[{"@type":"ListItem","position":1,"name":"Home","item":"https:\/\/kingspeciosa.eu\/hu\/honlap\/"},{"@type":"ListItem","position":2,"name":"V\u00e1s\u00e1roljon","item":"https:\/\/kingspeciosa.eu\/hu\/vasaroljon\/"},{"@type":"ListItem","position":3,"name":"White Thai"}]},{"@type":"WebSite","@id":"https:\/\/kingspeciosa.eu\/#website","url":"https:\/\/kingspeciosa.eu\/","name":"King Speciosa","description":"King of the jungle \ud83c\udf34","publisher":{"@id":"https:\/\/kingspeciosa.eu\/#organization"},"potentialAction":[{"@type":"SearchAction","target":{"@type":"EntryPoint","urlTemplate":"https:\/\/kingspeciosa.eu\/?s={search_term_string}"},"query-input":{"@type":"PropertyValueSpecification","valueRequired":true,"valueName":"search_term_string"}}],"inLanguage":"hu"},{"@type":"Organization","@id":"https:\/\/kingspeciosa.eu\/#organization","name":"King Speciosa","url":"https:\/\/kingspeciosa.eu\/","logo":{"@type":"ImageObject","inLanguage":"hu","@id":"https:\/\/kingspeciosa.eu\/#\/schema\/logo\/image\/","url":"http:\/\/kingspeciosa.eu\/wp-content\/uploads\/2024\/12\/KingSpeciosa-logo.png","contentUrl":"http:\/\/kingspeciosa.eu\/wp-content\/uploads\/2024\/12\/KingSpeciosa-logo.png","width":1000,"height":1000,"caption":"King Speciosa"},"image":{"@id":"https:\/\/kingspeciosa.eu\/#\/schema\/logo\/image\/"}}]}},"_links":{"self":[{"href":"https:\/\/kingspeciosa.eu\/hu\/wp-json\/wp\/v2\/product\/1639","targetHints":{"allow":["GET"]}}],"collection":[{"href":"https:\/\/kingspeciosa.eu\/hu\/wp-json\/wp\/v2\/product"}],"about":[{"href":"https:\/\/kingspeciosa.eu\/hu\/wp-json\/wp\/v2\/types\/product"}],"replies":[{"embeddable":true,"href":"https:\/\/kingspeciosa.eu\/hu\/wp-json\/wp\/v2\/comments?post=1639"}],"wp:featuredmedia":[{"embeddable":true,"href":"https:\/\/kingspeciosa.eu\/hu\/wp-json\/wp\/v2\/media\/1887"}],"wp:attachment":[{"href":"https:\/\/kingspeciosa.eu\/hu\/wp-json\/wp\/v2\/media?parent=1639"}],"wp:term":[{"taxonomy":"product_brand","embeddable":true,"href":"https:\/\/kingspeciosa.eu\/hu\/wp-json\/wp\/v2\/product_brand?post=1639"},{"taxonomy":"product_cat","embeddable":true,"href":"https:\/\/kingspeciosa.eu\/hu\/wp-json\/wp\/v2\/product_cat?post=1639"},{"taxonomy":"product_tag","embeddable":true,"href":"https:\/\/kingspeciosa.eu\/hu\/wp-json\/wp\/v2\/product_tag?post=1639"}],"curies":[{"name":"wp","href":"https:\/\/api.w.org\/{rel}","templated":true}]}}