{"id":1646,"date":"2024-12-03T17:11:09","date_gmt":"2024-12-03T17:11:09","guid":{"rendered":"https:\/\/kingspeciosa.eu\/product\/zold-thai\/"},"modified":"2025-02-01T18:52:28","modified_gmt":"2025-02-01T18:52:28","slug":"zold-thai","status":"publish","type":"product","link":"https:\/\/kingspeciosa.eu\/hu\/termek\/zold-thai\/","title":{"rendered":"Green Thai"},"content":{"rendered":"<h2>Green Thai: Thai \u00f6r\u00f6ks\u00e9ggel rendelkez\u0151 vibr\u00e1l\u00f3 t\u00f6rzs<\/h2>\n<p>A Green Thai Kratom egy \u00fcnnepelt t\u00f6rzs, amely Thaif\u00f6ld tr\u00f3pusi t\u00e1jain gy\u00f6kerezik. Id\u0151vel termeszt\u00e9se Borne\u00f3, Kalimantan gazdag \u00fcltetv\u00e9nyeire helyez\u0151d\u00f6tt \u00e1t, ahol az ide\u00e1lis k\u00f6r\u00fclm\u00e9nyek \u00e9s a szak\u00e9rt\u0151 termeszt\u00e9si gyakorlatok emelt\u00e9k a min\u0151s\u00e9g\u00e9t. A Green Thai \u00e9l\u00e9nkz\u00f6ld tulajdons\u00e1gai t\u00fckr\u00f6zik thaif\u00f6ldi sz\u00e1rmaz\u00e1s\u00e1t \u00e9s Borne\u00f3nak a pr\u00e9mium termeszt\u00e9s ir\u00e1nti elk\u00f6telezetts\u00e9g\u00e9t.  <\/p>\n<h3>Thaif\u00f6ldt\u0151l Borne\u00f3ig<\/h3>\n<p>A Green Thai a rugalmas thai kratom f\u00e1kb\u00f3l sz\u00e1rmazik, amelyek \u00e9l\u00e9nk \u00e9s kiegyens\u00falyozott tulajdons\u00e1gaikr\u00f3l h\u00edresek. Ma ezeket a f\u00e1kat gondosan termesztik Borne\u00f3 t\u00e1panyagban gazdag talaj\u00e1n, a hagyom\u00e1nyokat a modern termeszt\u00e9si technik\u00e1kkal \u00f6tv\u00f6zve, hogy kiv\u00e9teles leveleket termeljenek. <\/p>\n<h3>Friss, \u00e9l\u00e9nk z\u00f6ld levelek<\/h3>\n<p>A Green Thai leveleit a cs\u00facspontjukon szedik, \u00e9s \u00e9l\u00e9nkz\u00f6ld \u00e1rnyalatuk t\u00fckr\u00f6zi frissess\u00e9g\u00fcket \u00e9s min\u0151s\u00e9g\u00fcket. A hagyom\u00e1nyos sz\u00e1r\u00edt\u00e1si elj\u00e1r\u00e1s biztos\u00edtja a sima, egyenletes text\u00far\u00e1t, mik\u00f6zben meg\u0151rzi term\u00e9szetes tulajdons\u00e1gaikat. <\/p>\n<h3>A hagyom\u00e1ny \u00e9s az innov\u00e1ci\u00f3 kever\u00e9ke<\/h3>\n<p>A thaif\u00f6ldi \u00f6r\u00f6ks\u00e9g \u00e9s a borne\u00f3i termeszt\u00e9s egyed\u00fcl\u00e1ll\u00f3 kombin\u00e1ci\u00f3ja kiemelked\u0151 fajt\u00e1v\u00e1 teszi. \u00c9l\u00e9nk z\u00f6ld tulajdons\u00e1gai \u00e9s pr\u00e9mium min\u0151s\u00e9ge h\u0171s\u00e9ges k\u00f6vet\u0151kre tett szert a Kratom rajong\u00f3k k\u00f6r\u00e9ben, akik mindk\u00e9t vil\u00e1g legjobbj\u00e1t keresik. <\/p>\n","protected":false},"excerpt":{"rendered":"<p>A <strong>Green Thai<\/strong> egy pr\u00e9mium fajta, amely a thaif\u00f6ldi hagyom\u00e1nyokat \u00e9s a borne\u00f3i termeszt\u00e9st \u00f6tv\u00f6zi. A kalimantani \u00fcltetv\u00e9nyeken termesztett n\u00f6v\u00e9ny \u00e9l\u00e9nk z\u00f6ld tulajdons\u00e1gokat \u00e9s \u00e1lland\u00f3 min\u0151s\u00e9get \u00f6tv\u00f6z. <\/p>\n","protected":false},"featured_media":1832,"comment_status":"open","ping_status":"closed","template":"","meta":[],"product_brand":[],"product_cat":[57,71],"product_tag":[],"class_list":{"0":"post-1646","1":"product","2":"type-product","3":"status-publish","4":"has-post-thumbnail","6":"product_cat-kratom-hu","7":"product_cat-zold-kratom","9":"first","10":"instock","11":"taxable","12":"shipping-taxable","13":"purchasable","14":"product-type-variable","15":"has-default-attributes"},"yoast_head":"<!-- This site is optimized with the Yoast SEO plugin v27.5 - https:\/\/yoast.com\/product\/yoast-seo-wordpress\/ -->\n<title>Green Thai | Premium Kratom in EU at King Speciosa<\/title>\n<meta name=\"description\" content=\"Buy Green Thai at King Speciosa. This premium Kratom is sourced from Borneo and lab-tested for quality. Available across EU with fast delivery.\" \/>\n<meta name=\"robots\" content=\"index, follow, max-snippet:-1, max-image-preview:large, max-video-preview:-1\" \/>\n<link rel=\"canonical\" href=\"https:\/\/kingspeciosa.eu\/termek\/green-thai\/\" \/>\n<meta property=\"og:locale\" content=\"hu_HU\" \/>\n<meta property=\"og:type\" content=\"article\" \/>\n<meta property=\"og:title\" content=\"Green Thai | Premium Kratom in EU at King Speciosa\" \/>\n<meta property=\"og:description\" content=\"Buy Green Thai at King Speciosa. This premium Kratom is sourced from Borneo and lab-tested for quality. Available across EU with fast delivery.\" \/>\n<meta property=\"og:url\" content=\"https:\/\/kingspeciosa.eu\/termek\/green-thai\/\" \/>\n<meta property=\"og:site_name\" content=\"King Speciosa\" \/>\n<meta property=\"article:modified_time\" content=\"2025-02-01T18:52:28+00:00\" \/>\n<meta property=\"og:image\" content=\"https:\/\/kingspeciosa.eu\/wp-content\/uploads\/2024\/12\/Green-Thai.png\" \/>\n\t<meta property=\"og:image:width\" content=\"800\" \/>\n\t<meta property=\"og:image:height\" content=\"800\" \/>\n\t<meta property=\"og:image:type\" content=\"image\/png\" \/>\n<meta name=\"twitter:card\" content=\"summary_large_image\" \/>\n<meta name=\"twitter:label1\" content=\"Becs\u00fclt olvas\u00e1si id\u0151\" \/>\n\t<meta name=\"twitter:data1\" content=\"1 perc\" \/>\n<script type=\"application\/ld+json\" class=\"yoast-schema-graph\">{\"@context\":\"https:\\\/\\\/schema.org\",\"@graph\":[{\"@type\":\"WebPage\",\"@id\":\"https:\\\/\\\/kingspeciosa.eu\\\/termek\\\/green-thai\\\/\",\"url\":\"https:\\\/\\\/kingspeciosa.eu\\\/termek\\\/green-thai\\\/\",\"name\":\"Green Thai | Premium Kratom in EU at King Speciosa\",\"isPartOf\":{\"@id\":\"https:\\\/\\\/kingspeciosa.eu\\\/#website\"},\"primaryImageOfPage\":{\"@id\":\"https:\\\/\\\/kingspeciosa.eu\\\/termek\\\/green-thai\\\/#primaryimage\"},\"image\":{\"@id\":\"https:\\\/\\\/kingspeciosa.eu\\\/termek\\\/green-thai\\\/#primaryimage\"},\"thumbnailUrl\":\"https:\\\/\\\/kingspeciosa.eu\\\/wp-content\\\/uploads\\\/2024\\\/12\\\/Green-Thai.png\",\"datePublished\":\"2024-12-03T17:11:09+00:00\",\"dateModified\":\"2025-02-01T18:52:28+00:00\",\"description\":\"Buy Green Thai at King Speciosa. This premium Kratom is sourced from Borneo and lab-tested for quality. Available across EU with fast delivery.\",\"breadcrumb\":{\"@id\":\"https:\\\/\\\/kingspeciosa.eu\\\/termek\\\/green-thai\\\/#breadcrumb\"},\"inLanguage\":\"hu\",\"potentialAction\":[{\"@type\":\"ReadAction\",\"target\":[\"https:\\\/\\\/kingspeciosa.eu\\\/termek\\\/green-thai\\\/\"]}]},{\"@type\":\"ImageObject\",\"inLanguage\":\"hu\",\"@id\":\"https:\\\/\\\/kingspeciosa.eu\\\/termek\\\/green-thai\\\/#primaryimage\",\"url\":\"https:\\\/\\\/kingspeciosa.eu\\\/wp-content\\\/uploads\\\/2024\\\/12\\\/Green-Thai.png\",\"contentUrl\":\"https:\\\/\\\/kingspeciosa.eu\\\/wp-content\\\/uploads\\\/2024\\\/12\\\/Green-Thai.png\",\"width\":800,\"height\":800},{\"@type\":\"BreadcrumbList\",\"@id\":\"https:\\\/\\\/kingspeciosa.eu\\\/termek\\\/green-thai\\\/#breadcrumb\",\"itemListElement\":[{\"@type\":\"ListItem\",\"position\":1,\"name\":\"Home\",\"item\":\"https:\\\/\\\/kingspeciosa.eu\\\/hu\\\/honlap\\\/\"},{\"@type\":\"ListItem\",\"position\":2,\"name\":\"V\u00e1s\u00e1roljon\",\"item\":\"https:\\\/\\\/kingspeciosa.eu\\\/hu\\\/vasaroljon\\\/\"},{\"@type\":\"ListItem\",\"position\":3,\"name\":\"Green Thai\"}]},{\"@type\":\"WebSite\",\"@id\":\"https:\\\/\\\/kingspeciosa.eu\\\/#website\",\"url\":\"https:\\\/\\\/kingspeciosa.eu\\\/\",\"name\":\"King Speciosa\",\"description\":\"King of the jungle \ud83c\udf34\",\"publisher\":{\"@id\":\"https:\\\/\\\/kingspeciosa.eu\\\/#organization\"},\"potentialAction\":[{\"@type\":\"SearchAction\",\"target\":{\"@type\":\"EntryPoint\",\"urlTemplate\":\"https:\\\/\\\/kingspeciosa.eu\\\/?s={search_term_string}\"},\"query-input\":{\"@type\":\"PropertyValueSpecification\",\"valueRequired\":true,\"valueName\":\"search_term_string\"}}],\"inLanguage\":\"hu\"},{\"@type\":\"Organization\",\"@id\":\"https:\\\/\\\/kingspeciosa.eu\\\/#organization\",\"name\":\"King Speciosa\",\"url\":\"https:\\\/\\\/kingspeciosa.eu\\\/\",\"logo\":{\"@type\":\"ImageObject\",\"inLanguage\":\"hu\",\"@id\":\"https:\\\/\\\/kingspeciosa.eu\\\/#\\\/schema\\\/logo\\\/image\\\/\",\"url\":\"http:\\\/\\\/kingspeciosa.eu\\\/wp-content\\\/uploads\\\/2024\\\/12\\\/KingSpeciosa-logo.png\",\"contentUrl\":\"http:\\\/\\\/kingspeciosa.eu\\\/wp-content\\\/uploads\\\/2024\\\/12\\\/KingSpeciosa-logo.png\",\"width\":1000,\"height\":1000,\"caption\":\"King Speciosa\"},\"image\":{\"@id\":\"https:\\\/\\\/kingspeciosa.eu\\\/#\\\/schema\\\/logo\\\/image\\\/\"}}]}<\/script>\n<!-- \/ Yoast SEO plugin. -->","yoast_head_json":{"title":"Green Thai | Premium Kratom in EU at King Speciosa","description":"Buy Green Thai at King Speciosa. This premium Kratom is sourced from Borneo and lab-tested for quality. Available across EU with fast delivery.","robots":{"index":"index","follow":"follow","max-snippet":"max-snippet:-1","max-image-preview":"max-image-preview:large","max-video-preview":"max-video-preview:-1"},"canonical":"https:\/\/kingspeciosa.eu\/termek\/green-thai\/","og_locale":"hu_HU","og_type":"article","og_title":"Green Thai | Premium Kratom in EU at King Speciosa","og_description":"Buy Green Thai at King Speciosa. This premium Kratom is sourced from Borneo and lab-tested for quality. Available across EU with fast delivery.","og_url":"https:\/\/kingspeciosa.eu\/termek\/green-thai\/","og_site_name":"King Speciosa","article_modified_time":"2025-02-01T18:52:28+00:00","og_image":[{"width":800,"height":800,"url":"https:\/\/kingspeciosa.eu\/wp-content\/uploads\/2024\/12\/Green-Thai.png","type":"image\/png"}],"twitter_card":"summary_large_image","twitter_misc":{"Becs\u00fclt olvas\u00e1si id\u0151":"1 perc"},"schema":{"@context":"https:\/\/schema.org","@graph":[{"@type":"WebPage","@id":"https:\/\/kingspeciosa.eu\/termek\/green-thai\/","url":"https:\/\/kingspeciosa.eu\/termek\/green-thai\/","name":"Green Thai | Premium Kratom in EU at King Speciosa","isPartOf":{"@id":"https:\/\/kingspeciosa.eu\/#website"},"primaryImageOfPage":{"@id":"https:\/\/kingspeciosa.eu\/termek\/green-thai\/#primaryimage"},"image":{"@id":"https:\/\/kingspeciosa.eu\/termek\/green-thai\/#primaryimage"},"thumbnailUrl":"https:\/\/kingspeciosa.eu\/wp-content\/uploads\/2024\/12\/Green-Thai.png","datePublished":"2024-12-03T17:11:09+00:00","dateModified":"2025-02-01T18:52:28+00:00","description":"Buy Green Thai at King Speciosa. This premium Kratom is sourced from Borneo and lab-tested for quality. Available across EU with fast delivery.","breadcrumb":{"@id":"https:\/\/kingspeciosa.eu\/termek\/green-thai\/#breadcrumb"},"inLanguage":"hu","potentialAction":[{"@type":"ReadAction","target":["https:\/\/kingspeciosa.eu\/termek\/green-thai\/"]}]},{"@type":"ImageObject","inLanguage":"hu","@id":"https:\/\/kingspeciosa.eu\/termek\/green-thai\/#primaryimage","url":"https:\/\/kingspeciosa.eu\/wp-content\/uploads\/2024\/12\/Green-Thai.png","contentUrl":"https:\/\/kingspeciosa.eu\/wp-content\/uploads\/2024\/12\/Green-Thai.png","width":800,"height":800},{"@type":"BreadcrumbList","@id":"https:\/\/kingspeciosa.eu\/termek\/green-thai\/#breadcrumb","itemListElement":[{"@type":"ListItem","position":1,"name":"Home","item":"https:\/\/kingspeciosa.eu\/hu\/honlap\/"},{"@type":"ListItem","position":2,"name":"V\u00e1s\u00e1roljon","item":"https:\/\/kingspeciosa.eu\/hu\/vasaroljon\/"},{"@type":"ListItem","position":3,"name":"Green Thai"}]},{"@type":"WebSite","@id":"https:\/\/kingspeciosa.eu\/#website","url":"https:\/\/kingspeciosa.eu\/","name":"King Speciosa","description":"King of the jungle \ud83c\udf34","publisher":{"@id":"https:\/\/kingspeciosa.eu\/#organization"},"potentialAction":[{"@type":"SearchAction","target":{"@type":"EntryPoint","urlTemplate":"https:\/\/kingspeciosa.eu\/?s={search_term_string}"},"query-input":{"@type":"PropertyValueSpecification","valueRequired":true,"valueName":"search_term_string"}}],"inLanguage":"hu"},{"@type":"Organization","@id":"https:\/\/kingspeciosa.eu\/#organization","name":"King Speciosa","url":"https:\/\/kingspeciosa.eu\/","logo":{"@type":"ImageObject","inLanguage":"hu","@id":"https:\/\/kingspeciosa.eu\/#\/schema\/logo\/image\/","url":"http:\/\/kingspeciosa.eu\/wp-content\/uploads\/2024\/12\/KingSpeciosa-logo.png","contentUrl":"http:\/\/kingspeciosa.eu\/wp-content\/uploads\/2024\/12\/KingSpeciosa-logo.png","width":1000,"height":1000,"caption":"King Speciosa"},"image":{"@id":"https:\/\/kingspeciosa.eu\/#\/schema\/logo\/image\/"}}]}},"_links":{"self":[{"href":"https:\/\/kingspeciosa.eu\/hu\/wp-json\/wp\/v2\/product\/1646","targetHints":{"allow":["GET"]}}],"collection":[{"href":"https:\/\/kingspeciosa.eu\/hu\/wp-json\/wp\/v2\/product"}],"about":[{"href":"https:\/\/kingspeciosa.eu\/hu\/wp-json\/wp\/v2\/types\/product"}],"replies":[{"embeddable":true,"href":"https:\/\/kingspeciosa.eu\/hu\/wp-json\/wp\/v2\/comments?post=1646"}],"wp:featuredmedia":[{"embeddable":true,"href":"https:\/\/kingspeciosa.eu\/hu\/wp-json\/wp\/v2\/media\/1832"}],"wp:attachment":[{"href":"https:\/\/kingspeciosa.eu\/hu\/wp-json\/wp\/v2\/media?parent=1646"}],"wp:term":[{"taxonomy":"product_brand","embeddable":true,"href":"https:\/\/kingspeciosa.eu\/hu\/wp-json\/wp\/v2\/product_brand?post=1646"},{"taxonomy":"product_cat","embeddable":true,"href":"https:\/\/kingspeciosa.eu\/hu\/wp-json\/wp\/v2\/product_cat?post=1646"},{"taxonomy":"product_tag","embeddable":true,"href":"https:\/\/kingspeciosa.eu\/hu\/wp-json\/wp\/v2\/product_tag?post=1646"}],"curies":[{"name":"wp","href":"https:\/\/api.w.org\/{rel}","templated":true}]}}